{"id":13,"date":"2019-07-15T08:33:57","date_gmt":"2019-07-15T08:33:57","guid":{"rendered":"https:\/\/joukkosieessa.fi\/?page_id=13"},"modified":"2020-03-12T16:19:51","modified_gmt":"2020-03-12T16:19:51","slug":"hyokkaysvaihe","status":"publish","type":"page","link":"https:\/\/joukkosieessa.fi\/index.php\/sodan-aika\/jatkosota\/hyokkaysvaihe\/","title":{"rendered":"Hy\u00f6kk\u00e4ysvaihe"},"content":{"rendered":"<div id='full_slider_1'  class='avia-fullwidth-slider main_color avia-shadow   avia-builder-el-0  el_before_av_one_full  avia-builder-el-first   container_wrap sidebar_right'  >\n<style type=\"text\/css\" data-created_by=\"avia_inline_auto\" id=\"style-css-av-akhp-b6f614b8154ad80be0284d699659eb53\">\n#top .avia-slideshow .av-slideshow-caption.av-akhp-b6f614b8154ad80be0284d699659eb53__0 .avia-caption-content{\nfont-size:14px;\n}\n#top .avia-slideshow .av-slideshow-caption.av-akhp-b6f614b8154ad80be0284d699659eb53__0 .avia-caption-content p{\nfont-size:14px;\n}\n<\/style>\n<div  class='avia-slideshow av-akhp-b6f614b8154ad80be0284d699659eb53 avia-slideshow-featured av_slideshow_full avia-slide-slider av-slideshow-ui av-control-default av-slideshow-manual av-loop-once av-loop-manual-endless av-default-height-applied   avia-slideshow-1' data-slideshow-options=\"{&quot;animation&quot;:&quot;slide&quot;,&quot;autoplay&quot;:false,&quot;loop_autoplay&quot;:&quot;once&quot;,&quot;interval&quot;:5,&quot;loop_manual&quot;:&quot;manual-endless&quot;,&quot;autoplay_stopper&quot;:false,&quot;noNavigation&quot;:false,&quot;bg_slider&quot;:false,&quot;keep_padding&quot;:false,&quot;hoverpause&quot;:false,&quot;show_slide_delay&quot;:0}\"  itemprop=\"image\" itemscope=\"itemscope\" itemtype=\"https:\/\/schema.org\/ImageObject\" ><ul class='avia-slideshow-inner ' style='padding-bottom: 28.666666666667%;'><li  class='avia-slideshow-slide av-akhp-b6f614b8154ad80be0284d699659eb53__0  av-single-slide slide-1 slide-odd'><div data-rel='slideshow-1' class='avia-slide-wrap '   ><div class='av-slideshow-caption av-akhp-b6f614b8154ad80be0284d699659eb53__0 caption_fullwidth caption_bottom caption_bottom_framed caption_framed'><div class=\"container caption_container\"><div class=\"slideshow_caption\"><div class=\"slideshow_inner_caption\"><div class=\"slideshow_align_caption\"><div class='avia-caption-content '  itemprop=\"description\" ><p>H\u00e4meen Ratsurykmentin (HRR) miehi\u00e4 ratsain ja hiiht\u00e4en Velikaja Nivassa 15.3.1942.<br \/>\nVelikaja Niva 15.3.1942.<\/p>\n<\/div><\/div><\/div><\/div><\/div><\/div><img fetchpriority=\"high\" class=\"wp-image-3847 avia-img-lazy-loading-not-3847\"  src='https:\/\/joukkosieessa.fi\/wp-content\/uploads\/2020\/03\/Hy\u00f6kk\u00e4ysvaihe1-1500x430.jpg' width='1500' height='430' title='Hy\u00f6kk\u00e4ysvaihe1' alt=''  itemprop=\"thumbnailUrl\"   \/><\/div><\/li><\/ul><\/div><\/div><div id='after_full_slider_1'  class='main_color av_default_container_wrap container_wrap sidebar_right'  ><div class='container av-section-cont-open' ><div class='template-page content  av-content-small alpha units'><div class='post-entry post-entry-type-page post-entry-13'><div class='entry-content-wrapper clearfix'>\n\n<style type=\"text\/css\" data-created_by=\"avia_inline_auto\" id=\"style-css-av-79f1-1280664b05e2eaf6fd9346541c87cb15\">\n.flex_column.av-79f1-1280664b05e2eaf6fd9346541c87cb15{\nborder-radius:0px 0px 0px 0px;\npadding:0px 0px 0px 0px;\n}\n<\/style>\n<div  class='flex_column av-79f1-1280664b05e2eaf6fd9346541c87cb15 av_one_full  avia-builder-el-1  el_after_av_slideshow_full  el_before_av_one_half  avia-builder-el-first  first flex_column_div av-zero-column-padding  '     ><p>\n<style type=\"text\/css\" data-created_by=\"avia_inline_auto\" id=\"style-css-av-12c6h-ed734c7304c68ba47ab14416dbb4c52b\">\n#top .av-special-heading.av-12c6h-ed734c7304c68ba47ab14416dbb4c52b{\nmargin:0 0 -5px 0;\npadding-bottom:0;\n}\nbody .av-special-heading.av-12c6h-ed734c7304c68ba47ab14416dbb4c52b .av-special-heading-tag .heading-char{\nfont-size:25px;\n}\n.av-special-heading.av-12c6h-ed734c7304c68ba47ab14416dbb4c52b .av-subheading{\nfont-size:15px;\n}\n<\/style>\n<div  class='av-special-heading av-12c6h-ed734c7304c68ba47ab14416dbb4c52b av-special-heading-h1  avia-builder-el-2  el_before_av_textblock  avia-builder-el-first '><h1 class='av-special-heading-tag'  itemprop=\"headline\"  >Hy\u00f6kk\u00e4ysvaihe<\/h1><div class=\"special-heading-border\"><div class=\"special-heading-inner-border\"><\/div><\/div><\/div><br \/>\n\n<style type=\"text\/css\" data-created_by=\"avia_inline_auto\" id=\"style-css-av-3o2n-f8ecf9facd2b0c750a152e7b87905b4d\">\n#top .av_textblock_section.av-3o2n-f8ecf9facd2b0c750a152e7b87905b4d .avia_textblock{\nfont-size:15px;\n}\n<\/style>\n<section  class='av_textblock_section av-3o2n-f8ecf9facd2b0c750a152e7b87905b4d '   itemscope=\"itemscope\" itemtype=\"https:\/\/schema.org\/CreativeWork\" ><div class='avia_textblock'  itemprop=\"text\" ><p><strong>Jatkosodan alun pariviikkoisen puolustusvaiheen j\u00e4lkeen Suomen sodanp\u00e4\u00e4m\u00e4\u00e4r\u00e4ksi muotoutui talvisodassa menetettyjen alueiden takaisinvaltaus. Talvisodan v\u00e4\u00e4ryys oli korjattava. T\u00e4st\u00e4 vallitsi maassamme laaja yhteisymm\u00e4rrys. Joukkoja keskitett\u00e4ess\u00e4 rintamalle tervehtiv\u00e4t ihmiset sotilaita kyliss\u00e4 ja rautatieasemilla: \u201dTuokaa Karjala takaisin\u201d. \u00a0<\/strong><\/p>\n<p><strong>Suomalaisten hy\u00f6kk\u00e4ys ajoitettiin saksalaisten hy\u00f6kk\u00e4yksen etenemiseen Baltiassa. Hy\u00f6kk\u00e4ys aloitettiin 10.7.1941 Laatokan koillispuolelta. Suomalaiset valtasivat Sortavalan elokuun puoliv\u00e4liss\u00e4. My\u00f6hemmin Karjalan kannaksen suunnalla aloitetulla hy\u00f6kk\u00e4yksell\u00e4 vallattiin K\u00e4kisalmi 21.8. ja Viipuri 30.8. Suomen siniristilippu liehui j\u00e4lleen Viipurin linnan tornissa. Suuri sotasaalis saatiin Viipurin etel\u00e4puolella Porlammen motista.<\/strong><\/p>\n<\/div><\/section><\/p><\/div>\n\n<style type=\"text\/css\" data-created_by=\"avia_inline_auto\" id=\"style-css-av-5phl-f6ce42993054ca6574e4ce1e2047ca16\">\n.flex_column.av-5phl-f6ce42993054ca6574e4ce1e2047ca16{\nborder-radius:0px 0px 0px 0px;\npadding:0px 0px 0px 0px;\n}\n<\/style>\n<div  class='flex_column av-5phl-f6ce42993054ca6574e4ce1e2047ca16 av_one_half  avia-builder-el-4  el_after_av_one_full  el_before_av_one_half  first flex_column_div av-zero-column-padding  column-top-margin'     ><div  class='avia-button-wrap av-k7noql71-0a4819a5f3aa978d060bd77fb3b9e091-wrap avia-button-left  avia-builder-el-5  avia-builder-el-no-sibling '><a href='https:\/\/joukkosieessa.fi\/index.php\/sodan-aika\/jatkosota\/'  class='avia-button av-k7noql71-0a4819a5f3aa978d060bd77fb3b9e091 avia-icon_select-no avia-size-small avia-position-left avia-color-theme-color-highlight'  ><span class='avia_iconbox_title' >Jatkosota<\/span><\/a><\/div><\/div>\n\n<style type=\"text\/css\" data-created_by=\"avia_inline_auto\" id=\"style-css-av-od65-dc758f4fc6593121866d52cd3367cc2f\">\n.flex_column.av-od65-dc758f4fc6593121866d52cd3367cc2f{\nborder-radius:0px 0px 0px 0px;\npadding:0px 0px 0px 0px;\n}\n<\/style>\n<div  class='flex_column av-od65-dc758f4fc6593121866d52cd3367cc2f av_one_half  avia-builder-el-6  el_after_av_one_half  avia-builder-el-last  flex_column_div av-zero-column-padding  column-top-margin'     ><div  class='avia-button-wrap av-k7nordiu-350da78e39df0d96bfc3573debe972eb-wrap avia-button-right  avia-builder-el-7  avia-builder-el-no-sibling '><a href='https:\/\/joukkosieessa.fi\/index.php\/sodan-aika\/jatkosota\/hyokkaysvaihe\/hyokkaysvaihe\/'  class='avia-button av-k7nordiu-350da78e39df0d96bfc3573debe972eb avia-icon_select-no avia-size-small avia-position-right avia-color-theme-color-highlight'  ><span class='avia_iconbox_title' >Kes\u00e4- ja hein\u00e4kuu 1941<\/span><\/a><\/div><\/div>\n","protected":false},"excerpt":{"rendered":"","protected":false},"author":1,"featured_media":0,"parent":11,"menu_order":1,"comment_status":"closed","ping_status":"closed","template":"","meta":{"footnotes":""},"class_list":["post-13","page","type-page","status-publish","hentry"],"_links":{"self":[{"href":"https:\/\/joukkosieessa.fi\/index.php\/wp-json\/wp\/v2\/pages\/13","targetHints":{"allow":["GET"]}}],"collection":[{"href":"https:\/\/joukkosieessa.fi\/index.php\/wp-json\/wp\/v2\/pages"}],"about":[{"href":"https:\/\/joukkosieessa.fi\/index.php\/wp-json\/wp\/v2\/types\/page"}],"author":[{"embeddable":true,"href":"https:\/\/joukkosieessa.fi\/index.php\/wp-json\/wp\/v2\/users\/1"}],"replies":[{"embeddable":true,"href":"https:\/\/joukkosieessa.fi\/index.php\/wp-json\/wp\/v2\/comments?post=13"}],"version-history":[{"count":6,"href":"https:\/\/joukkosieessa.fi\/index.php\/wp-json\/wp\/v2\/pages\/13\/revisions"}],"predecessor-version":[{"id":3846,"href":"https:\/\/joukkosieessa.fi\/index.php\/wp-json\/wp\/v2\/pages\/13\/revisions\/3846"}],"up":[{"embeddable":true,"href":"https:\/\/joukkosieessa.fi\/index.php\/wp-json\/wp\/v2\/pages\/11"}],"wp:attachment":[{"href":"https:\/\/joukkosieessa.fi\/index.php\/wp-json\/wp\/v2\/media?parent=13"}],"curies":[{"name":"wp","href":"https:\/\/api.w.org\/{rel}","templated":true}]}}