{"id":1872,"date":"2020-01-05T14:34:52","date_gmt":"2020-01-05T14:34:52","guid":{"rendered":"https:\/\/joukkosieessa.fi\/?page_id=1872"},"modified":"2020-04-25T17:03:36","modified_gmt":"2020-04-25T17:03:36","slug":"lyhenteet","status":"publish","type":"page","link":"https:\/\/joukkosieessa.fi\/index.php\/lyhenteet\/","title":{"rendered":"Lyhenteet"},"content":{"rendered":"<div id='full_slider_1'  class='avia-fullwidth-slider main_color avia-shadow   avia-builder-el-0  el_before_av_one_full  avia-builder-el-first   container_wrap sidebar_right'  >\n<style type=\"text\/css\" data-created_by=\"avia_inline_auto\" id=\"style-css-av-akhp-b6f614b8154ad80be0284d699659eb53\">\n#top .avia-slideshow .av-slideshow-caption.av-akhp-b6f614b8154ad80be0284d699659eb53__0 .avia-caption-content{\nfont-size:14px;\n}\n#top .avia-slideshow .av-slideshow-caption.av-akhp-b6f614b8154ad80be0284d699659eb53__0 .avia-caption-content p{\nfont-size:14px;\n}\n<\/style>\n<div  class='avia-slideshow av-akhp-b6f614b8154ad80be0284d699659eb53 avia-slideshow-featured av_slideshow_full avia-slide-slider av-slideshow-ui av-control-default av-slideshow-manual av-loop-once av-loop-manual-endless av-default-height-applied   avia-slideshow-1' data-slideshow-options=\"{&quot;animation&quot;:&quot;slide&quot;,&quot;autoplay&quot;:false,&quot;loop_autoplay&quot;:&quot;once&quot;,&quot;interval&quot;:5,&quot;loop_manual&quot;:&quot;manual-endless&quot;,&quot;autoplay_stopper&quot;:false,&quot;noNavigation&quot;:false,&quot;bg_slider&quot;:false,&quot;keep_padding&quot;:false,&quot;hoverpause&quot;:false,&quot;show_slide_delay&quot;:0}\"  itemprop=\"image\" itemscope=\"itemscope\" itemtype=\"https:\/\/schema.org\/ImageObject\" ><ul class='avia-slideshow-inner ' style='padding-bottom: 28.666666666667%;'><li  class='avia-slideshow-slide av-akhp-b6f614b8154ad80be0284d699659eb53__0  av-single-slide slide-1 slide-odd'><div data-rel='slideshow-1' class='avia-slide-wrap '   ><div class='av-slideshow-caption av-akhp-b6f614b8154ad80be0284d699659eb53__0 caption_fullwidth caption_bottom caption_bottom_framed caption_framed'><div class=\"container caption_container\"><div class=\"slideshow_caption\"><div class=\"slideshow_inner_caption\"><div class=\"slideshow_align_caption\"><div class='avia-caption-content '  itemprop=\"description\" ><p>Esikunnan kirjuri toimistossaan<br \/>\nVirolahti, Hamina, Pyh\u00e4lt\u00f6 1.7.1941<\/p>\n<\/div><\/div><\/div><\/div><\/div><\/div><img fetchpriority=\"high\" class=\"wp-image-3604 avia-img-lazy-loading-not-3604\"  src='https:\/\/joukkosieessa.fi\/wp-content\/uploads\/2020\/03\/lyhenteet-1500x430.png' width='1500' height='430' title='lyhenteet' alt=''  itemprop=\"thumbnailUrl\"   \/><\/div><\/li><\/ul><\/div><\/div><div id='after_full_slider_1'  class='main_color av_default_container_wrap container_wrap sidebar_right'  ><div class='container av-section-cont-open' ><div class='template-page content  av-content-small alpha units'><div class='post-entry post-entry-type-page post-entry-1872'><div class='entry-content-wrapper clearfix'>\n\n<style type=\"text\/css\" data-created_by=\"avia_inline_auto\" id=\"style-css-av-79f1-1280664b05e2eaf6fd9346541c87cb15\">\n.flex_column.av-79f1-1280664b05e2eaf6fd9346541c87cb15{\nborder-radius:0px 0px 0px 0px;\npadding:0px 0px 0px 0px;\n}\n<\/style>\n<div  class='flex_column av-79f1-1280664b05e2eaf6fd9346541c87cb15 av_one_full  avia-builder-el-1  el_after_av_slideshow_full  el_before_av_one_full  avia-builder-el-first  first flex_column_div av-zero-column-padding  '     ><style type=\"text\/css\" data-created_by=\"avia_inline_auto\" id=\"style-css-av-k513we54-f15e6b6a5ddccad522e9b297cef65180\">\n#top .av-special-heading.av-k513we54-f15e6b6a5ddccad522e9b297cef65180{\nmargin:0 0 -5px 0;\npadding-bottom:0;\n}\nbody .av-special-heading.av-k513we54-f15e6b6a5ddccad522e9b297cef65180 .av-special-heading-tag .heading-char{\nfont-size:25px;\n}\n.av-special-heading.av-k513we54-f15e6b6a5ddccad522e9b297cef65180 .av-subheading{\nfont-size:15px;\n}\n<\/style>\n<div  class='av-special-heading av-k513we54-f15e6b6a5ddccad522e9b297cef65180 av-special-heading-h1  avia-builder-el-2  avia-builder-el-no-sibling '><h1 class='av-special-heading-tag'  itemprop=\"headline\"  >Lyhenteet<\/h1><div class=\"special-heading-border\"><div class=\"special-heading-inner-border\"><\/div><\/div><\/div><\/div>\n\n<style type=\"text\/css\" data-created_by=\"avia_inline_auto\" id=\"style-css-av-4k1r-3ed26eaf4f9e1fe5afee569a008105ec\">\n.flex_column.av-4k1r-3ed26eaf4f9e1fe5afee569a008105ec{\nborder-radius:0px 0px 0px 0px;\npadding:0px 0px 10px 10px;\n}\n<\/style>\n<div  class='flex_column av-4k1r-3ed26eaf4f9e1fe5afee569a008105ec av_one_full  avia-builder-el-3  el_after_av_one_full  avia-builder-el-last  first flex_column_div  column-top-margin'     ><style type=\"text\/css\" data-created_by=\"avia_inline_auto\" id=\"style-css-av-3o2n-f8ecf9facd2b0c750a152e7b87905b4d\">\n#top .av_textblock_section.av-3o2n-f8ecf9facd2b0c750a152e7b87905b4d .avia_textblock{\nfont-size:15px;\n}\n<\/style>\n<section  class='av_textblock_section av-3o2n-f8ecf9facd2b0c750a152e7b87905b4d '   itemscope=\"itemscope\" itemtype=\"https:\/\/schema.org\/CreativeWork\" ><div class='avia_textblock'  itemprop=\"text\" ><table width=\"780\">\n<tbody>\n<tr>\n<td width=\"87\">A<\/td>\n<td width=\"693\">Armeija; Kahden tai kolmen armeijakunnan sek\u00e4 aselajijoukkojen muodostama yhtym\u00e4. Varsinaisia armeijoita olivat sodan aikana vain talvisodan Kannaksen Armeija sek\u00e4 jatkosodan hy\u00f6kk\u00e4ysvaiheen Karjalan Armeija. Armeijan komentajana toimi kenraaliluutnantti. Ks. Ryhm\u00e4.<\/td>\n<\/tr>\n<tr>\n<td>AK<\/td>\n<td>Armeijakunta; Kahdesta kolmeen divisioonaa (tai prikaatia), erillisi\u00e4 pataljoonia, raskaita patteristoja, linnoitus-, pioneeri-, viesti- ja huoltojoukkoja k\u00e4sitt\u00e4nyt sotatoimiyhtym\u00e4, jota johti yleens\u00e4 kenraalimajuri, joskus eversti.<\/td>\n<\/tr>\n<tr>\n<td>AOKL<\/td>\n<td>Armee Oberkommando Lappland; Saksan Lapin Armeija.<\/td>\n<\/tr>\n<tr>\n<td>AOKN<\/td>\n<td>Armee Oberkommando Norwegen; Saksan Norjan Armeija.<\/td>\n<\/tr>\n<tr>\n<td>AunR<\/td>\n<td>Aunuksen Ryhm\u00e4; Asemasota- ja vet\u00e4ytymisvaiheessa Syv\u00e4rin puolustuksesta ja Aunuksen- ja Laatokan Karjalasta vastannut armeijatasan johtoporras.<\/td>\n<\/tr>\n<tr>\n<td>D, Div<\/td>\n<td>Divisioona; Sotatoimiyhtym\u00e4, johon kuului eri aselajien joukkoja ja joka kykeni itsen\u00e4isiin sotatoimiin. Siihen kuului talvisotaan l\u00e4hdett\u00e4ess\u00e4 pioneeri-, viesti-, ym. aselajijoukkojen lis\u00e4ksi kevyt osasto, kolme jalkav\u00e4kirykmentti\u00e4 ja tykist\u00f6rykmentti. Jatkosodan alussa organisaatioon lis\u00e4ttiin raskas patteristo. Asemasodan aikana lakkautettiin kevyt osasto ja yksi jalkav\u00e4kirykmentti muutettiin erilliseksi pataljoonaksi. Divisioonan vahvuus oli noin 15 000 miest\u00e4, ja sit\u00e4 johti kenraalimajuri tai eversti.<\/td>\n<\/tr>\n<tr>\n<td>DE<\/td>\n<td>Divisioonan esikunta<\/td>\n<\/tr>\n<tr>\n<td>E<\/td>\n<td>Esikunta<\/td>\n<\/tr>\n<tr>\n<td>Er<\/td>\n<td>Erillinen<\/td>\n<\/tr>\n<tr>\n<td>ErK<\/td>\n<td>Erillinen Komppania; Pataljoonaan (tai rykmenttiin) kuulumaton komppania.<\/td>\n<\/tr>\n<tr>\n<td>ErLOs<\/td>\n<td>Erillinen Laivasto-osasto; Suomenlahden suunnan laivastojoukkojen johtoporras jatkosodan alussa<\/td>\n<\/tr>\n<tr>\n<td>ErOsP<\/td>\n<td>Erillinen osasto P; Petsamon alueella talvi- ja jatkosodassa toiminut pataljoonan vahvuinen joukko.<\/td>\n<\/tr>\n<tr>\n<td>ErOsSau<\/td>\n<td>Erillisosasto Savukoski; Partisaanien torjuntaan erikoistunut noin pataljoonan vahvuinen osasto, joka toimi jatkosodassa Savukosken \u2013 Sallan alueella.<\/td>\n<\/tr>\n<tr>\n<td>ErP<\/td>\n<td>Erillinen Pataljoona; Rykmenttiin kuulumaton, suoraan divisioonan tai sit\u00e4 ylemm\u00e4n johtoportaan johdossa oleva pataljoona.<\/td>\n<\/tr>\n<tr>\n<td>ErPsto<\/td>\n<td>Erillinen Patteristo; Kentt\u00e4tykist\u00f6rykmenttiin kuulumaton patteristo.<\/td>\n<\/tr>\n<tr>\n<td>Esk<\/td>\n<td>Eskadroona; Komppaniaa vastaava ratsuv\u00e4en perusyksikk\u00f6.<\/td>\n<\/tr>\n<tr>\n<td>HelLA<\/td>\n<td>Helsingin Laivastoasema<\/td>\n<\/tr>\n<tr>\n<td>HelSlE<\/td>\n<td>Helsingin sotilasl\u00e4\u00e4nin esikunta<\/td>\n<\/tr>\n<tr>\n<td>HLeLv<\/td>\n<td>H\u00e4vitt\u00e4j\u00e4lentolaivue<\/td>\n<\/tr>\n<tr>\n<td>HRR<\/td>\n<td>H\u00e4meen Ratsurykmentti; nimest\u00e4\u00e4n huolimatta pataljoonan vahvuinen joukko, joka taisteli talvisodan hiihtojoukkona ja asemasotavaiheesta alkaen jalkautettuna.<\/td>\n<\/tr>\n<tr>\n<td>IPAK<\/td>\n<td>Ilmapuolustusaluekeskus<\/td>\n<\/tr>\n<tr>\n<td>ISuomRPr<\/td>\n<td>It\u00e4-Suomen(lahden) rannikkoprikaati<\/td>\n<\/tr>\n<tr>\n<td>It<\/td>\n<td>Ilmatorjunta<\/td>\n<\/tr>\n<tr>\n<td>ITR<\/td>\n<td>Ilmatorjuntarykmentti<\/td>\n<\/tr>\n<tr>\n<td>J<\/td>\n<td>Joukkue; Pienin joukko, jota johti upseeri. Siihen kuului aselajista riippuen 30 \u2013 50 sotilasta. Joukkueen johtajana oli tyypillisesti v\u00e4nrikki tai luutnantti. Tykist\u00f6ss\u00e4 joukkuetta vastasi jaos.<\/td>\n<\/tr>\n<tr>\n<td>JP<\/td>\n<td>J\u00e4\u00e4k\u00e4ripataljoona<\/td>\n<\/tr>\n<tr>\n<td>JPr<\/td>\n<td>J\u00e4\u00e4k\u00e4riprikaati; Kevyist\u00e4 joukoista (j\u00e4\u00e4k\u00e4rijoukot ja ratsuv\u00e4ki) muodostettu prikaati.<\/td>\n<\/tr>\n<tr>\n<td>JR<\/td>\n<td>Jalkav\u00e4kirykmentti<\/td>\n<\/tr>\n<tr>\n<td>Jv<\/td>\n<td>Jalkav\u00e4ki<\/td>\n<\/tr>\n<tr>\n<td>JvKoulKesk<\/td>\n<td>Jalkav\u00e4en Koulutuskeskus<\/td>\n<\/tr>\n<tr>\n<td>J\u00e4r<\/td>\n<td>J\u00e4re\u00e4; yli 200 mm tykki<\/td>\n<\/tr>\n<tr>\n<td>J\u00e4rPtri<\/td>\n<td>J\u00e4re\u00e4 patteri<\/td>\n<\/tr>\n<tr>\n<td>J\u00e4\u00e4k<\/td>\n<td>J\u00e4\u00e4k\u00e4ri; Polkupy\u00f6rill\u00e4 liikkuneet kevyet joukot.<\/td>\n<\/tr>\n<tr>\n<td>J\u00e4\u00e4kJ<\/td>\n<td>J\u00e4\u00e4k\u00e4rijoukkue<\/td>\n<\/tr>\n<tr>\n<td>J\u00e4\u00e4kK<\/td>\n<td>J\u00e4\u00e4k\u00e4rikomppania<\/td>\n<\/tr>\n<tr>\n<td>K<\/td>\n<td>Komppania; Jalkav\u00e4en perusyksikk\u00f6, jonka muodosti kolmesta nelj\u00e4\u00e4n joukkuetta. Komppaniaan kuului 150 \u2013 250 miest\u00e4 ja sen p\u00e4\u00e4llikk\u00f6n\u00e4 oli yleens\u00e4 kapteeni tai luutnantti, joissain tapauksissa (yleens\u00e4 tilap\u00e4isesti sijaisena) v\u00e4nrikki. Komppaniaa vastasi ratsuv\u00e4ess\u00e4 eskadroona, tykist\u00f6ss\u00e4 patteri ja ilmavoimissa lentue.<\/td>\n<\/tr>\n<tr>\n<td>kadk<\/td>\n<td>Kadettikurssi<\/td>\n<\/tr>\n<tr>\n<td>KadK<\/td>\n<td>Kadettikoulu<\/td>\n<\/tr>\n<tr>\n<td>KaJoKE<\/td>\n<td>Kannaksen joukkojen komentajan esikunta; Kes\u00e4kuussa -44 perustettu Karjalan Kannaksen joukkojen operatiivinen johtoporras.<\/td>\n<\/tr>\n<tr>\n<td>KanA<\/td>\n<td>Kannaksen Armeija; Talvisodassa toiminut Karjalan Kannaksen joukkojen johtoporras.<\/td>\n<\/tr>\n<tr>\n<td>KanR<\/td>\n<td>Kannaksen Ryhm\u00e4; Asemasotavaiheessa toiminut Karjalan Kannaksen joukkojen johtoporras.<\/td>\n<\/tr>\n<tr>\n<td>KarA<\/td>\n<td>Karjalan Armeija; Jatkosodan hy\u00f6kk\u00e4ysvaiheessa toiminut Laatokan- ja Aunuksen Karjalan joukkojen johtoporras.<\/td>\n<\/tr>\n<tr>\n<td>Kev, Kv<\/td>\n<td>Kevyt; Tykist\u00f6ss\u00e4 75 \u2013 105 mm kanuunoista k\u00e4ytetty termi; my\u00f6s kevyist\u00e4, yleens\u00e4 polkupy\u00f6rill\u00e4 tai ratsain liikkuvista joukoista k\u00e4ytetty termi.<\/td>\n<\/tr>\n<tr>\n<td>KevLOs<\/td>\n<td>Kevyt Laivasto-osasto; It\u00e4isen Suomenlahden laivastojoukkojen johtoporras vuodesta -42.<\/td>\n<\/tr>\n<tr>\n<td>KevOs<\/td>\n<td>Kevyt osasto; Divisioonan kevyt joukko, johon talvisodassa kuului eskadroona, polkupy\u00f6r\u00e4komppania ja konekiv\u00e4\u00e4rijoukkue sek\u00e4 jatkosodan alussa kaksi j\u00e4\u00e4k\u00e4rikomppaniaa ja konekiv\u00e4\u00e4rikomppania. Kevyet osastot lakkautettiin asemasodan aikana. Kevyen osaston komentajana toimi yleens\u00e4 kapteeni.<\/td>\n<\/tr>\n<tr>\n<td>KvPsto, KevPsto<\/td>\n<td>Kevyt patteristo; 75 \u2013 105 mm kentt\u00e4kanuunoilla varustettu kentt\u00e4tykist\u00f6patteristo.<\/td>\n<\/tr>\n<tr>\n<td>KKK<\/td>\n<td>Konekiv\u00e4\u00e4rikomppania<\/td>\n<\/tr>\n<tr>\n<td>KoeLeLv<\/td>\n<td>Koelentolaivue<\/td>\n<\/tr>\n<tr>\n<td>Krh<\/td>\n<td>Kranaatinheitin<\/td>\n<\/tr>\n<tr>\n<td>KrhJ<\/td>\n<td>Kranaatinheitinjoukkue<\/td>\n<\/tr>\n<tr>\n<td>KrhK<\/td>\n<td>Kranaatinheitinkomppania<\/td>\n<\/tr>\n<tr>\n<td>KS<\/td>\n<td>Kentt\u00e4sairaala<\/td>\n<\/tr>\n<tr>\n<td>KSOs<\/td>\n<td>Kentt\u00e4sairaalaosasto; Vain kirurgisen osaston k\u00e4sitt\u00e4nyt vajaa kentt\u00e4sairaala.<\/td>\n<\/tr>\n<tr>\n<td>KSS<\/td>\n<td>Keskussotasairaala<\/td>\n<\/tr>\n<tr>\n<td>Kt<\/td>\n<td>Kentt\u00e4tykist\u00f6<\/td>\n<\/tr>\n<tr>\n<td>KT-Pr<\/td>\n<td>Kentt\u00e4t\u00e4ydennysprikaati; Talvisodan t\u00e4ydennysjoukko.<\/td>\n<\/tr>\n<tr>\n<td>KTR<\/td>\n<td>Kentt\u00e4tykist\u00f6rykmentti; Kentt\u00e4tykist\u00f6n joukko-osasto, jonka muodosti kolme patteristoa \u00e1 12 tykki\u00e4.<\/td>\n<\/tr>\n<tr>\n<td>KvItPtri<\/td>\n<td>Kevyt ilmatorjuntapatteri<\/td>\n<\/tr>\n<tr>\n<td>LaaRPr<\/td>\n<td>Laatokan Rannikkoprikaati; Laatokan rannikkopuolustuksesta vastannut suoraan p\u00e4\u00e4majan alainen johtoporras.<\/td>\n<\/tr>\n<tr>\n<td>Laiv<\/td>\n<td>Laivasto<\/td>\n<\/tr>\n<tr>\n<td>LeLv, LLv<\/td>\n<td>Lentolaivue<\/td>\n<\/tr>\n<tr>\n<td>LentoSK<\/td>\n<td>Lentosotakoulu<\/td>\n<\/tr>\n<tr>\n<td>LeR<\/td>\n<td>Lentorykmentti<\/td>\n<\/tr>\n<tr>\n<td>LinnP<\/td>\n<td>Linnoituspataljoona; Vanhemmista ik\u00e4luokista muodostettuja pataljoonia, jotka alun perin oli suunniteltu Salpa-linjan miehitykseksi, mutta yleens\u00e4 k\u00e4ytettiin miehitysjoukkona.<\/td>\n<\/tr>\n<tr>\n<td>LinnPsto<\/td>\n<td>Linnoituspatteristo; Vanhemmista, j\u00e4ykk\u00e4lavettisista kentt\u00e4tykeist\u00e4 muodostettu puolustustaisteluun soveltuva patteristo.<\/td>\n<\/tr>\n<tr>\n<td>Lke<\/td>\n<td>Linnake; rannikkopuolustuksen johtoporras, johon kuului kaksi tai useampi patteri<\/td>\n<\/tr>\n<tr>\n<td>LRakK<\/td>\n<td>Linjanrakennuskomppania; Viestipataljoonaan kuulunut yksikk\u00f6.<\/td>\n<\/tr>\n<tr>\n<td>Lsto<\/td>\n<td>Linnakkeisto; Rannikkopuolustuksen johtoporras, johon kuului kaksi tai useampia patteristoja.<\/td>\n<\/tr>\n<tr>\n<td>Ltue<\/td>\n<td>Lentue; ilmavoimien perusyksikk\u00f6.<\/td>\n<\/tr>\n<tr>\n<td>Lv<\/td>\n<td>Laivue; Ilmavoimien ja merivoimien pataljoona vastaava joukkoyksikk\u00f6.<\/td>\n<\/tr>\n<tr>\n<td>MaaR<\/td>\n<td>Maasel\u00e4n Ryhm\u00e4; Asemasotavaiheen Maasel\u00e4n Kannaksen joukkojen johtoporras.<\/td>\n<\/tr>\n<tr>\n<td>MaaSK<\/td>\n<td>Maasotakoulu; Kadettikoulun nimi kev\u00e4\u00e4st\u00e4 1942 eteenp\u00e4in<\/td>\n<\/tr>\n<tr>\n<td>mek<\/td>\n<td>Merikadettikurssi<\/td>\n<\/tr>\n<tr>\n<td>MePu<\/td>\n<td>Meripuolustus<\/td>\n<\/tr>\n<tr>\n<td>MeriSK<\/td>\n<td>Merisotakoulu<\/td>\n<\/tr>\n<tr>\n<td>Meriv<\/td>\n<td>Merivoimat<\/td>\n<\/tr>\n<tr>\n<td>MerivE<\/td>\n<td>Merivoimien Esikunta<\/td>\n<\/tr>\n<tr>\n<td>Mt<\/td>\n<td>Moottoroitu<\/td>\n<\/tr>\n<tr>\n<td>MtRsRPsto<\/td>\n<td>Moottoroitu raskas rannikkopatteristo<\/td>\n<\/tr>\n<tr>\n<td>Os<\/td>\n<td>Osasto; tarkoittaa joko esikunnan osastoa tai tilap\u00e4ismuodostelmaa (ks. TstOs)<\/td>\n<\/tr>\n<tr>\n<td>P<\/td>\n<td>Pataljoona; Jalkav\u00e4ess\u00e4 kolme kiv\u00e4\u00e4rikomppaniaa ja yksi konekiv\u00e4\u00e4rikomppania muodostivat pataljoonan. Pataljoonan vahvuus oli noin 1\u00a0000 miest\u00e4 ja sen komentajana oli everstiluutnantti, majuri tai kapteeni. Pataljoonaa vastasi tykist\u00f6ss\u00e4 patteristo ja ilmavoimissa ja merivoimissa laivue.<\/td>\n<\/tr>\n<tr>\n<td>Pion<\/td>\n<td>Pioneeri<\/td>\n<\/tr>\n<tr>\n<td>PionK<\/td>\n<td>Pioneerikomppania<\/td>\n<\/tr>\n<tr>\n<td>PionP<\/td>\n<td>Pioneeripataljoona<\/td>\n<\/tr>\n<tr>\n<td>PLeLv<\/td>\n<td>Pommituslentolaivue<\/td>\n<\/tr>\n<tr>\n<td>PM<\/td>\n<td>P\u00e4\u00e4maja<\/td>\n<\/tr>\n<tr>\n<td>PPK<\/td>\n<td>Polkupy\u00f6r\u00e4komppania<\/td>\n<\/tr>\n<tr>\n<td>PPP<\/td>\n<td>Polkupy\u00f6r\u00e4pataljoona<\/td>\n<\/tr>\n<tr>\n<td>Pr<\/td>\n<td>Prikaati; Pienin itsen\u00e4isiin sotatoimiin kykenev\u00e4 yhtym\u00e4; prikaatin organisaatio, vahvuus ja teht\u00e4v\u00e4t vaihtelivat suuresti talvi- ja jatkosodan aikana, mutta siihen kuului tyypillisesti kolmesta nelj\u00e4\u00e4n pataljoonaa ja yhdest\u00e4 kahteen kentt\u00e4tykist\u00f6patteristoa sek\u00e4 aselajijoukkoja<\/td>\n<\/tr>\n<tr>\n<td>Ps<\/td>\n<td>Panssari<\/td>\n<\/tr>\n<tr>\n<td>PsD<\/td>\n<td>Panssaridivisioona; J\u00e4\u00e4k\u00e4riprikaatista, Panssariprikaatista ja Rynn\u00e4kk\u00f6tykkipataljoonasta sek\u00e4 aselajijoukoista -42 muodostettu ylip\u00e4\u00e4llik\u00f6n reserviyhtym\u00e4.<\/td>\n<\/tr>\n<tr>\n<td>PsJ\u00e4\u00e4k<\/td>\n<td>Panssarij\u00e4\u00e4k\u00e4ri; Panssarintorjuntajoukoista k\u00e4ytetty nimitys.<\/td>\n<\/tr>\n<tr>\n<td>PsJ\u00e4\u00e4kP<\/td>\n<td>Panssarij\u00e4\u00e4k\u00e4ripataljoona<\/td>\n<\/tr>\n<tr>\n<td>PsP<\/td>\n<td>Panssaripataljoona<\/td>\n<\/tr>\n<tr>\n<td>PSR<\/td>\n<td>Pohjois-Suomen Ryhm\u00e4; Talvisodassa Pohjois-Suomen puolustuksesta vastannut johtoporras.<\/td>\n<\/tr>\n<tr>\n<td>Pst<\/td>\n<td>Panssarintorjunta<\/td>\n<\/tr>\n<tr>\n<td>Psl<\/td>\n<td>Panssarilaiva<\/td>\n<\/tr>\n<tr>\n<td>PsLv<\/td>\n<td>Panssarilaivue; Vuonna -41 toiminut panssarilaivojen johtoporras<\/td>\n<\/tr>\n<tr>\n<td>Psto<\/td>\n<td>Patteristo; pataljoonaa vastaava kentt\u00e4tykist\u00f6n joukkoyksikk\u00f6, johon kuului yleens\u00e4 kolme nelitykkist\u00e4 patteria. Patteriston komentajana oli everstiluutnantti, majuri tai kapteeni.<\/td>\n<\/tr>\n<tr>\n<td>Ptri<\/td>\n<td>Patteri; Komppaniaa vastaava kentt\u00e4tykist\u00f6n perusyksikk\u00f6, johon kuului yleens\u00e4 nelitykkinen tulipatteri sek\u00e4 tulenjohtue. Tyypillisesti patteriupseeri (patterin varap\u00e4\u00e4llikk\u00f6) johti tuliasematoimintaa ja patterin p\u00e4\u00e4llikk\u00f6 toimi tulenjohtajana etulinjassa.<\/td>\n<\/tr>\n<tr>\n<td>R<\/td>\n<td>Rykmentti; Maavoimien joukko-osasto, jonka muodostivat kolme pataljoonaa tai patteristoa sek\u00e4 erillisyksik\u00f6t. Jalkav\u00e4kirykmentin vahvuus oli noin 3\u00a0500 miest\u00e4 ja sen komentajana toimi eversti tai everstiluutnantti.<\/td>\n<\/tr>\n<tr>\n<td>R<\/td>\n<td>Ryhm\u00e4; Tilap\u00e4iseksi tarkoitettu muodostelma, joka saattoi olla prikaatia vastaava (kuten Muolaan Ryhm\u00e4), divisioonaa vastaava (kuten Ryhm\u00e4 Talvela), armeijakuntaa vastaava (kuten Ryhm\u00e4 Raappana tai Maasel\u00e4n Ryhm\u00e4) tai armeijaa vastaava (kuten Aunuksen Ryhm\u00e4)<\/td>\n<\/tr>\n<tr>\n<td>RajaJ<\/td>\n<td>Rajaj\u00e4\u00e4k\u00e4ri<\/td>\n<\/tr>\n<tr>\n<td>RajaJP<\/td>\n<td>Rajaj\u00e4\u00e4k\u00e4ripataljoona; Erillisist\u00e4 raja(j\u00e4\u00e4k\u00e4ri)komppanioista kes\u00e4\u00e4n -42 menness\u00e4 perustetut pataljoonat.<\/td>\n<\/tr>\n<tr>\n<td>RajaK<\/td>\n<td>Rajakomppania<\/td>\n<\/tr>\n<tr>\n<td>RLaiv<\/td>\n<td>Rannikkolaivasto; Vuonna -41 toiminut Saaristomeren ja l\u00e4ntisen Suomenlahden laivastojoukkojen johtoporras.<\/td>\n<\/tr>\n<tr>\n<td>RPr<\/td>\n<td>Rannikkoprikaati; Rannikkotykist\u00f6rykmenteist\u00e4, erillisist\u00e4 patteristoista ja pattereista, rannikkojalkav\u00e4est\u00e4 sek\u00e4 aselajijoukoista koostunut rannikkojoukkojen johtoporras<\/td>\n<\/tr>\n<tr>\n<td>RPsto<\/td>\n<td>Rannikkopatteristo<\/td>\n<\/tr>\n<tr>\n<td>Rs, Rask<\/td>\n<td>Raskas; tykist\u00f6ss\u00e4 105 \u2013 155 mm tykeist\u00e4 k\u00e4ytetty nimitys.<\/td>\n<\/tr>\n<tr>\n<td>RsPsto<\/td>\n<td>Raskas patteristo<\/td>\n<\/tr>\n<tr>\n<td>RT, RTR<\/td>\n<td>Rannikkotykist\u00f6rykmentti<\/td>\n<\/tr>\n<tr>\n<td>rtk<\/td>\n<td>Rannikotykist\u00f6kadettikurssi<\/td>\n<\/tr>\n<tr>\n<td>Rv<\/td>\n<td>Ratsuv\u00e4ki<\/td>\n<\/tr>\n<tr>\n<td>RvPr<\/td>\n<td>Ratsuv\u00e4kiprikaati; Ratsuv\u00e4kiyhtym\u00e4, johon kuuluivat Uudenmaan Rakuunarykmentti, H\u00e4meen ratsurykmentti ja J\u00e4\u00e4k\u00e4ripataljoona 1 sek\u00e4 erillisyksik\u00f6it\u00e4. Asemasodan aikana prikaatiin liitettiin J\u00e4\u00e4k\u00e4ripataljoona 6.<\/td>\n<\/tr>\n<tr>\n<td>RynnTyk<\/td>\n<td>Rynn\u00e4kk\u00f6tykki; panssarivaunun rungolle mutta ilman k\u00e4\u00e4ntyv\u00e4\u00e4 tornia tehty yleens\u00e4 panssarintorjuntaan k\u00e4ytetty panssariajoneuvo.<\/td>\n<\/tr>\n<tr>\n<td>RynnTykP<\/td>\n<td>Rynn\u00e4kk\u00f6tykkipataljoona<\/td>\n<\/tr>\n<tr>\n<td>Sij<\/td>\n<td>Sijainen<\/td>\n<\/tr>\n<tr>\n<td>SissiJ<\/td>\n<td>Sissijoukkue<\/td>\n<\/tr>\n<tr>\n<td>SissiP<\/td>\n<td>Sissipataljoona<\/td>\n<\/tr>\n<tr>\n<td>SkpE<\/td>\n<td>Suojeluskuntapiirin esikunta<\/td>\n<\/tr>\n<tr>\n<td>SotaS<\/td>\n<td>Sotasairaala<\/td>\n<\/tr>\n<tr>\n<td>SS-Regt<\/td>\n<td>SS-rykmentti<\/td>\n<\/tr>\n<tr>\n<td>StalE<\/td>\n<td>Sotatalousesikunta<\/td>\n<\/tr>\n<tr>\n<td>TLeLv<\/td>\n<td>Tiedustelulentolaivue<\/td>\n<\/tr>\n<tr>\n<td>Tsto<\/td>\n<td>Toimisto<\/td>\n<\/tr>\n<tr>\n<td>TstOs<\/td>\n<td>Taisteluosasto; Tilap\u00e4isosasto, tyypillisesti vahvennettu pataljoona, mutta my\u00f6s vahvennettu komppania tai vahvennettu rykmentti.<\/td>\n<\/tr>\n<tr>\n<td>TurLAs<\/td>\n<td>Turun Laivastoasema<\/td>\n<\/tr>\n<tr>\n<td>TykK<\/td>\n<td>Tykkikomppania; Panssarintorjuntakomppaniasta k\u00e4ytetty nimi.<\/td>\n<\/tr>\n<tr>\n<td>Tyv<\/td>\n<td>Tykkivene<\/td>\n<\/tr>\n<tr>\n<td>T\u00e4ydLeLv<\/td>\n<td>T\u00e4ydennyslentolaivue<\/td>\n<\/tr>\n<tr>\n<td>UK<\/td>\n<td>Upseerikoulu; Reserviupseerikoulusta sodan aikana k\u00e4ytetty nimi.<\/td>\n<\/tr>\n<tr>\n<td>UlkOs<\/td>\n<td>Ulkomaanosasto<\/td>\n<\/tr>\n<tr>\n<td>URR<\/td>\n<td>Uudenmaan Rakuunarykmentti; nimest\u00e4\u00e4n huolimatta noin pataljoonan vahvuinen joukko, joka taisteli talvisodan hiihtojoukkona ja asemasotavaiheesta alkaen jalkautettuna.<\/td>\n<\/tr>\n<tr>\n<td>Vahv<\/td>\n<td>Vahvennettu<\/td>\n<\/tr>\n<tr>\n<td>VarmLv<\/td>\n<td>Varmistuslaivue<\/td>\n<\/tr>\n<tr>\n<td>V<\/td>\n<td>Viesti<\/td>\n<\/tr>\n<tr>\n<td>VP<\/td>\n<td>Viestipataljoona<\/td>\n<\/tr>\n<tr>\n<td>VuorAK<\/td>\n<td>Vuoristoarmeijakunta; Saksalainen Lapissa toiminut armeijakunta.<\/td>\n<\/tr>\n<tr>\n<td>\u00c4\u00e4nRPr<\/td>\n<td>\u00c4\u00e4nisen Rannikkoprikaati; \u00c4\u00e4nisen rannikkopuolustuksesta vastannut Aunuksen Ryhm\u00e4n alainen johtoporras.<\/td>\n<\/tr>\n<\/tbody>\n<\/table>\n<\/div><\/section><br \/>\n\n<style type=\"text\/css\" data-created_by=\"avia_inline_auto\" id=\"style-css-av-k47j6vg7-7bb4572215f875c537f1992c2e20db01\">\n#top .avia_search_element.av-k47j6vg7-7bb4572215f875c537f1992c2e20db01 .av_searchform_wrapper{\nborder-radius:0px 0px 0px 0px;\n}\n#top .avia_search_element.av-k47j6vg7-7bb4572215f875c537f1992c2e20db01 #s.av-input-field{\nborder-radius:0px 0px 0px 0px;\n}\n#top .avia_search_element.av-k47j6vg7-7bb4572215f875c537f1992c2e20db01 .av_searchsubmit_wrapper{\nborder-radius:0px 0px 0px 0px;\n}\n#top .avia_search_element.av-k47j6vg7-7bb4572215f875c537f1992c2e20db01 #searchsubmit{\nborder-radius:0px 0px 0px 0px;\n}\n.ajax_search_response.av-k47j6vg7-7bb4572215f875c537f1992c2e20db01{\npadding:0px 0px 0px 0px;\nmargin:0px 0px 0px 0px;\n}\n<\/style>\n<div  class='avia_search_element av-k47j6vg7-7bb4572215f875c537f1992c2e20db01  avia-builder-el-5  el_after_av_textblock  avia-builder-el-last '><form action='https:\/\/joukkosieessa.fi\/' id='searchform_element' method='get' class='' data-element_id='av-k47j6vg7-7bb4572215f875c537f1992c2e20db01' ><div class='av_searchform_wrapper'><input type='text' value='' id='s' name='s' placeholder='Haku sivuilta...' class='av-input-field av-input-hasicon' \/><span class='av-input-field-icon av-search-icon avia-font-entypo-fontello'>\ue803<\/span><div class='av_searchsubmit_wrapper '><input type='submit' value='HAE' id='searchsubmit' class='button ' \/><\/div><input type='hidden' name='numberposts' value='5' \/><input type='hidden' name='post_type' value='page' \/><input type='hidden' name='results_hide_fields' value='' \/><\/div><\/form><\/div><\/p><\/div>\n","protected":false},"excerpt":{"rendered":"","protected":false},"author":1,"featured_media":0,"parent":0,"menu_order":7,"comment_status":"closed","ping_status":"closed","template":"","meta":{"footnotes":""},"class_list":["post-1872","page","type-page","status-publish","hentry"],"_links":{"self":[{"href":"https:\/\/joukkosieessa.fi\/index.php\/wp-json\/wp\/v2\/pages\/1872","targetHints":{"allow":["GET"]}}],"collection":[{"href":"https:\/\/joukkosieessa.fi\/index.php\/wp-json\/wp\/v2\/pages"}],"about":[{"href":"https:\/\/joukkosieessa.fi\/index.php\/wp-json\/wp\/v2\/types\/page"}],"author":[{"embeddable":true,"href":"https:\/\/joukkosieessa.fi\/index.php\/wp-json\/wp\/v2\/users\/1"}],"replies":[{"embeddable":true,"href":"https:\/\/joukkosieessa.fi\/index.php\/wp-json\/wp\/v2\/comments?post=1872"}],"version-history":[{"count":5,"href":"https:\/\/joukkosieessa.fi\/index.php\/wp-json\/wp\/v2\/pages\/1872\/revisions"}],"predecessor-version":[{"id":3906,"href":"https:\/\/joukkosieessa.fi\/index.php\/wp-json\/wp\/v2\/pages\/1872\/revisions\/3906"}],"wp:attachment":[{"href":"https:\/\/joukkosieessa.fi\/index.php\/wp-json\/wp\/v2\/media?parent=1872"}],"curies":[{"name":"wp","href":"https:\/\/api.w.org\/{rel}","templated":true}]}}