{"id":1895,"date":"2020-01-05T16:18:18","date_gmt":"2020-01-05T16:18:18","guid":{"rendered":"https:\/\/joukkosieessa.fi\/?page_id=1895"},"modified":"2020-01-05T16:22:54","modified_gmt":"2020-01-05T16:22:54","slug":"sodan-paivamaarat-1940","status":"publish","type":"page","link":"https:\/\/joukkosieessa.fi\/index.php\/sodan-paivamaarat\/sodan-paivamaarat-1940\/","title":{"rendered":"Sodan p\u00e4iv\u00e4m\u00e4\u00e4r\u00e4t 1940"},"content":{"rendered":"<div id='full_slider_1'  class='avia-fullwidth-slider main_color avia-shadow   avia-builder-el-0  el_before_av_one_full  avia-builder-el-first   container_wrap sidebar_right'  >\n<style type=\"text\/css\" data-created_by=\"avia_inline_auto\" id=\"style-css-av-akhp-b6f614b8154ad80be0284d699659eb53\">\n#top .avia-slideshow .av-slideshow-caption.av-akhp-b6f614b8154ad80be0284d699659eb53__0 .avia-caption-content{\nfont-size:14px;\n}\n#top .avia-slideshow .av-slideshow-caption.av-akhp-b6f614b8154ad80be0284d699659eb53__0 .avia-caption-content p{\nfont-size:14px;\n}\n<\/style>\n<div  class='avia-slideshow av-akhp-b6f614b8154ad80be0284d699659eb53 avia-slideshow-featured av_slideshow_full avia-slide-slider av-slideshow-ui av-control-default av-slideshow-manual av-loop-once av-loop-manual-endless av-default-height-applied   avia-slideshow-1' data-slideshow-options=\"{&quot;animation&quot;:&quot;slide&quot;,&quot;autoplay&quot;:false,&quot;loop_autoplay&quot;:&quot;once&quot;,&quot;interval&quot;:5,&quot;loop_manual&quot;:&quot;manual-endless&quot;,&quot;autoplay_stopper&quot;:false,&quot;noNavigation&quot;:false,&quot;bg_slider&quot;:false,&quot;keep_padding&quot;:false,&quot;hoverpause&quot;:false,&quot;show_slide_delay&quot;:0}\"  itemprop=\"image\" itemscope=\"itemscope\" itemtype=\"https:\/\/schema.org\/ImageObject\" ><ul class='avia-slideshow-inner ' style='padding-bottom: 28.666666666667%;'><li  class='avia-slideshow-slide av-akhp-b6f614b8154ad80be0284d699659eb53__0  av-single-slide slide-1 slide-odd'><div data-rel='slideshow-1' class='avia-slide-wrap '   ><div class='av-slideshow-caption av-akhp-b6f614b8154ad80be0284d699659eb53__0 caption_fullwidth caption_bottom caption_bottom_framed caption_framed'><div class=\"container caption_container\"><div class=\"slideshow_caption\"><div class=\"slideshow_inner_caption\"><div class=\"slideshow_align_caption\"><div class='avia-caption-content '  itemprop=\"description\" ><p>L\u00f6nnrotinkatu Helsingiss\u00e4 ilmapommituksen j\u00e4ljilt\u00e4 30.11.1939.<\/p>\n<\/div><\/div><\/div><\/div><\/div><\/div><img fetchpriority=\"high\" class=\"wp-image-1807 avia-img-lazy-loading-not-1807\"  src='https:\/\/joukkosieessa.fi\/wp-content\/uploads\/2019\/12\/talvisota_11_39-1500x430.png' width='1500' height='430' title='talvisota_11_39' alt=''  itemprop=\"thumbnailUrl\"   \/><\/div><\/li><\/ul><\/div><\/div><div id='after_full_slider_1'  class='main_color av_default_container_wrap container_wrap sidebar_right'  ><div class='container av-section-cont-open' ><div class='template-page content  av-content-small alpha units'><div class='post-entry post-entry-type-page post-entry-1895'><div class='entry-content-wrapper clearfix'>\n\n<style type=\"text\/css\" data-created_by=\"avia_inline_auto\" id=\"style-css-av-79f1-1280664b05e2eaf6fd9346541c87cb15\">\n.flex_column.av-79f1-1280664b05e2eaf6fd9346541c87cb15{\nborder-radius:0px 0px 0px 0px;\npadding:0px 0px 0px 0px;\n}\n<\/style>\n<div  class='flex_column av-79f1-1280664b05e2eaf6fd9346541c87cb15 av_one_full  avia-builder-el-1  el_after_av_slideshow_full  el_before_av_one_full  avia-builder-el-first  first flex_column_div av-zero-column-padding  '     ><style type=\"text\/css\" data-created_by=\"avia_inline_auto\" id=\"style-css-av-k517wtls-44ab9ca3e8d0bc65d50338fc2575cc3b\">\n#top .av-special-heading.av-k517wtls-44ab9ca3e8d0bc65d50338fc2575cc3b{\nmargin:0 0 -5px 0;\npadding-bottom:0;\n}\nbody .av-special-heading.av-k517wtls-44ab9ca3e8d0bc65d50338fc2575cc3b .av-special-heading-tag .heading-char{\nfont-size:25px;\n}\n.av-special-heading.av-k517wtls-44ab9ca3e8d0bc65d50338fc2575cc3b .av-subheading{\nfont-size:15px;\n}\n<\/style>\n<div  class='av-special-heading av-k517wtls-44ab9ca3e8d0bc65d50338fc2575cc3b av-special-heading-h1  avia-builder-el-2  avia-builder-el-no-sibling '><h1 class='av-special-heading-tag'  itemprop=\"headline\"  >Sodan p\u00e4iv\u00e4m\u00e4\u00e4r\u00e4t 1940<\/h1><div class=\"special-heading-border\"><div class=\"special-heading-inner-border\"><\/div><\/div><\/div><\/div>\n<style type=\"text\/css\" data-created_by=\"avia_inline_auto\" id=\"style-css-av-4k1r-3ed26eaf4f9e1fe5afee569a008105ec\">\n.flex_column.av-4k1r-3ed26eaf4f9e1fe5afee569a008105ec{\nborder-radius:0px 0px 0px 0px;\npadding:0px 0px 10px 10px;\n}\n<\/style>\n<div  class='flex_column av-4k1r-3ed26eaf4f9e1fe5afee569a008105ec av_one_full  avia-builder-el-3  el_after_av_one_full  avia-builder-el-last  first flex_column_div  column-top-margin'     ><style type=\"text\/css\" data-created_by=\"avia_inline_auto\" id=\"style-css-av-3o2n-f8ecf9facd2b0c750a152e7b87905b4d\">\n#top .av_textblock_section.av-3o2n-f8ecf9facd2b0c750a152e7b87905b4d .avia_textblock{\nfont-size:15px;\n}\n<\/style>\n<section  class='av_textblock_section av-3o2n-f8ecf9facd2b0c750a152e7b87905b4d '   itemscope=\"itemscope\" itemtype=\"https:\/\/schema.org\/CreativeWork\" ><div class='avia_textblock'  itemprop=\"text\" ><table>\n<tbody>\n<tr>\n<td width=\"81\">1.1.<\/td>\n<td colspan=\"3\" width=\"695\">Laatokan Karjalassa k\u00e4ynnistyy 13.D:n kahden pataljoonan hy\u00f6kk\u00e4ys Ruhtinaanm\u00e4en pohjoispuolelle; divisioonien ja rykmenttien numeroita muutetaan harhautustarkoituksessa (10.D \u00e0 7.D; 11.D \u00e0 2.D; 6.D \u00e0 3.D).<\/td>\n<\/tr>\n<tr>\n<td>2.1.<\/td>\n<td colspan=\"3\">JP4 siirret\u00e4\u00e4n IV AK:aan.<\/td>\n<\/tr>\n<tr>\n<td>5.1.<\/td>\n<td colspan=\"3\">3.D vapauttaa 5.D:n etulinjasta Summassa.<\/td>\n<\/tr>\n<tr>\n<td>6.1.<\/td>\n<td colspan=\"3\">IV AK:n vastahy\u00f6kk\u00e4ys alkaa Laatokan pohjoispuolella (13.D); Raatteen tiell\u00e4 44. Divisioonan viimeinen ep\u00e4onnistunut ulosmurtautumisyritys (9.D).<\/td>\n<\/tr>\n<tr>\n<td>10.1.<\/td>\n<td colspan=\"3\">IV AK katkaisee vihollisen 56. Armeijakunnan tieyhteydet Pitk\u00e4rannan alueelle; Kitil\u00e4n suurmotti syntyy Laatokalla (13.D).<\/td>\n<\/tr>\n<tr>\n<td>13.1.<\/td>\n<td colspan=\"3\">Saattaja Aura II uppoaa M\u00e4rketiss\u00e4 oman syvyyspommin r\u00e4j\u00e4hdetty\u00e4 laivan kannella.<\/td>\n<\/tr>\n<tr>\n<td>18.1.<\/td>\n<td colspan=\"3\">Pitk\u00e4rannan motti syntyy (13.D).<\/td>\n<\/tr>\n<tr>\n<td>21.1.<\/td>\n<td colspan=\"3\">Vihollinen yritt\u00e4\u00e4 l\u00e4pimurtoa Kollaalla, Aittojoella ja Ilomantsissa; 9.D aloittaa siirtymisen Suomussalmelta Kuhmoon; JP1 siirret\u00e4\u00e4n IV AK:aan.<\/td>\n<\/tr>\n<tr>\n<td>26.1.<\/td>\n<td colspan=\"3\">21.D It\u00e4-Kannakselle ylip\u00e4\u00e4llik\u00f6n reserviksi.<\/td>\n<\/tr>\n<tr>\n<td>27.1.<\/td>\n<td colspan=\"3\">Vihollisen tykist\u00f6 jatkaa kiihtyv\u00e4ll\u00e4 voimalla p\u00e4\u00e4puolustusaseman murentamista Kannaksella; 23.D J\u00e4nisj\u00e4rvelle ylip\u00e4\u00e4llik\u00f6n reserviksi.<\/td>\n<\/tr>\n<tr>\n<td>28.1.<\/td>\n<td colspan=\"3\">L\u00e4ntist\u00e4 Lemetin mottia vastaan tehd\u00e4\u00e4n tulokseton hy\u00f6kk\u00e4ys.<\/td>\n<\/tr>\n<tr>\n<td>29.1.<\/td>\n<td colspan=\"3\">9.D aloittaa vastahy\u00f6kk\u00e4yksen Kuhmossa 54. Divisioonan tuhoamiseksi.<\/td>\n<\/tr>\n<tr>\n<td>1.2.<\/td>\n<td colspan=\"3\">Vihollinen aloittaa Kannaksella tykist\u00f6valmistelun j\u00e4lkeen voimakkaat hy\u00f6kk\u00e4ykset Summassa, Marjapellonm\u00e4ess\u00e4 ja Hatjalahdenj\u00e4rvell\u00e4 (II AK) sek\u00e4 Taipaleessa (III AK); Ratsuv\u00e4kiprikaati IV Armeijakuntaan.<\/td>\n<\/tr>\n<tr>\n<td>3.2.<\/td>\n<td colspan=\"3\">Pataljoona Mankonen tuhoaa L\u00f6yt\u00f6j\u00e4rvell\u00e4 vihollisen hiihtopataljoonan.<\/td>\n<\/tr>\n<tr>\n<td>4.2.<\/td>\n<td colspan=\"3\">Suomalaiset kukistavat Lemetin l\u00e4ntisen motin (13.D).<\/td>\n<\/tr>\n<tr>\n<td>8.2.<\/td>\n<td colspan=\"3\">Taipaleessa alkaa kahden vihollisdivisioonan suurhy\u00f6kk\u00e4ys; suomalainen hiihtopataljoona tuhoutuu Laatokan koillispuolella.<\/td>\n<\/tr>\n<tr>\n<td>10.2.<\/td>\n<td colspan=\"3\">Vihollinen p\u00e4\u00e4see pieneen murtoon Merkin lohkolla Summassa; Taipaleessa vihollisen hy\u00f6kk\u00e4ykset torjutaan; 23.D IV AK:aan.<\/td>\n<\/tr>\n<tr>\n<td>11.2.<\/td>\n<td colspan=\"3\">L\u00e4hteen lohkon etulinja murtuu Summassa ja vihollinen tunkeutuu iltaan menness\u00e4 tukilinjalle (3.D); vihollinen p\u00e4\u00e4see murtoon Punnusj\u00e4rven alueella Muolaassa (2.D).<\/td>\n<\/tr>\n<tr>\n<td>12.2.<\/td>\n<td colspan=\"3\">5.D alistetaan II AK:lle.<\/td>\n<\/tr>\n<tr>\n<td>13.2.<\/td>\n<td colspan=\"3\">5.D ottaa rintamavastuun Summassa; JR14 tekee ep\u00e4onnistuneen vastahy\u00f6kk\u00e4yksen menetetyn p\u00e4\u00e4puolustuslinjan takaisinvaltaamiseksi Summassa (5.D); vihollinen murtautuu tukilinjan l\u00e4pi L\u00e4hteen lohkolla.<\/td>\n<\/tr>\n<tr>\n<td>14.2.<\/td>\n<td colspan=\"3\">Ankarat taistelut Taipaleessa; suomalaisjoukot irtautuvat L\u00e4hteen lohkon asemista Summassa (5.D); Kuhmossa 9.D keskeytt\u00e4\u00e4 hy\u00f6kk\u00e4ykset motteja vastaan.<\/td>\n<\/tr>\n<tr>\n<td>15.2.<\/td>\n<td colspan=\"3\">Suomalaisjoukot aloittavat vet\u00e4ytymisen v\u00e4liasemaan Kannaksella; Laatokan Karjalassa k\u00e4yd\u00e4\u00e4n ankaraa taistelua Pukitsanm\u00e4en omistuksesta; 23.D aloittaa siirtymisen Kannakselle.<\/td>\n<\/tr>\n<tr>\n<td>16.2.<\/td>\n<td colspan=\"3\">Dolinin hiihtoprikaatin rippeet tuhotaan Kuhmossa (9.D).<\/td>\n<\/tr>\n<tr>\n<td>17.2.<\/td>\n<td colspan=\"3\">Vihollinen saa murtuman v\u00e4liasemaan Postilammen maastossa K\u00e4m\u00e4r\u00e4n aseman l\u00e4hell\u00e4.<\/td>\n<\/tr>\n<tr>\n<td>18.2.<\/td>\n<td colspan=\"3\">Suomalaiset joutuvat vet\u00e4ytym\u00e4\u00e4n mantereelta Viipurinlahden it\u00e4rannikon saarille; Taipaleessa vihollinen aloittaa voimakkaan hy\u00f6kk\u00e4yksen saaden etulinjan haltuunsa; vihollisen panssarit murtautuvat Kannaksen v\u00e4liaseman l\u00e4pi kahdesta kohtaa.<\/td>\n<\/tr>\n<tr>\n<td>19.2.<\/td>\n<td colspan=\"3\">Suomalaiset torjuvat vihollisen hy\u00f6kk\u00e4yksen Suvannon yli; K\u00e4sky I AK:n perustamisesta.<\/td>\n<\/tr>\n<tr>\n<td>20.2.<\/td>\n<td colspan=\"3\">Vihollinen murtautuu 1,5 kilometri\u00e4 puolustusaseman syvyyteen Terenttil\u00e4ss\u00e4, mutta osa etulinjaa saadaan vallatuksi takaisin vastahy\u00f6kk\u00e4yksell\u00e4 (7.D, 21.D); v\u00e4liasemassa Mustalammen alueella vihollisen jalkav\u00e4ki pystyt\u00e4\u00e4n ly\u00f6m\u00e4\u00e4n, mutta asemien l\u00e4pi tunkeutuu parikymment\u00e4 panssarivaunua; Viipurinlahden puolustus, joka on ollut merivoimilla, siirret\u00e4\u00e4n Kannaksen Armeijalle.<\/td>\n<\/tr>\n<tr>\n<td>21.2.<\/td>\n<td colspan=\"3\">Rykmenttimotin viimeiset pes\u00e4kkeet tuhotaan Laatokan pohjoispuolella (13.D); Kannaksella murto v\u00e4liasemassa Mustalammella ly\u00f6d\u00e4\u00e4n vastahy\u00f6kk\u00e4yksell\u00e4.<\/td>\n<\/tr>\n<tr>\n<td>22.2.<\/td>\n<td colspan=\"3\">Vihollinen valtaa Koiviston saaret; 23.D rintamavastuuseen K\u00e4m\u00e4r\u00e4ss\u00e4.<\/td>\n<\/tr>\n<tr>\n<td>25.2.<\/td>\n<td colspan=\"3\">I AK ottaa rintamavastuun Kannakselle; kentt\u00e4armeija<\/td>\n<\/tr>\n<tr>\n<td><\/td>\n<td><\/td>\n<td colspan=\"2\">Lapin Ryhm\u00e4<\/td>\n<\/tr>\n<tr>\n<td><\/td>\n<td><\/td>\n<td colspan=\"2\">Pohjois-Suomen Ryhm\u00e4 (9.D)<\/td>\n<\/tr>\n<tr>\n<td><\/td>\n<td><\/td>\n<td colspan=\"2\">Ryhm\u00e4 Talvela<\/td>\n<\/tr>\n<tr>\n<td><\/td>\n<td><\/td>\n<td colspan=\"2\">IV AK (12.D, 13.D)<\/td>\n<\/tr>\n<tr>\n<td><\/td>\n<td><\/td>\n<td colspan=\"2\">Kannaksen Armeija<\/td>\n<\/tr>\n<tr>\n<td><\/td>\n<td><\/td>\n<td><\/td>\n<td>4.D<\/td>\n<\/tr>\n<tr>\n<td><\/td>\n<td><\/td>\n<td><\/td>\n<td>III AK (7.D, 8.D, 21.D)<\/td>\n<\/tr>\n<tr>\n<td><\/td>\n<td><\/td>\n<td><\/td>\n<td>I AK (1.D, 2.D)<\/td>\n<\/tr>\n<tr>\n<td><\/td>\n<td><\/td>\n<td><\/td>\n<td>II AK (3.D, 5.D, 23.D)<\/td>\n<\/tr>\n<tr>\n<td>26.2.<\/td>\n<td colspan=\"3\">23.D tekee vastahy\u00f6kk\u00e4yksen N\u00e4ykkij\u00e4rvell\u00e4.<\/td>\n<\/tr>\n<tr>\n<td>27.2.<\/td>\n<td colspan=\"3\">Irtautuminen v\u00e4liasemasta ja viivytystaistelut taka-asemaan alkavat Kannaksella; 2.D III AK:aan.<\/td>\n<\/tr>\n<tr>\n<td>28.2.<\/td>\n<td colspan=\"3\">SFK ottaa rintamavastuun Lapissa.<\/td>\n<\/tr>\n<tr>\n<td>29.2.<\/td>\n<td colspan=\"3\">Vihollisen hy\u00f6kk\u00e4ys jatkuu Viipurinlahden yli H\u00e4r\u00e4np\u00e4\u00e4nniemeen ja Vilajoelle; Suur-Peron suunnassa vihollisen hy\u00f6kk\u00e4ysvaunut tunkeutuvat suomalaisten asemiin; it\u00e4inen Lemetin motti vallataan; Ruokolahden yl\u00e4puolella k\u00e4yd\u00e4\u00e4n suuri ilmataistelu.<\/td>\n<\/tr>\n<tr>\n<td>1.3.<\/td>\n<td colspan=\"3\">Ensimm\u00e4iset hy\u00f6kk\u00e4ykset \u00c4yr\u00e4p\u00e4\u00e4t\u00e4 vastaan; Rannikkoryhm\u00e4 perustetaan (4.D, Viipurin Lohko).<\/td>\n<\/tr>\n<tr>\n<td>2.3.<\/td>\n<td colspan=\"3\">Kiivaat taistelut K\u00e4rem\u00e4enlahdella Viipurin etel\u00e4puolella ja Lyykyl\u00e4n suunnassa kaupungista it\u00e4\u00e4n; Tuppuransaari ja Teikarsaari menetet\u00e4\u00e4n ja vihollinen p\u00e4\u00e4see maihin my\u00f6s Viipurinlahden l\u00e4nsirannalla; Kollaalla torjutaan kahden divisioonan hy\u00f6kk\u00e4ys koko puolustusaseman leveydelt\u00e4 (12.D); Taistelut L\u00f6yt\u00f6vaarassa alkavat.<\/td>\n<\/tr>\n<tr>\n<td>3.3.<\/td>\n<td colspan=\"3\">Vihollinen valtaa Uuraan saaren; Vuoksella vihollinen hy\u00f6kk\u00e4\u00e4 leve\u00e4ll\u00e4 rintamalla Vuosalmen ja Kaskisel\u00e4n lohkoja vastaan l\u00e4hes kolmen divisioonan voimin.<\/td>\n<\/tr>\n<tr>\n<td>4.3.<\/td>\n<td colspan=\"3\">\u00c4yr\u00e4p\u00e4\u00e4n kirkon maasto menetet\u00e4\u00e4n; panssareiden tukemat vihollisjoukot nousevat uudelleen maihin Viipurinlahden Vilajoella ja H\u00e4r\u00e4np\u00e4\u00e4nniemess\u00e4; Ratsuv\u00e4kiprikaati Kannakselle.<\/td>\n<\/tr>\n<tr>\n<td>5.3.<\/td>\n<td colspan=\"3\">Viipurinlahdella k\u00e4yd\u00e4\u00e4n kovia taisteluja Ravansaaressa, Turkinsaaressa ja Neulasaaressa; l\u00e4nsirannalla vihollinen etenee Vilaniemess\u00e4 ja H\u00e4r\u00e4np\u00e4\u00e4nniemess\u00e4; KevOs8:n vastahy\u00f6kk\u00e4ys \u00c4yr\u00e4p\u00e4\u00e4n kirkonm\u00e4elle ep\u00e4onnistuu.<\/td>\n<\/tr>\n<tr>\n<td>6.3.<\/td>\n<td colspan=\"3\">Laatokan pohjoispuolella vihollinen murtaa Kitil\u00e4n suurmotin saartorenkaan Pitk\u00e4rannan alueella (13.D); suomalaisten vastahy\u00f6kk\u00e4ys Vilaniemess\u00e4 ep\u00e4onnistuu ja vihollinen p\u00e4\u00e4see maihin my\u00f6s Karjaniemess\u00e4 ja Niskapohjassa; 21.D ottaa rintamavastuun Vuosalmella.<\/td>\n<\/tr>\n<tr>\n<td>7.3.<\/td>\n<td colspan=\"3\">Vihollinen tunkeutuu taka-aseman l\u00e4pi Talin kannaksella, mutta sis\u00e4\u00e4nmurrot saadaan rajoitetuiksi; ErP7:n ep\u00e4onnistunut vastahy\u00f6kk\u00e4ys Nisalahdella, Haminan Ryhm\u00e4 perustetaan.<\/td>\n<\/tr>\n<tr>\n<td>8.3.<\/td>\n<td colspan=\"3\">Vihollinen tunkeutuu tukilinjalle Talissa; Viipurinlahdella suomalaiset joutuvat vet\u00e4ytym\u00e4\u00e4n Suonionsaaresta ja Ravansaaresta; mantereella vihollinen vahvistaa sillanp\u00e4\u00e4asemiaan Niskapohjassa, Vilaniemess\u00e4 ja H\u00e4r\u00e4np\u00e4\u00e4niemess\u00e4; Vuosalmella vihollinen pureutuu Vuoksen pohjoisrannalle (21.D); P\u00e4\u00e4maja k\u00e4skee tyhjent\u00e4m\u00e4\u00e4n suomalaisten hallussa olevat Mantsin saaret Laatokan it\u00e4p\u00e4\u00e4ss\u00e4; it\u00e4inen Luelahden motti Kuhmossa kukistuu; kaksi vihollisdivisioonaa rynn\u00e4k\u00f6i Vasikkasaaresta Vuoksen yli Vuosalmelle.<\/td>\n<\/tr>\n<tr>\n<td>9.3.<\/td>\n<td colspan=\"3\">Kahden vihollisdivisioonan tekem\u00e4 hy\u00f6kk\u00e4ys ly\u00f6 hajalle suomalaisten taka-aseman puolustuksen Talissa; Taipaleessa tyhjennet\u00e4\u00e4n Terenttil\u00e4n tukikohta vihollisen huomaamatta; Viipurinlahdella suomalaiset vet\u00e4ytyv\u00e4t Lihaniemest\u00e4, Hapenensaaresta ja Piispansaaresta; l\u00e4nsirannalla vihollinen katkaisee Viipurin-S\u00e4kkij\u00e4rven uuden maantien; Kollaan suunnalla vihollinen jatkaa hy\u00f6kk\u00e4yst\u00e4\u00e4n ja tukikohdat vaihtavat p\u00e4iv\u00e4n aikana useasti omistajaa.<\/td>\n<\/tr>\n<tr>\n<td>10.3.<\/td>\n<td colspan=\"3\">Vihollinen murtautuu nelj\u00e4 kilometri\u00e4 puolustusaseman syvyyteen Talissa; Viipurinlahdelle keskitet\u00e4\u00e4n mm. Ratsuv\u00e4kiprikaati.<\/td>\n<\/tr>\n<tr>\n<td>11.3.<\/td>\n<td colspan=\"3\">Vihollinen saa sis\u00e4\u00e4nmurron Vuosalmella (21.D); vihollinen tunkeutuu Viipurin esikaupunkeihin; Talin-Portinhoikan alueella vihollinen murtautuu panssareiden tukemana Portinhoikan tienhaara-alueelle.<\/td>\n<\/tr>\n<tr>\n<td>12.3.<\/td>\n<td colspan=\"3\">Kovia taisteluja Viipurin koillis- ja etel\u00e4puolella; vihollinen saa aikaan noin kilometrin syvyisen murron Kollaalla ja Kollaanjoki-linjasta p\u00e4\u00e4tet\u00e4\u00e4n luopua; Vuosalmella 21.D ryhtyy vastahy\u00f6kk\u00e4ykseen.<\/td>\n<\/tr>\n<tr>\n<td>13.3.<\/td>\n<td colspan=\"3\">Rauhansopimus astuu voimaan kaikilla rintamilla klo 1100; Ryhm\u00e4 Talvelan etel\u00e4isell\u00e4 sivustalla taistelut jatkuvat koko p\u00e4iv\u00e4n.<\/td>\n<\/tr>\n<\/tbody>\n<\/table>\n<\/div><\/section><br \/>\n\n<style type=\"text\/css\" data-created_by=\"avia_inline_auto\" id=\"style-css-av-k47j6vg7-d3fd1f40b5858f4982ee5b8d5d9dc574\">\n#top .avia_search_element.av-k47j6vg7-d3fd1f40b5858f4982ee5b8d5d9dc574 .av_searchform_wrapper{\nborder-radius:0px 0px 0px 0px;\n}\n#top .avia_search_element.av-k47j6vg7-d3fd1f40b5858f4982ee5b8d5d9dc574 #s.av-input-field{\nborder-radius:0px 0px 0px 0px;\n}\n#top .avia_search_element.av-k47j6vg7-d3fd1f40b5858f4982ee5b8d5d9dc574 .av_searchsubmit_wrapper{\nborder-radius:0px 0px 0px 0px;\n}\n#top .avia_search_element.av-k47j6vg7-d3fd1f40b5858f4982ee5b8d5d9dc574 #searchsubmit{\nborder-radius:0px 0px 0px 0px;\n}\n.ajax_search_response.av-k47j6vg7-d3fd1f40b5858f4982ee5b8d5d9dc574{\npadding:0px 0px 0px 0px;\nmargin:0px 0px 0px 0px;\n}\n<\/style>\n<div  class='avia_search_element av-k47j6vg7-d3fd1f40b5858f4982ee5b8d5d9dc574  avia-builder-el-5  el_after_av_textblock  avia-builder-el-last '><form action='https:\/\/joukkosieessa.fi\/' id='searchform_element' method='get' class='' data-element_id='av-k47j6vg7-d3fd1f40b5858f4982ee5b8d5d9dc574' ><div class='av_searchform_wrapper'><input type='text' value='' id='s' name='s' placeholder='Haku artikkeleista...' class='av-input-field av-input-hasicon' \/><span class='av-input-field-icon av-search-icon avia-font-entypo-fontello'>\ue803<\/span><div class='av_searchsubmit_wrapper '><input type='submit' value='HAE' id='searchsubmit' class='button ' \/><\/div><input type='hidden' name='numberposts' value='5' \/><input type='hidden' name='post_type' value='post' \/><input type='hidden' name='results_hide_fields' value='' \/><\/div><\/form><\/div><\/p><\/div><\/p>\n","protected":false},"excerpt":{"rendered":"","protected":false},"author":1,"featured_media":0,"parent":51,"menu_order":2,"comment_status":"closed","ping_status":"closed","template":"","meta":{"footnotes":""},"class_list":["post-1895","page","type-page","status-publish","hentry"],"_links":{"self":[{"href":"https:\/\/joukkosieessa.fi\/index.php\/wp-json\/wp\/v2\/pages\/1895","targetHints":{"allow":["GET"]}}],"collection":[{"href":"https:\/\/joukkosieessa.fi\/index.php\/wp-json\/wp\/v2\/pages"}],"about":[{"href":"https:\/\/joukkosieessa.fi\/index.php\/wp-json\/wp\/v2\/types\/page"}],"author":[{"embeddable":true,"href":"https:\/\/joukkosieessa.fi\/index.php\/wp-json\/wp\/v2\/users\/1"}],"replies":[{"embeddable":true,"href":"https:\/\/joukkosieessa.fi\/index.php\/wp-json\/wp\/v2\/comments?post=1895"}],"version-history":[{"count":1,"href":"https:\/\/joukkosieessa.fi\/index.php\/wp-json\/wp\/v2\/pages\/1895\/revisions"}],"predecessor-version":[{"id":1896,"href":"https:\/\/joukkosieessa.fi\/index.php\/wp-json\/wp\/v2\/pages\/1895\/revisions\/1896"}],"up":[{"embeddable":true,"href":"https:\/\/joukkosieessa.fi\/index.php\/wp-json\/wp\/v2\/pages\/51"}],"wp:attachment":[{"href":"https:\/\/joukkosieessa.fi\/index.php\/wp-json\/wp\/v2\/media?parent=1895"}],"curies":[{"name":"wp","href":"https:\/\/api.w.org\/{rel}","templated":true}]}}