{"id":1914,"date":"2020-01-05T16:49:36","date_gmt":"2020-01-05T16:49:36","guid":{"rendered":"https:\/\/joukkosieessa.fi\/?page_id=1914"},"modified":"2020-01-05T17:00:00","modified_gmt":"2020-01-05T17:00:00","slug":"sodan-paivamaarat-1942","status":"publish","type":"page","link":"https:\/\/joukkosieessa.fi\/index.php\/sodan-paivamaarat\/sodan-paivamaarat-1942\/","title":{"rendered":"Sodan p\u00e4iv\u00e4m\u00e4\u00e4r\u00e4t 1942"},"content":{"rendered":"<div id='full_slider_1'  class='avia-fullwidth-slider main_color avia-shadow   avia-builder-el-0  el_before_av_one_full  avia-builder-el-first   container_wrap sidebar_right'  >\n<style type=\"text\/css\" data-created_by=\"avia_inline_auto\" id=\"style-css-av-akhp-b6f614b8154ad80be0284d699659eb53\">\n#top .avia-slideshow .av-slideshow-caption.av-akhp-b6f614b8154ad80be0284d699659eb53__0 .avia-caption-content{\nfont-size:14px;\n}\n#top .avia-slideshow .av-slideshow-caption.av-akhp-b6f614b8154ad80be0284d699659eb53__0 .avia-caption-content p{\nfont-size:14px;\n}\n<\/style>\n<div  class='avia-slideshow av-akhp-b6f614b8154ad80be0284d699659eb53 avia-slideshow-featured av_slideshow_full avia-slide-slider av-slideshow-ui av-control-default av-slideshow-manual av-loop-once av-loop-manual-endless av-default-height-applied   avia-slideshow-1' data-slideshow-options=\"{&quot;animation&quot;:&quot;slide&quot;,&quot;autoplay&quot;:false,&quot;loop_autoplay&quot;:&quot;once&quot;,&quot;interval&quot;:5,&quot;loop_manual&quot;:&quot;manual-endless&quot;,&quot;autoplay_stopper&quot;:false,&quot;noNavigation&quot;:false,&quot;bg_slider&quot;:false,&quot;keep_padding&quot;:false,&quot;hoverpause&quot;:false,&quot;show_slide_delay&quot;:0}\"  itemprop=\"image\" itemscope=\"itemscope\" itemtype=\"https:\/\/schema.org\/ImageObject\" ><ul class='avia-slideshow-inner ' style='padding-bottom: 28.666666666667%;'><li  class='avia-slideshow-slide av-akhp-b6f614b8154ad80be0284d699659eb53__0  av-single-slide slide-1 slide-odd'><div data-rel='slideshow-1' class='avia-slide-wrap '   ><div class='av-slideshow-caption av-akhp-b6f614b8154ad80be0284d699659eb53__0 caption_fullwidth caption_bottom caption_bottom_framed caption_framed'><div class=\"container caption_container\"><div class=\"slideshow_caption\"><div class=\"slideshow_inner_caption\"><div class=\"slideshow_align_caption\"><div class='avia-caption-content '  itemprop=\"description\" ><p>L\u00f6nnrotinkatu Helsingiss\u00e4 ilmapommituksen j\u00e4ljilt\u00e4 30.11.1939.<\/p>\n<\/div><\/div><\/div><\/div><\/div><\/div><img fetchpriority=\"high\" class=\"wp-image-1807 avia-img-lazy-loading-not-1807\"  src='https:\/\/joukkosieessa.fi\/wp-content\/uploads\/2019\/12\/talvisota_11_39-1500x430.png' width='1500' height='430' title='talvisota_11_39' alt=''  itemprop=\"thumbnailUrl\"   \/><\/div><\/li><\/ul><\/div><\/div><div id='after_full_slider_1'  class='main_color av_default_container_wrap container_wrap sidebar_right'  ><div class='container av-section-cont-open' ><div class='template-page content  av-content-small alpha units'><div class='post-entry post-entry-type-page post-entry-1914'><div class='entry-content-wrapper clearfix'>\n\n<style type=\"text\/css\" data-created_by=\"avia_inline_auto\" id=\"style-css-av-79f1-1280664b05e2eaf6fd9346541c87cb15\">\n.flex_column.av-79f1-1280664b05e2eaf6fd9346541c87cb15{\nborder-radius:0px 0px 0px 0px;\npadding:0px 0px 0px 0px;\n}\n<\/style>\n<div  class='flex_column av-79f1-1280664b05e2eaf6fd9346541c87cb15 av_one_full  avia-builder-el-1  el_after_av_slideshow_full  el_before_av_one_full  avia-builder-el-first  first flex_column_div av-zero-column-padding  '     ><style type=\"text\/css\" data-created_by=\"avia_inline_auto\" id=\"style-css-av-k5193257-e65f666f28023f484d713a14c1c09b99\">\n#top .av-special-heading.av-k5193257-e65f666f28023f484d713a14c1c09b99{\nmargin:0 0 -5px 0;\npadding-bottom:0;\n}\nbody .av-special-heading.av-k5193257-e65f666f28023f484d713a14c1c09b99 .av-special-heading-tag .heading-char{\nfont-size:25px;\n}\n.av-special-heading.av-k5193257-e65f666f28023f484d713a14c1c09b99 .av-subheading{\nfont-size:15px;\n}\n<\/style>\n<div  class='av-special-heading av-k5193257-e65f666f28023f484d713a14c1c09b99 av-special-heading-h1  avia-builder-el-2  avia-builder-el-no-sibling '><h1 class='av-special-heading-tag'  itemprop=\"headline\"  >Sodan p\u00e4iv\u00e4m\u00e4\u00e4r\u00e4t 1942<\/h1><div class=\"special-heading-border\"><div class=\"special-heading-inner-border\"><\/div><\/div><\/div><\/div>\n<style type=\"text\/css\" data-created_by=\"avia_inline_auto\" id=\"style-css-av-4k1r-3ed26eaf4f9e1fe5afee569a008105ec\">\n.flex_column.av-4k1r-3ed26eaf4f9e1fe5afee569a008105ec{\nborder-radius:0px 0px 0px 0px;\npadding:0px 0px 10px 10px;\n}\n<\/style>\n<div  class='flex_column av-4k1r-3ed26eaf4f9e1fe5afee569a008105ec av_one_full  avia-builder-el-3  el_after_av_one_full  avia-builder-el-last  first flex_column_div  column-top-margin'     ><style type=\"text\/css\" data-created_by=\"avia_inline_auto\" id=\"style-css-av-3o2n-f8ecf9facd2b0c750a152e7b87905b4d\">\n#top .av_textblock_section.av-3o2n-f8ecf9facd2b0c750a152e7b87905b4d .avia_textblock{\nfont-size:15px;\n}\n<\/style>\n<section  class='av_textblock_section av-3o2n-f8ecf9facd2b0c750a152e7b87905b4d '   itemscope=\"itemscope\" itemtype=\"https:\/\/schema.org\/CreativeWork\" ><div class='avia_textblock'  itemprop=\"text\" ><table>\n<tbody>\n<tr>\n<td>1.-10.1.<\/td>\n<td colspan=\"3\" width=\"441\">Vihollinen hy\u00f6kk\u00e4\u00e4 Kriviss\u00e4 (4.D, 8.D)<\/td>\n<\/tr>\n<tr>\n<td>2.1.<\/td>\n<td colspan=\"3\">Vihollisen hiihto-osasto valtaa Suursaaren<\/td>\n<\/tr>\n<tr>\n<td>10.1.<\/td>\n<td colspan=\"3\">12. ja 19. Divisioona lakkautetaan; 6.D pois rintamasta uudelleenorganisoitavaksi (JR33 \u00e0 12.Pr Rukaj\u00e4rvelle)<\/td>\n<\/tr>\n<tr>\n<td>14.1.<\/td>\n<td colspan=\"3\">AOK Lappland ottaa rintamavastuun Lapissa AOK Norwegenilt\u00e4<\/td>\n<\/tr>\n<tr>\n<td>16.-22.1.<\/td>\n<td colspan=\"3\">3.Pr Kannakselta Maaselk\u00e4\u00e4n<\/td>\n<\/tr>\n<tr>\n<td>24.1.<\/td>\n<td colspan=\"3\">6.D alistus AOKL:lle lakkaa, DE Kajaaniin ylip\u00e4\u00e4llik\u00f6n reserviksi (rykmentit Kajaaniin helmikuun aikana, jossa niist\u00e4 perustetaan 12.Pr)<\/td>\n<\/tr>\n<tr>\n<td>6.-7.2.<\/td>\n<td colspan=\"3\">3.Pr valtaa Krivill\u00e4 rintamassa olleen painauman<\/td>\n<\/tr>\n<tr>\n<td>9.-11.2.<\/td>\n<td colspan=\"3\">Vihollisen vastahy\u00f6kk\u00e4ys Krivill\u00e4 3.Pr:n asemiin<\/td>\n<\/tr>\n<tr>\n<td>1.3.<\/td>\n<td colspan=\"3\">2.JPr lakkautetaan<\/td>\n<\/tr>\n<tr>\n<td>1.3.<\/td>\n<td>Kentt\u00e4armeijan organisaatiomuutokset<\/td>\n<td colspan=\"2\"><\/td>\n<\/tr>\n<tr>\n<td><\/td>\n<td><\/td>\n<td colspan=\"2\">II AKE -&gt; Maasel\u00e4n Ryhm\u00e4 (1.D, 4.D, 8.D, 3.Pr)<\/td>\n<\/tr>\n<tr>\n<td><\/td>\n<td><\/td>\n<td colspan=\"2\">KarA -&gt; Aunuksen Ryhm\u00e4<\/td>\n<\/tr>\n<tr>\n<td width=\"80;\"><\/td>\n<td width=\"120;\"><\/td>\n<td width=\"100;\"><\/td>\n<td width=\"100;\">163.SaksD<\/td>\n<\/tr>\n<tr>\n<td><\/td>\n<td><\/td>\n<td><\/td>\n<td>V AK (7.D, 11.D)<\/td>\n<\/tr>\n<tr>\n<td><\/td>\n<td><\/td>\n<td><\/td>\n<td>VI AK (5.D, 17.D)<\/td>\n<\/tr>\n<tr>\n<td><\/td>\n<td><\/td>\n<td><\/td>\n<td>VII AK (RO, 5.RPr, PsPr)<\/td>\n<\/tr>\n<tr>\n<td><\/td>\n<td><\/td>\n<td colspan=\"2\">IV AKE -&gt; Kannaksen Ryhm\u00e4 (2.D, 10.D, 15.D, 18.D, 8.RPr)<\/td>\n<\/tr>\n<tr>\n<td><\/td>\n<td><\/td>\n<td colspan=\"2\">I AKE Syv\u00e4rille -&gt; V AKE<\/td>\n<\/tr>\n<tr>\n<td><\/td>\n<td><\/td>\n<td colspan=\"2\">P\u00e4\u00e4majan johdossa 14.D, 12.Pr, Laatokan Puolustus<\/td>\n<\/tr>\n<tr>\n<td><\/td>\n<td><\/td>\n<td colspan=\"2\">AOK Lapplandin johdossa III AK (3.D, Div J)<\/td>\n<\/tr>\n<tr>\n<td>5.3.<\/td>\n<td colspan=\"3\">4.D vapauttaa 8.D:n Maasel\u00e4ss\u00e4; 8.D Syv\u00e4rille<\/td>\n<\/tr>\n<tr>\n<td>27.3.<\/td>\n<td colspan=\"3\">Suursaaren valtaus<\/td>\n<\/tr>\n<tr>\n<td>11.-25.4.<\/td>\n<td colspan=\"3\">Vihollisen hy\u00f6kk\u00e4ykset Shemenskin \u2013 Pertj\u00e4rven alueella Syv\u00e4rill\u00e4 (11.D, 17.D)<\/td>\n<\/tr>\n<tr>\n<td>24.4.<\/td>\n<td colspan=\"3\">Vihollinen hy\u00f6kk\u00e4\u00e4 Kiestingiss\u00e4; 4.D:n komentaja seurueineen menee omaan miinoitteiseen Maasel\u00e4ss\u00e4<\/td>\n<\/tr>\n<tr>\n<td>1.5.<\/td>\n<td colspan=\"3\">Nurmoilan pommitus<\/td>\n<\/tr>\n<tr>\n<td>5.5.<\/td>\n<td colspan=\"3\">163.D siirtyy Lappiin ja 8.D ottaa rintamavastuun Syv\u00e4rin alajuoksulla<\/td>\n<\/tr>\n<tr>\n<td>15.5.<\/td>\n<td colspan=\"3\">Div J aloittaa vastahy\u00f6kk\u00e4yksen Kiestingiss\u00e4<\/td>\n<\/tr>\n<tr>\n<td>1.6.<\/td>\n<td colspan=\"3\">Saksan Lapin armeijan nimimuutokset: AOKL \u00e0 20.VuorA; XXXVI AK \u00e0 XXXVI VuorAK; VuorAK \u00e0 VuorAK Norwegen<\/td>\n<\/tr>\n<tr>\n<td>18.6.<\/td>\n<td colspan=\"3\">Ryhm\u00e4 Oinonen lakkautetaan<\/td>\n<\/tr>\n<tr>\n<td>28.6.<\/td>\n<td colspan=\"3\">Panssaridivisioona perustetaan;<\/td>\n<\/tr>\n<tr>\n<td>2.7.<\/td>\n<td colspan=\"3\">Div J luovuttaa rintamavastuun saksalaisille ja siirtyy reserviksi Kiestinkiin<\/td>\n<\/tr>\n<tr>\n<td>4.7.<\/td>\n<td colspan=\"3\">III AK luovuttaa rintamavastuun Kiestingiss\u00e4, alistus AOKL:lle lakkaa ja se siirtyy ylip\u00e4\u00e4llik\u00f6n alaisuuteen johtaen edelleen 3.D:aa Uhtuan suunnassa<\/td>\n<\/tr>\n<tr>\n<td>8.7.<\/td>\n<td colspan=\"3\">Somerin taistelu<\/td>\n<\/tr>\n<tr>\n<td>15.7.<\/td>\n<td colspan=\"3\">Partisaaniprikaati etenee noin 100 km suomalaisten selustaan Seesj\u00e4rven pohjoispuolitse palaten omalle puolelle 18.8. Jolmaj\u00e4rven kautta<\/td>\n<\/tr>\n<tr>\n<td>20.7.<\/td>\n<td colspan=\"3\">Sevastopolin tukikohdan taistelu (JR7)<\/td>\n<\/tr>\n<tr>\n<td>1.8.<\/td>\n<td colspan=\"3\">Div J lakkautetaan<\/td>\n<\/tr>\n<tr>\n<td>15.-18.9.<\/td>\n<td colspan=\"3\">Paikallisia vihollisen hy\u00f6kk\u00e4yksi\u00e4 Krivill\u00e4<\/td>\n<\/tr>\n<tr>\n<td>1.11.<\/td>\n<td colspan=\"3\">VuorAK Norwegen \u00e0 XIX VuorAK<\/td>\n<\/tr>\n<tr>\n<td>18.11.<\/td>\n<td colspan=\"3\">Moottoritorpedoveneiden hy\u00f6kk\u00e4ys Lavansaaren<\/td>\n<\/tr>\n<\/tbody>\n<\/table>\n<\/div><\/section><br \/>\n\n<style type=\"text\/css\" data-created_by=\"avia_inline_auto\" id=\"style-css-av-k47j6vg7-d3fd1f40b5858f4982ee5b8d5d9dc574\">\n#top .avia_search_element.av-k47j6vg7-d3fd1f40b5858f4982ee5b8d5d9dc574 .av_searchform_wrapper{\nborder-radius:0px 0px 0px 0px;\n}\n#top .avia_search_element.av-k47j6vg7-d3fd1f40b5858f4982ee5b8d5d9dc574 #s.av-input-field{\nborder-radius:0px 0px 0px 0px;\n}\n#top .avia_search_element.av-k47j6vg7-d3fd1f40b5858f4982ee5b8d5d9dc574 .av_searchsubmit_wrapper{\nborder-radius:0px 0px 0px 0px;\n}\n#top .avia_search_element.av-k47j6vg7-d3fd1f40b5858f4982ee5b8d5d9dc574 #searchsubmit{\nborder-radius:0px 0px 0px 0px;\n}\n.ajax_search_response.av-k47j6vg7-d3fd1f40b5858f4982ee5b8d5d9dc574{\npadding:0px 0px 0px 0px;\nmargin:0px 0px 0px 0px;\n}\n<\/style>\n<div  class='avia_search_element av-k47j6vg7-d3fd1f40b5858f4982ee5b8d5d9dc574  avia-builder-el-5  el_after_av_textblock  avia-builder-el-last '><form action='https:\/\/joukkosieessa.fi\/' id='searchform_element' method='get' class='' data-element_id='av-k47j6vg7-d3fd1f40b5858f4982ee5b8d5d9dc574' ><div class='av_searchform_wrapper'><input type='text' value='' id='s' name='s' placeholder='Haku artikkeleista...' class='av-input-field av-input-hasicon' \/><span class='av-input-field-icon av-search-icon avia-font-entypo-fontello'>\ue803<\/span><div class='av_searchsubmit_wrapper '><input type='submit' value='HAE' id='searchsubmit' class='button ' \/><\/div><input type='hidden' name='numberposts' value='5' \/><input type='hidden' name='post_type' value='post' \/><input type='hidden' name='results_hide_fields' value='' \/><\/div><\/form><\/div><\/p><\/div><\/p>\n","protected":false},"excerpt":{"rendered":"","protected":false},"author":1,"featured_media":0,"parent":51,"menu_order":3,"comment_status":"closed","ping_status":"closed","template":"","meta":{"footnotes":""},"class_list":["post-1914","page","type-page","status-publish","hentry"],"_links":{"self":[{"href":"https:\/\/joukkosieessa.fi\/index.php\/wp-json\/wp\/v2\/pages\/1914","targetHints":{"allow":["GET"]}}],"collection":[{"href":"https:\/\/joukkosieessa.fi\/index.php\/wp-json\/wp\/v2\/pages"}],"about":[{"href":"https:\/\/joukkosieessa.fi\/index.php\/wp-json\/wp\/v2\/types\/page"}],"author":[{"embeddable":true,"href":"https:\/\/joukkosieessa.fi\/index.php\/wp-json\/wp\/v2\/users\/1"}],"replies":[{"embeddable":true,"href":"https:\/\/joukkosieessa.fi\/index.php\/wp-json\/wp\/v2\/comments?post=1914"}],"version-history":[{"count":2,"href":"https:\/\/joukkosieessa.fi\/index.php\/wp-json\/wp\/v2\/pages\/1914\/revisions"}],"predecessor-version":[{"id":1916,"href":"https:\/\/joukkosieessa.fi\/index.php\/wp-json\/wp\/v2\/pages\/1914\/revisions\/1916"}],"up":[{"embeddable":true,"href":"https:\/\/joukkosieessa.fi\/index.php\/wp-json\/wp\/v2\/pages\/51"}],"wp:attachment":[{"href":"https:\/\/joukkosieessa.fi\/index.php\/wp-json\/wp\/v2\/media?parent=1914"}],"curies":[{"name":"wp","href":"https:\/\/api.w.org\/{rel}","templated":true}]}}