{"id":1923,"date":"2020-01-05T17:13:11","date_gmt":"2020-01-05T17:13:11","guid":{"rendered":"https:\/\/joukkosieessa.fi\/?page_id=1923"},"modified":"2020-01-05T17:13:12","modified_gmt":"2020-01-05T17:13:12","slug":"sodan-paivamaarat-1944","status":"publish","type":"page","link":"https:\/\/joukkosieessa.fi\/index.php\/sodan-paivamaarat\/sodan-paivamaarat-1944\/","title":{"rendered":"Sodan p\u00e4iv\u00e4m\u00e4\u00e4r\u00e4t 1944"},"content":{"rendered":"<div id='full_slider_1'  class='avia-fullwidth-slider main_color avia-shadow   avia-builder-el-0  el_before_av_one_full  avia-builder-el-first   container_wrap sidebar_right'  >\n<style type=\"text\/css\" data-created_by=\"avia_inline_auto\" id=\"style-css-av-akhp-b6f614b8154ad80be0284d699659eb53\">\n#top .avia-slideshow .av-slideshow-caption.av-akhp-b6f614b8154ad80be0284d699659eb53__0 .avia-caption-content{\nfont-size:14px;\n}\n#top .avia-slideshow .av-slideshow-caption.av-akhp-b6f614b8154ad80be0284d699659eb53__0 .avia-caption-content p{\nfont-size:14px;\n}\n<\/style>\n<div  class='avia-slideshow av-akhp-b6f614b8154ad80be0284d699659eb53 avia-slideshow-featured av_slideshow_full avia-slide-slider av-slideshow-ui av-control-default av-slideshow-manual av-loop-once av-loop-manual-endless av-default-height-applied   avia-slideshow-1' data-slideshow-options=\"{&quot;animation&quot;:&quot;slide&quot;,&quot;autoplay&quot;:false,&quot;loop_autoplay&quot;:&quot;once&quot;,&quot;interval&quot;:5,&quot;loop_manual&quot;:&quot;manual-endless&quot;,&quot;autoplay_stopper&quot;:false,&quot;noNavigation&quot;:false,&quot;bg_slider&quot;:false,&quot;keep_padding&quot;:false,&quot;hoverpause&quot;:false,&quot;show_slide_delay&quot;:0}\"  itemprop=\"image\" itemscope=\"itemscope\" itemtype=\"https:\/\/schema.org\/ImageObject\" ><ul class='avia-slideshow-inner ' style='padding-bottom: 28.666666666667%;'><li  class='avia-slideshow-slide av-akhp-b6f614b8154ad80be0284d699659eb53__0  av-single-slide slide-1 slide-odd'><div data-rel='slideshow-1' class='avia-slide-wrap '   ><div class='av-slideshow-caption av-akhp-b6f614b8154ad80be0284d699659eb53__0 caption_fullwidth caption_bottom caption_bottom_framed caption_framed'><div class=\"container caption_container\"><div class=\"slideshow_caption\"><div class=\"slideshow_inner_caption\"><div class=\"slideshow_align_caption\"><div class='avia-caption-content '  itemprop=\"description\" ><p>L\u00f6nnrotinkatu Helsingiss\u00e4 ilmapommituksen j\u00e4ljilt\u00e4 30.11.1939.<\/p>\n<\/div><\/div><\/div><\/div><\/div><\/div><img fetchpriority=\"high\" class=\"wp-image-1807 avia-img-lazy-loading-not-1807\"  src='https:\/\/joukkosieessa.fi\/wp-content\/uploads\/2019\/12\/talvisota_11_39-1500x430.png' width='1500' height='430' title='talvisota_11_39' alt=''  itemprop=\"thumbnailUrl\"   \/><\/div><\/li><\/ul><\/div><\/div><div id='after_full_slider_1'  class='main_color av_default_container_wrap container_wrap sidebar_right'  ><div class='container av-section-cont-open' ><div class='template-page content  av-content-small alpha units'><div class='post-entry post-entry-type-page post-entry-1923'><div class='entry-content-wrapper clearfix'>\n\n<style type=\"text\/css\" data-created_by=\"avia_inline_auto\" id=\"style-css-av-79f1-1280664b05e2eaf6fd9346541c87cb15\">\n.flex_column.av-79f1-1280664b05e2eaf6fd9346541c87cb15{\nborder-radius:0px 0px 0px 0px;\npadding:0px 0px 0px 0px;\n}\n<\/style>\n<div  class='flex_column av-79f1-1280664b05e2eaf6fd9346541c87cb15 av_one_full  avia-builder-el-1  el_after_av_slideshow_full  el_before_av_one_full  avia-builder-el-first  first flex_column_div av-zero-column-padding  '     ><style type=\"text\/css\" data-created_by=\"avia_inline_auto\" id=\"style-css-av-k519xeo8-6fe5855f6c8c2336fb30a6c35dfac3ff\">\n#top .av-special-heading.av-k519xeo8-6fe5855f6c8c2336fb30a6c35dfac3ff{\nmargin:0 0 -5px 0;\npadding-bottom:0;\n}\nbody .av-special-heading.av-k519xeo8-6fe5855f6c8c2336fb30a6c35dfac3ff .av-special-heading-tag .heading-char{\nfont-size:25px;\n}\n.av-special-heading.av-k519xeo8-6fe5855f6c8c2336fb30a6c35dfac3ff .av-subheading{\nfont-size:15px;\n}\n<\/style>\n<div  class='av-special-heading av-k519xeo8-6fe5855f6c8c2336fb30a6c35dfac3ff av-special-heading-h1  avia-builder-el-2  avia-builder-el-no-sibling '><h1 class='av-special-heading-tag'  itemprop=\"headline\"  >Sodan p\u00e4iv\u00e4m\u00e4\u00e4r\u00e4t 1944<\/h1><div class=\"special-heading-border\"><div class=\"special-heading-inner-border\"><\/div><\/div><\/div><\/div>\n<style type=\"text\/css\" data-created_by=\"avia_inline_auto\" id=\"style-css-av-4k1r-3ed26eaf4f9e1fe5afee569a008105ec\">\n.flex_column.av-4k1r-3ed26eaf4f9e1fe5afee569a008105ec{\nborder-radius:0px 0px 0px 0px;\npadding:0px 0px 10px 10px;\n}\n<\/style>\n<div  class='flex_column av-4k1r-3ed26eaf4f9e1fe5afee569a008105ec av_one_full  avia-builder-el-3  el_after_av_one_full  avia-builder-el-last  first flex_column_div  column-top-margin'     ><style type=\"text\/css\" data-created_by=\"avia_inline_auto\" id=\"style-css-av-3o2n-f8ecf9facd2b0c750a152e7b87905b4d\">\n#top .av_textblock_section.av-3o2n-f8ecf9facd2b0c750a152e7b87905b4d .avia_textblock{\nfont-size:15px;\n}\n<\/style>\n<section  class='av_textblock_section av-3o2n-f8ecf9facd2b0c750a152e7b87905b4d '   itemscope=\"itemscope\" itemtype=\"https:\/\/schema.org\/CreativeWork\" ><div class='avia_textblock'  itemprop=\"text\" ><table>\n<tbody>\n<tr>\n<td width=\"80\">1.1.<\/td>\n<td colspan=\"2\" width=\"174\">19., 20. ja 21.Pr perustetaan<\/td>\n<\/tr>\n<tr>\n<td>9.2.<\/td>\n<td colspan=\"2\">21.Pr Kriville, 3.Pr ylip\u00e4\u00e4llik\u00f6n reserviksi<\/td>\n<\/tr>\n<tr>\n<td>19.2.<\/td>\n<td colspan=\"2\">III AKE pois Uhtuan suunnalta Kannakselle<\/td>\n<\/tr>\n<tr>\n<td>1.3.<\/td>\n<td colspan=\"2\">Kentt\u00e4armeijan organisaatiomuutokset (16.2.)<\/td>\n<\/tr>\n<tr>\n<td><\/td>\n<td><\/td>\n<td>Ylip\u00e4\u00e4llik\u00f6n reservi Kannaksella 10.D, RvPr, PsD, Maasel\u00e4ss\u00e4 4.D, Aunuksessa 8.D<\/td>\n<\/tr>\n<tr>\n<td><\/td>\n<td><\/td>\n<td>P\u00e4\u00e4majan johdossa 3.D (Uhtua), 14.D (Rukaj\u00e4rvi)<\/td>\n<\/tr>\n<tr>\n<td><\/td>\n<td><\/td>\n<td>KannR \u00e0 IV AK (2.D, 18.D, RTR2) ja III AK (19.Pr, 15.D)<\/td>\n<\/tr>\n<tr>\n<td><\/td>\n<td><\/td>\n<td>MaaR \u00e0 II AK (1.D, 6.D, 3.Pr, 21.Pr)<\/td>\n<\/tr>\n<tr>\n<td><\/td>\n<td><\/td>\n<td>AunR ennallaan (20.Pr, \u00c4\u00e4nRPr, VI AK (5.D, 17.D, 15.Pr), V AK (7.D, 11.D))<\/td>\n<\/tr>\n<tr>\n<td>1.3.<\/td>\n<td colspan=\"2\">PsD \u00c4\u00e4nislinnasta Viipuriin ylip\u00e4\u00e4llik\u00f6n reserviksi<\/td>\n<\/tr>\n<tr>\n<td>22.3.<\/td>\n<td colspan=\"2\">Uhtuan suunta saksalaiselle XVII VuorAK:lle; 3.D irrotetaan Kannakselle<\/td>\n<\/tr>\n<tr>\n<td>27.3.<\/td>\n<td colspan=\"2\">3.Pr Sallaan saksalaisten reserviksi<\/td>\n<\/tr>\n<tr>\n<td>1.5.<\/td>\n<td colspan=\"2\">10.D etulinjaan Valkeasaaressa<\/td>\n<\/tr>\n<tr>\n<td>9.\/10.6.<\/td>\n<td colspan=\"2\">Suurhy\u00f6kk\u00e4ys Kannaksella; p\u00e4\u00e4asema murtuu 10.D lohkolla<\/td>\n<\/tr>\n<tr>\n<td>10.6.<\/td>\n<td colspan=\"2\">4.D siirto Maasel\u00e4st\u00e4 Kannakselle alkaa<\/td>\n<\/tr>\n<tr>\n<td>11.6.<\/td>\n<td colspan=\"2\">JPr vastaisku Polviselk\u00e4\u00e4n<\/td>\n<\/tr>\n<tr>\n<td>11.-13.6.<\/td>\n<td colspan=\"2\">3.Pr siirto Kannakselle<\/td>\n<\/tr>\n<tr>\n<td>12.6.<\/td>\n<td colspan=\"2\">Vihollinen saavuttaa VT-aseman; 20.Pr:n siirto Kannakselle alkaa<\/td>\n<\/tr>\n<tr>\n<td>13.-17.6.<\/td>\n<td colspan=\"2\">Siiranm\u00e4en taistelu (JR7)<\/td>\n<\/tr>\n<tr>\n<td>14.6.<\/td>\n<td colspan=\"2\">Kuutersel\u00e4n taistelu (vahv JPr); VT-asema murtuu; III AK joukot vet\u00e4ytyv\u00e4t VT-asemaan it\u00e4-Kannaksella; KaJoKE perustetaan<\/td>\n<\/tr>\n<tr>\n<td>15.6.<\/td>\n<td colspan=\"2\">3.D luopuu Kuutersel\u00e4st\u00e4 ja RvPr Vammelsuusta; RTR2 vetaytyy Inosta<\/td>\n<\/tr>\n<tr>\n<td>16.6.<\/td>\n<td colspan=\"2\">4.D saapuu Kannakselle Kaukj\u00e4rven \u2013 Perkj\u00e4rven tasalle; 17.D siirto Aunuksesta Kannakselle alkaa<\/td>\n<\/tr>\n<tr>\n<td>17.6.<\/td>\n<td colspan=\"2\">JR5 (4.D) menett\u00e4\u00e4 Perkj\u00e4rven aseman<\/td>\n<\/tr>\n<tr>\n<td>18.6.<\/td>\n<td colspan=\"2\">20.Pr:n k\u00e4rki Viipuriin Aunuksesta; 15.D vet\u00e4ytyy Vuoksen pohjoispuolelle; RTR2 vet\u00e4ytyy Koiviston saarille<\/td>\n<\/tr>\n<tr>\n<td>19.6.<\/td>\n<td colspan=\"2\">Vihollinen saavuttaa K\u00e4m\u00e4r\u00e4n aseman ja Sommeen tasan; Summasta luovutaan; 11.D Syv\u00e4rilt\u00e4 Kannakselle<\/td>\n<\/tr>\n<tr>\n<td>20.6.<\/td>\n<td colspan=\"2\">Viipurin menetys; Vihollinen saavuttaa \u00c4yr\u00e4p\u00e4\u00e4n; II AK vet\u00e4ytyy Karhum\u00e4en \u2013 Listepohjan asemaan; 17.D saapuu Kannakselle<\/td>\n<\/tr>\n<tr>\n<td>21.6.<\/td>\n<td colspan=\"2\">Suurhy\u00f6kk\u00e4ys Lotinapellossa, Syv\u00e4rill\u00e4; maihinnousu Koiviston saarille<\/td>\n<\/tr>\n<tr>\n<td>22.6.<\/td>\n<td colspan=\"2\">V AK Aunuksesta Kannakselle; RTR2:n evakuointi Koiviston saarilta; vihollinen yritt\u00e4\u00e4 ylitt\u00e4\u00e4 Kivisalmen Viipurin l\u00e4nsipuolella (ErP20)<\/td>\n<\/tr>\n<tr>\n<td>23.6.<\/td>\n<td colspan=\"2\">11.D saapuu Viipurin luoteispuolelle Syv\u00e4rilt\u00e4; Tuuloksen maihinnousu<\/td>\n<\/tr>\n<tr>\n<td>24.6.<\/td>\n<td colspan=\"2\">Vet\u00e4ytyminen Maasel\u00e4n kannakselta alkaa<\/td>\n<\/tr>\n<tr>\n<td>25.6. \u2013 9.7.<\/td>\n<td colspan=\"2\">Tali \u2013 Ihantalan taistelu<\/td>\n<\/tr>\n<tr>\n<td>25.6.<\/td>\n<td colspan=\"2\">Vihollinen murtautuu l\u00e4pi Talissa; 6.D:n k\u00e4rki saapuu Viipurin pohjoispuolelle; PSS-asemasta vet\u00e4ytyminen alkaa (5.D, 15.Pr)<\/td>\n<\/tr>\n<tr>\n<td>27.6.<\/td>\n<td colspan=\"2\">11.D siirtyy rintamavastuuseen Yliveden kyl\u00e4n alueella; PsD:n vastahy\u00f6kk\u00e4ys Leitimoj\u00e4rven pohjoispuolella<\/td>\n<\/tr>\n<tr>\n<td>28.6.<\/td>\n<td colspan=\"2\">Suomalaiset j\u00e4tt\u00e4v\u00e4t \u00c4\u00e4nislinnan; Os Laguksen (PsD, JR30 ja I\/JR50) vastahyokkays Talissa<\/td>\n<\/tr>\n<tr>\n<td>29.6.<\/td>\n<td colspan=\"2\">II AK alistus Aunuksen ryhm\u00e4lle p\u00e4\u00e4ttyy<\/td>\n<\/tr>\n<tr>\n<td>1.7.<\/td>\n<td colspan=\"2\">Vihollisen 1. hy\u00f6kk\u00e4ys Viipurinlahden yli<\/td>\n<\/tr>\n<tr>\n<td>4.-5.7.<\/td>\n<td colspan=\"2\">Teikarin taistelu<\/td>\n<\/tr>\n<tr>\n<td>4.-19.7.<\/td>\n<td colspan=\"2\">\u00c4yr\u00e4p\u00e4\u00e4n \u2013 Vuosalmen taistelu<\/td>\n<\/tr>\n<tr>\n<td>4.7.<\/td>\n<td colspan=\"2\">Vihollisen hy\u00f6kk\u00e4ys \u00c4yr\u00e4p\u00e4\u00e4ss\u00e4 alkaa<\/td>\n<\/tr>\n<tr>\n<td>5.7.<\/td>\n<td colspan=\"2\">Vihollinen murtaa 5.D:n asemat Koverossa, Salmilla<\/td>\n<\/tr>\n<tr>\n<td>6.7.<\/td>\n<td colspan=\"2\">Vihollisen viimeinen murtoyritys Ihantalassa<\/td>\n<\/tr>\n<tr>\n<td>8.7.<\/td>\n<td colspan=\"2\">Vihollisen viimeinen maihinnousuyritys Viipurinlahdella; \u00c4yr\u00e4p\u00e4\u00e4n sillanp\u00e4\u00e4asemasta luovutaan (2.D)<\/td>\n<\/tr>\n<tr>\n<td>10.7.<\/td>\n<td colspan=\"2\">PsD:n vastahy\u00f6kk\u00e4ys Vuosalmella<\/td>\n<\/tr>\n<tr>\n<td>10.-30.7.<\/td>\n<td colspan=\"2\">Taistelut U-asemassa (5.D)<\/td>\n<\/tr>\n<tr>\n<td>12.7.<\/td>\n<td colspan=\"2\">II AK luopuu Poraj\u00e4rvest\u00e4<\/td>\n<\/tr>\n<tr>\n<td>15.-17.7.<\/td>\n<td colspan=\"2\">Nietj\u00e4rven taistelu (5.D, 15.Pr)<\/td>\n<\/tr>\n<tr>\n<td>18.7.<\/td>\n<td colspan=\"2\">Aunuksen Ryhm\u00e4n lakkautus<\/td>\n<\/tr>\n<tr>\n<td>24.7.<\/td>\n<td colspan=\"2\">Ryhma Raappana perustetaan Ilomantsin suuntaan (21.Pr, RajaJP3, RvPr);<\/td>\n<\/tr>\n<tr>\n<td>25.7.<\/td>\n<td colspan=\"2\">RvPr siirret\u00e4\u00e4n Ilomantsiin<\/td>\n<\/tr>\n<tr>\n<td>26.7.<\/td>\n<td colspan=\"2\">21.Pr:n viivytys p\u00e4\u00e4ttyy Ilomantsin M\u00f6hk\u00f6\u00f6n<\/td>\n<\/tr>\n<tr>\n<td>31.7.-9.8.<\/td>\n<td colspan=\"2\">Ryhm\u00e4 Raappanan hy\u00f6kk\u00e4ys Ilomantsissa<\/td>\n<\/tr>\n<tr>\n<td>5.8.<\/td>\n<td colspan=\"2\">Iskuosastohy\u00f6kk\u00e4ys Ihantalassa (kenrmaj Vihma kaatuu)<\/td>\n<\/tr>\n<tr>\n<td>4.\/5.9.<\/td>\n<td>Aselepo<\/td>\n<td><\/td>\n<\/tr>\n<tr>\n<td>15.9.<\/td>\n<td colspan=\"2\">Lapin sota alkaa (Suursaaren valtausyritys)<\/td>\n<\/tr>\n<tr>\n<td>19.9.<\/td>\n<td colspan=\"2\">Moskovan v\u00e4lirauhasopimus<\/td>\n<\/tr>\n<tr>\n<td>1.10.<\/td>\n<td colspan=\"2\">Tornion maihinnousu<\/td>\n<\/tr>\n<tr>\n<td>6.10.<\/td>\n<td colspan=\"2\">Saksalaisten vastahyokkays Torniossa<\/td>\n<\/tr>\n<tr>\n<td>7.10.<\/td>\n<td colspan=\"2\">Kemin valtaus<\/td>\n<\/tr>\n<tr>\n<td>16.10.<\/td>\n<td colspan=\"2\">Rovaniemen valtaus<\/td>\n<\/tr>\n<tr>\n<td>20.10.<\/td>\n<td colspan=\"2\">Sodankyl\u00e4n valtaus<\/td>\n<\/tr>\n<tr>\n<td>30.10.<\/td>\n<td colspan=\"2\">Muonion valtaus<\/td>\n<\/tr>\n<tr>\n<td>20.11.<\/td>\n<td colspan=\"2\">Ryhm\u00e4 Lagus saavuttaa Utsjoen<\/td>\n<\/tr>\n<tr>\n<td>3.12.<\/td>\n<td colspan=\"2\">Armeija rauhan ajan vahvuuteen<\/td>\n<\/tr>\n<\/tbody>\n<\/table>\n<\/div><\/section><br \/>\n\n<style type=\"text\/css\" data-created_by=\"avia_inline_auto\" id=\"style-css-av-k47j6vg7-d3fd1f40b5858f4982ee5b8d5d9dc574\">\n#top .avia_search_element.av-k47j6vg7-d3fd1f40b5858f4982ee5b8d5d9dc574 .av_searchform_wrapper{\nborder-radius:0px 0px 0px 0px;\n}\n#top .avia_search_element.av-k47j6vg7-d3fd1f40b5858f4982ee5b8d5d9dc574 #s.av-input-field{\nborder-radius:0px 0px 0px 0px;\n}\n#top .avia_search_element.av-k47j6vg7-d3fd1f40b5858f4982ee5b8d5d9dc574 .av_searchsubmit_wrapper{\nborder-radius:0px 0px 0px 0px;\n}\n#top .avia_search_element.av-k47j6vg7-d3fd1f40b5858f4982ee5b8d5d9dc574 #searchsubmit{\nborder-radius:0px 0px 0px 0px;\n}\n.ajax_search_response.av-k47j6vg7-d3fd1f40b5858f4982ee5b8d5d9dc574{\npadding:0px 0px 0px 0px;\nmargin:0px 0px 0px 0px;\n}\n<\/style>\n<div  class='avia_search_element av-k47j6vg7-d3fd1f40b5858f4982ee5b8d5d9dc574  avia-builder-el-5  el_after_av_textblock  avia-builder-el-last '><form action='https:\/\/joukkosieessa.fi\/' id='searchform_element' method='get' class='' data-element_id='av-k47j6vg7-d3fd1f40b5858f4982ee5b8d5d9dc574' ><div class='av_searchform_wrapper'><input type='text' value='' id='s' name='s' placeholder='Haku artikkeleista...' class='av-input-field av-input-hasicon' \/><span class='av-input-field-icon av-search-icon avia-font-entypo-fontello'>\ue803<\/span><div class='av_searchsubmit_wrapper '><input type='submit' value='HAE' id='searchsubmit' class='button ' \/><\/div><input type='hidden' name='numberposts' value='5' \/><input type='hidden' name='post_type' value='post' \/><input type='hidden' name='results_hide_fields' value='' \/><\/div><\/form><\/div><\/p><\/div><\/p>\n","protected":false},"excerpt":{"rendered":"","protected":false},"author":1,"featured_media":0,"parent":51,"menu_order":4,"comment_status":"closed","ping_status":"closed","template":"","meta":{"footnotes":""},"class_list":["post-1923","page","type-page","status-publish","hentry"],"_links":{"self":[{"href":"https:\/\/joukkosieessa.fi\/index.php\/wp-json\/wp\/v2\/pages\/1923","targetHints":{"allow":["GET"]}}],"collection":[{"href":"https:\/\/joukkosieessa.fi\/index.php\/wp-json\/wp\/v2\/pages"}],"about":[{"href":"https:\/\/joukkosieessa.fi\/index.php\/wp-json\/wp\/v2\/types\/page"}],"author":[{"embeddable":true,"href":"https:\/\/joukkosieessa.fi\/index.php\/wp-json\/wp\/v2\/users\/1"}],"replies":[{"embeddable":true,"href":"https:\/\/joukkosieessa.fi\/index.php\/wp-json\/wp\/v2\/comments?post=1923"}],"version-history":[{"count":1,"href":"https:\/\/joukkosieessa.fi\/index.php\/wp-json\/wp\/v2\/pages\/1923\/revisions"}],"predecessor-version":[{"id":1924,"href":"https:\/\/joukkosieessa.fi\/index.php\/wp-json\/wp\/v2\/pages\/1923\/revisions\/1924"}],"up":[{"embeddable":true,"href":"https:\/\/joukkosieessa.fi\/index.php\/wp-json\/wp\/v2\/pages\/51"}],"wp:attachment":[{"href":"https:\/\/joukkosieessa.fi\/index.php\/wp-json\/wp\/v2\/media?parent=1923"}],"curies":[{"name":"wp","href":"https:\/\/api.w.org\/{rel}","templated":true}]}}