{"id":1934,"date":"2020-01-05T19:12:22","date_gmt":"2020-01-05T19:12:22","guid":{"rendered":"https:\/\/joukkosieessa.fi\/?page_id=1934"},"modified":"2020-09-21T08:38:45","modified_gmt":"2020-09-21T08:38:45","slug":"lokakuu-1941","status":"publish","type":"page","link":"https:\/\/joukkosieessa.fi\/index.php\/sodan-aika\/jatkosota\/hyokkaysvaihe\/lokakuu-1941\/","title":{"rendered":"Lokakuu 1941"},"content":{"rendered":"<div id='full_slider_1'  class='avia-fullwidth-slider main_color avia-shadow   avia-builder-el-0  el_before_av_one_full  avia-builder-el-first   container_wrap sidebar_right'  >\n<style type=\"text\/css\" data-created_by=\"avia_inline_auto\" id=\"style-css-av-akhp-b6f614b8154ad80be0284d699659eb53\">\n#top .avia-slideshow .av-slideshow-caption.av-akhp-b6f614b8154ad80be0284d699659eb53__0 .avia-caption-content{\nfont-size:14px;\n}\n#top .avia-slideshow .av-slideshow-caption.av-akhp-b6f614b8154ad80be0284d699659eb53__0 .avia-caption-content p{\nfont-size:14px;\n}\n<\/style>\n<div  class='avia-slideshow av-akhp-b6f614b8154ad80be0284d699659eb53 avia-slideshow-featured av_slideshow_full avia-slide-slider av-slideshow-ui av-control-default av-slideshow-manual av-loop-once av-loop-manual-endless av-default-height-applied   avia-slideshow-1' data-slideshow-options=\"{&quot;animation&quot;:&quot;slide&quot;,&quot;autoplay&quot;:false,&quot;loop_autoplay&quot;:&quot;once&quot;,&quot;interval&quot;:5,&quot;loop_manual&quot;:&quot;manual-endless&quot;,&quot;autoplay_stopper&quot;:false,&quot;noNavigation&quot;:false,&quot;bg_slider&quot;:false,&quot;keep_padding&quot;:false,&quot;hoverpause&quot;:false,&quot;show_slide_delay&quot;:0}\"  itemprop=\"image\" itemscope=\"itemscope\" itemtype=\"https:\/\/schema.org\/ImageObject\" ><ul class='avia-slideshow-inner ' style='padding-bottom: 28.666666666667%;'><li  class='avia-slideshow-slide av-akhp-b6f614b8154ad80be0284d699659eb53__0  av-single-slide slide-1 slide-odd'><div data-rel='slideshow-1' class='avia-slide-wrap '   ><div class='av-slideshow-caption av-akhp-b6f614b8154ad80be0284d699659eb53__0 caption_fullwidth caption_bottom caption_bottom_framed caption_framed'><div class=\"container caption_container\"><div class=\"slideshow_caption\"><div class=\"slideshow_inner_caption\"><div class=\"slideshow_align_caption\"><div class='avia-caption-content '  itemprop=\"description\" ><p>Petroskoi vallattiin 1.10.1941. Petroskoissa ja sen esikaupungeissa kaatuivat valtausta<br \/>\nedelt\u00e4v\u00e4n viikon ankarissa taisteluissa. Kenraali Heinrichs ottaa 12.10.1941 vastaan ohimarssin.<\/p>\n<\/div><\/div><\/div><\/div><\/div><\/div><img fetchpriority=\"high\" class=\"wp-image-3243 avia-img-lazy-loading-not-3243\"  src='https:\/\/joukkosieessa.fi\/wp-content\/uploads\/2020\/03\/Jatkosota_Syyskuu_1941_4-1500x430.jpg' width='1500' height='430' title='Jatkosota_Syyskuu_1941_4' alt=''  itemprop=\"thumbnailUrl\"   \/><\/div><\/li><\/ul><\/div><\/div><div id='after_full_slider_1'  class='main_color av_default_container_wrap container_wrap sidebar_right'  ><div class='container av-section-cont-open' ><div class='template-page content  av-content-small alpha units'><div class='post-entry post-entry-type-page post-entry-1934'><div class='entry-content-wrapper clearfix'>\n\n<style type=\"text\/css\" data-created_by=\"avia_inline_auto\" id=\"style-css-av-79f1-1280664b05e2eaf6fd9346541c87cb15\">\n.flex_column.av-79f1-1280664b05e2eaf6fd9346541c87cb15{\nborder-radius:0px 0px 0px 0px;\npadding:0px 0px 0px 0px;\n}\n<\/style>\n<div  class='flex_column av-79f1-1280664b05e2eaf6fd9346541c87cb15 av_one_full  avia-builder-el-1  el_after_av_slideshow_full  el_before_av_one_full  avia-builder-el-first  first flex_column_div av-zero-column-padding  '     ><style type=\"text\/css\" data-created_by=\"avia_inline_auto\" id=\"style-css-av-k51dypqn-d05a5412486d15bfb01d988254f3dee2\">\n#top .av-special-heading.av-k51dypqn-d05a5412486d15bfb01d988254f3dee2{\nmargin:0 0 -5px 0;\npadding-bottom:0;\n}\nbody .av-special-heading.av-k51dypqn-d05a5412486d15bfb01d988254f3dee2 .av-special-heading-tag .heading-char{\nfont-size:25px;\n}\n.av-special-heading.av-k51dypqn-d05a5412486d15bfb01d988254f3dee2 .av-subheading{\nfont-size:15px;\n}\n<\/style>\n<div  class='av-special-heading av-k51dypqn-d05a5412486d15bfb01d988254f3dee2 av-special-heading-h1  avia-builder-el-2  avia-builder-el-no-sibling '><h1 class='av-special-heading-tag'  itemprop=\"headline\"  >Lokakuu 1941<\/h1><div class=\"special-heading-border\"><div class=\"special-heading-inner-border\"><\/div><\/div><\/div><\/div>\n\n<style type=\"text\/css\" data-created_by=\"avia_inline_auto\" id=\"style-css-av-4k1r-3ed26eaf4f9e1fe5afee569a008105ec\">\n.flex_column.av-4k1r-3ed26eaf4f9e1fe5afee569a008105ec{\nborder-radius:0px 0px 0px 0px;\npadding:0px 0px 10px 10px;\n}\n<\/style>\n<div  class='flex_column av-4k1r-3ed26eaf4f9e1fe5afee569a008105ec av_one_full  avia-builder-el-3  el_after_av_one_full  el_before_av_one_half  first flex_column_div  column-top-margin'     ><p>\n<style type=\"text\/css\" data-created_by=\"avia_inline_auto\" id=\"style-css-av-3o2n-f8ecf9facd2b0c750a152e7b87905b4d\">\n#top .av_textblock_section.av-3o2n-f8ecf9facd2b0c750a152e7b87905b4d .avia_textblock{\nfont-size:15px;\n}\n<\/style>\n<section  class='av_textblock_section av-3o2n-f8ecf9facd2b0c750a152e7b87905b4d '   itemscope=\"itemscope\" itemtype=\"https:\/\/schema.org\/CreativeWork\" ><div class='avia_textblock'  itemprop=\"text\" ><p><strong>Petroskoi vallataan 1.10. Kuun puoliv\u00e4liss\u00e4 Karjalan Armeija jatkaa hy\u00f6kk\u00e4yst\u00e4 Maasel\u00e4n suuntaan samalla, kun Syv\u00e4rill\u00e4 saavutetaan tasa, johon rintama vakiintuu asemasodan ajaksi.<\/strong><\/p>\n<\/div><\/section><br \/>\n\n<style type=\"text\/css\" data-created_by=\"avia_inline_auto\" id=\"style-css-av-kfca2gw1-ce629bb79a84dc2ba654cad1cd63d044\">\n#top .av-special-heading.av-kfca2gw1-ce629bb79a84dc2ba654cad1cd63d044{\nmargin:0 0 10px 0;\npadding-bottom:10px;\n}\nbody .av-special-heading.av-kfca2gw1-ce629bb79a84dc2ba654cad1cd63d044 .av-special-heading-tag .heading-char{\nfont-size:25px;\n}\n.av-special-heading.av-kfca2gw1-ce629bb79a84dc2ba654cad1cd63d044 .av-subheading{\nfont-size:15px;\n}\n<\/style>\n<div  class='av-special-heading av-kfca2gw1-ce629bb79a84dc2ba654cad1cd63d044 av-special-heading-h2  avia-builder-el-5  el_after_av_textblock  el_before_av_textblock '><h2 class='av-special-heading-tag'  itemprop=\"headline\"  >MENEHTYNEET KADETTIUPSEERIT JA KADETIT<\/h2><div class=\"special-heading-border\"><div class=\"special-heading-inner-border\"><\/div><\/div><\/div><br \/>\n\n<style type=\"text\/css\" data-created_by=\"avia_inline_auto\" id=\"style-css-av-3o2n-f8ecf9facd2b0c750a152e7b87905b4d\">\n#top .av_textblock_section.av-3o2n-f8ecf9facd2b0c750a152e7b87905b4d .avia_textblock{\nfont-size:15px;\n}\n<\/style>\n<section  class='av_textblock_section av-3o2n-f8ecf9facd2b0c750a152e7b87905b4d '   itemscope=\"itemscope\" itemtype=\"https:\/\/schema.org\/CreativeWork\" ><div class='avia_textblock'  itemprop=\"text\" ><p><img loading=\"lazy\" decoding=\"async\" class=\"wp-image-2351 alignright\" src=\"https:\/\/joukkosieessa.fi\/wp-content\/uploads\/2020\/01\/Elomaa-aarre-141-237x300.jpg\" alt=\"\" width=\"118\" height=\"149\" srcset=\"https:\/\/joukkosieessa.fi\/wp-content\/uploads\/2020\/01\/Elomaa-aarre-141-237x300.jpg 237w, https:\/\/joukkosieessa.fi\/wp-content\/uploads\/2020\/01\/Elomaa-aarre-141.jpg 416w\" sizes=\"auto, (max-width: 118px) 100vw, 118px\" \/><\/p>\n<h4>272. Kapteeni Aarre Elomaa, 3.kadk, 141<\/h4>\n<ul>\n<li><strong>Patteriston komentaja, Syv\u00e4rin Patteristo 3 (VI AK\/KarA)<\/strong><\/li>\n<li><strong>Haavoittui M\u00e4tysova, Syv\u00e4ri 6.10.1941, kuoli KS 6.10.1941<\/strong><\/li>\n<\/ul>\n<p>Erillinen Linnoituspatteristo Elomaa perusti 3.10.41 Syv\u00e4rin Patteristo 3:n.<\/p>\n<p>Kolme p\u00e4iv\u00e4\u00e4 my\u00f6hemmin, 6.10. kello 1205, yksin\u00e4inen vihollisen pommikone pudotti kolme pommia M\u00e4tysovassa olleen patteriston esikuntaan, jolloin\u00a0kapteeni Elomaa haavoittui vaikeasti ja kuoli sairaalaan viet\u00e4ess\u00e4.<\/p>\n<hr \/>\n<p><img loading=\"lazy\" decoding=\"async\" class=\"wp-image-2079 alignright\" src=\"https:\/\/joukkosieessa.fi\/wp-content\/uploads\/2020\/01\/Halme_Unto-248x300.jpg\" alt=\"\" width=\"118\" height=\"143\" srcset=\"https:\/\/joukkosieessa.fi\/wp-content\/uploads\/2020\/01\/Halme_Unto-248x300.jpg 248w, https:\/\/joukkosieessa.fi\/wp-content\/uploads\/2020\/01\/Halme_Unto-768x930.jpg 768w, https:\/\/joukkosieessa.fi\/wp-content\/uploads\/2020\/01\/Halme_Unto-851x1030.jpg 851w, https:\/\/joukkosieessa.fi\/wp-content\/uploads\/2020\/01\/Halme_Unto-1239x1500.jpg 1239w, https:\/\/joukkosieessa.fi\/wp-content\/uploads\/2020\/01\/Halme_Unto-582x705.jpg 582w, https:\/\/joukkosieessa.fi\/wp-content\/uploads\/2020\/01\/Halme_Unto-450x545.jpg 450w, https:\/\/joukkosieessa.fi\/wp-content\/uploads\/2020\/01\/Halme_Unto.jpg 1878w\" sizes=\"auto, (max-width: 118px) 100vw, 118px\" \/><\/p>\n<h4>273. Kadetti, reservin v\u00e4nrikki Unto Halme, 25.kadk, 2006<\/h4>\n<ul>\n<li><strong>Nuorempi upseeri, Ptri\/ErOsP (VuorAK\/AOKN)<\/strong><\/li>\n<li><strong>Kuoli pahoinpitelyn seurauksena Liinahamari, Petsamo 8.\/9.10.1941<\/strong><\/li>\n<\/ul>\n<p>Aliluutnantti B. l\u00f6i kadetti Halmetta nyrkill\u00e4 leukaan Petsamon Liinahamarin kyl\u00e4ss\u00e4 8.\/9.10.41 v\u00e4lisen\u00e4 y\u00f6n\u00e4 ja heitti t\u00e4m\u00e4n j\u00e4lkeen tajuttoman\u00a0Halmeen asuntonsa ulkopuolelle. Halme l\u00f6ydettiin seuraavana aamuna kuolleena l\u00e4heisest\u00e4 joesta.<\/p>\n<p>Sotaylioikeus hylk\u00e4si kuolemantuottamussyytteen, mutta tuomitsi B:n liev\u00e4st\u00e4 pahoinpitelyst\u00e4 kuudeksi kuukaudeksi vankeuteen.<\/p>\n<hr \/>\n<p><img loading=\"lazy\" decoding=\"async\" class=\"wp-image-2826 alignright\" src=\"https:\/\/joukkosieessa.fi\/wp-content\/uploads\/2020\/02\/rautaristi-197x300.jpg\" alt=\"\" width=\"118\" height=\"180\" srcset=\"https:\/\/joukkosieessa.fi\/wp-content\/uploads\/2020\/02\/rautaristi-197x300.jpg 197w, https:\/\/joukkosieessa.fi\/wp-content\/uploads\/2020\/02\/rautaristi-462x705.jpg 462w, https:\/\/joukkosieessa.fi\/wp-content\/uploads\/2020\/02\/rautaristi-450x686.jpg 450w, https:\/\/joukkosieessa.fi\/wp-content\/uploads\/2020\/02\/rautaristi.jpg 469w\" sizes=\"auto, (max-width: 118px) 100vw, 118px\" \/><\/p>\n<h4>274. Kadetti, reservin v\u00e4nrikki Esko Hypp\u00f6nen, 26.kadk, &#8211;<\/h4>\n<ul>\n<li><strong>Joukkueen johtaja, 10.K\/III\/JR5 (4.D\/II AK\/KarA)<\/strong><\/li>\n<li><strong>Haavoittui Suoju, Petroskoi 10.10.1941, kuoli 40.KS Vielj\u00e4rvi 12.10.1941<\/strong><\/li>\n<\/ul>\n<p>1. Divisioonalle alistetun Jalkav\u00e4kirykmentti 5:n hy\u00f6kk\u00e4yksen pys\u00e4hdytty\u00e4 Suojun Tsupan tasalle 9.10.41, sen I Pataljoona suunnattiin seuraavana aamuna saarrostushy\u00f6kk\u00e4ykseen id\u00e4st\u00e4. Pataljoona ja sille alistettu rykmentin 10. komppania aloittivat hy\u00f6kk\u00e4yksen pisteen 44,1 alueelta kello 0600 saavuttaen tavoitteena olleen tasoristeyksen kello 1015.<\/p>\n<p>Taistelussa kadetti Hypp\u00f6nen haavoittui vaikeasti luodin osumasta vartaloon kuollen kahta p\u00e4iv\u00e4\u00e4 my\u00f6hemmin haavoihinsa kentt\u00e4sairaalassa.<\/p>\n<hr \/>\n<p><img loading=\"lazy\" decoding=\"async\" class=\"wp-image-2294 alignright\" src=\"https:\/\/joukkosieessa.fi\/wp-content\/uploads\/2020\/01\/Silkkil%C3%A4_Eino-247x300.jpg\" alt=\"\" width=\"118\" height=\"144\" \/><\/p>\n<h4>275. Luutnantti Eino Silkkil\u00e4, 24.kadk, 1950<\/h4>\n<ul>\n<li><strong>Viestiupseeri, E\/JR5 (4.D\/II AK\/KarA)<\/strong><\/li>\n<li><strong>Kaatui Suunujoki, Kontupohja 14.10.1941<\/strong><\/li>\n<\/ul>\n<p>1. Divisioonan l\u00e4hestyess\u00e4 Suunujoen suuta 14.10.41, sille alistettu Jalkav\u00e4kirykmentti 5 sai teht\u00e4v\u00e4n tuhota Patoj\u00e4rven ja rautatien v\u00e4lisell\u00e4 alueella olevat motit. Rykmentti sitoutui kahdeksi p\u00e4iv\u00e4ksi vaikeisiin taisteluihin ja mm. luutnantti Silkkil\u00e4 kaatui 14.10. kiv\u00e4\u00e4rinluodin osumasta rintaan.<\/p>\n<hr \/>\n<p><img loading=\"lazy\" decoding=\"async\" class=\"wp-image-2826 alignright\" src=\"https:\/\/joukkosieessa.fi\/wp-content\/uploads\/2020\/02\/rautaristi-197x300.jpg\" alt=\"\" width=\"118\" height=\"180\" srcset=\"https:\/\/joukkosieessa.fi\/wp-content\/uploads\/2020\/02\/rautaristi-197x300.jpg 197w, https:\/\/joukkosieessa.fi\/wp-content\/uploads\/2020\/02\/rautaristi-462x705.jpg 462w, https:\/\/joukkosieessa.fi\/wp-content\/uploads\/2020\/02\/rautaristi-450x686.jpg 450w, https:\/\/joukkosieessa.fi\/wp-content\/uploads\/2020\/02\/rautaristi.jpg 469w\" sizes=\"auto, (max-width: 118px) 100vw, 118px\" \/><\/p>\n<h4>276. Kadetti, reservin v\u00e4nrikki Pertti Pelkonen, 26.kadk, &#8211;<\/h4>\n<ul>\n<li><strong>Tulenjohtaja, 1.Ptri\/I\/KTR2 (7.D\/VII AK\/KarA)<\/strong><\/li>\n<li><strong>Kaatui Koromislova, Osta, Syv\u00e4ri 20.10.1941<\/strong><\/li>\n<\/ul>\n<p>Jalkav\u00e4kirykmentti 9 saavutti 10.10.41 Koromislovan tasan, johon eteneminen pys\u00e4ytettiin ja asemasodan rintamalinja vakiintui.<\/p>\n<p>Vihollinen hy\u00f6kk\u00e4si rykmentin lohkolla koko p\u00e4iv\u00e4n 20.10.41 voimakkaan ep\u00e4suoran tulen tukemana p\u00e4\u00e4sem\u00e4tt\u00e4\u00a0murtoon.<\/p>\n<p>Kadetti Pelkonen, rykmentti\u00e4 tukevan Kentt\u00e4tykist\u00f6rykmentti 2:n 1. patterin tulenjohtaja, kaatui p\u00e4iv\u00e4n aikana vihollisen raskaan heittimen kranaatin sirpaleista tulenjohtopaikallaan Koromislovassa.<\/p>\n<hr \/>\n<p><img loading=\"lazy\" decoding=\"async\" class=\"wp-image-2081 alignright\" src=\"https:\/\/joukkosieessa.fi\/wp-content\/uploads\/2020\/01\/Nissinen_Aarno-240x300.jpg\" alt=\"\" width=\"118\" height=\"148\" srcset=\"https:\/\/joukkosieessa.fi\/wp-content\/uploads\/2020\/01\/Nissinen_Aarno-240x300.jpg 240w, https:\/\/joukkosieessa.fi\/wp-content\/uploads\/2020\/01\/Nissinen_Aarno-768x960.jpg 768w, https:\/\/joukkosieessa.fi\/wp-content\/uploads\/2020\/01\/Nissinen_Aarno-824x1030.jpg 824w, https:\/\/joukkosieessa.fi\/wp-content\/uploads\/2020\/01\/Nissinen_Aarno-1201x1500.jpg 1201w, https:\/\/joukkosieessa.fi\/wp-content\/uploads\/2020\/01\/Nissinen_Aarno-564x705.jpg 564w, https:\/\/joukkosieessa.fi\/wp-content\/uploads\/2020\/01\/Nissinen_Aarno-450x562.jpg 450w, https:\/\/joukkosieessa.fi\/wp-content\/uploads\/2020\/01\/Nissinen_Aarno.jpg 1640w\" sizes=\"auto, (max-width: 118px) 100vw, 118px\" \/><\/p>\n<h4>277. Luutnantti Aarno Nissinen, 24.kadk, 1896<\/h4>\n<ul>\n<li><strong>Matkustaja (ohjaaja), 3.Ltue\/LeLv28\/LeR2<\/strong><\/li>\n<li><strong>Kuoli lento-onnettomuudessa Orivesi 27.10.1941<\/strong><\/li>\n<\/ul>\n<p>Luutnantti Nissinen oli 27.10.41 matkustajana Viima VI-15-koneessa, jota oltiin noutamassa lentovarikolta laivueeseen.<\/p>\n<p>Oriveden tienoilla koneeseen tuli moottorih\u00e4iri\u00f6 ja pakkolaskussa kone sy\u00f6ksyi maahan ohjaajan ja Nissisen saadessa heti surmansa.<\/p>\n<p>Toisen kertomuksen mukaan kone osui maahan Kuoreveden seudulla ohjaajan lent\u00e4ess\u00e4 aivan pinnassa ja tehdess\u00e4 \u201dkurittomia koukkauksia\u201d.<\/p>\n<hr \/>\n<p><img loading=\"lazy\" decoding=\"async\" class=\"wp-image-2826 alignright\" src=\"https:\/\/joukkosieessa.fi\/wp-content\/uploads\/2020\/02\/rautaristi-197x300.jpg\" alt=\"\" width=\"119\" height=\"181\" srcset=\"https:\/\/joukkosieessa.fi\/wp-content\/uploads\/2020\/02\/rautaristi-197x300.jpg 197w, https:\/\/joukkosieessa.fi\/wp-content\/uploads\/2020\/02\/rautaristi-462x705.jpg 462w, https:\/\/joukkosieessa.fi\/wp-content\/uploads\/2020\/02\/rautaristi-450x686.jpg 450w, https:\/\/joukkosieessa.fi\/wp-content\/uploads\/2020\/02\/rautaristi.jpg 469w\" sizes=\"auto, (max-width: 119px) 100vw, 119px\" \/><\/p>\n<h4>278. Kadetti, reservin v\u00e4nrikki Erik Malmlund, 26.kadk, &#8211;<\/h4>\n<ul>\n<li><strong>Joukkueen johtaja, 6.K\/II\/JR24 (8.D\/II AK\/KarA)<\/strong><\/li>\n<li><strong>Kaatui Karjalan Maaselk\u00e4, Seesj\u00e4rvi, Maaselk\u00e4 31.10.1941<\/strong><\/li>\n<\/ul>\n<p>8. Divisioonan eteneminen Seesj\u00e4rven rantatiet\u00e4 pitkin kohti Karjalan Maaselk\u00e4\u00e4 oli pys\u00e4htynyt 27.10.41 nelj\u00e4 kilometri\u00e4 kyl\u00e4n l\u00e4nsipuolelle vihollisen lujaan vastarintaan. Hy\u00f6kk\u00e4yst\u00e4 jatkettaessa 31.10. kello 1200, Jalkav\u00e4kirykmentti 24:n II Pataljoona eteni tien etel\u00e4puolella noin kilometrin, kunnes hy\u00f6kk\u00e4ys pys\u00e4htyi vihollisen konekiv\u00e4\u00e4rien ja kranaatinheittimien tuleen.<\/p>\n<p>Pataljoona yritti kaksi kertaa p\u00e4\u00e4st\u00e4 eteenp\u00e4in tulivalmistelun avulla siin\u00e4 onnistumatta. Kadetti Malmlund kaatui kello 1420 saatuaan luodin rintaansa.<\/p>\n<\/div><\/section><br \/>\n\n<style type=\"text\/css\" data-created_by=\"avia_inline_auto\" id=\"style-css-av-av_heading-7b42d482ed2a8a099a68869367061de9\">\n#top .av-special-heading.av-av_heading-7b42d482ed2a8a099a68869367061de9{\npadding-bottom:10px;\n}\nbody .av-special-heading.av-av_heading-7b42d482ed2a8a099a68869367061de9 .av-special-heading-tag .heading-char{\nfont-size:25px;\n}\n.av-special-heading.av-av_heading-7b42d482ed2a8a099a68869367061de9 .av-subheading{\nfont-size:15px;\n}\n<\/style>\n<div  class='av-special-heading av-av_heading-7b42d482ed2a8a099a68869367061de9 av-special-heading-h2  avia-builder-el-7  el_after_av_textblock  el_before_av_textblock '><h2 class='av-special-heading-tag'  itemprop=\"headline\"  >L\u00c4HTEET<\/h2><div class=\"special-heading-border\"><div class=\"special-heading-inner-border\"><\/div><\/div><\/div><br \/>\n<section  class='av_textblock_section av-k7nsygix-fde29c2cecb25d0a39aa1c999288b536 '   itemscope=\"itemscope\" itemtype=\"https:\/\/schema.org\/CreativeWork\" ><div class='avia_textblock'  itemprop=\"text\" ><p>L\u00e4hteet esitetty kirjassa ja sen s\u00e4hk\u00f6isess\u00e4 versiossa (PDF) joka on ladattavissa Kadettikunnan ja t\u00e4m\u00e4n sivuston verkkosivuilta.<\/p>\n<\/div><\/section><br \/>\n\n<style type=\"text\/css\" data-created_by=\"avia_inline_auto\" id=\"style-css-av-k47j6vg7-d3fd1f40b5858f4982ee5b8d5d9dc574\">\n#top .avia_search_element.av-k47j6vg7-d3fd1f40b5858f4982ee5b8d5d9dc574 .av_searchform_wrapper{\nborder-radius:0px 0px 0px 0px;\n}\n#top .avia_search_element.av-k47j6vg7-d3fd1f40b5858f4982ee5b8d5d9dc574 #s.av-input-field{\nborder-radius:0px 0px 0px 0px;\n}\n#top .avia_search_element.av-k47j6vg7-d3fd1f40b5858f4982ee5b8d5d9dc574 .av_searchsubmit_wrapper{\nborder-radius:0px 0px 0px 0px;\n}\n#top .avia_search_element.av-k47j6vg7-d3fd1f40b5858f4982ee5b8d5d9dc574 #searchsubmit{\nborder-radius:0px 0px 0px 0px;\n}\n.ajax_search_response.av-k47j6vg7-d3fd1f40b5858f4982ee5b8d5d9dc574{\npadding:0px 0px 0px 0px;\nmargin:0px 0px 0px 0px;\n}\n<\/style>\n<div  class='avia_search_element av-k47j6vg7-d3fd1f40b5858f4982ee5b8d5d9dc574  avia-builder-el-9  el_after_av_textblock  avia-builder-el-last '><form action='https:\/\/joukkosieessa.fi\/' id='searchform_element' method='get' class='' data-element_id='av-k47j6vg7-d3fd1f40b5858f4982ee5b8d5d9dc574' ><div class='av_searchform_wrapper'><input type='text' value='' id='s' name='s' placeholder='Haku artikkeleista...' class='av-input-field av-input-hasicon' \/><span class='av-input-field-icon av-search-icon avia-font-entypo-fontello'>\ue803<\/span><div class='av_searchsubmit_wrapper '><input type='submit' value='HAE' id='searchsubmit' class='button ' \/><\/div><input type='hidden' name='numberposts' value='5' \/><input type='hidden' name='post_type' value='post' \/><input type='hidden' name='results_hide_fields' value='' \/><\/div><\/form><\/div><\/p><\/div>\n<style type=\"text\/css\" data-created_by=\"avia_inline_auto\" id=\"style-css-av-3q5fim-38e5b202bb13e3b133f9da2d20caf63f\">\n.flex_column.av-3q5fim-38e5b202bb13e3b133f9da2d20caf63f{\nborder-radius:0px 0px 0px 0px;\npadding:0px 0px 0px 0px;\n}\n<\/style>\n<div  class='flex_column av-3q5fim-38e5b202bb13e3b133f9da2d20caf63f av_one_half  avia-builder-el-10  el_after_av_one_full  el_before_av_one_half  first flex_column_div av-zero-column-padding  column-top-margin'     ><div  class='avia-button-wrap av-k7npjuz4-cc0e34e6d2a453e9ff9119e2bccef5db-wrap avia-button-left  avia-builder-el-11  avia-builder-el-no-sibling '><a href='https:\/\/joukkosieessa.fi\/index.php\/sodan-aika\/jatkosota\/hyokkaysvaihe\/syyskuu-1941\/'  class='avia-button av-k7npjuz4-cc0e34e6d2a453e9ff9119e2bccef5db avia-icon_select-no avia-size-small avia-position-left avia-color-theme-color-highlight'  ><span class='avia_iconbox_title' >Syyskuu 1941<\/span><\/a><\/div><\/div><\/p>\n\n<style type=\"text\/css\" data-created_by=\"avia_inline_auto\" id=\"style-css-av-b94tq-4cde4df856878d4cded9a1182155480c\">\n.flex_column.av-b94tq-4cde4df856878d4cded9a1182155480c{\nborder-radius:0px 0px 0px 0px;\npadding:0px 0px 0px 0px;\n}\n<\/style>\n<div  class='flex_column av-b94tq-4cde4df856878d4cded9a1182155480c av_one_half  avia-builder-el-12  el_after_av_one_half  avia-builder-el-last  flex_column_div av-zero-column-padding  column-top-margin'     ><div  class='avia-button-wrap av-k7npk983-abf64ae7c61fedb69680c2e2505abcf9-wrap avia-button-right  avia-builder-el-13  avia-builder-el-no-sibling '><a href='https:\/\/joukkosieessa.fi\/index.php\/sodan-aika\/jatkosota\/hyokkaysvaihe\/marraskuu-1941\/'  class='avia-button av-k7npk983-abf64ae7c61fedb69680c2e2505abcf9 avia-icon_select-no avia-size-small avia-position-right avia-color-theme-color-highlight'  ><span class='avia_iconbox_title' >Marraskuu 1941<\/span><\/a><\/div><\/div>\n","protected":false},"excerpt":{"rendered":"","protected":false},"author":1,"featured_media":0,"parent":13,"menu_order":4,"comment_status":"closed","ping_status":"closed","template":"","meta":{"footnotes":""},"class_list":["post-1934","page","type-page","status-publish","hentry"],"_links":{"self":[{"href":"https:\/\/joukkosieessa.fi\/index.php\/wp-json\/wp\/v2\/pages\/1934","targetHints":{"allow":["GET"]}}],"collection":[{"href":"https:\/\/joukkosieessa.fi\/index.php\/wp-json\/wp\/v2\/pages"}],"about":[{"href":"https:\/\/joukkosieessa.fi\/index.php\/wp-json\/wp\/v2\/types\/page"}],"author":[{"embeddable":true,"href":"https:\/\/joukkosieessa.fi\/index.php\/wp-json\/wp\/v2\/users\/1"}],"replies":[{"embeddable":true,"href":"https:\/\/joukkosieessa.fi\/index.php\/wp-json\/wp\/v2\/comments?post=1934"}],"version-history":[{"count":16,"href":"https:\/\/joukkosieessa.fi\/index.php\/wp-json\/wp\/v2\/pages\/1934\/revisions"}],"predecessor-version":[{"id":3956,"href":"https:\/\/joukkosieessa.fi\/index.php\/wp-json\/wp\/v2\/pages\/1934\/revisions\/3956"}],"up":[{"embeddable":true,"href":"https:\/\/joukkosieessa.fi\/index.php\/wp-json\/wp\/v2\/pages\/13"}],"wp:attachment":[{"href":"https:\/\/joukkosieessa.fi\/index.php\/wp-json\/wp\/v2\/media?parent=1934"}],"curies":[{"name":"wp","href":"https:\/\/api.w.org\/{rel}","templated":true}]}}