{"id":1951,"date":"2020-01-05T19:57:32","date_gmt":"2020-01-05T19:57:32","guid":{"rendered":"https:\/\/joukkosieessa.fi\/?page_id=1951"},"modified":"2020-09-21T08:41:53","modified_gmt":"2020-09-21T08:41:53","slug":"tammikuu-1942","status":"publish","type":"page","link":"https:\/\/joukkosieessa.fi\/index.php\/sodan-aika\/jatkosota\/hyokkaysvaihe\/tammikuu-1942\/","title":{"rendered":"Tammikuu 1942"},"content":{"rendered":"<div id='full_slider_1'  class='avia-fullwidth-slider main_color avia-shadow   avia-builder-el-0  el_before_av_one_full  avia-builder-el-first   container_wrap sidebar_right'  >\n<style type=\"text\/css\" data-created_by=\"avia_inline_auto\" id=\"style-css-av-akhp-b6f614b8154ad80be0284d699659eb53\">\n#top .avia-slideshow .av-slideshow-caption.av-akhp-b6f614b8154ad80be0284d699659eb53__0 .avia-caption-content{\nfont-size:14px;\n}\n#top .avia-slideshow .av-slideshow-caption.av-akhp-b6f614b8154ad80be0284d699659eb53__0 .avia-caption-content p{\nfont-size:14px;\n}\n<\/style>\n<div  class='avia-slideshow av-akhp-b6f614b8154ad80be0284d699659eb53 avia-slideshow-featured av_slideshow_full avia-slide-slider av-slideshow-ui av-control-default av-slideshow-manual av-loop-once av-loop-manual-endless av-default-height-applied   avia-slideshow-1' data-slideshow-options=\"{&quot;animation&quot;:&quot;slide&quot;,&quot;autoplay&quot;:false,&quot;loop_autoplay&quot;:&quot;once&quot;,&quot;interval&quot;:5,&quot;loop_manual&quot;:&quot;manual-endless&quot;,&quot;autoplay_stopper&quot;:false,&quot;noNavigation&quot;:false,&quot;bg_slider&quot;:false,&quot;keep_padding&quot;:false,&quot;hoverpause&quot;:false,&quot;show_slide_delay&quot;:0}\"  itemprop=\"image\" itemscope=\"itemscope\" itemtype=\"https:\/\/schema.org\/ImageObject\" ><ul class='avia-slideshow-inner ' style='padding-bottom: 28.666666666667%;'><li  class='avia-slideshow-slide av-akhp-b6f614b8154ad80be0284d699659eb53__0  av-single-slide slide-1 slide-odd'><div data-rel='slideshow-1' class='avia-slide-wrap '   ><div class='av-slideshow-caption av-akhp-b6f614b8154ad80be0284d699659eb53__0 caption_fullwidth caption_bottom caption_bottom_framed caption_framed'><div class=\"container caption_container\"><div class=\"slideshow_caption\"><div class=\"slideshow_inner_caption\"><div class=\"slideshow_align_caption\"><div class='avia-caption-content '  itemprop=\"description\" ><p>Nurmoilan kasarmialueen pommituksessa vappuna 1942.<\/p>\n<\/div><\/div><\/div><\/div><\/div><\/div><img fetchpriority=\"high\" class=\"wp-image-3321 avia-img-lazy-loading-not-3321\"  src='https:\/\/joukkosieessa.fi\/wp-content\/uploads\/2020\/03\/Asemasota_Tammikuu_1942_2-1-1500x430.jpg' width='1500' height='430' title='Asemasota_Tammikuu_1942_2' alt=''  itemprop=\"thumbnailUrl\"   \/><\/div><\/li><\/ul><\/div><\/div><div id='after_full_slider_1'  class='main_color av_default_container_wrap container_wrap sidebar_right'  ><div class='container av-section-cont-open' ><div class='template-page content  av-content-small alpha units'><div class='post-entry post-entry-type-page post-entry-1951'><div class='entry-content-wrapper clearfix'>\n\n<style type=\"text\/css\" data-created_by=\"avia_inline_auto\" id=\"style-css-av-79f1-1280664b05e2eaf6fd9346541c87cb15\">\n.flex_column.av-79f1-1280664b05e2eaf6fd9346541c87cb15{\nborder-radius:0px 0px 0px 0px;\npadding:0px 0px 0px 0px;\n}\n<\/style>\n<div  class='flex_column av-79f1-1280664b05e2eaf6fd9346541c87cb15 av_one_full  avia-builder-el-1  el_after_av_slideshow_full  el_before_av_one_full  avia-builder-el-first  first flex_column_div av-zero-column-padding  '     ><style type=\"text\/css\" data-created_by=\"avia_inline_auto\" id=\"style-css-av-k51flls8-6f8d729edd76b2766fed02aa5df972b4\">\n#top .av-special-heading.av-k51flls8-6f8d729edd76b2766fed02aa5df972b4{\nmargin:0 0 -5px 0;\npadding-bottom:0;\n}\nbody .av-special-heading.av-k51flls8-6f8d729edd76b2766fed02aa5df972b4 .av-special-heading-tag .heading-char{\nfont-size:25px;\n}\n.av-special-heading.av-k51flls8-6f8d729edd76b2766fed02aa5df972b4 .av-subheading{\nfont-size:15px;\n}\n<\/style>\n<div  class='av-special-heading av-k51flls8-6f8d729edd76b2766fed02aa5df972b4 av-special-heading-h1  avia-builder-el-2  avia-builder-el-no-sibling '><h1 class='av-special-heading-tag'  itemprop=\"headline\"  >Tammikuu 1942<\/h1><div class=\"special-heading-border\"><div class=\"special-heading-inner-border\"><\/div><\/div><\/div><\/div>\n\n<style type=\"text\/css\" data-created_by=\"avia_inline_auto\" id=\"style-css-av-4k1r-3ed26eaf4f9e1fe5afee569a008105ec\">\n.flex_column.av-4k1r-3ed26eaf4f9e1fe5afee569a008105ec{\nborder-radius:0px 0px 0px 0px;\npadding:0px 0px 10px 10px;\n}\n<\/style>\n<div  class='flex_column av-4k1r-3ed26eaf4f9e1fe5afee569a008105ec av_one_full  avia-builder-el-3  el_after_av_one_full  el_before_av_one_half  first flex_column_div  column-top-margin'     ><p>\n<style type=\"text\/css\" data-created_by=\"avia_inline_auto\" id=\"style-css-av-3o2n-f8ecf9facd2b0c750a152e7b87905b4d\">\n#top .av_textblock_section.av-3o2n-f8ecf9facd2b0c750a152e7b87905b4d .avia_textblock{\nfont-size:15px;\n}\n<\/style>\n<section  class='av_textblock_section av-3o2n-f8ecf9facd2b0c750a152e7b87905b4d '   itemscope=\"itemscope\" itemtype=\"https:\/\/schema.org\/CreativeWork\" ><div class='avia_textblock'  itemprop=\"text\" ><p>Vihollinen hy\u00f6kk\u00e4\u00e4 vahvoin voimin Maasel\u00e4n kannaksella, jossa taisteluja k\u00e4yd\u00e4\u00e4n toista viikkoa.<\/p>\n<\/div><\/section><br \/>\n\n<style type=\"text\/css\" data-created_by=\"avia_inline_auto\" id=\"style-css-av-kfca6izy-203811d8464820ba53d1e0e94a113e58\">\n#top .av-special-heading.av-kfca6izy-203811d8464820ba53d1e0e94a113e58{\nmargin:0 0 10px 0;\npadding-bottom:10px;\n}\nbody .av-special-heading.av-kfca6izy-203811d8464820ba53d1e0e94a113e58 .av-special-heading-tag .heading-char{\nfont-size:25px;\n}\n.av-special-heading.av-kfca6izy-203811d8464820ba53d1e0e94a113e58 .av-subheading{\nfont-size:15px;\n}\n<\/style>\n<div  class='av-special-heading av-kfca6izy-203811d8464820ba53d1e0e94a113e58 av-special-heading-h2  avia-builder-el-5  el_after_av_textblock  el_before_av_textblock '><h2 class='av-special-heading-tag'  itemprop=\"headline\"  >MENEHTYNEET KADETTIUPSEERIT JA KADETIT<\/h2><div class=\"special-heading-border\"><div class=\"special-heading-inner-border\"><\/div><\/div><\/div><br \/>\n\n<style type=\"text\/css\" data-created_by=\"avia_inline_auto\" id=\"style-css-av-3o2n-f8ecf9facd2b0c750a152e7b87905b4d\">\n#top .av_textblock_section.av-3o2n-f8ecf9facd2b0c750a152e7b87905b4d .avia_textblock{\nfont-size:15px;\n}\n<\/style>\n<section  class='av_textblock_section av-3o2n-f8ecf9facd2b0c750a152e7b87905b4d '   itemscope=\"itemscope\" itemtype=\"https:\/\/schema.org\/CreativeWork\" ><div class='avia_textblock'  itemprop=\"text\" ><p><img loading=\"lazy\" decoding=\"async\" class=\"wp-image-2761 alignright\" src=\"https:\/\/joukkosieessa.fi\/wp-content\/uploads\/2020\/01\/Lindh_Bj%C3%B6rn-224x300.jpg\" alt=\"\" width=\"118\" height=\"158\" \/><\/p>\n<h4>302. Kadetti, reservin v\u00e4nrikki Bj\u00f6rn Lindh, 25.kadk, 2076<\/h4>\n<ul>\n<li><strong>Joukkueen johtaja, 4.K\/II\/JR45 (8.D\/II AK\/KarA)<\/strong><\/li>\n<li><strong>Kaatui Retulampi, Maasel\u00e4n asema, Maaselk\u00e4 4.1.1942<\/strong><\/li>\n<\/ul>\n<p>Vihollinen aloitti hy\u00f6kk\u00e4yksen Krivin aseman alueella 1.1.42. Saatuaan murron asemiin sen eteneminen kuitenkin pys\u00e4ytettiin aseman etel\u00e4puolelle. Jalkav\u00e4kirykmentti 45:n oli tarkoitus aloittaa 4.1. vastahy\u00f6kk\u00e4ys vihollisen poisly\u00f6miseksi ja Krivin aseman takaisinvaltaamiseksi. Puolenp\u00e4iv\u00e4n aikaan vihollinen aloitti kuitenkin oman hy\u00f6kk\u00e4yksens\u00e4 Retulammella, Maasel\u00e4n aseman alueella, jolloin rykmentin hy\u00f6kk\u00e4ys ei l\u00e4htenyt liikkeelle.<\/p>\n<p>Hy\u00f6kk\u00e4ys saatiin torjuttua kello kolmeen menness\u00e4, mutta p\u00e4iv\u00e4n aikana kadetti Lindh kaatui luodin osumasta p\u00e4\u00e4h\u00e4n.<\/p>\n<hr \/>\n<p><strong><img loading=\"lazy\" decoding=\"async\" class=\"wp-image-3045 alignright\" style=\"font-weight: 400;\" src=\"https:\/\/joukkosieessa.fi\/wp-content\/uploads\/2020\/02\/Vainio_Eero-218x300.jpg\" alt=\"\" width=\"109\" height=\"150\" srcset=\"https:\/\/joukkosieessa.fi\/wp-content\/uploads\/2020\/02\/Vainio_Eero-218x300.jpg 218w, https:\/\/joukkosieessa.fi\/wp-content\/uploads\/2020\/02\/Vainio_Eero-768x1058.jpg 768w, https:\/\/joukkosieessa.fi\/wp-content\/uploads\/2020\/02\/Vainio_Eero-748x1030.jpg 748w, https:\/\/joukkosieessa.fi\/wp-content\/uploads\/2020\/02\/Vainio_Eero-1089x1500.jpg 1089w, https:\/\/joukkosieessa.fi\/wp-content\/uploads\/2020\/02\/Vainio_Eero-512x705.jpg 512w, https:\/\/joukkosieessa.fi\/wp-content\/uploads\/2020\/02\/Vainio_Eero-450x620.jpg 450w, https:\/\/joukkosieessa.fi\/wp-content\/uploads\/2020\/02\/Vainio_Eero.jpg 1294w\" sizes=\"auto, (max-width: 109px) 100vw, 109px\" \/><\/strong><\/p>\n<h4>303.\u00a0 Luutnantti Eero Vainio, 23.kadk, 1778<\/h4>\n<ul>\n<li><strong>Komppanian p\u00e4\u00e4llikk\u00f6, 2.K\/I\/JR25 (4.D\/II AK\/KarA)<\/strong><\/li>\n<li><strong>Kaatui Hiisj\u00e4rvi, Maaselk\u00e4 4.1.1942<\/strong><\/li>\n<\/ul>\n<p>Vihollinen hy\u00f6kk\u00e4si lumipyryn suojaamana noin pataljoonan vahvuisin voimin aamulla 4.1.42 Hiisj\u00e4rven yli Jalkav\u00e4kirykmentti 25:n III Pataljoonan alueella pureutuen rantamaastoon sek\u00e4 Peukaloniemess\u00e4 ett\u00e4 K\u00e4mmenniemess\u00e4. Luutnantti Vainio, joka oli vasta edellisen\u00e4 p\u00e4iv\u00e4n\u00e4 ottanut vastaan 2. komppanian p\u00e4\u00e4llik\u00f6n teht\u00e4v\u00e4t, johti joukkonsa illalla kello 2100 vastaiskuun Peukaloniemeen.<\/p>\n<p>Etuvarmistus saatiin karkoitettua, mutta komppanian edetty\u00e4 500 metri\u00e4 se joutui tuliyll\u00e4kk\u00f6\u00f6n, jolloin Vainio kaatui ja vastahy\u00f6kk\u00e4ys pys\u00e4htyi.<\/p>\n<hr \/>\n<p><img loading=\"lazy\" decoding=\"async\" class=\"wp-image-2592 alignright\" src=\"https:\/\/joukkosieessa.fi\/wp-content\/uploads\/2020\/01\/Parviainen-Alpo-Olavi-010312-223x300.jpg\" alt=\"\" width=\"118\" height=\"159\" srcset=\"https:\/\/joukkosieessa.fi\/wp-content\/uploads\/2020\/01\/Parviainen-Alpo-Olavi-010312-223x300.jpg 223w, https:\/\/joukkosieessa.fi\/wp-content\/uploads\/2020\/01\/Parviainen-Alpo-Olavi-010312.jpg 307w\" sizes=\"auto, (max-width: 118px) 100vw, 118px\" \/><\/p>\n<h4>304. Kapteeni Alpo Parviainen, 15.kadk, 1021<\/h4>\n<ul>\n<li><strong>Lentueen p\u00e4\u00e4llikk\u00f6, 1.Ltue\/LeLv14<\/strong><\/li>\n<li><strong>Kaatui Kuutsj\u00e4rvi, Rukaj\u00e4rvi 8.1.1942<\/strong><\/li>\n<\/ul>\n<p>Kapteeni Parviainen, joka oli m\u00e4\u00e4r\u00e4tty edellisen\u00e4 p\u00e4iv\u00e4n\u00e4 lentueen p\u00e4\u00e4llik\u00f6ksi, lensi Fokker FR-99:ll\u00e4 siipikoneena kolmen koneen tiedustelupartiossa 8.1.42 Kuutsj\u00e4rven ja Ielj\u00e4rven v\u00e4lill\u00e4. Kello 1340 osastoa kohti ammuttiin maasta ja Parviainen n\u00e4ytti osaston johtajalle palaavansa kotiin joko saatuaan moottorivian tai osuman koneeseensa.<\/p>\n<p>Koneen j\u00e4\u00e4nn\u00f6kset ja Parviaisen ruumis l\u00f6ydettiin Kuutsj\u00e4rven pohjoispuolelta vasta hein\u00e4kuussa -43.<\/p>\n<hr \/>\n<p><strong><img loading=\"lazy\" decoding=\"async\" class=\"wp-image-3046 alignright\" style=\"font-weight: 400;\" src=\"https:\/\/joukkosieessa.fi\/wp-content\/uploads\/2020\/02\/Ruohola_Teuvo-229x300.jpg\" alt=\"\" width=\"115\" height=\"151\" srcset=\"https:\/\/joukkosieessa.fi\/wp-content\/uploads\/2020\/02\/Ruohola_Teuvo-229x300.jpg 229w, https:\/\/joukkosieessa.fi\/wp-content\/uploads\/2020\/02\/Ruohola_Teuvo-768x1007.jpg 768w, https:\/\/joukkosieessa.fi\/wp-content\/uploads\/2020\/02\/Ruohola_Teuvo-786x1030.jpg 786w, https:\/\/joukkosieessa.fi\/wp-content\/uploads\/2020\/02\/Ruohola_Teuvo-1144x1500.jpg 1144w, https:\/\/joukkosieessa.fi\/wp-content\/uploads\/2020\/02\/Ruohola_Teuvo-538x705.jpg 538w, https:\/\/joukkosieessa.fi\/wp-content\/uploads\/2020\/02\/Ruohola_Teuvo-450x590.jpg 450w, https:\/\/joukkosieessa.fi\/wp-content\/uploads\/2020\/02\/Ruohola_Teuvo.jpg 1412w\" sizes=\"auto, (max-width: 115px) 100vw, 115px\" \/><\/strong><\/p>\n<h4>305. Luutnantti Teuvo Ruohola, 24.kadk, 1929<\/h4>\n<ul>\n<li><strong>Ohjaaja, 2.Ltue\/LeLv30\/LeR3<\/strong><\/li>\n<li><strong>Kuoli lento-onnettomuudessa Koivistonsaari, Koiviston mlk 18.1.1942<\/strong><\/li>\n<\/ul>\n<p>Luutnantti Ruohola oli mukana kuuden Fokker-koneen partiossa 18.1.41 it\u00e4isell\u00e4 Suomenlahdella, kun osasto joutui kello 0920 Koivistonsaaren\u00a0lounaispuolella v\u00e4ist\u00e4m\u00e4\u00e4n sumusein\u00e4m\u00e4\u00e4. Kaarroksen aikana Ruoholan Fokker FR-119 sakkasi virheliikkeen johdosta ja sy\u00f6ksyi jyrk\u00e4ss\u00e4 kulmassa alas iskeytyen j\u00e4\u00e4n l\u00e4pi muutama kilometri Koiviston saaresta lounaaseen. Ruoholan ruumista ei koskaan saatu nostettua merest\u00e4.<\/p>\n<hr \/>\n<p><img loading=\"lazy\" decoding=\"async\" class=\" wp-image-2899 alignright\" src=\"https:\/\/joukkosieessa.fi\/wp-content\/uploads\/2020\/02\/Kaura_Martti-244x300.jpg\" alt=\"\" width=\"120\" height=\"148\" srcset=\"https:\/\/joukkosieessa.fi\/wp-content\/uploads\/2020\/02\/Kaura_Martti-244x300.jpg 244w, https:\/\/joukkosieessa.fi\/wp-content\/uploads\/2020\/02\/Kaura_Martti.jpg 450w\" sizes=\"auto, (max-width: 120px) 100vw, 120px\" \/><\/p>\n<h4>306. Luutnantti Martti Kaura, 24.kadk, 1838<\/h4>\n<ul>\n<li><strong>Komppanian p\u00e4\u00e4llikk\u00f6, 2.K\/PionP33 (2.D\/I AK)<\/strong><\/li>\n<li><strong>Haavoittui Ohta, Lempaala 24.1.1942, kuoli 23.KS 24.1.1942<\/strong><\/li>\n<\/ul>\n<p>Luutnantti Kaura haavoittui 24.1.42 noin kello 1300 Ohdassa, Jalkav\u00e4kirykmentti 28:n II Pataljoonan\u00a0lohkolla tarkka-ampujan luodin osumasta p\u00e4\u00e4h\u00e4n ollessaan tarkastamassa pioneeripataljoonan valonheitinjoukkuetta. H\u00e4n kuoli saman p\u00e4iv\u00e4n illalla tajuihinsa tulematta kentt\u00e4sairaalassa.<\/p>\n<\/div><\/section><br \/>\n\n<style type=\"text\/css\" data-created_by=\"avia_inline_auto\" id=\"style-css-av-av_heading-8e3e8157497ce173d4ac4fc67b0a1b2a\">\n#top .av-special-heading.av-av_heading-8e3e8157497ce173d4ac4fc67b0a1b2a{\npadding-bottom:10px;\n}\nbody .av-special-heading.av-av_heading-8e3e8157497ce173d4ac4fc67b0a1b2a .av-special-heading-tag .heading-char{\nfont-size:25px;\n}\n.av-special-heading.av-av_heading-8e3e8157497ce173d4ac4fc67b0a1b2a .av-subheading{\nfont-size:15px;\n}\n<\/style>\n<div  class='av-special-heading av-av_heading-8e3e8157497ce173d4ac4fc67b0a1b2a av-special-heading-h3  avia-builder-el-7  el_after_av_textblock  el_before_av_textblock '><h3 class='av-special-heading-tag'  itemprop=\"headline\"  >L\u00c4HTEET<\/h3><div class=\"special-heading-border\"><div class=\"special-heading-inner-border\"><\/div><\/div><\/div><br \/>\n<section  class='av_textblock_section av-k7nt8ban-74bef2e4188e45bd6c1046fb690b25c6 '   itemscope=\"itemscope\" itemtype=\"https:\/\/schema.org\/CreativeWork\" ><div class='avia_textblock'  itemprop=\"text\" ><p>L\u00e4hteet esitetty kirjassa ja sen s\u00e4hk\u00f6isess\u00e4 versiossa (PDF) joka on ladattavissa Kadettikunnan ja t\u00e4m\u00e4n sivuston verkkosivuilta.<\/p>\n<\/div><\/section><br \/>\n\n<style type=\"text\/css\" data-created_by=\"avia_inline_auto\" id=\"style-css-av-k47j6vg7-d3fd1f40b5858f4982ee5b8d5d9dc574\">\n#top .avia_search_element.av-k47j6vg7-d3fd1f40b5858f4982ee5b8d5d9dc574 .av_searchform_wrapper{\nborder-radius:0px 0px 0px 0px;\n}\n#top .avia_search_element.av-k47j6vg7-d3fd1f40b5858f4982ee5b8d5d9dc574 #s.av-input-field{\nborder-radius:0px 0px 0px 0px;\n}\n#top .avia_search_element.av-k47j6vg7-d3fd1f40b5858f4982ee5b8d5d9dc574 .av_searchsubmit_wrapper{\nborder-radius:0px 0px 0px 0px;\n}\n#top .avia_search_element.av-k47j6vg7-d3fd1f40b5858f4982ee5b8d5d9dc574 #searchsubmit{\nborder-radius:0px 0px 0px 0px;\n}\n.ajax_search_response.av-k47j6vg7-d3fd1f40b5858f4982ee5b8d5d9dc574{\npadding:0px 0px 0px 0px;\nmargin:0px 0px 0px 0px;\n}\n<\/style>\n<div  class='avia_search_element av-k47j6vg7-d3fd1f40b5858f4982ee5b8d5d9dc574  avia-builder-el-9  el_after_av_textblock  avia-builder-el-last '><form action='https:\/\/joukkosieessa.fi\/' id='searchform_element' method='get' class='' data-element_id='av-k47j6vg7-d3fd1f40b5858f4982ee5b8d5d9dc574' ><div class='av_searchform_wrapper'><input type='text' value='' id='s' name='s' placeholder='Haku artikkeleista...' class='av-input-field av-input-hasicon' \/><span class='av-input-field-icon av-search-icon avia-font-entypo-fontello'>\ue803<\/span><div class='av_searchsubmit_wrapper '><input type='submit' value='HAE' id='searchsubmit' class='button ' \/><\/div><input type='hidden' name='numberposts' value='5' \/><input type='hidden' name='post_type' value='post' \/><input type='hidden' name='results_hide_fields' value='' \/><\/div><\/form><\/div><\/p><\/div>\n<style type=\"text\/css\" data-created_by=\"avia_inline_auto\" id=\"style-css-av-3hjpu7-aa5f135d46700a37a2e74bcdedd374e5\">\n.flex_column.av-3hjpu7-aa5f135d46700a37a2e74bcdedd374e5{\nborder-radius:0px 0px 0px 0px;\npadding:0px 0px 0px 0px;\n}\n<\/style>\n<div  class='flex_column av-3hjpu7-aa5f135d46700a37a2e74bcdedd374e5 av_one_half  avia-builder-el-10  el_after_av_one_full  el_before_av_one_half  first flex_column_div av-zero-column-padding  column-top-margin'     ><div  class='avia-button-wrap av-k7npqoo3-432183150b47a9bcfd21b5f4d2e1e4ed-wrap avia-button-left  avia-builder-el-11  avia-builder-el-no-sibling '><a href='https:\/\/joukkosieessa.fi\/index.php\/sodan-aika\/jatkosota\/hyokkaysvaihe\/1948-2\/'  class='avia-button av-k7npqoo3-432183150b47a9bcfd21b5f4d2e1e4ed avia-icon_select-no avia-size-small avia-position-left avia-color-theme-color-highlight'  ><span class='avia_iconbox_title' >Joulukuu 1941<\/span><\/a><\/div><\/div><\/p>\n\n<style type=\"text\/css\" data-created_by=\"avia_inline_auto\" id=\"style-css-av-22wsu7-b225c9f51443a23bdc545820219f9080\">\n.flex_column.av-22wsu7-b225c9f51443a23bdc545820219f9080{\nborder-radius:0px 0px 0px 0px;\npadding:0px 0px 0px 0px;\n}\n<\/style>\n<div  class='flex_column av-22wsu7-b225c9f51443a23bdc545820219f9080 av_one_half  avia-builder-el-12  el_after_av_one_half  avia-builder-el-last  flex_column_div av-zero-column-padding  column-top-margin'     ><div  class='avia-button-wrap av-k7npr24c-8f679ddf26d1ef8fe1f5cace5afaa4f2-wrap avia-button-right  avia-builder-el-13  avia-builder-el-no-sibling '><a href='https:\/\/joukkosieessa.fi\/index.php\/sodan-aika\/jatkosota\/asemasota\/'  class='avia-button av-k7npr24c-8f679ddf26d1ef8fe1f5cace5afaa4f2 avia-icon_select-no avia-size-small avia-position-right avia-color-theme-color-highlight'  ><span class='avia_iconbox_title' >Asemasota<\/span><\/a><\/div><\/div>\n","protected":false},"excerpt":{"rendered":"","protected":false},"author":1,"featured_media":0,"parent":13,"menu_order":7,"comment_status":"closed","ping_status":"closed","template":"","meta":{"footnotes":""},"class_list":["post-1951","page","type-page","status-publish","hentry"],"_links":{"self":[{"href":"https:\/\/joukkosieessa.fi\/index.php\/wp-json\/wp\/v2\/pages\/1951","targetHints":{"allow":["GET"]}}],"collection":[{"href":"https:\/\/joukkosieessa.fi\/index.php\/wp-json\/wp\/v2\/pages"}],"about":[{"href":"https:\/\/joukkosieessa.fi\/index.php\/wp-json\/wp\/v2\/types\/page"}],"author":[{"embeddable":true,"href":"https:\/\/joukkosieessa.fi\/index.php\/wp-json\/wp\/v2\/users\/1"}],"replies":[{"embeddable":true,"href":"https:\/\/joukkosieessa.fi\/index.php\/wp-json\/wp\/v2\/comments?post=1951"}],"version-history":[{"count":15,"href":"https:\/\/joukkosieessa.fi\/index.php\/wp-json\/wp\/v2\/pages\/1951\/revisions"}],"predecessor-version":[{"id":3960,"href":"https:\/\/joukkosieessa.fi\/index.php\/wp-json\/wp\/v2\/pages\/1951\/revisions\/3960"}],"up":[{"embeddable":true,"href":"https:\/\/joukkosieessa.fi\/index.php\/wp-json\/wp\/v2\/pages\/13"}],"wp:attachment":[{"href":"https:\/\/joukkosieessa.fi\/index.php\/wp-json\/wp\/v2\/media?parent=1951"}],"curies":[{"name":"wp","href":"https:\/\/api.w.org\/{rel}","templated":true}]}}