{"id":1976,"date":"2020-01-05T21:22:15","date_gmt":"2020-01-05T21:22:15","guid":{"rendered":"https:\/\/joukkosieessa.fi\/?page_id=1976"},"modified":"2020-09-21T08:43:30","modified_gmt":"2020-09-21T08:43:30","slug":"elo-syyskuu-1942","status":"publish","type":"page","link":"https:\/\/joukkosieessa.fi\/index.php\/sodan-aika\/jatkosota\/asemasota\/elo-syyskuu-1942\/","title":{"rendered":"Elo-, syyskuu 1942"},"content":{"rendered":"<div id='full_slider_1'  class='avia-fullwidth-slider main_color avia-shadow   avia-builder-el-0  el_before_av_one_full  avia-builder-el-first   container_wrap sidebar_right'  >\n<style type=\"text\/css\" data-created_by=\"avia_inline_auto\" id=\"style-css-av-akhp-b6f614b8154ad80be0284d699659eb53\">\n#top .avia-slideshow .av-slideshow-caption.av-akhp-b6f614b8154ad80be0284d699659eb53__0 .avia-caption-content{\nfont-size:14px;\n}\n#top .avia-slideshow .av-slideshow-caption.av-akhp-b6f614b8154ad80be0284d699659eb53__0 .avia-caption-content p{\nfont-size:14px;\n}\n<\/style>\n<div  class='avia-slideshow av-akhp-b6f614b8154ad80be0284d699659eb53 avia-slideshow-featured av_slideshow_full avia-slide-slider av-slideshow-ui av-control-default av-slideshow-manual av-loop-once av-loop-manual-endless av-default-height-applied   avia-slideshow-1' data-slideshow-options=\"{&quot;animation&quot;:&quot;slide&quot;,&quot;autoplay&quot;:false,&quot;loop_autoplay&quot;:&quot;once&quot;,&quot;interval&quot;:5,&quot;loop_manual&quot;:&quot;manual-endless&quot;,&quot;autoplay_stopper&quot;:false,&quot;noNavigation&quot;:false,&quot;bg_slider&quot;:false,&quot;keep_padding&quot;:false,&quot;hoverpause&quot;:false,&quot;show_slide_delay&quot;:0}\"  itemprop=\"image\" itemscope=\"itemscope\" itemtype=\"https:\/\/schema.org\/ImageObject\" ><ul class='avia-slideshow-inner ' style='padding-bottom: 28.666666666667%;'><li  class='avia-slideshow-slide av-akhp-b6f614b8154ad80be0284d699659eb53__0  av-single-slide slide-1 slide-odd'><div data-rel='slideshow-1' class='avia-slide-wrap '   ><div class='av-slideshow-caption av-akhp-b6f614b8154ad80be0284d699659eb53__0 caption_fullwidth caption_bottom caption_bottom_framed caption_framed'><div class=\"container caption_container\"><div class=\"slideshow_caption\"><div class=\"slideshow_inner_caption\"><div class=\"slideshow_align_caption\"><div class='avia-caption-content '  itemprop=\"description\" ><p>Partio ajamassa neuvostoliiton desantteja takaa. Koira on l\u00f6yt\u00e4nyt j\u00e4lki\u00e4.<br \/>\nSyv\u00e4rin lohko, Pidma-Homorovits 2.9.1942<\/p>\n<\/div><\/div><\/div><\/div><\/div><\/div><img fetchpriority=\"high\" class=\"wp-image-3392 avia-img-lazy-loading-not-3392\"  src='https:\/\/joukkosieessa.fi\/wp-content\/uploads\/2020\/03\/JSdia452-1500x430.jpg' width='1500' height='430' title='Partio ajamassa ryss\u00e4n desantteja takaa. Koira on l\u00f6yt\u00e4nyt j\u00e4lki\u00e4.' alt=''  itemprop=\"thumbnailUrl\"   \/><\/div><\/li><\/ul><\/div><\/div><div id='after_full_slider_1'  class='main_color av_default_container_wrap container_wrap sidebar_right'  ><div class='container av-section-cont-open' ><div class='template-page content  av-content-small alpha units'><div class='post-entry post-entry-type-page post-entry-1976'><div class='entry-content-wrapper clearfix'>\n\n<style type=\"text\/css\" data-created_by=\"avia_inline_auto\" id=\"style-css-av-4k1r-3ed26eaf4f9e1fe5afee569a008105ec\">\n.flex_column.av-4k1r-3ed26eaf4f9e1fe5afee569a008105ec{\nborder-radius:0px 0px 0px 0px;\npadding:0px 0px 10px 10px;\n}\n<\/style>\n<div  class='flex_column av-4k1r-3ed26eaf4f9e1fe5afee569a008105ec av_one_full  avia-builder-el-1  el_after_av_slideshow_full  el_before_av_one_half  avia-builder-el-first  first flex_column_div  '     ><p>\n<style type=\"text\/css\" data-created_by=\"avia_inline_auto\" id=\"style-css-av-av_heading-0b2d33d95b827be7fc592ea6039112f6\">\n#top .av-special-heading.av-av_heading-0b2d33d95b827be7fc592ea6039112f6{\nmargin:0 0 -5px 0;\npadding-bottom:0;\n}\nbody .av-special-heading.av-av_heading-0b2d33d95b827be7fc592ea6039112f6 .av-special-heading-tag .heading-char{\nfont-size:25px;\n}\n.av-special-heading.av-av_heading-0b2d33d95b827be7fc592ea6039112f6 .av-subheading{\nfont-size:15px;\n}\n<\/style>\n<div  class='av-special-heading av-av_heading-0b2d33d95b827be7fc592ea6039112f6 av-special-heading-h1  avia-builder-el-2  el_before_av_heading  avia-builder-el-first '><h1 class='av-special-heading-tag'  itemprop=\"headline\"  >Elo-, syyskuu 1942<\/h1><div class=\"special-heading-border\"><div class=\"special-heading-inner-border\"><\/div><\/div><\/div><br \/>\n\n<style type=\"text\/css\" data-created_by=\"avia_inline_auto\" id=\"style-css-av-kfca8l9p-670edf95fc7561799dcfd24ff2b2359b\">\n#top .av-special-heading.av-kfca8l9p-670edf95fc7561799dcfd24ff2b2359b{\nmargin:0 0 10px 0;\npadding-bottom:10px;\n}\nbody .av-special-heading.av-kfca8l9p-670edf95fc7561799dcfd24ff2b2359b .av-special-heading-tag .heading-char{\nfont-size:25px;\n}\n.av-special-heading.av-kfca8l9p-670edf95fc7561799dcfd24ff2b2359b .av-subheading{\nfont-size:15px;\n}\n<\/style>\n<div  class='av-special-heading av-kfca8l9p-670edf95fc7561799dcfd24ff2b2359b av-special-heading-h2  avia-builder-el-3  el_after_av_heading  el_before_av_textblock '><h2 class='av-special-heading-tag'  itemprop=\"headline\"  >MENEHTYNEET KADETTIUPSEERIT JA KADETIT<\/h2><div class=\"special-heading-border\"><div class=\"special-heading-inner-border\"><\/div><\/div><\/div><br \/>\n\n<style type=\"text\/css\" data-created_by=\"avia_inline_auto\" id=\"style-css-av-3o2n-f8ecf9facd2b0c750a152e7b87905b4d\">\n#top .av_textblock_section.av-3o2n-f8ecf9facd2b0c750a152e7b87905b4d .avia_textblock{\nfont-size:15px;\n}\n<\/style>\n<section  class='av_textblock_section av-3o2n-f8ecf9facd2b0c750a152e7b87905b4d '   itemscope=\"itemscope\" itemtype=\"https:\/\/schema.org\/CreativeWork\" ><div class='avia_textblock'  itemprop=\"text\" ><p><img loading=\"lazy\" decoding=\"async\" class=\"wp-image-2114 alignright\" src=\"https:\/\/joukkosieessa.fi\/wp-content\/uploads\/2020\/01\/Pennanen_Eino-244x300.jpg\" alt=\"\" width=\"118\" height=\"145\" srcset=\"https:\/\/joukkosieessa.fi\/wp-content\/uploads\/2020\/01\/Pennanen_Eino-244x300.jpg 244w, https:\/\/joukkosieessa.fi\/wp-content\/uploads\/2020\/01\/Pennanen_Eino-768x945.jpg 768w, https:\/\/joukkosieessa.fi\/wp-content\/uploads\/2020\/01\/Pennanen_Eino-837x1030.jpg 837w, https:\/\/joukkosieessa.fi\/wp-content\/uploads\/2020\/01\/Pennanen_Eino-1219x1500.jpg 1219w, https:\/\/joukkosieessa.fi\/wp-content\/uploads\/2020\/01\/Pennanen_Eino-573x705.jpg 573w, https:\/\/joukkosieessa.fi\/wp-content\/uploads\/2020\/01\/Pennanen_Eino-450x554.jpg 450w, https:\/\/joukkosieessa.fi\/wp-content\/uploads\/2020\/01\/Pennanen_Eino.jpg 1607w\" sizes=\"auto, (max-width: 118px) 100vw, 118px\" \/><\/p>\n<h4><strong>340. Majuri Eino Pennanen, 8.kadk, 475<\/strong><\/h4>\n<ul>\n<li><strong>Viestikomentaja, DE (2.D\/KanR)<\/strong><\/li>\n<li><strong>Kuoli sairaskohtaukseen Vuottaa, Kivennapa 5.8.1942<\/strong><\/li>\n<\/ul>\n<p>Majuri Pennanen sai 5.8.42 pahoinvointikohtauksen, kaatui ja l\u00f6i p\u00e4\u00e4ns\u00e4 kuollen aivoverenvuotoon.<\/p>\n<hr \/>\n<p><img loading=\"lazy\" decoding=\"async\" class=\"wp-image-2115 alignright\" src=\"https:\/\/joukkosieessa.fi\/wp-content\/uploads\/2020\/01\/Vesanto_Risto-241x300.jpg\" alt=\"\" width=\"118\" height=\"147\" srcset=\"https:\/\/joukkosieessa.fi\/wp-content\/uploads\/2020\/01\/Vesanto_Risto-241x300.jpg 241w, https:\/\/joukkosieessa.fi\/wp-content\/uploads\/2020\/01\/Vesanto_Risto-768x957.jpg 768w, https:\/\/joukkosieessa.fi\/wp-content\/uploads\/2020\/01\/Vesanto_Risto-827x1030.jpg 827w, https:\/\/joukkosieessa.fi\/wp-content\/uploads\/2020\/01\/Vesanto_Risto-1204x1500.jpg 1204w, https:\/\/joukkosieessa.fi\/wp-content\/uploads\/2020\/01\/Vesanto_Risto-566x705.jpg 566w, https:\/\/joukkosieessa.fi\/wp-content\/uploads\/2020\/01\/Vesanto_Risto-450x561.jpg 450w, https:\/\/joukkosieessa.fi\/wp-content\/uploads\/2020\/01\/Vesanto_Risto.jpg 1609w\" sizes=\"auto, (max-width: 118px) 100vw, 118px\" \/><\/p>\n<h4><strong>341. Luutnantti Risto Vesanto, 24.kadk, 1969<\/strong><\/h4>\n<ul>\n<li><strong>Oppilasupseeri, Suojeluskuntain P\u00e4\u00e4llyst\u00f6koulu (komppanian p\u00e4\u00e4llikk\u00f6, 5.K\/II\/JR12 (6.D\/PM))<\/strong><\/li>\n<li><strong>Itsemurha Tuusula 15.8.1942<\/strong><\/li>\n<\/ul>\n<p>Luutnantti Vesanto ampui itsens\u00e4 15.8.42 aamulla ollessaan Suojeluskuntain P\u00e4\u00e4llyst\u00f6koulussa rintamaupseerikurssi 8:lla.<\/p>\n<hr \/>\n<p><img loading=\"lazy\" decoding=\"async\" class=\"wp-image-2826 alignright\" src=\"https:\/\/joukkosieessa.fi\/wp-content\/uploads\/2020\/02\/rautaristi-197x300.jpg\" alt=\"\" width=\"120\" height=\"183\" srcset=\"https:\/\/joukkosieessa.fi\/wp-content\/uploads\/2020\/02\/rautaristi-197x300.jpg 197w, https:\/\/joukkosieessa.fi\/wp-content\/uploads\/2020\/02\/rautaristi-462x705.jpg 462w, https:\/\/joukkosieessa.fi\/wp-content\/uploads\/2020\/02\/rautaristi-450x686.jpg 450w, https:\/\/joukkosieessa.fi\/wp-content\/uploads\/2020\/02\/rautaristi.jpg 469w\" sizes=\"auto, (max-width: 120px) 100vw, 120px\" \/><\/p>\n<h4><strong>342. Kadetti, reservin v\u00e4nrikki Jaakko Siltanen, 26.kadk, &#8211;<\/strong><\/h4>\n<ul>\n<li><strong>Kadetti, MaaSK<\/strong><\/li>\n<li><strong>Itsemurha Santahamina, Helsinki 18.8.1942<\/strong><\/li>\n<\/ul>\n<p>Kadetti Siltanen ampui itsens\u00e4 18.8.42 aamulla ollessaan kadettina Maasotakoulussa.<\/p>\n<hr \/>\n<p><img loading=\"lazy\" decoding=\"async\" class=\"wp-image-2527 alignright\" src=\"https:\/\/joukkosieessa.fi\/wp-content\/uploads\/2020\/01\/Niemi-Jouko-130609-222x300.jpg\" alt=\"\" width=\"118\" height=\"159\" srcset=\"https:\/\/joukkosieessa.fi\/wp-content\/uploads\/2020\/01\/Niemi-Jouko-130609-222x300.jpg 222w, https:\/\/joukkosieessa.fi\/wp-content\/uploads\/2020\/01\/Niemi-Jouko-130609.jpg 305w\" sizes=\"auto, (max-width: 118px) 100vw, 118px\" \/><\/p>\n<h4><strong>343. Kapteeni Jouko Niemi, 4.rtk, 186 rt<\/strong><\/h4>\n<ul>\n<li><strong>Patteriston komentaja, Osasto Niemi\/KTR16 (III AK)<\/strong><\/li>\n<li><strong>Hukkui Yl\u00e4-Kuittij\u00e4rvi, Jyv\u00e4lahti, Uhtua 29.8.1942<\/strong><\/li>\n<\/ul>\n<p>Kapteeni Niemi, Jyv\u00e4lahden suuntaan perustetun tilap\u00e4ispatteriston komentaja, l\u00e4hti 29.8.42 illalla sy\u00f6ksyveneell\u00e4 Vuonnisessa, Yl\u00e4-Kuittij\u00e4rven toisella\u00a0puolella, olevalle rykmentin komentopaikalle. Keskell\u00e4 j\u00e4rven selk\u00e4\u00e4 kello 2015 sy\u00f6ksyveneen moottori pys\u00e4htyi, vene t\u00e4yttyi kovassa aallokossa vedell\u00e4 ja siin\u00e4 olleet joutuivat veden varaan. L\u00e4hell\u00e4 ollut lomalaiskuljetusvene n\u00e4ki tapahtuneen ja saapui hetken kuluttua paikalle, mutta kapteeni Nieme\u00e4 ei l\u00f6ydetty.<\/p>\n<hr \/>\n<p><img loading=\"lazy\" decoding=\"async\" class=\"wp-image-2117 alignright\" src=\"https:\/\/joukkosieessa.fi\/wp-content\/uploads\/2020\/01\/Roni_Paavo-242x300.jpg\" alt=\"\" width=\"118\" height=\"146\" srcset=\"https:\/\/joukkosieessa.fi\/wp-content\/uploads\/2020\/01\/Roni_Paavo-242x300.jpg 242w, https:\/\/joukkosieessa.fi\/wp-content\/uploads\/2020\/01\/Roni_Paavo-768x952.jpg 768w, https:\/\/joukkosieessa.fi\/wp-content\/uploads\/2020\/01\/Roni_Paavo-831x1030.jpg 831w, https:\/\/joukkosieessa.fi\/wp-content\/uploads\/2020\/01\/Roni_Paavo-1210x1500.jpg 1210w, https:\/\/joukkosieessa.fi\/wp-content\/uploads\/2020\/01\/Roni_Paavo-569x705.jpg 569w, https:\/\/joukkosieessa.fi\/wp-content\/uploads\/2020\/01\/Roni_Paavo-450x558.jpg 450w, https:\/\/joukkosieessa.fi\/wp-content\/uploads\/2020\/01\/Roni_Paavo.jpg 1476w\" sizes=\"auto, (max-width: 118px) 100vw, 118px\" \/><\/p>\n<h4><strong>344. Luutnantti Paavo Roni, 23.kadk, 1757<\/strong><\/h4>\n<ul>\n<li><strong>Komppanian p\u00e4\u00e4llikk\u00f6, 1.K\/I\/3.Pr (MaaR)<\/strong><\/li>\n<li><strong>Kaatui Krivi, Maaselk\u00e4 15.9.1942<\/strong><\/li>\n<\/ul>\n<p>Vihollinen aloitti yll\u00e4tt\u00e4en hy\u00f6kk\u00e4yksen Kriviss\u00e4 15.9.42 aamulla 3. Prikaatia vastaan, p\u00e4\u00e4sten voimakkaan tulivalmistelun my\u00f6t\u00e4 I Pataljoonan asemiin\u00a0puolitoista kilometri\u00e4 Krivin aseman koillispuolella. T\u00e4ydellisesti yll\u00e4tetyn pataljoonan vet\u00e4ytyess\u00e4 asemistaan, pataljoonan komentaja k\u00e4ski reservin\u00e4 olleen 1. komppanian ottamaan asemat takaisin. Vastaisku alkoi kello 1200 ja kymmeness\u00e4 minuutissa ensimm\u00e4inen tukikohta, Kataja, oli vallattu takaisin. Vastaisku jatkui edelleen seuraavaan menetettyyn tukikohtaan, Koivuun, joka oli aukean maaston takana eik\u00e4 sinne ollut yhteyshautoja. Vihollisen kiivaassa jalkav\u00e4en ja heittimist\u00f6n tulessa hy\u00f6kk\u00e4ys pys\u00e4htyi ja luutnantti Roni kaatui saatuaan kranaatinsirpaleen p\u00e4\u00e4h\u00e4ns\u00e4.<\/p>\n<hr \/>\n<p><img loading=\"lazy\" decoding=\"async\" class=\"wp-image-2118 alignright\" src=\"https:\/\/joukkosieessa.fi\/wp-content\/uploads\/2020\/01\/V%C3%A4%C3%A4n%C3%A4nen_Theodor-242x300.jpg\" alt=\"\" width=\"118\" height=\"146\" \/><\/p>\n<h4><strong>345. Luutnantti Theodor V\u00e4\u00e4n\u00e4nen, 25.kadk, 2190<\/strong><\/h4>\n<ul>\n<li><strong>Joukkueen johtaja, 15.K\/IV\/3.Pr (MaaR)<\/strong><\/li>\n<li><strong>Haavoittui Krivi, Maaselk\u00e4 16.9.1942, kuoli 66.SotaS \u00c4\u00e4nislinna 20.9.1942<\/strong><\/li>\n<\/ul>\n<p>Vihollinen hy\u00f6kk\u00e4si 16.9.42 aamulla kello 0400 uudelleen edellisen\u00e4 p\u00e4iv\u00e4n\u00e4 valtaamiinsa ja menett\u00e4miins\u00e4 3. Prikaatin asemiin puolitoista kilometri\u00e4\u00a0Krivin aseman koillispuolella pakottaen j\u00e4lleen etulinjan komppaniat vet\u00e4ytym\u00e4\u00e4n. Prikaatin reservin\u00e4 olleen IV Pataljoonan vastahy\u00f6kk\u00e4ys k\u00e4ynnistyi kello 2200 lyhyen tulivalmistelun j\u00e4lkeen. L\u00e4nnest\u00e4, tukikohta Katajasta kohti tukikohta Koivua, vy\u00f6rytt\u00e4nyt 15. komppania sai vastaansa voimakasta jalkav\u00e4en ja ep\u00e4suoraa tulta ja luutnantti V\u00e4\u00e4n\u00e4nen haavoittui vaikeasti kranaatinsirpaleista p\u00e4\u00e4h\u00e4n ja yl\u00e4vartaloon kuollen sotasairaalassa nelj\u00e4 p\u00e4iv\u00e4\u00e4 my\u00f6hemmin.<a href=\"#_ednref1\" name=\"_edn1\"><\/a><\/p>\n<\/div><\/section><br \/>\n\n<style type=\"text\/css\" data-created_by=\"avia_inline_auto\" id=\"style-css-av-av_heading-5499b5c920e3bd77c1b5b84f0a9a30a8\">\n#top .av-special-heading.av-av_heading-5499b5c920e3bd77c1b5b84f0a9a30a8{\nmargin:0 0 10px 0;\npadding-bottom:10px;\n}\nbody .av-special-heading.av-av_heading-5499b5c920e3bd77c1b5b84f0a9a30a8 .av-special-heading-tag .heading-char{\nfont-size:25px;\n}\n.av-special-heading.av-av_heading-5499b5c920e3bd77c1b5b84f0a9a30a8 .av-subheading{\nfont-size:15px;\n}\n<\/style>\n<div  class='av-special-heading av-av_heading-5499b5c920e3bd77c1b5b84f0a9a30a8 av-special-heading-h2  avia-builder-el-5  el_after_av_textblock  el_before_av_textblock '><h2 class='av-special-heading-tag'  itemprop=\"headline\"  >L\u00e4hteet<\/h2><div class=\"special-heading-border\"><div class=\"special-heading-inner-border\"><\/div><\/div><\/div><br \/>\n<section  class='av_textblock_section av-k7ntca64-c0d90ce525c12377d2028fa0a998041f '   itemscope=\"itemscope\" itemtype=\"https:\/\/schema.org\/CreativeWork\" ><div class='avia_textblock'  itemprop=\"text\" ><p>L\u00e4hteet esitetty kirjassa ja sen s\u00e4hk\u00f6isess\u00e4 versiossa (PDF) joka on ladattavissa Kadettikunnan ja t\u00e4m\u00e4n sivuston verkkosivuilta.<\/p>\n<\/div><\/section><br \/>\n\n<style type=\"text\/css\" data-created_by=\"avia_inline_auto\" id=\"style-css-av-k47j6vg7-d3fd1f40b5858f4982ee5b8d5d9dc574\">\n#top .avia_search_element.av-k47j6vg7-d3fd1f40b5858f4982ee5b8d5d9dc574 .av_searchform_wrapper{\nborder-radius:0px 0px 0px 0px;\n}\n#top .avia_search_element.av-k47j6vg7-d3fd1f40b5858f4982ee5b8d5d9dc574 #s.av-input-field{\nborder-radius:0px 0px 0px 0px;\n}\n#top .avia_search_element.av-k47j6vg7-d3fd1f40b5858f4982ee5b8d5d9dc574 .av_searchsubmit_wrapper{\nborder-radius:0px 0px 0px 0px;\n}\n#top .avia_search_element.av-k47j6vg7-d3fd1f40b5858f4982ee5b8d5d9dc574 #searchsubmit{\nborder-radius:0px 0px 0px 0px;\n}\n.ajax_search_response.av-k47j6vg7-d3fd1f40b5858f4982ee5b8d5d9dc574{\npadding:0px 0px 0px 0px;\nmargin:0px 0px 0px 0px;\n}\n<\/style>\n<div  class='avia_search_element av-k47j6vg7-d3fd1f40b5858f4982ee5b8d5d9dc574  avia-builder-el-7  el_after_av_textblock  avia-builder-el-last '><form action='https:\/\/joukkosieessa.fi\/' id='searchform_element' method='get' class='' data-element_id='av-k47j6vg7-d3fd1f40b5858f4982ee5b8d5d9dc574' ><div class='av_searchform_wrapper'><input type='text' value='' id='s' name='s' placeholder='Haku artikkeleista...' class='av-input-field av-input-hasicon' \/><span class='av-input-field-icon av-search-icon avia-font-entypo-fontello'>\ue803<\/span><div class='av_searchsubmit_wrapper '><input type='submit' value='HAE' id='searchsubmit' class='button ' \/><\/div><input type='hidden' name='numberposts' value='5' \/><input type='hidden' name='post_type' value='post' \/><input type='hidden' name='results_hide_fields' value='' \/><\/div><\/form><\/div><\/p><\/div>\n<style type=\"text\/css\" data-created_by=\"avia_inline_auto\" id=\"style-css-av-4u11nc-a2c1593b160aa9a89115d1912d17d29c\">\n.flex_column.av-4u11nc-a2c1593b160aa9a89115d1912d17d29c{\nborder-radius:0px 0px 0px 0px;\npadding:0px 0px 0px 0px;\n}\n<\/style>\n<div  class='flex_column av-4u11nc-a2c1593b160aa9a89115d1912d17d29c av_one_half  avia-builder-el-8  el_after_av_one_full  el_before_av_one_half  first flex_column_div av-zero-column-padding  column-top-margin'     ><div  class='avia-button-wrap av-k7nq32vb-71254f31f7f0fefa09a296cbf798ef30-wrap avia-button-left  avia-builder-el-9  avia-builder-el-no-sibling '><a href='https:\/\/joukkosieessa.fi\/index.php\/sodan-aika\/jatkosota\/asemasota\/kesa-heinakuu-1942\/'  class='avia-button av-k7nq32vb-71254f31f7f0fefa09a296cbf798ef30 avia-icon_select-no avia-size-small avia-position-left avia-color-theme-color-highlight'  ><span class='avia_iconbox_title' >Kes\u00e4-, hein\u00e4kuu 1942<\/span><\/a><\/div><\/div><\/p>\n\n<style type=\"text\/css\" data-created_by=\"avia_inline_auto\" id=\"style-css-av-afrrc-4b9424cdab5f6d5a75ba4d3c4940b671\">\n.flex_column.av-afrrc-4b9424cdab5f6d5a75ba4d3c4940b671{\nborder-radius:0px 0px 0px 0px;\npadding:0px 0px 0px 0px;\n}\n<\/style>\n<div  class='flex_column av-afrrc-4b9424cdab5f6d5a75ba4d3c4940b671 av_one_half  avia-builder-el-10  el_after_av_one_half  avia-builder-el-last  flex_column_div av-zero-column-padding  column-top-margin'     ><div  class='avia-button-wrap av-k7nq3ghb-e39d38a18ca60e91be78775ece153100-wrap avia-button-right  avia-builder-el-11  avia-builder-el-no-sibling '><a href='https:\/\/joukkosieessa.fi\/index.php\/sodan-aika\/jatkosota\/asemasota\/loka-marras-joulukuu-1942\/'  class='avia-button av-k7nq3ghb-e39d38a18ca60e91be78775ece153100 avia-icon_select-no avia-size-small avia-position-right avia-color-theme-color-highlight'  ><span class='avia_iconbox_title' >Loka-, marras-, joulukuu 1942<\/span><\/a><\/div><\/div>\n","protected":false},"excerpt":{"rendered":"","protected":false},"author":1,"featured_media":0,"parent":1952,"menu_order":6,"comment_status":"closed","ping_status":"closed","template":"","meta":{"footnotes":""},"class_list":["post-1976","page","type-page","status-publish","hentry"],"_links":{"self":[{"href":"https:\/\/joukkosieessa.fi\/index.php\/wp-json\/wp\/v2\/pages\/1976","targetHints":{"allow":["GET"]}}],"collection":[{"href":"https:\/\/joukkosieessa.fi\/index.php\/wp-json\/wp\/v2\/pages"}],"about":[{"href":"https:\/\/joukkosieessa.fi\/index.php\/wp-json\/wp\/v2\/types\/page"}],"author":[{"embeddable":true,"href":"https:\/\/joukkosieessa.fi\/index.php\/wp-json\/wp\/v2\/users\/1"}],"replies":[{"embeddable":true,"href":"https:\/\/joukkosieessa.fi\/index.php\/wp-json\/wp\/v2\/comments?post=1976"}],"version-history":[{"count":13,"href":"https:\/\/joukkosieessa.fi\/index.php\/wp-json\/wp\/v2\/pages\/1976\/revisions"}],"predecessor-version":[{"id":3968,"href":"https:\/\/joukkosieessa.fi\/index.php\/wp-json\/wp\/v2\/pages\/1976\/revisions\/3968"}],"up":[{"embeddable":true,"href":"https:\/\/joukkosieessa.fi\/index.php\/wp-json\/wp\/v2\/pages\/1952"}],"wp:attachment":[{"href":"https:\/\/joukkosieessa.fi\/index.php\/wp-json\/wp\/v2\/media?parent=1976"}],"curies":[{"name":"wp","href":"https:\/\/api.w.org\/{rel}","templated":true}]}}