{"id":1980,"date":"2020-01-05T21:30:28","date_gmt":"2020-01-05T21:30:28","guid":{"rendered":"https:\/\/joukkosieessa.fi\/?page_id=1980"},"modified":"2020-09-21T08:44:15","modified_gmt":"2020-09-21T08:44:15","slug":"loka-marras-joulukuu-1942","status":"publish","type":"page","link":"https:\/\/joukkosieessa.fi\/index.php\/sodan-aika\/jatkosota\/asemasota\/loka-marras-joulukuu-1942\/","title":{"rendered":"Loka-, marras-, joulukuu 1942"},"content":{"rendered":"<div id='full_slider_1'  class='avia-fullwidth-slider main_color avia-shadow   avia-builder-el-0  el_before_av_one_full  avia-builder-el-first   container_wrap sidebar_right'  >\n<style type=\"text\/css\" data-created_by=\"avia_inline_auto\" id=\"style-css-av-akhp-b6f614b8154ad80be0284d699659eb53\">\n#top .avia-slideshow .av-slideshow-caption.av-akhp-b6f614b8154ad80be0284d699659eb53__0 .avia-caption-content{\nfont-size:14px;\n}\n#top .avia-slideshow .av-slideshow-caption.av-akhp-b6f614b8154ad80be0284d699659eb53__0 .avia-caption-content p{\nfont-size:14px;\n}\n<\/style>\n<div  class='avia-slideshow av-akhp-b6f614b8154ad80be0284d699659eb53 avia-slideshow-featured av_slideshow_full avia-slide-slider av-slideshow-ui av-control-default av-slideshow-manual av-loop-once av-loop-manual-endless av-default-height-applied   avia-slideshow-1' data-slideshow-options=\"{&quot;animation&quot;:&quot;slide&quot;,&quot;autoplay&quot;:false,&quot;loop_autoplay&quot;:&quot;once&quot;,&quot;interval&quot;:5,&quot;loop_manual&quot;:&quot;manual-endless&quot;,&quot;autoplay_stopper&quot;:false,&quot;noNavigation&quot;:false,&quot;bg_slider&quot;:false,&quot;keep_padding&quot;:false,&quot;hoverpause&quot;:false,&quot;show_slide_delay&quot;:0}\"  itemprop=\"image\" itemscope=\"itemscope\" itemtype=\"https:\/\/schema.org\/ImageObject\" ><ul class='avia-slideshow-inner ' style='padding-bottom: 28.666666666667%;'><li  class='avia-slideshow-slide av-akhp-b6f614b8154ad80be0284d699659eb53__0  av-single-slide slide-1 slide-odd'><div data-rel='slideshow-1' class='avia-slide-wrap '   ><div class='av-slideshow-caption av-akhp-b6f614b8154ad80be0284d699659eb53__0 caption_fullwidth caption_bottom caption_bottom_framed caption_framed'><div class=\"container caption_container\"><div class=\"slideshow_caption\"><div class=\"slideshow_inner_caption\"><div class=\"slideshow_align_caption\"><div class='avia-caption-content '  itemprop=\"description\" ><p>MAJURI AUVO MAUNULA (10.KADK) SAA MANNERHEIM-RISTIN YLIP\u00c4\u00c4LLIK\u00d6LT\u00c4 P\u00c4\u00c4MAJASSA 15.9.1942,<br \/>\nVIERESS\u00c4\u00c4N KADETTI, RESERVIN KAPTEENI JA TULEVA JALKAV\u00c4EN KENRAALI JA PUOLUSTUSVOIMAIN KOMENTAJA YRJ\u00d6 KEINONEN (26.KADK).<\/p>\n<\/div><\/div><\/div><\/div><\/div><\/div><img fetchpriority=\"high\" class=\"wp-image-3632 avia-img-lazy-loading-not-3632\"  src='https:\/\/joukkosieessa.fi\/wp-content\/uploads\/2020\/03\/Asemasota_Marraskuu_1943-2-1500x430.jpg' width='1500' height='430' title='Asemasota_Marraskuu_1943' alt=''  itemprop=\"thumbnailUrl\"   \/><\/div><\/li><\/ul><\/div><\/div><div id='after_full_slider_1'  class='main_color av_default_container_wrap container_wrap sidebar_right'  ><div class='container av-section-cont-open' ><div class='template-page content  av-content-small alpha units'><div class='post-entry post-entry-type-page post-entry-1980'><div class='entry-content-wrapper clearfix'>\n\n<style type=\"text\/css\" data-created_by=\"avia_inline_auto\" id=\"style-css-av-4k1r-3ed26eaf4f9e1fe5afee569a008105ec\">\n.flex_column.av-4k1r-3ed26eaf4f9e1fe5afee569a008105ec{\nborder-radius:0px 0px 0px 0px;\npadding:0px 0px 10px 10px;\n}\n<\/style>\n<div  class='flex_column av-4k1r-3ed26eaf4f9e1fe5afee569a008105ec av_one_full  avia-builder-el-1  el_after_av_slideshow_full  el_before_av_one_half  avia-builder-el-first  first flex_column_div  '     ><p>\n<style type=\"text\/css\" data-created_by=\"avia_inline_auto\" id=\"style-css-av-av_heading-76b1ce726030808d7eea8eb4835f3701\">\n#top .av-special-heading.av-av_heading-76b1ce726030808d7eea8eb4835f3701{\nmargin:0 0 -5px 0;\npadding-bottom:0;\n}\nbody .av-special-heading.av-av_heading-76b1ce726030808d7eea8eb4835f3701 .av-special-heading-tag .heading-char{\nfont-size:25px;\n}\n.av-special-heading.av-av_heading-76b1ce726030808d7eea8eb4835f3701 .av-subheading{\nfont-size:15px;\n}\n<\/style>\n<div  class='av-special-heading av-av_heading-76b1ce726030808d7eea8eb4835f3701 av-special-heading-h1  avia-builder-el-2  el_before_av_heading  avia-builder-el-first '><h1 class='av-special-heading-tag'  itemprop=\"headline\"  >Loka-, marras-, joulukuu 1942<\/h1><div class=\"special-heading-border\"><div class=\"special-heading-inner-border\"><\/div><\/div><\/div><br \/>\n\n<style type=\"text\/css\" data-created_by=\"avia_inline_auto\" id=\"style-css-av-kfca9k2i-3646efcf50217442f4015138995c37d3\">\n#top .av-special-heading.av-kfca9k2i-3646efcf50217442f4015138995c37d3{\nmargin:0 0 10px 0;\npadding-bottom:10px;\n}\nbody .av-special-heading.av-kfca9k2i-3646efcf50217442f4015138995c37d3 .av-special-heading-tag .heading-char{\nfont-size:25px;\n}\n.av-special-heading.av-kfca9k2i-3646efcf50217442f4015138995c37d3 .av-subheading{\nfont-size:15px;\n}\n<\/style>\n<div  class='av-special-heading av-kfca9k2i-3646efcf50217442f4015138995c37d3 av-special-heading-h2  avia-builder-el-3  el_after_av_heading  el_before_av_textblock '><h2 class='av-special-heading-tag'  itemprop=\"headline\"  >MENEHTYNEET KADETTIUPSEERIT JA KADETIT<\/h2><div class=\"special-heading-border\"><div class=\"special-heading-inner-border\"><\/div><\/div><\/div><br \/>\n\n<style type=\"text\/css\" data-created_by=\"avia_inline_auto\" id=\"style-css-av-3o2n-f8ecf9facd2b0c750a152e7b87905b4d\">\n#top .av_textblock_section.av-3o2n-f8ecf9facd2b0c750a152e7b87905b4d .avia_textblock{\nfont-size:15px;\n}\n<\/style>\n<section  class='av_textblock_section av-3o2n-f8ecf9facd2b0c750a152e7b87905b4d '   itemscope=\"itemscope\" itemtype=\"https:\/\/schema.org\/CreativeWork\" ><div class='avia_textblock'  itemprop=\"text\" ><p><strong><img loading=\"lazy\" decoding=\"async\" class=\"wp-image-3063 alignright\" style=\"font-weight: 400;\" src=\"https:\/\/joukkosieessa.fi\/wp-content\/uploads\/2020\/02\/Sauru_Veikko-226x300.jpg\" alt=\"\" width=\"113\" height=\"150\" srcset=\"https:\/\/joukkosieessa.fi\/wp-content\/uploads\/2020\/02\/Sauru_Veikko-226x300.jpg 226w, https:\/\/joukkosieessa.fi\/wp-content\/uploads\/2020\/02\/Sauru_Veikko-768x1021.jpg 768w, https:\/\/joukkosieessa.fi\/wp-content\/uploads\/2020\/02\/Sauru_Veikko-775x1030.jpg 775w, https:\/\/joukkosieessa.fi\/wp-content\/uploads\/2020\/02\/Sauru_Veikko-1128x1500.jpg 1128w, https:\/\/joukkosieessa.fi\/wp-content\/uploads\/2020\/02\/Sauru_Veikko-530x705.jpg 530w, https:\/\/joukkosieessa.fi\/wp-content\/uploads\/2020\/02\/Sauru_Veikko-450x598.jpg 450w, https:\/\/joukkosieessa.fi\/wp-content\/uploads\/2020\/02\/Sauru_Veikko.jpg 1343w\" sizes=\"auto, (max-width: 113px) 100vw, 113px\" \/><\/strong><\/p>\n<h4><strong>346. Kapteeni Veikko Sauru, 20.kadk, 1498<\/strong><\/h4>\n<ul>\n<li><strong>Ohjaaja, 1.Ltue\/LeLv30\/LeR3<\/strong><\/li>\n<li><strong>Kuoli lento-onnettomuudessa Suulaj\u00e4rvi, Muolaa 1.10.1942<\/strong><\/li>\n<\/ul>\n<p>Kapteeni Sauru oli 1.10.42 opastamassa uutta ohjaajaa Kannaksen rintamalinjaan ja harjoittelemassa ilmataistelua, kun h\u00e4nen Fokker FR-124-koneensa\u00a0sy\u00f6ksyi virheliikkeen seurauksena mets\u00e4\u00e4n noin kilometri Suulaj\u00e4rven kent\u00e4n pohjoispuolella. Sauru sai v\u00e4litt\u00f6m\u00e4sti surmansa koneen murskautuessa ja syttyess\u00e4 palamaan.<\/p>\n<hr \/>\n<p><img loading=\"lazy\" decoding=\"async\" class=\"wp-image-3065 alignright\" src=\"https:\/\/joukkosieessa.fi\/wp-content\/uploads\/2020\/02\/T\u00f6rr\u00f6nen_Ragnar-226x300.jpg\" alt=\"\" width=\"113\" height=\"150\" srcset=\"https:\/\/joukkosieessa.fi\/wp-content\/uploads\/2020\/02\/T\u00f6rr\u00f6nen_Ragnar-226x300.jpg 226w, https:\/\/joukkosieessa.fi\/wp-content\/uploads\/2020\/02\/T\u00f6rr\u00f6nen_Ragnar-768x1017.jpg 768w, https:\/\/joukkosieessa.fi\/wp-content\/uploads\/2020\/02\/T\u00f6rr\u00f6nen_Ragnar-778x1030.jpg 778w, https:\/\/joukkosieessa.fi\/wp-content\/uploads\/2020\/02\/T\u00f6rr\u00f6nen_Ragnar-1132x1500.jpg 1132w, https:\/\/joukkosieessa.fi\/wp-content\/uploads\/2020\/02\/T\u00f6rr\u00f6nen_Ragnar-532x705.jpg 532w, https:\/\/joukkosieessa.fi\/wp-content\/uploads\/2020\/02\/T\u00f6rr\u00f6nen_Ragnar-450x596.jpg 450w, https:\/\/joukkosieessa.fi\/wp-content\/uploads\/2020\/02\/T\u00f6rr\u00f6nen_Ragnar.jpg 1217w\" sizes=\"auto, (max-width: 113px) 100vw, 113px\" \/><\/p>\n<h4><strong>347. Kapteeniluutnantti Ragnar T\u00f6rr\u00f6nen, 5.mek, 66 me<\/strong><\/h4>\n<ul>\n<li><strong>Toipilas (Toimistop\u00e4\u00e4llikk\u00f6, HelLA\/Meriv)<\/strong><\/li>\n<li><strong>Kuoli sairauteen Lahti 12.10.1942<\/strong><\/li>\n<\/ul>\n<p>Kapteeniluutnantti T\u00f6rr\u00f6nen oli hoidettavana 55. Sotasairaalassa 13.1.42 alkaen keuhkotaudin vuoksi ja kuoli siihen toipumislomalla ollessaan 12.10.42 Salpaussel\u00e4n sairaalassa.<\/p>\n<hr \/>\n<p><strong><img loading=\"lazy\" decoding=\"async\" class=\"wp-image-3066 alignright\" style=\"font-weight: 400;\" src=\"https:\/\/joukkosieessa.fi\/wp-content\/uploads\/2020\/02\/Siivonen_Arvo-227x300.jpg\" alt=\"\" width=\"114\" height=\"151\" srcset=\"https:\/\/joukkosieessa.fi\/wp-content\/uploads\/2020\/02\/Siivonen_Arvo-227x300.jpg 227w, https:\/\/joukkosieessa.fi\/wp-content\/uploads\/2020\/02\/Siivonen_Arvo-768x1014.jpg 768w, https:\/\/joukkosieessa.fi\/wp-content\/uploads\/2020\/02\/Siivonen_Arvo-780x1030.jpg 780w, https:\/\/joukkosieessa.fi\/wp-content\/uploads\/2020\/02\/Siivonen_Arvo-1136x1500.jpg 1136w, https:\/\/joukkosieessa.fi\/wp-content\/uploads\/2020\/02\/Siivonen_Arvo-534x705.jpg 534w, https:\/\/joukkosieessa.fi\/wp-content\/uploads\/2020\/02\/Siivonen_Arvo-450x594.jpg 450w, https:\/\/joukkosieessa.fi\/wp-content\/uploads\/2020\/02\/Siivonen_Arvo.jpg 1219w\" sizes=\"auto, (max-width: 114px) 100vw, 114px\" \/><\/strong><\/p>\n<h4><strong>348. Kapteeni Arvo Siivonen, 11.kadk, 684<\/strong><\/h4>\n<ul>\n<li><strong>Pataljoonan komentaja, III\/JR50 (11.D\/V AK\/AunR)<\/strong><\/li>\n<li><strong>Kaatui Vadrusj\u00e4rvi, Syv\u00e4ri 28.10.1942<\/strong><\/li>\n<\/ul>\n<p>Selustasta tullut noin kymmenmiehinen vihollispartio hy\u00f6kk\u00e4si Vadrusj\u00e4rvell\u00e4 Sauma-tukikohdan kimppuun 28.10.42 kello 0805. Naapuritukikohdasta\u00a0tarkastusk\u00e4ynnilt\u00e4 tulossa ollut kapteeni Siivonen saapui samaan aikaan paikalle ja kaatui k\u00e4ydyss\u00e4 tulitaistelussa saatuaan kiv\u00e4\u00e4rin luodin osuman kylkeens\u00e4.<\/p>\n<p>Siivonen ylennettiin kaatumisensa j\u00e4lkeen 1.11.42 annetulla Ylip\u00e4\u00e4llik\u00f6n p\u00e4iv\u00e4k\u00e4skyll\u00e4 79\/42 takautuvasti majuriksi p\u00e4iv\u00e4m\u00e4\u00e4r\u00e4ll\u00e4 27.10.42.<\/p>\n<hr \/>\n<p><img loading=\"lazy\" decoding=\"async\" class=\"wp-image-2530 alignright\" src=\"https:\/\/joukkosieessa.fi\/wp-content\/uploads\/2020\/01\/Ovaska-Emil-Johannes-300807-223x300.jpg\" alt=\"\" width=\"118\" height=\"159\" srcset=\"https:\/\/joukkosieessa.fi\/wp-content\/uploads\/2020\/01\/Ovaska-Emil-Johannes-300807-223x300.jpg 223w, https:\/\/joukkosieessa.fi\/wp-content\/uploads\/2020\/01\/Ovaska-Emil-Johannes-300807.jpg 307w\" sizes=\"auto, (max-width: 118px) 100vw, 118px\" \/><\/p>\n<h4><strong>349. Kapteeni Emil Ovaska, 5.rtk, 220 rt<\/strong><\/h4>\n<ul>\n<li><strong>Toimistop\u00e4\u00e4llikk\u00f6, Tsto II\/E\/RTR13 (LaaRPr)<\/strong><\/li>\n<li><strong>Hukkui Ukonniemi, Vitele 14.11.1942<\/strong><\/li>\n<\/ul>\n<p>Kapteeni Ovaska hukkui 14.11.42 aamulla Ukonniemen edustalla Laatokalla ollessaan kovan tuulen aikana kalastamassa. H\u00e4nen ruumiinsa l\u00f6ydettiin\u00a0kes\u00e4ll\u00e4 1943.<\/p>\n<hr \/>\n<p><img loading=\"lazy\" decoding=\"async\" class=\"wp-image-2912 alignright\" src=\"https:\/\/joukkosieessa.fi\/wp-content\/uploads\/2020\/02\/Alppisara_Robert-243x300.jpg\" alt=\"\" width=\"120\" height=\"148\" srcset=\"https:\/\/joukkosieessa.fi\/wp-content\/uploads\/2020\/02\/Alppisara_Robert-243x300.jpg 243w, https:\/\/joukkosieessa.fi\/wp-content\/uploads\/2020\/02\/Alppisara_Robert.jpg 449w\" sizes=\"auto, (max-width: 120px) 100vw, 120px\" \/><\/p>\n<h4><strong>350. Luutnantti Robert Alppisara, 23.kadk, 1688<\/strong><\/h4>\n<ul>\n<li><strong>Komppanian p\u00e4\u00e4llikk\u00f6, 2.K\/\/I\/JR2 (5.D\/VI AK\/AunR)<\/strong><\/li>\n<li><strong>Kaatui Voimalaitoksen lohko, Syv\u00e4ri 29.11.1942<\/strong><\/li>\n<\/ul>\n<p>Jalkav\u00e4kirykmentti 2:n I Pataljoonan komentaja oli 29.11.42 kello 1130 suorittamassa Syv\u00e4rin\u00a0Voimalaitoksen lohkolla etulinjan tarkastusta. Luutnantti Alppisaran seistess\u00e4 yhteyshaudan vallin reunalla ja selostaessa komppaniansa tilannetta 30 &#8211; 40 metri\u00e4 etulinjan takana, ampui vihollisen tarkka-ampuja puiden ja pensaiden l\u00e4vitse Alppisaraa kurkkuun h\u00e4nen kaatuessa v\u00e4litt\u00f6m\u00e4sti.<\/p>\n<hr \/>\n<p><img loading=\"lazy\" decoding=\"async\" class=\"wp-image-2120 alignright\" src=\"https:\/\/joukkosieessa.fi\/wp-content\/uploads\/2020\/01\/Winell_Berndt-238x300.jpg\" alt=\"\" width=\"118\" height=\"149\" srcset=\"https:\/\/joukkosieessa.fi\/wp-content\/uploads\/2020\/01\/Winell_Berndt-238x300.jpg 238w, https:\/\/joukkosieessa.fi\/wp-content\/uploads\/2020\/01\/Winell_Berndt-768x967.jpg 768w, https:\/\/joukkosieessa.fi\/wp-content\/uploads\/2020\/01\/Winell_Berndt-818x1030.jpg 818w, https:\/\/joukkosieessa.fi\/wp-content\/uploads\/2020\/01\/Winell_Berndt-1191x1500.jpg 1191w, https:\/\/joukkosieessa.fi\/wp-content\/uploads\/2020\/01\/Winell_Berndt-560x705.jpg 560w, https:\/\/joukkosieessa.fi\/wp-content\/uploads\/2020\/01\/Winell_Berndt-450x567.jpg 450w, https:\/\/joukkosieessa.fi\/wp-content\/uploads\/2020\/01\/Winell_Berndt.jpg 1368w\" sizes=\"auto, (max-width: 118px) 100vw, 118px\" \/><\/p>\n<h4><strong>351. Luutnantti Berndt Winell, 24.kadk, 1975<\/strong><\/h4>\n<ul>\n<li><strong>Patterin p\u00e4\u00e4llikk\u00f6, 8.Ptri\/III\/KTR16 (3.D\/III AK)<\/strong><\/li>\n<li><strong>Kaatui Uhtua 22.12.1942<\/strong><\/li>\n<\/ul>\n<p>Luutnantti Winell kaatui 22.12.42 kello 1315 tulenjohtopaikassa Malviaisten tien suunnassa noin 14 kilometri\u00e4 Uhtuan pohjoispuolella saatuaan suorasuuntaustykin kranaatin sirpaleen p\u00e4\u00e4h\u00e4ns\u00e4.<\/p>\n<hr \/>\n<p><img loading=\"lazy\" decoding=\"async\" class=\"wp-image-2590 alignright\" src=\"https:\/\/joukkosieessa.fi\/wp-content\/uploads\/2020\/01\/Paasikivi-Juhani-Wilhelm-301101-223x300.jpg\" alt=\"\" width=\"118\" height=\"159\" srcset=\"https:\/\/joukkosieessa.fi\/wp-content\/uploads\/2020\/01\/Paasikivi-Juhani-Wilhelm-301101-223x300.jpg 223w, https:\/\/joukkosieessa.fi\/wp-content\/uploads\/2020\/01\/Paasikivi-Juhani-Wilhelm-301101.jpg 307w\" sizes=\"auto, (max-width: 118px) 100vw, 118px\" \/><\/p>\n<h4><strong>352. Everstiluutnantti Juhani Paasikivi, 3.kadk, 119<\/strong><\/h4>\n<ul>\n<li><strong>Ilmatorjuntakomentaja, E (MaaR)<\/strong><\/li>\n<li><strong>Kuoli sairaskohtaukseen Semsj\u00e4rven kyl\u00e4, Maaselk\u00e4 30.12.1942<\/strong><\/li>\n<\/ul>\n<p>Everstiluutnantti Paasikivi kuoli 30.12.42 kello 1330 syd\u00e4nhalvaukseen toimistossaan Maasel\u00e4n Ryhm\u00e4n esikunnassa.<a href=\"#_ednref1\" name=\"_edn1\"><\/a><\/p>\n<\/div><\/section><br \/>\n\n<style type=\"text\/css\" data-created_by=\"avia_inline_auto\" id=\"style-css-av-av_heading-5499b5c920e3bd77c1b5b84f0a9a30a8\">\n#top .av-special-heading.av-av_heading-5499b5c920e3bd77c1b5b84f0a9a30a8{\nmargin:0 0 10px 0;\npadding-bottom:10px;\n}\nbody .av-special-heading.av-av_heading-5499b5c920e3bd77c1b5b84f0a9a30a8 .av-special-heading-tag .heading-char{\nfont-size:25px;\n}\n.av-special-heading.av-av_heading-5499b5c920e3bd77c1b5b84f0a9a30a8 .av-subheading{\nfont-size:15px;\n}\n<\/style>\n<div  class='av-special-heading av-av_heading-5499b5c920e3bd77c1b5b84f0a9a30a8 av-special-heading-h2  avia-builder-el-5  el_after_av_textblock  el_before_av_textblock '><h2 class='av-special-heading-tag'  itemprop=\"headline\"  >L\u00e4hteet<\/h2><div class=\"special-heading-border\"><div class=\"special-heading-inner-border\"><\/div><\/div><\/div><br \/>\n<section  class='av_textblock_section av-k7ntcthi-7b1e97a3823dc5852120a4b84b110e5f '   itemscope=\"itemscope\" itemtype=\"https:\/\/schema.org\/CreativeWork\" ><div class='avia_textblock'  itemprop=\"text\" ><p>L\u00e4hteet esitetty kirjassa ja sen s\u00e4hk\u00f6isess\u00e4 versiossa (PDF) joka on ladattavissa Kadettikunnan ja t\u00e4m\u00e4n sivuston verkkosivuilta.<\/p>\n<\/div><\/section><br \/>\n\n<style type=\"text\/css\" data-created_by=\"avia_inline_auto\" id=\"style-css-av-k47j6vg7-d3fd1f40b5858f4982ee5b8d5d9dc574\">\n#top .avia_search_element.av-k47j6vg7-d3fd1f40b5858f4982ee5b8d5d9dc574 .av_searchform_wrapper{\nborder-radius:0px 0px 0px 0px;\n}\n#top .avia_search_element.av-k47j6vg7-d3fd1f40b5858f4982ee5b8d5d9dc574 #s.av-input-field{\nborder-radius:0px 0px 0px 0px;\n}\n#top .avia_search_element.av-k47j6vg7-d3fd1f40b5858f4982ee5b8d5d9dc574 .av_searchsubmit_wrapper{\nborder-radius:0px 0px 0px 0px;\n}\n#top .avia_search_element.av-k47j6vg7-d3fd1f40b5858f4982ee5b8d5d9dc574 #searchsubmit{\nborder-radius:0px 0px 0px 0px;\n}\n.ajax_search_response.av-k47j6vg7-d3fd1f40b5858f4982ee5b8d5d9dc574{\npadding:0px 0px 0px 0px;\nmargin:0px 0px 0px 0px;\n}\n<\/style>\n<div  class='avia_search_element av-k47j6vg7-d3fd1f40b5858f4982ee5b8d5d9dc574  avia-builder-el-7  el_after_av_textblock  avia-builder-el-last '><form action='https:\/\/joukkosieessa.fi\/' id='searchform_element' method='get' class='' data-element_id='av-k47j6vg7-d3fd1f40b5858f4982ee5b8d5d9dc574' ><div class='av_searchform_wrapper'><input type='text' value='' id='s' name='s' placeholder='Haku artikkeleista...' class='av-input-field av-input-hasicon' \/><span class='av-input-field-icon av-search-icon avia-font-entypo-fontello'>\ue803<\/span><div class='av_searchsubmit_wrapper '><input type='submit' value='HAE' id='searchsubmit' class='button ' \/><\/div><input type='hidden' name='numberposts' value='5' \/><input type='hidden' name='post_type' value='post' \/><input type='hidden' name='results_hide_fields' value='' \/><\/div><\/form><\/div><\/p><\/div>\n<style type=\"text\/css\" data-created_by=\"avia_inline_auto\" id=\"style-css-av-3hov1o-e88d1625995ab07d1c1079f8c2ecd5a1\">\n.flex_column.av-3hov1o-e88d1625995ab07d1c1079f8c2ecd5a1{\nborder-radius:0px 0px 0px 0px;\npadding:0px 0px 0px 0px;\n}\n<\/style>\n<div  class='flex_column av-3hov1o-e88d1625995ab07d1c1079f8c2ecd5a1 av_one_half  avia-builder-el-8  el_after_av_one_full  el_before_av_one_half  first flex_column_div av-zero-column-padding  column-top-margin'     ><div  class='avia-button-wrap av-k7nq67fb-8386b430d34c4aa2d7e084604f0d9579-wrap avia-button-left  avia-builder-el-9  avia-builder-el-no-sibling '><a href='https:\/\/joukkosieessa.fi\/index.php\/sodan-aika\/jatkosota\/asemasota\/elo-syyskuu-1942\/'  class='avia-button av-k7nq67fb-8386b430d34c4aa2d7e084604f0d9579 avia-icon_select-no avia-size-small avia-position-left avia-color-theme-color-highlight'  ><span class='avia_iconbox_title' >Elo-, syyskuu 1942<\/span><\/a><\/div><\/div><\/p>\n\n<style type=\"text\/css\" data-created_by=\"avia_inline_auto\" id=\"style-css-av-2e892k-d39c98250c74d22d268ea9141b6f4350\">\n.flex_column.av-2e892k-d39c98250c74d22d268ea9141b6f4350{\nborder-radius:0px 0px 0px 0px;\npadding:0px 0px 0px 0px;\n}\n<\/style>\n<div  class='flex_column av-2e892k-d39c98250c74d22d268ea9141b6f4350 av_one_half  avia-builder-el-10  el_after_av_one_half  avia-builder-el-last  flex_column_div av-zero-column-padding  column-top-margin'     ><div  class='avia-button-wrap av-k7nq6n5b-ee662c18425970f7227cd9c0fc3840f4-wrap avia-button-right  avia-builder-el-11  avia-builder-el-no-sibling '><a href='https:\/\/joukkosieessa.fi\/index.php\/sodan-aika\/jatkosota\/asemasota\/tammi-helmikuu-1943\/'  class='avia-button av-k7nq6n5b-ee662c18425970f7227cd9c0fc3840f4 avia-icon_select-no avia-size-small avia-position-right avia-color-theme-color-highlight'  ><span class='avia_iconbox_title' >Tammi, helmikuu 1943<\/span><\/a><\/div><\/div>\n","protected":false},"excerpt":{"rendered":"","protected":false},"author":1,"featured_media":0,"parent":1952,"menu_order":7,"comment_status":"closed","ping_status":"closed","template":"","meta":{"footnotes":""},"class_list":["post-1980","page","type-page","status-publish","hentry"],"_links":{"self":[{"href":"https:\/\/joukkosieessa.fi\/index.php\/wp-json\/wp\/v2\/pages\/1980","targetHints":{"allow":["GET"]}}],"collection":[{"href":"https:\/\/joukkosieessa.fi\/index.php\/wp-json\/wp\/v2\/pages"}],"about":[{"href":"https:\/\/joukkosieessa.fi\/index.php\/wp-json\/wp\/v2\/types\/page"}],"author":[{"embeddable":true,"href":"https:\/\/joukkosieessa.fi\/index.php\/wp-json\/wp\/v2\/users\/1"}],"replies":[{"embeddable":true,"href":"https:\/\/joukkosieessa.fi\/index.php\/wp-json\/wp\/v2\/comments?post=1980"}],"version-history":[{"count":20,"href":"https:\/\/joukkosieessa.fi\/index.php\/wp-json\/wp\/v2\/pages\/1980\/revisions"}],"predecessor-version":[{"id":3970,"href":"https:\/\/joukkosieessa.fi\/index.php\/wp-json\/wp\/v2\/pages\/1980\/revisions\/3970"}],"up":[{"embeddable":true,"href":"https:\/\/joukkosieessa.fi\/index.php\/wp-json\/wp\/v2\/pages\/1952"}],"wp:attachment":[{"href":"https:\/\/joukkosieessa.fi\/index.php\/wp-json\/wp\/v2\/media?parent=1980"}],"curies":[{"name":"wp","href":"https:\/\/api.w.org\/{rel}","templated":true}]}}