{"id":1984,"date":"2020-01-06T11:12:26","date_gmt":"2020-01-06T11:12:26","guid":{"rendered":"https:\/\/joukkosieessa.fi\/?page_id=1984"},"modified":"2020-09-21T08:44:44","modified_gmt":"2020-09-21T08:44:44","slug":"tammi-helmikuu-1943","status":"publish","type":"page","link":"https:\/\/joukkosieessa.fi\/index.php\/sodan-aika\/jatkosota\/asemasota\/tammi-helmikuu-1943\/","title":{"rendered":"Tammi, helmikuu 1943"},"content":{"rendered":"<div id='full_slider_1'  class='avia-fullwidth-slider main_color avia-shadow   avia-builder-el-0  el_before_av_one_full  avia-builder-el-first   container_wrap sidebar_right'  >\n<style type=\"text\/css\" data-created_by=\"avia_inline_auto\" id=\"style-css-av-akhp-b6f614b8154ad80be0284d699659eb53\">\n#top .avia-slideshow .av-slideshow-caption.av-akhp-b6f614b8154ad80be0284d699659eb53__0 .avia-caption-content{\nfont-size:14px;\n}\n#top .avia-slideshow .av-slideshow-caption.av-akhp-b6f614b8154ad80be0284d699659eb53__0 .avia-caption-content p{\nfont-size:14px;\n}\n<\/style>\n<div  class='avia-slideshow av-akhp-b6f614b8154ad80be0284d699659eb53 avia-slideshow-featured av_slideshow_full avia-slide-slider av-slideshow-ui av-control-default av-slideshow-manual av-loop-once av-loop-manual-endless av-default-height-applied   avia-slideshow-1' data-slideshow-options=\"{&quot;animation&quot;:&quot;slide&quot;,&quot;autoplay&quot;:false,&quot;loop_autoplay&quot;:&quot;once&quot;,&quot;interval&quot;:5,&quot;loop_manual&quot;:&quot;manual-endless&quot;,&quot;autoplay_stopper&quot;:false,&quot;noNavigation&quot;:false,&quot;bg_slider&quot;:false,&quot;keep_padding&quot;:false,&quot;hoverpause&quot;:false,&quot;show_slide_delay&quot;:0}\"  itemprop=\"image\" itemscope=\"itemscope\" itemtype=\"https:\/\/schema.org\/ImageObject\" ><ul class='avia-slideshow-inner ' style='padding-bottom: 28.666666666667%;'><li  class='avia-slideshow-slide av-akhp-b6f614b8154ad80be0284d699659eb53__0  av-single-slide slide-1 slide-odd'><div data-rel='slideshow-1' class='avia-slide-wrap '   ><div class='av-slideshow-caption av-akhp-b6f614b8154ad80be0284d699659eb53__0 caption_fullwidth caption_bottom caption_bottom_framed caption_framed'><div class=\"container caption_container\"><div class=\"slideshow_caption\"><div class=\"slideshow_inner_caption\"><div class=\"slideshow_align_caption\"><div class='avia-caption-content '  itemprop=\"description\" ><p>Talvinen aurinko nousemassa muistorikkaan Summan taitelukent\u00e4lle.<br \/>\nSumma 12.1.1943<\/p>\n<\/div><\/div><\/div><\/div><\/div><\/div><img fetchpriority=\"high\" class=\"wp-image-3629 avia-img-lazy-loading-not-3629\"  src='https:\/\/joukkosieessa.fi\/wp-content\/uploads\/2020\/03\/Asemasota_Maaliskuu_1943_2-1500x430.jpg' width='1500' height='430' title='Asemasota_Maaliskuu_1943_2' alt=''  itemprop=\"thumbnailUrl\"   \/><\/div><\/li><\/ul><\/div><\/div><div id='after_full_slider_1'  class='main_color av_default_container_wrap container_wrap sidebar_right'  ><div class='container av-section-cont-open' ><div class='template-page content  av-content-small alpha units'><div class='post-entry post-entry-type-page post-entry-1984'><div class='entry-content-wrapper clearfix'>\n\n<style type=\"text\/css\" data-created_by=\"avia_inline_auto\" id=\"style-css-av-4k1r-3ed26eaf4f9e1fe5afee569a008105ec\">\n.flex_column.av-4k1r-3ed26eaf4f9e1fe5afee569a008105ec{\nborder-radius:0px 0px 0px 0px;\npadding:0px 0px 10px 10px;\n}\n<\/style>\n<div  class='flex_column av-4k1r-3ed26eaf4f9e1fe5afee569a008105ec av_one_full  avia-builder-el-1  el_after_av_slideshow_full  el_before_av_one_half  avia-builder-el-first  first flex_column_div  '     ><p>\n<style type=\"text\/css\" data-created_by=\"avia_inline_auto\" id=\"style-css-av-av_heading-8db9e121a498814e8ef8cff05d92e350\">\n#top .av-special-heading.av-av_heading-8db9e121a498814e8ef8cff05d92e350{\nmargin:0 0 -5px 0;\npadding-bottom:0;\n}\nbody .av-special-heading.av-av_heading-8db9e121a498814e8ef8cff05d92e350 .av-special-heading-tag .heading-char{\nfont-size:25px;\n}\n.av-special-heading.av-av_heading-8db9e121a498814e8ef8cff05d92e350 .av-subheading{\nfont-size:15px;\n}\n<\/style>\n<div  class='av-special-heading av-av_heading-8db9e121a498814e8ef8cff05d92e350 av-special-heading-h1  avia-builder-el-2  el_before_av_textblock  avia-builder-el-first '><h1 class='av-special-heading-tag'  itemprop=\"headline\"  >Tammi, helmikuu 1943<\/h1><div class=\"special-heading-border\"><div class=\"special-heading-inner-border\"><\/div><\/div><\/div><br \/>\n\n<style type=\"text\/css\" data-created_by=\"avia_inline_auto\" id=\"style-css-av-3o2n-f8ecf9facd2b0c750a152e7b87905b4d\">\n#top .av_textblock_section.av-3o2n-f8ecf9facd2b0c750a152e7b87905b4d .avia_textblock{\nfont-size:15px;\n}\n<\/style>\n<section  class='av_textblock_section av-3o2n-f8ecf9facd2b0c750a152e7b87905b4d '   itemscope=\"itemscope\" itemtype=\"https:\/\/schema.org\/CreativeWork\" ><div class='avia_textblock'  itemprop=\"text\" ><p><strong>1943: 2.5. k\u00e4yd\u00e4\u00e4n suuri ilmataistelu Haapasaaren \u2013 Somerin etel\u00e4puolella. Miinalaiva Riilahti torpedoidaan 23.8. Suursaaren l\u00e4nsipuolella.<\/strong><\/p>\n<\/div><\/section><br \/>\n\n<style type=\"text\/css\" data-created_by=\"avia_inline_auto\" id=\"style-css-av-kfcaa63c-aafbaec26e2c4c2c2372a44ad05293cc\">\n#top .av-special-heading.av-kfcaa63c-aafbaec26e2c4c2c2372a44ad05293cc{\nmargin:0 0 10px 0;\npadding-bottom:10px;\n}\nbody .av-special-heading.av-kfcaa63c-aafbaec26e2c4c2c2372a44ad05293cc .av-special-heading-tag .heading-char{\nfont-size:25px;\n}\n.av-special-heading.av-kfcaa63c-aafbaec26e2c4c2c2372a44ad05293cc .av-subheading{\nfont-size:15px;\n}\n<\/style>\n<div  class='av-special-heading av-kfcaa63c-aafbaec26e2c4c2c2372a44ad05293cc av-special-heading-h2  avia-builder-el-4  el_after_av_textblock  el_before_av_textblock '><h2 class='av-special-heading-tag'  itemprop=\"headline\"  >MENEHTYNEET KADETTIUPSEERIT JA KADETIT<\/h2><div class=\"special-heading-border\"><div class=\"special-heading-inner-border\"><\/div><\/div><\/div><br \/>\n\n<style type=\"text\/css\" data-created_by=\"avia_inline_auto\" id=\"style-css-av-3o2n-f8ecf9facd2b0c750a152e7b87905b4d\">\n#top .av_textblock_section.av-3o2n-f8ecf9facd2b0c750a152e7b87905b4d .avia_textblock{\nfont-size:15px;\n}\n<\/style>\n<section  class='av_textblock_section av-3o2n-f8ecf9facd2b0c750a152e7b87905b4d '   itemscope=\"itemscope\" itemtype=\"https:\/\/schema.org\/CreativeWork\" ><div class='avia_textblock'  itemprop=\"text\" ><p><img loading=\"lazy\" decoding=\"async\" class=\"wp-image-2324 alignright\" src=\"https:\/\/joukkosieessa.fi\/wp-content\/uploads\/2020\/01\/Helminen-Aarre-120515-239x300.jpg\" alt=\"\" width=\"118\" height=\"148\" srcset=\"https:\/\/joukkosieessa.fi\/wp-content\/uploads\/2020\/01\/Helminen-Aarre-120515-239x300.jpg 239w, https:\/\/joukkosieessa.fi\/wp-content\/uploads\/2020\/01\/Helminen-Aarre-120515.jpg 329w\" sizes=\"auto, (max-width: 118px) 100vw, 118px\" \/><\/p>\n<h4><strong>353. Kapteeni Aarre Helminen, 20.kadk, 1481<\/strong><\/h4>\n<ul>\n<li><strong>Lentueen p\u00e4\u00e4llikk\u00f6, 2.Ltue\/LeLv44\/LeR4<\/strong><\/li>\n<li><strong>Kuoli lento-onnettomuudessa Immola 6.1.1943<\/strong><\/li>\n<\/ul>\n<p>Kapteeni Helmisen ohjaaman Blenheim BL-148:n l\u00e4htiess\u00e4 6.1.43 kello 2035 Immolasta pommituslennolle, sen vasen moottori pys\u00e4htyi heti ilmaan\u00a0nousun j\u00e4lkeen. Pakkolasku ep\u00e4onnistui ja kone iskeytyi maahan noin kilometri kent\u00e4n pohjoispuolelle syttyen tuleen, Helmisen ja koneen t\u00e4hyst\u00e4j\u00e4n saadessa heti surmansa.<\/p>\n<hr \/>\n<p><img loading=\"lazy\" decoding=\"async\" class=\"wp-image-2532 alignright\" src=\"https:\/\/joukkosieessa.fi\/wp-content\/uploads\/2020\/01\/Paltila-Riemu-Mainio-230912-223x300.jpg\" alt=\"\" width=\"118\" height=\"159\" srcset=\"https:\/\/joukkosieessa.fi\/wp-content\/uploads\/2020\/01\/Paltila-Riemu-Mainio-230912-223x300.jpg 223w, https:\/\/joukkosieessa.fi\/wp-content\/uploads\/2020\/01\/Paltila-Riemu-Mainio-230912.jpg 307w\" sizes=\"auto, (max-width: 118px) 100vw, 118px\" \/><\/p>\n<h4><strong>354. Luutnantti Mainio Paltila, 21.kadk, 1584<\/strong><\/h4>\n<ul>\n<li><strong>Lentueen p\u00e4\u00e4llikk\u00f6, 2.Ltue\/LeLv30\/LeR5<\/strong><\/li>\n<li><strong>Kuoli lento-onnettomuudessa Tiurinsaari, Koiviston mlk 8.1.1943<\/strong><\/li>\n<\/ul>\n<p>Luutnantti Paltila oli 8.1.43 johtamansa parven kanssa tiedustelulennolla it\u00e4isell\u00e4 Suomenlahdella, kun h\u00e4n joutui moottorivian vuoksi tekem\u00e4\u00e4n\u00a0Polikarpov IT-20-koneellaan kello 1300 pakkolaskun meren j\u00e4\u00e4lle Tiurinsaaresta kaksi kilometri\u00e4 lounaaseen. Kone upposi j\u00e4\u00e4n l\u00e4pi ja pelastuskoneen saapuessa paikalle kahden tunnin kuluttua ei Paltilaa l\u00f6ydetty.<\/p>\n<hr \/>\n<p><img loading=\"lazy\" decoding=\"async\" class=\"wp-image-2122 alignright\" src=\"https:\/\/joukkosieessa.fi\/wp-content\/uploads\/2020\/01\/Leminen_Arvo-236x300.jpg\" alt=\"\" width=\"118\" height=\"150\" srcset=\"https:\/\/joukkosieessa.fi\/wp-content\/uploads\/2020\/01\/Leminen_Arvo-236x300.jpg 236w, https:\/\/joukkosieessa.fi\/wp-content\/uploads\/2020\/01\/Leminen_Arvo-768x977.jpg 768w, https:\/\/joukkosieessa.fi\/wp-content\/uploads\/2020\/01\/Leminen_Arvo-810x1030.jpg 810w, https:\/\/joukkosieessa.fi\/wp-content\/uploads\/2020\/01\/Leminen_Arvo-1179x1500.jpg 1179w, https:\/\/joukkosieessa.fi\/wp-content\/uploads\/2020\/01\/Leminen_Arvo-554x705.jpg 554w, https:\/\/joukkosieessa.fi\/wp-content\/uploads\/2020\/01\/Leminen_Arvo-450x572.jpg 450w, https:\/\/joukkosieessa.fi\/wp-content\/uploads\/2020\/01\/Leminen_Arvo.jpg 1519w\" sizes=\"auto, (max-width: 118px) 100vw, 118px\" \/><\/p>\n<h4><strong>355. Kapteeni Arvo Leminen, 8.kadk, 436<\/strong><\/h4>\n<ul>\n<li><strong>Toipilas (Patteristoupseeri, LinnPsto6 (III AK))<\/strong><\/li>\n<li><strong>Kuoli sairauteen 32.SotaS Oulu 9.1.1943<\/strong><\/li>\n<\/ul>\n<p>Kapteeni Leminen siirrettiin 30.9.42 Linnoituspatteristo 6:n patteristoupseerin teht\u00e4v\u00e4st\u00e4 hoidettavaksi 32. Sotasairaalaan, jossa h\u00e4n kuoli tautiin\u00a010.1.43.<\/p>\n<hr \/>\n<p><img loading=\"lazy\" decoding=\"async\" class=\"wp-image-3068 alignright\" src=\"https:\/\/joukkosieessa.fi\/wp-content\/uploads\/2020\/02\/Rautakoura_Risto-224x300.jpg\" alt=\"\" width=\"113\" height=\"151\" srcset=\"https:\/\/joukkosieessa.fi\/wp-content\/uploads\/2020\/02\/Rautakoura_Risto-224x300.jpg 224w, https:\/\/joukkosieessa.fi\/wp-content\/uploads\/2020\/02\/Rautakoura_Risto-768x1028.jpg 768w, https:\/\/joukkosieessa.fi\/wp-content\/uploads\/2020\/02\/Rautakoura_Risto-769x1030.jpg 769w, https:\/\/joukkosieessa.fi\/wp-content\/uploads\/2020\/02\/Rautakoura_Risto-1121x1500.jpg 1121w, https:\/\/joukkosieessa.fi\/wp-content\/uploads\/2020\/02\/Rautakoura_Risto-527x705.jpg 527w, https:\/\/joukkosieessa.fi\/wp-content\/uploads\/2020\/02\/Rautakoura_Risto-450x602.jpg 450w, https:\/\/joukkosieessa.fi\/wp-content\/uploads\/2020\/02\/Rautakoura_Risto.jpg 1273w\" sizes=\"auto, (max-width: 113px) 100vw, 113px\" \/><\/p>\n<h4><strong>356. Kapteeni Risto Rautakoura, 14.kadk, 928<\/strong><\/h4>\n<ul>\n<li><strong>Lennonopettaja ja upseerikurssin lentoryhm\u00e4n johtaja\/LentoSK<\/strong><\/li>\n<li><strong>Kuoli lento-onnettomuudessa Ylikyl\u00e4, Kauhava 15.1.1943<\/strong><\/li>\n<\/ul>\n<p>Kapteeni Rautakoura oli 15.1.43 ohjaajaoppilaan kanssa tutustumislennolla Pyry PY-9-koneella, kun kone sy\u00f6ksyi kello 1015 virheliikkeen seurauksena maahan Kauhavan Ylikyl\u00e4ss\u00e4.<\/p>\n<p>Kone murskaantui ja syttyi palamaan Rautakouran ja oppilaan saadessa surmansa.<\/p>\n<hr \/>\n<p><img loading=\"lazy\" decoding=\"async\" class=\"wp-image-2296 alignright\" src=\"https:\/\/joukkosieessa.fi\/wp-content\/uploads\/2020\/01\/Kivari_Juha-251x300.jpg\" alt=\"\" width=\"118\" height=\"141\" srcset=\"https:\/\/joukkosieessa.fi\/wp-content\/uploads\/2020\/01\/Kivari_Juha-251x300.jpg 251w, https:\/\/joukkosieessa.fi\/wp-content\/uploads\/2020\/01\/Kivari_Juha-768x917.jpg 768w, https:\/\/joukkosieessa.fi\/wp-content\/uploads\/2020\/01\/Kivari_Juha-863x1030.jpg 863w, https:\/\/joukkosieessa.fi\/wp-content\/uploads\/2020\/01\/Kivari_Juha-1257x1500.jpg 1257w, https:\/\/joukkosieessa.fi\/wp-content\/uploads\/2020\/01\/Kivari_Juha-591x705.jpg 591w, https:\/\/joukkosieessa.fi\/wp-content\/uploads\/2020\/01\/Kivari_Juha-450x537.jpg 450w, https:\/\/joukkosieessa.fi\/wp-content\/uploads\/2020\/01\/Kivari_Juha.jpg 1669w\" sizes=\"auto, (max-width: 118px) 100vw, 118px\" \/><\/p>\n<h4><strong>357. Kapteeni Juhani Kivari, 25.kadk, 2040<\/strong><\/h4>\n<ul>\n<li><strong>Patterin p\u00e4\u00e4llikk\u00f6, 8.Ptri\/III\/KTR4 (11.D\/V AK\/AunR)<\/strong><\/li>\n<li><strong>Haavoittui oman miehen ampumana Pidma, Syv\u00e4ri 16.1.1943, kuoli 32.KS 17.1.1943<\/strong><\/li>\n<\/ul>\n<p>Kapteeni Kivarin taistelul\u00e4hetti ampui h\u00e4nt\u00e4 yl\u00e4vartaloon patterin komentokorsussa Pidmassa 16.1.43. Kivari\u00a0kuoli seuraavana p\u00e4iv\u00e4n\u00e4 kentt\u00e4sairaalassa.<\/p>\n<hr \/>\n<p><img loading=\"lazy\" decoding=\"async\" class=\"wp-image-3070 alignright\" src=\"https:\/\/joukkosieessa.fi\/wp-content\/uploads\/2020\/02\/Tanskanen_Teuvo-228x300.jpg\" alt=\"\" width=\"115\" height=\"151\" srcset=\"https:\/\/joukkosieessa.fi\/wp-content\/uploads\/2020\/02\/Tanskanen_Teuvo-228x300.jpg 228w, https:\/\/joukkosieessa.fi\/wp-content\/uploads\/2020\/02\/Tanskanen_Teuvo-768x1012.jpg 768w, https:\/\/joukkosieessa.fi\/wp-content\/uploads\/2020\/02\/Tanskanen_Teuvo-782x1030.jpg 782w, https:\/\/joukkosieessa.fi\/wp-content\/uploads\/2020\/02\/Tanskanen_Teuvo-1139x1500.jpg 1139w, https:\/\/joukkosieessa.fi\/wp-content\/uploads\/2020\/02\/Tanskanen_Teuvo-535x705.jpg 535w, https:\/\/joukkosieessa.fi\/wp-content\/uploads\/2020\/02\/Tanskanen_Teuvo-450x593.jpg 450w, https:\/\/joukkosieessa.fi\/wp-content\/uploads\/2020\/02\/Tanskanen_Teuvo.jpg 1229w\" sizes=\"auto, (max-width: 115px) 100vw, 115px\" \/><\/p>\n<h4><strong>358. Kapteeni Teuvo Tanskanen, 20.kadk, 1499<\/strong><\/h4>\n<ul>\n<li><strong>Ohjaaja, 1.Ltue\/LeLv48\/LeR4<\/strong><\/li>\n<li><strong>Kuoli lento-onnettomuudessa Tiiksj\u00e4rvi, Repola 24.1.1943<\/strong><\/li>\n<\/ul>\n<p>Lentueen varap\u00e4\u00e4llik\u00f6n, kapteeni Tanskasen, ohjaama Petljakov PE-213 oli tiedustelulennolla Sekehan alueella 24.1.43, kun se tuntemattomasta syyst\u00e4 poikkesi suunnitellulta reitilt\u00e4, jolloin polttoaine ei en\u00e4\u00e4 olisi riitt\u00e4nyt paluuseen kotikent\u00e4lle Onttolaan. Tanskasen yritt\u00e4ess\u00e4 laskeutua Tiiksj\u00e4rven lentokent\u00e4lle koneen polttoaine loppui kello 1225 noin seitsem\u00e4n kilometri\u00e4 kent\u00e4n pohjoispuolella. Pakkolaskussa mets\u00e4\u00e4n kone hajosi kappaleiksi, Tanskasen lent\u00e4ess\u00e4 istuimineen ulos koneesta ja saaden heti surmansa.<\/p>\n<hr \/>\n<p><strong><img loading=\"lazy\" decoding=\"async\" class=\"wp-image-3071 alignright\" style=\"font-weight: 400;\" src=\"https:\/\/joukkosieessa.fi\/wp-content\/uploads\/2020\/02\/Sirma_Aimo-228x300.jpg\" alt=\"\" width=\"114\" height=\"150\" srcset=\"https:\/\/joukkosieessa.fi\/wp-content\/uploads\/2020\/02\/Sirma_Aimo-228x300.jpg 228w, https:\/\/joukkosieessa.fi\/wp-content\/uploads\/2020\/02\/Sirma_Aimo-768x1009.jpg 768w, https:\/\/joukkosieessa.fi\/wp-content\/uploads\/2020\/02\/Sirma_Aimo-784x1030.jpg 784w, https:\/\/joukkosieessa.fi\/wp-content\/uploads\/2020\/02\/Sirma_Aimo-1142x1500.jpg 1142w, https:\/\/joukkosieessa.fi\/wp-content\/uploads\/2020\/02\/Sirma_Aimo-537x705.jpg 537w, https:\/\/joukkosieessa.fi\/wp-content\/uploads\/2020\/02\/Sirma_Aimo-450x591.jpg 450w, https:\/\/joukkosieessa.fi\/wp-content\/uploads\/2020\/02\/Sirma_Aimo.jpg 1209w\" sizes=\"auto, (max-width: 114px) 100vw, 114px\" \/><\/strong><\/p>\n<h4><strong>359. Majuri Aimo Sirma, 16.kadk, 1086<\/strong><\/h4>\n<ul>\n<li><strong>Toimistop\u00e4\u00e4llikk\u00f6, tsto II\/E (KanR)<\/strong><\/li>\n<li><strong>Kaatui Rajajoki, Valkeasaari 23.2.1943<\/strong><\/li>\n<\/ul>\n<p>Majuri Sirma kaatui 23.2.43 kello 1450 p\u00e4\u00e4h\u00e4n osuneesta tarkka-ampujan luodista ollessaan tarkastamassa etulinjaa Jalkav\u00e4kirykmentti 48:n II Pataljoonan alueella Bunkkerin alalohkolla, Rajajoen ja Aleksandrovkan kylien v\u00e4liss\u00e4.<\/p>\n<hr \/>\n<p><img loading=\"lazy\" decoding=\"async\" class=\"wp-image-2534 alignright\" src=\"https:\/\/joukkosieessa.fi\/wp-content\/uploads\/2020\/01\/Kanerva-August-180805-251x300.jpg\" alt=\"\" width=\"118\" height=\"141\" srcset=\"https:\/\/joukkosieessa.fi\/wp-content\/uploads\/2020\/01\/Kanerva-August-180805-251x300.jpg 251w, https:\/\/joukkosieessa.fi\/wp-content\/uploads\/2020\/01\/Kanerva-August-180805.jpg 345w\" sizes=\"auto, (max-width: 118px) 100vw, 118px\" \/><\/p>\n<h4><strong>360. Majuri August Kanerva, 8.kadk, 428<\/strong><\/h4>\n<ul>\n<li><strong>Linnoitussuunnittelu-upseeri, DE (15.D\/KanR)<\/strong><\/li>\n<li><strong>Kuoli sairaskohtaukseen Rautu 28.2.1943<\/strong><\/li>\n<\/ul>\n<p>Majuri Kanerva kuoli syd\u00e4nkohtaukseen 28.2.43 p\u00e4iv\u00e4ll\u00e4 toimistossaan 15. Divisioonan esikunnassa.<a href=\"#_ednref1\" name=\"_edn1\"><\/a><\/p>\n<\/div><\/section><br \/>\n\n<style type=\"text\/css\" data-created_by=\"avia_inline_auto\" id=\"style-css-av-av_heading-5499b5c920e3bd77c1b5b84f0a9a30a8\">\n#top .av-special-heading.av-av_heading-5499b5c920e3bd77c1b5b84f0a9a30a8{\nmargin:0 0 10px 0;\npadding-bottom:10px;\n}\nbody .av-special-heading.av-av_heading-5499b5c920e3bd77c1b5b84f0a9a30a8 .av-special-heading-tag .heading-char{\nfont-size:25px;\n}\n.av-special-heading.av-av_heading-5499b5c920e3bd77c1b5b84f0a9a30a8 .av-subheading{\nfont-size:15px;\n}\n<\/style>\n<div  class='av-special-heading av-av_heading-5499b5c920e3bd77c1b5b84f0a9a30a8 av-special-heading-h2  avia-builder-el-6  el_after_av_textblock  el_before_av_textblock '><h2 class='av-special-heading-tag'  itemprop=\"headline\"  >L\u00e4hteet<\/h2><div class=\"special-heading-border\"><div class=\"special-heading-inner-border\"><\/div><\/div><\/div><br \/>\n<section  class='av_textblock_section av-k7ntdav0-ecdadf568e9d8c73d44316f6056cff23 '   itemscope=\"itemscope\" itemtype=\"https:\/\/schema.org\/CreativeWork\" ><div class='avia_textblock'  itemprop=\"text\" ><p>L\u00e4hteet esitetty kirjassa ja sen s\u00e4hk\u00f6isess\u00e4 versiossa (PDF) joka on ladattavissa Kadettikunnan ja t\u00e4m\u00e4n sivuston verkkosivuilta.<\/p>\n<\/div><\/section><br \/>\n\n<style type=\"text\/css\" data-created_by=\"avia_inline_auto\" id=\"style-css-av-k47j6vg7-d3fd1f40b5858f4982ee5b8d5d9dc574\">\n#top .avia_search_element.av-k47j6vg7-d3fd1f40b5858f4982ee5b8d5d9dc574 .av_searchform_wrapper{\nborder-radius:0px 0px 0px 0px;\n}\n#top .avia_search_element.av-k47j6vg7-d3fd1f40b5858f4982ee5b8d5d9dc574 #s.av-input-field{\nborder-radius:0px 0px 0px 0px;\n}\n#top .avia_search_element.av-k47j6vg7-d3fd1f40b5858f4982ee5b8d5d9dc574 .av_searchsubmit_wrapper{\nborder-radius:0px 0px 0px 0px;\n}\n#top .avia_search_element.av-k47j6vg7-d3fd1f40b5858f4982ee5b8d5d9dc574 #searchsubmit{\nborder-radius:0px 0px 0px 0px;\n}\n.ajax_search_response.av-k47j6vg7-d3fd1f40b5858f4982ee5b8d5d9dc574{\npadding:0px 0px 0px 0px;\nmargin:0px 0px 0px 0px;\n}\n<\/style>\n<div  class='avia_search_element av-k47j6vg7-d3fd1f40b5858f4982ee5b8d5d9dc574  avia-builder-el-8  el_after_av_textblock  avia-builder-el-last '><form action='https:\/\/joukkosieessa.fi\/' id='searchform_element' method='get' class='' data-element_id='av-k47j6vg7-d3fd1f40b5858f4982ee5b8d5d9dc574' ><div class='av_searchform_wrapper'><input type='text' value='' id='s' name='s' placeholder='Haku artikkeleista...' class='av-input-field av-input-hasicon' \/><span class='av-input-field-icon av-search-icon avia-font-entypo-fontello'>\ue803<\/span><div class='av_searchsubmit_wrapper '><input type='submit' value='HAE' id='searchsubmit' class='button ' \/><\/div><input type='hidden' name='numberposts' value='5' \/><input type='hidden' name='post_type' value='post' \/><input type='hidden' name='results_hide_fields' value='' \/><\/div><\/form><\/div><\/p><\/div>\n<style type=\"text\/css\" data-created_by=\"avia_inline_auto\" id=\"style-css-av-4pwifk-18dd0e42f5db987e205e1b935ed835b9\">\n.flex_column.av-4pwifk-18dd0e42f5db987e205e1b935ed835b9{\nborder-radius:0px 0px 0px 0px;\npadding:0px 0px 0px 0px;\n}\n<\/style>\n<div  class='flex_column av-4pwifk-18dd0e42f5db987e205e1b935ed835b9 av_one_half  avia-builder-el-9  el_after_av_one_full  el_before_av_one_half  first flex_column_div av-zero-column-padding  column-top-margin'     ><div  class='avia-button-wrap av-k7nq8ib0-1d4392aecbd9654af7266e9362112243-wrap avia-button-left  avia-builder-el-10  avia-builder-el-no-sibling '><a href='https:\/\/joukkosieessa.fi\/index.php\/sodan-aika\/jatkosota\/asemasota\/loka-marras-joulukuu-1942\/'  class='avia-button av-k7nq8ib0-1d4392aecbd9654af7266e9362112243 avia-icon_select-no avia-size-small avia-position-left avia-color-theme-color-highlight'  ><span class='avia_iconbox_title' >Loka-, marras-, joulukuu 1942<\/span><\/a><\/div><\/div><\/p>\n\n<style type=\"text\/css\" data-created_by=\"avia_inline_auto\" id=\"style-css-av-au4qo-29a16934e19a82824ee2cf9934303341\">\n.flex_column.av-au4qo-29a16934e19a82824ee2cf9934303341{\nborder-radius:0px 0px 0px 0px;\npadding:0px 0px 0px 0px;\n}\n<\/style>\n<div  class='flex_column av-au4qo-29a16934e19a82824ee2cf9934303341 av_one_half  avia-builder-el-11  el_after_av_one_half  avia-builder-el-last  flex_column_div av-zero-column-padding  column-top-margin'     ><div  class='avia-button-wrap av-k7nq95rl-0792a5f9eb6013cf67848eb09d3e0962-wrap avia-button-right  avia-builder-el-12  avia-builder-el-no-sibling '><a href='https:\/\/joukkosieessa.fi\/index.php\/sodan-aika\/jatkosota\/asemasota\/maalis-huhtikuu-1943\/'  class='avia-button av-k7nq95rl-0792a5f9eb6013cf67848eb09d3e0962 avia-icon_select-no avia-size-small avia-position-right avia-color-theme-color-highlight'  ><span class='avia_iconbox_title' >Maalis-, huhtikuu 1943<\/span><\/a><\/div><\/div>\n","protected":false},"excerpt":{"rendered":"","protected":false},"author":1,"featured_media":0,"parent":1952,"menu_order":8,"comment_status":"closed","ping_status":"closed","template":"","meta":{"footnotes":""},"class_list":["post-1984","page","type-page","status-publish","hentry"],"_links":{"self":[{"href":"https:\/\/joukkosieessa.fi\/index.php\/wp-json\/wp\/v2\/pages\/1984","targetHints":{"allow":["GET"]}}],"collection":[{"href":"https:\/\/joukkosieessa.fi\/index.php\/wp-json\/wp\/v2\/pages"}],"about":[{"href":"https:\/\/joukkosieessa.fi\/index.php\/wp-json\/wp\/v2\/types\/page"}],"author":[{"embeddable":true,"href":"https:\/\/joukkosieessa.fi\/index.php\/wp-json\/wp\/v2\/users\/1"}],"replies":[{"embeddable":true,"href":"https:\/\/joukkosieessa.fi\/index.php\/wp-json\/wp\/v2\/comments?post=1984"}],"version-history":[{"count":20,"href":"https:\/\/joukkosieessa.fi\/index.php\/wp-json\/wp\/v2\/pages\/1984\/revisions"}],"predecessor-version":[{"id":3972,"href":"https:\/\/joukkosieessa.fi\/index.php\/wp-json\/wp\/v2\/pages\/1984\/revisions\/3972"}],"up":[{"embeddable":true,"href":"https:\/\/joukkosieessa.fi\/index.php\/wp-json\/wp\/v2\/pages\/1952"}],"wp:attachment":[{"href":"https:\/\/joukkosieessa.fi\/index.php\/wp-json\/wp\/v2\/media?parent=1984"}],"curies":[{"name":"wp","href":"https:\/\/api.w.org\/{rel}","templated":true}]}}