{"id":1986,"date":"2020-01-06T12:07:43","date_gmt":"2020-01-06T12:07:43","guid":{"rendered":"https:\/\/joukkosieessa.fi\/?page_id=1986"},"modified":"2020-09-21T08:45:43","modified_gmt":"2020-09-21T08:45:43","slug":"maalis-huhtikuu-1943","status":"publish","type":"page","link":"https:\/\/joukkosieessa.fi\/index.php\/sodan-aika\/jatkosota\/asemasota\/maalis-huhtikuu-1943\/","title":{"rendered":"Maalis-, huhtikuu 1943"},"content":{"rendered":"<div id='full_slider_1'  class='avia-fullwidth-slider main_color avia-shadow   avia-builder-el-0  el_before_av_one_full  avia-builder-el-first   container_wrap sidebar_right'  >\n<style type=\"text\/css\" data-created_by=\"avia_inline_auto\" id=\"style-css-av-akhp-b6f614b8154ad80be0284d699659eb53\">\n#top .avia-slideshow .av-slideshow-caption.av-akhp-b6f614b8154ad80be0284d699659eb53__0 .avia-caption-content{\nfont-size:14px;\n}\n#top .avia-slideshow .av-slideshow-caption.av-akhp-b6f614b8154ad80be0284d699659eb53__0 .avia-caption-content p{\nfont-size:14px;\n}\n<\/style>\n<div  class='avia-slideshow av-akhp-b6f614b8154ad80be0284d699659eb53 avia-slideshow-featured av_slideshow_full avia-slide-slider av-slideshow-ui av-control-default av-slideshow-manual av-loop-once av-loop-manual-endless av-default-height-applied   avia-slideshow-1' data-slideshow-options=\"{&quot;animation&quot;:&quot;slide&quot;,&quot;autoplay&quot;:false,&quot;loop_autoplay&quot;:&quot;once&quot;,&quot;interval&quot;:5,&quot;loop_manual&quot;:&quot;manual-endless&quot;,&quot;autoplay_stopper&quot;:false,&quot;noNavigation&quot;:false,&quot;bg_slider&quot;:false,&quot;keep_padding&quot;:false,&quot;hoverpause&quot;:false,&quot;show_slide_delay&quot;:0}\"  itemprop=\"image\" itemscope=\"itemscope\" itemtype=\"https:\/\/schema.org\/ImageObject\" ><ul class='avia-slideshow-inner ' style='padding-bottom: 28.666666666667%;'><li  class='avia-slideshow-slide av-akhp-b6f614b8154ad80be0284d699659eb53__0  av-single-slide slide-1 slide-odd'><div data-rel='slideshow-1' class='avia-slide-wrap '   ><div class='av-slideshow-caption av-akhp-b6f614b8154ad80be0284d699659eb53__0 caption_fullwidth caption_bottom caption_bottom_framed caption_framed'><div class=\"container caption_container\"><div class=\"slideshow_caption\"><div class=\"slideshow_inner_caption\"><div class=\"slideshow_align_caption\"><div class='avia-caption-content '  itemprop=\"description\" ><p>BL-koneita l\u00e4ht\u00f6valmiina kent\u00e4ll\u00e4.<br \/>\nV\u00e4rtsil\u00e4 11.12.1943<\/p>\n<\/div><\/div><\/div><\/div><\/div><\/div><img fetchpriority=\"high\" class=\"wp-image-3639 avia-img-lazy-loading-not-3639\"  src='https:\/\/joukkosieessa.fi\/wp-content\/uploads\/2020\/03\/Maaliskuu_1943_2-1500x430.jpg' width='1500' height='430' title='Maaliskuu_1943_2' alt=''  itemprop=\"thumbnailUrl\"   \/><\/div><\/li><\/ul><\/div><\/div><div id='after_full_slider_1'  class='main_color av_default_container_wrap container_wrap sidebar_right'  ><div class='container av-section-cont-open' ><div class='template-page content  av-content-small alpha units'><div class='post-entry post-entry-type-page post-entry-1986'><div class='entry-content-wrapper clearfix'>\n\n<style type=\"text\/css\" data-created_by=\"avia_inline_auto\" id=\"style-css-av-4k1r-3ed26eaf4f9e1fe5afee569a008105ec\">\n.flex_column.av-4k1r-3ed26eaf4f9e1fe5afee569a008105ec{\nborder-radius:0px 0px 0px 0px;\npadding:0px 0px 10px 10px;\n}\n<\/style>\n<div  class='flex_column av-4k1r-3ed26eaf4f9e1fe5afee569a008105ec av_one_full  avia-builder-el-1  el_after_av_slideshow_full  el_before_av_one_half  avia-builder-el-first  first flex_column_div  '     ><p>\n<style type=\"text\/css\" data-created_by=\"avia_inline_auto\" id=\"style-css-av-av_heading-2407ad7b74eec46b74c314e343f74f56\">\n#top .av-special-heading.av-av_heading-2407ad7b74eec46b74c314e343f74f56{\nmargin:0 0 -5px 0;\npadding-bottom:0;\n}\nbody .av-special-heading.av-av_heading-2407ad7b74eec46b74c314e343f74f56 .av-special-heading-tag .heading-char{\nfont-size:25px;\n}\n.av-special-heading.av-av_heading-2407ad7b74eec46b74c314e343f74f56 .av-subheading{\nfont-size:15px;\n}\n<\/style>\n<div  class='av-special-heading av-av_heading-2407ad7b74eec46b74c314e343f74f56 av-special-heading-h1  avia-builder-el-2  el_before_av_heading  avia-builder-el-first '><h1 class='av-special-heading-tag'  itemprop=\"headline\"  >Maalis-, huhtikuu 1943<\/h1><div class=\"special-heading-border\"><div class=\"special-heading-inner-border\"><\/div><\/div><\/div><br \/>\n\n<style type=\"text\/css\" data-created_by=\"avia_inline_auto\" id=\"style-css-av-kfcaazeb-2b3fbdf31dae0207f4772ddbef391342\">\n#top .av-special-heading.av-kfcaazeb-2b3fbdf31dae0207f4772ddbef391342{\nmargin:0 0 10px 0;\npadding-bottom:10px;\n}\nbody .av-special-heading.av-kfcaazeb-2b3fbdf31dae0207f4772ddbef391342 .av-special-heading-tag .heading-char{\nfont-size:25px;\n}\n.av-special-heading.av-kfcaazeb-2b3fbdf31dae0207f4772ddbef391342 .av-subheading{\nfont-size:15px;\n}\n<\/style>\n<div  class='av-special-heading av-kfcaazeb-2b3fbdf31dae0207f4772ddbef391342 av-special-heading-h2  avia-builder-el-3  el_after_av_heading  el_before_av_textblock '><h2 class='av-special-heading-tag'  itemprop=\"headline\"  >MENEHTYNEET KADETTIUPSEERIT JA KADETIT<\/h2><div class=\"special-heading-border\"><div class=\"special-heading-inner-border\"><\/div><\/div><\/div><br \/>\n\n<style type=\"text\/css\" data-created_by=\"avia_inline_auto\" id=\"style-css-av-3o2n-f8ecf9facd2b0c750a152e7b87905b4d\">\n#top .av_textblock_section.av-3o2n-f8ecf9facd2b0c750a152e7b87905b4d .avia_textblock{\nfont-size:15px;\n}\n<\/style>\n<section  class='av_textblock_section av-3o2n-f8ecf9facd2b0c750a152e7b87905b4d '   itemscope=\"itemscope\" itemtype=\"https:\/\/schema.org\/CreativeWork\" ><div class='avia_textblock'  itemprop=\"text\" ><p><img loading=\"lazy\" decoding=\"async\" class=\"wp-image-2536 alignright\" src=\"https:\/\/joukkosieessa.fi\/wp-content\/uploads\/2020\/01\/Pohjanheimo-Erkki-Olavi-021217-223x300.jpg\" alt=\"\" width=\"118\" height=\"159\" srcset=\"https:\/\/joukkosieessa.fi\/wp-content\/uploads\/2020\/01\/Pohjanheimo-Erkki-Olavi-021217-223x300.jpg 223w, https:\/\/joukkosieessa.fi\/wp-content\/uploads\/2020\/01\/Pohjanheimo-Erkki-Olavi-021217.jpg 307w\" sizes=\"auto, (max-width: 118px) 100vw, 118px\" \/><\/p>\n<h4><strong>361. Kapteeni Erkki Pohjanheimo, 21.kadk, 1585<\/strong><\/h4>\n<ul>\n<li><strong>Koelent\u00e4j\u00e4, KoeLtue\/KoeLeLv\/Lentovarikko<\/strong><\/li>\n<li><strong>Kuoli lento-onnettomuudessa Tampere 7.3.1943<\/strong><\/li>\n<\/ul>\n<p>Kapteeni Pohjanheimo oli 7.3.43 suorittamassa koelentoa Pyry PY-37:lla, kun se todenn\u00e4k\u00f6isesti virheliikkeen seurauksena sy\u00f6ksyi mets\u00e4\u00e4n Koiviston\u00a0kyl\u00e4ss\u00e4, noin nelj\u00e4 kilometri\u00e4 Tampereen etel\u00e4puolella valtatien it\u00e4reunassa. Kone tuhoutui t\u00e4ysin Paloheimon saadessa v\u00e4litt\u00f6m\u00e4sti surmansa.<\/p>\n<hr \/>\n<h4><strong>\u00a0<\/strong><\/h4>\n<p><img loading=\"lazy\" decoding=\"async\" class=\"wp-image-2914 alignright\" src=\"https:\/\/joukkosieessa.fi\/wp-content\/uploads\/2020\/02\/antsalo_juhani_johannes-239x300.jpg\" alt=\"\" width=\"120\" height=\"151\" srcset=\"https:\/\/joukkosieessa.fi\/wp-content\/uploads\/2020\/02\/antsalo_juhani_johannes-239x300.jpg 239w, https:\/\/joukkosieessa.fi\/wp-content\/uploads\/2020\/02\/antsalo_juhani_johannes.jpg 440w\" sizes=\"auto, (max-width: 120px) 100vw, 120px\" \/><\/p>\n<h4><strong>362. Luutnantti Johannes (Juhani) Antsalo, 24.kadk, 1785<\/strong><\/h4>\n<ul>\n<li><strong>Toipilas (Patterin p\u00e4\u00e4llikk\u00f6, 2.Ptri\/I\/KTR19 (18.D\/KanR))<\/strong><\/li>\n<li><strong>Kuoli sairauteen 13.SotaS Viipuri 16.3.1943<\/strong><\/li>\n<\/ul>\n<p>Luutnantti Antsalo kuoli 16.3.43 sotasairaalassa kurkkum\u00e4t\u00e4\u00e4n oltuaan hoidettavana kuukauden.<\/p>\n<hr \/>\n<p><img loading=\"lazy\" decoding=\"async\" class=\"wp-image-2350 alignright\" src=\"https:\/\/joukkosieessa.fi\/wp-content\/uploads\/2020\/01\/Ehrnrooth-Erkki-Olavi-070407-223x300.jpg\" alt=\"\" width=\"118\" height=\"159\" srcset=\"https:\/\/joukkosieessa.fi\/wp-content\/uploads\/2020\/01\/Ehrnrooth-Erkki-Olavi-070407-223x300.jpg 223w, https:\/\/joukkosieessa.fi\/wp-content\/uploads\/2020\/01\/Ehrnrooth-Erkki-Olavi-070407.jpg 307w\" sizes=\"auto, (max-width: 118px) 100vw, 118px\" \/><\/p>\n<h4><strong>363. Majuri Olavi Ehrnrooth, 11.kadk, 699<\/strong><\/h4>\n<ul>\n<li><strong>Laivueen komentaja, LeLv34\/LeR3<\/strong><\/li>\n<li><strong>Kuoli lento-onnettomuudessa Utti 27.3.1943<\/strong><\/li>\n<\/ul>\n<p>T\u00e4ydennyslentolaivue 35:n Pyry-parven laskeutuessa Uttiin aamup\u00e4iv\u00e4ll\u00e4 27.3.43, majuri Ehrnrooth lainasi yht\u00e4 PY-25:tt\u00e4 ja suoritti sill\u00e4 taitolentoliikkeit\u00e4. Tehdess\u00e4\u00e4n kello 1003 matalalla vaakakierrett\u00e4 kone p\u00e4\u00e4si painumaan ja sy\u00f6ksyi selk\u00e4asennossa mets\u00e4\u00e4n Utin lentokent\u00e4n lounaislaidassa. Kone tuhoutui t\u00e4ysin Ehrnroothin saadessa heti surmansa.<\/p>\n<hr \/>\n<p><img loading=\"lazy\" decoding=\"async\" class=\"wp-image-2537 alignright\" src=\"https:\/\/joukkosieessa.fi\/wp-content\/uploads\/2020\/01\/Lipponen-Harald-040910-222x300.jpg\" alt=\"\" width=\"118\" height=\"159\" srcset=\"https:\/\/joukkosieessa.fi\/wp-content\/uploads\/2020\/01\/Lipponen-Harald-040910-222x300.jpg 222w, https:\/\/joukkosieessa.fi\/wp-content\/uploads\/2020\/01\/Lipponen-Harald-040910.jpg 305w\" sizes=\"auto, (max-width: 118px) 100vw, 118px\" \/><\/p>\n<h4><strong>364. Kapteeniluutnantti Harald Lipponen, 8.mek, 168 me<\/strong><\/h4>\n<ul>\n<li><strong>Toipilas (Meripelastusosaston p\u00e4\u00e4llikk\u00f6, MerivE)<\/strong><\/li>\n<li><strong>Kuoli sairauteen 1.SotaS Helsinki 4.4.1943<\/strong><\/li>\n<\/ul>\n<p>Kapteeniluutnantti Lipponen oli hoidettavana 4.1.43 alkaen 1. Sotasairaalassa, jossa kuoli keuhkotautiin 4.4.43.<\/p>\n<hr \/>\n<p><img loading=\"lazy\" decoding=\"async\" class=\"wp-image-2323 alignright\" src=\"https:\/\/joukkosieessa.fi\/wp-content\/uploads\/2020\/01\/Hartikainen-Jorma-280312-232x300.jpg\" alt=\"\" width=\"118\" height=\"153\" srcset=\"https:\/\/joukkosieessa.fi\/wp-content\/uploads\/2020\/01\/Hartikainen-Jorma-280312-232x300.jpg 232w, https:\/\/joukkosieessa.fi\/wp-content\/uploads\/2020\/01\/Hartikainen-Jorma-280312.jpg 319w\" sizes=\"auto, (max-width: 118px) 100vw, 118px\" \/><\/p>\n<h4><strong>365. Kapteeni Jorma Hartikainen, 18.kadk, 1257<\/strong><\/h4>\n<ul>\n<li><strong>Patteriston komentaja, KevPsto16 (MaaR)<\/strong><\/li>\n<li><strong>Haavoittui oman tykist\u00f6n harhakranaatista Kumsa, Maaselk\u00e4 13.4.1943, kuoli 27.KS 15.4.1943<\/strong><\/li>\n<\/ul>\n<p>Kevyt Patteristo 16:n komentaja, kapteeni Hartikainen, oli 13.4.43 Kumsassa seuraamassa patteriston harjoitusammuntoja tulenjohtopaikalta.\u00a0Ammunnan aikana kello 1530 yhdell\u00e4 tykill\u00e4 tehtiin suuntausvirhe ja sen kranaatti osui tulenjohtopaikalle. Kapteeni Hartikainen haavoittui vaikeasti ja kuoli kaksi p\u00e4iv\u00e4\u00e4 my\u00f6hemmin kentt\u00e4sairaalassa.<\/p>\n<hr \/>\n<div id=\"attachment_3532\" style=\"width: 486px\" class=\"wp-caption aligncenter\"><img loading=\"lazy\" decoding=\"async\" aria-describedby=\"caption-attachment-3532\" class=\"wp-image-3532\" src=\"https:\/\/joukkosieessa.fi\/wp-content\/uploads\/2020\/03\/Jatkosota13-300x284.jpg\" alt=\"\" width=\"476\" height=\"451\" srcset=\"https:\/\/joukkosieessa.fi\/wp-content\/uploads\/2020\/03\/Jatkosota13-300x284.jpg 300w, https:\/\/joukkosieessa.fi\/wp-content\/uploads\/2020\/03\/Jatkosota13-768x728.jpg 768w, https:\/\/joukkosieessa.fi\/wp-content\/uploads\/2020\/03\/Jatkosota13-705x668.jpg 705w, https:\/\/joukkosieessa.fi\/wp-content\/uploads\/2020\/03\/Jatkosota13-450x426.jpg 450w, https:\/\/joukkosieessa.fi\/wp-content\/uploads\/2020\/03\/Jatkosota13.jpg 989w\" sizes=\"auto, (max-width: 476px) 100vw, 476px\" \/><p id=\"caption-attachment-3532\" class=\"wp-caption-text\">Sa-kuva 128803: Kenraali Steiner ja kenraaliluutnantti Malmberg tarkastaa joukot. Hanko 1943.06.01<\/p><\/div>\n<p><strong>Suomalaisten SS-vapaaehtoisten p\u00e4\u00e4joukko saapui Suomeen 1.6.1943. Kolme SS-Divisioona Wikingiss\u00e4 palvellutta kadettiupseeria kaatui my\u00f6hemmin jatkosodan aikana: kadetti Kauko Inger\u00f6, kadetti Herkko Kosonen ja kadetti Erich Lange, kaikki 27. kadettikurssilta. Lis\u00e4ksi luutnantti Viljo Norvio (21.kadk) oli kaatunut marraskuussa 1941 divisioonan riviss\u00e4 Ukrainassa.<\/strong><a href=\"#_ednref1\" name=\"_edn1\"><\/a><\/p>\n<\/div><\/section><br \/>\n\n<style type=\"text\/css\" data-created_by=\"avia_inline_auto\" id=\"style-css-av-av_heading-5499b5c920e3bd77c1b5b84f0a9a30a8\">\n#top .av-special-heading.av-av_heading-5499b5c920e3bd77c1b5b84f0a9a30a8{\nmargin:0 0 10px 0;\npadding-bottom:10px;\n}\nbody .av-special-heading.av-av_heading-5499b5c920e3bd77c1b5b84f0a9a30a8 .av-special-heading-tag .heading-char{\nfont-size:25px;\n}\n.av-special-heading.av-av_heading-5499b5c920e3bd77c1b5b84f0a9a30a8 .av-subheading{\nfont-size:15px;\n}\n<\/style>\n<div  class='av-special-heading av-av_heading-5499b5c920e3bd77c1b5b84f0a9a30a8 av-special-heading-h2  avia-builder-el-5  el_after_av_textblock  el_before_av_textblock '><h2 class='av-special-heading-tag'  itemprop=\"headline\"  >L\u00e4hteet<\/h2><div class=\"special-heading-border\"><div class=\"special-heading-inner-border\"><\/div><\/div><\/div><br \/>\n<section  class='av_textblock_section av-k7ntel25-2c3ee33b34aec1c3cd08c6c869c963c7 '   itemscope=\"itemscope\" itemtype=\"https:\/\/schema.org\/CreativeWork\" ><div class='avia_textblock'  itemprop=\"text\" ><p>L\u00e4hteet esitetty kirjassa ja sen s\u00e4hk\u00f6isess\u00e4 versiossa (PDF) joka on ladattavissa Kadettikunnan ja t\u00e4m\u00e4n sivuston verkkosivuilta.<\/p>\n<\/div><\/section><br \/>\n\n<style type=\"text\/css\" data-created_by=\"avia_inline_auto\" id=\"style-css-av-k47j6vg7-d3fd1f40b5858f4982ee5b8d5d9dc574\">\n#top .avia_search_element.av-k47j6vg7-d3fd1f40b5858f4982ee5b8d5d9dc574 .av_searchform_wrapper{\nborder-radius:0px 0px 0px 0px;\n}\n#top .avia_search_element.av-k47j6vg7-d3fd1f40b5858f4982ee5b8d5d9dc574 #s.av-input-field{\nborder-radius:0px 0px 0px 0px;\n}\n#top .avia_search_element.av-k47j6vg7-d3fd1f40b5858f4982ee5b8d5d9dc574 .av_searchsubmit_wrapper{\nborder-radius:0px 0px 0px 0px;\n}\n#top .avia_search_element.av-k47j6vg7-d3fd1f40b5858f4982ee5b8d5d9dc574 #searchsubmit{\nborder-radius:0px 0px 0px 0px;\n}\n.ajax_search_response.av-k47j6vg7-d3fd1f40b5858f4982ee5b8d5d9dc574{\npadding:0px 0px 0px 0px;\nmargin:0px 0px 0px 0px;\n}\n<\/style>\n<div  class='avia_search_element av-k47j6vg7-d3fd1f40b5858f4982ee5b8d5d9dc574  avia-builder-el-7  el_after_av_textblock  avia-builder-el-last '><form action='https:\/\/joukkosieessa.fi\/' id='searchform_element' method='get' class='' data-element_id='av-k47j6vg7-d3fd1f40b5858f4982ee5b8d5d9dc574' ><div class='av_searchform_wrapper'><input type='text' value='' id='s' name='s' placeholder='Haku artikkeleista...' class='av-input-field av-input-hasicon' \/><span class='av-input-field-icon av-search-icon avia-font-entypo-fontello'>\ue803<\/span><div class='av_searchsubmit_wrapper '><input type='submit' value='HAE' id='searchsubmit' class='button ' \/><\/div><input type='hidden' name='numberposts' value='5' \/><input type='hidden' name='post_type' value='post' \/><input type='hidden' name='results_hide_fields' value='' \/><\/div><\/form><\/div><\/p><\/div>\n<style type=\"text\/css\" data-created_by=\"avia_inline_auto\" id=\"style-css-av-3mmz36-6d2f1c32f5dd6346ffacb376725d67a1\">\n.flex_column.av-3mmz36-6d2f1c32f5dd6346ffacb376725d67a1{\nborder-radius:0px 0px 0px 0px;\npadding:0px 0px 0px 0px;\n}\n<\/style>\n<div  class='flex_column av-3mmz36-6d2f1c32f5dd6346ffacb376725d67a1 av_one_half  avia-builder-el-8  el_after_av_one_full  el_before_av_one_half  first flex_column_div av-zero-column-padding  column-top-margin'     ><div  class='avia-button-wrap av-k7nqb058-f765736018b2cf6769da57cd4b37182c-wrap avia-button-left  avia-builder-el-9  avia-builder-el-no-sibling '><a href='https:\/\/joukkosieessa.fi\/index.php\/sodan-aika\/jatkosota\/asemasota\/tammi-helmikuu-1943\/'  class='avia-button av-k7nqb058-f765736018b2cf6769da57cd4b37182c avia-icon_select-no avia-size-small avia-position-left avia-color-theme-color-highlight'  ><span class='avia_iconbox_title' >Tammi, helmikuu 1943<\/span><\/a><\/div><\/div><\/p>\n\n<style type=\"text\/css\" data-created_by=\"avia_inline_auto\" id=\"style-css-av-6pliq-d2fb779b6f13fb95b571606b7129889e\">\n.flex_column.av-6pliq-d2fb779b6f13fb95b571606b7129889e{\nborder-radius:0px 0px 0px 0px;\npadding:0px 0px 0px 0px;\n}\n<\/style>\n<div  class='flex_column av-6pliq-d2fb779b6f13fb95b571606b7129889e av_one_half  avia-builder-el-10  el_after_av_one_half  avia-builder-el-last  flex_column_div av-zero-column-padding  column-top-margin'     ><div  class='avia-button-wrap av-k7nqbdw4-f04d85ceef7bb214a31e05f1d57a8a5b-wrap avia-button-right  avia-builder-el-11  avia-builder-el-no-sibling '><a href='https:\/\/joukkosieessa.fi\/index.php\/sodan-aika\/jatkosota\/asemasota\/touko-kesakuu-1943\/'  class='avia-button av-k7nqbdw4-f04d85ceef7bb214a31e05f1d57a8a5b avia-icon_select-no avia-size-small avia-position-right avia-color-theme-color-highlight'  ><span class='avia_iconbox_title' >Touko-, kes\u00e4kuu 1943<\/span><\/a><\/div><\/div>\n","protected":false},"excerpt":{"rendered":"","protected":false},"author":1,"featured_media":0,"parent":1952,"menu_order":9,"comment_status":"closed","ping_status":"closed","template":"","meta":{"footnotes":""},"class_list":["post-1986","page","type-page","status-publish","hentry"],"_links":{"self":[{"href":"https:\/\/joukkosieessa.fi\/index.php\/wp-json\/wp\/v2\/pages\/1986","targetHints":{"allow":["GET"]}}],"collection":[{"href":"https:\/\/joukkosieessa.fi\/index.php\/wp-json\/wp\/v2\/pages"}],"about":[{"href":"https:\/\/joukkosieessa.fi\/index.php\/wp-json\/wp\/v2\/types\/page"}],"author":[{"embeddable":true,"href":"https:\/\/joukkosieessa.fi\/index.php\/wp-json\/wp\/v2\/users\/1"}],"replies":[{"embeddable":true,"href":"https:\/\/joukkosieessa.fi\/index.php\/wp-json\/wp\/v2\/comments?post=1986"}],"version-history":[{"count":21,"href":"https:\/\/joukkosieessa.fi\/index.php\/wp-json\/wp\/v2\/pages\/1986\/revisions"}],"predecessor-version":[{"id":3974,"href":"https:\/\/joukkosieessa.fi\/index.php\/wp-json\/wp\/v2\/pages\/1986\/revisions\/3974"}],"up":[{"embeddable":true,"href":"https:\/\/joukkosieessa.fi\/index.php\/wp-json\/wp\/v2\/pages\/1952"}],"wp:attachment":[{"href":"https:\/\/joukkosieessa.fi\/index.php\/wp-json\/wp\/v2\/media?parent=1986"}],"curies":[{"name":"wp","href":"https:\/\/api.w.org\/{rel}","templated":true}]}}