{"id":1995,"date":"2020-01-06T13:33:41","date_gmt":"2020-01-06T13:33:41","guid":{"rendered":"https:\/\/joukkosieessa.fi\/?page_id=1995"},"modified":"2020-09-21T08:49:08","modified_gmt":"2020-09-21T08:49:08","slug":"tammi-helmikuu-1944","status":"publish","type":"page","link":"https:\/\/joukkosieessa.fi\/index.php\/sodan-aika\/jatkosota\/asemasota\/tammi-helmikuu-1944\/","title":{"rendered":"Tammi-, helmikuu 1944"},"content":{"rendered":"<div id='full_slider_1'  class='avia-fullwidth-slider main_color avia-shadow   avia-builder-el-0  el_before_av_one_full  avia-builder-el-first   container_wrap sidebar_right'  >\n<style type=\"text\/css\" data-created_by=\"avia_inline_auto\" id=\"style-css-av-akhp-b6f614b8154ad80be0284d699659eb53\">\n#top .avia-slideshow .av-slideshow-caption.av-akhp-b6f614b8154ad80be0284d699659eb53__0 .avia-caption-content{\nfont-size:14px;\n}\n#top .avia-slideshow .av-slideshow-caption.av-akhp-b6f614b8154ad80be0284d699659eb53__0 .avia-caption-content p{\nfont-size:14px;\n}\n<\/style>\n<div  class='avia-slideshow av-akhp-b6f614b8154ad80be0284d699659eb53 avia-slideshow-featured av_slideshow_full avia-slide-slider av-slideshow-ui av-control-default av-slideshow-manual av-loop-once av-loop-manual-endless av-default-height-applied   avia-slideshow-1' data-slideshow-options=\"{&quot;animation&quot;:&quot;slide&quot;,&quot;autoplay&quot;:false,&quot;loop_autoplay&quot;:&quot;once&quot;,&quot;interval&quot;:5,&quot;loop_manual&quot;:&quot;manual-endless&quot;,&quot;autoplay_stopper&quot;:false,&quot;noNavigation&quot;:false,&quot;bg_slider&quot;:false,&quot;keep_padding&quot;:false,&quot;hoverpause&quot;:false,&quot;show_slide_delay&quot;:0}\"  itemprop=\"image\" itemscope=\"itemscope\" itemtype=\"https:\/\/schema.org\/ImageObject\" ><ul class='avia-slideshow-inner ' style='padding-bottom: 28.666666666667%;'><li  class='avia-slideshow-slide av-akhp-b6f614b8154ad80be0284d699659eb53__0  av-single-slide slide-1 slide-odd'><div data-rel='slideshow-1' class='avia-slide-wrap '   ><div class='av-slideshow-caption av-akhp-b6f614b8154ad80be0284d699659eb53__0 caption_fullwidth caption_bottom caption_bottom_framed caption_framed'><div class=\"container caption_container\"><div class=\"slideshow_caption\"><div class=\"slideshow_inner_caption\"><div class=\"slideshow_align_caption\"><div class='avia-caption-content '  itemprop=\"description\" ><p>45K\/38 aisat asennettuna.<br \/>\nHelsinki, Av 10 5.2.1944<\/p>\n<\/div><\/div><\/div><\/div><\/div><\/div><img fetchpriority=\"high\" class=\"wp-image-3831 avia-img-lazy-loading-not-3831\"  src='https:\/\/joukkosieessa.fi\/wp-content\/uploads\/2020\/03\/Tammi_Helmikuu1944_2-1500x430.jpg' width='1500' height='430' title='Tammi_Helmikuu1944_2' alt=''  itemprop=\"thumbnailUrl\"   \/><\/div><\/li><\/ul><\/div><\/div><div id='after_full_slider_1'  class='main_color av_default_container_wrap container_wrap sidebar_right'  ><div class='container av-section-cont-open' ><div class='template-page content  av-content-small alpha units'><div class='post-entry post-entry-type-page post-entry-1995'><div class='entry-content-wrapper clearfix'>\n\n<style type=\"text\/css\" data-created_by=\"avia_inline_auto\" id=\"style-css-av-4k1r-3ed26eaf4f9e1fe5afee569a008105ec\">\n.flex_column.av-4k1r-3ed26eaf4f9e1fe5afee569a008105ec{\nborder-radius:0px 0px 0px 0px;\npadding:0px 0px 10px 10px;\n}\n<\/style>\n<div  class='flex_column av-4k1r-3ed26eaf4f9e1fe5afee569a008105ec av_one_full  avia-builder-el-1  el_after_av_slideshow_full  el_before_av_one_half  avia-builder-el-first  first flex_column_div  '     ><p>\n<style type=\"text\/css\" data-created_by=\"avia_inline_auto\" id=\"style-css-av-av_heading-deaf8a9ee940f47d378cdaf66444d8a8\">\n#top .av-special-heading.av-av_heading-deaf8a9ee940f47d378cdaf66444d8a8{\nmargin:0 0 -5px 0;\npadding-bottom:0;\n}\nbody .av-special-heading.av-av_heading-deaf8a9ee940f47d378cdaf66444d8a8 .av-special-heading-tag .heading-char{\nfont-size:25px;\n}\n.av-special-heading.av-av_heading-deaf8a9ee940f47d378cdaf66444d8a8 .av-subheading{\nfont-size:15px;\n}\n<\/style>\n<div  class='av-special-heading av-av_heading-deaf8a9ee940f47d378cdaf66444d8a8 av-special-heading-h1  avia-builder-el-2  el_before_av_textblock  avia-builder-el-first '><h1 class='av-special-heading-tag'  itemprop=\"headline\"  >Tammi-, helmikuu 1944<\/h1><div class=\"special-heading-border\"><div class=\"special-heading-inner-border\"><\/div><\/div><\/div><br \/>\n\n<style type=\"text\/css\" data-created_by=\"avia_inline_auto\" id=\"style-css-av-3o2n-f8ecf9facd2b0c750a152e7b87905b4d\">\n#top .av_textblock_section.av-3o2n-f8ecf9facd2b0c750a152e7b87905b4d .avia_textblock{\nfont-size:15px;\n}\n<\/style>\n<section  class='av_textblock_section av-3o2n-f8ecf9facd2b0c750a152e7b87905b4d '   itemscope=\"itemscope\" itemtype=\"https:\/\/schema.org\/CreativeWork\" ><div class='avia_textblock'  itemprop=\"text\" ><p><strong>1944: Rintamavastuu Uhtuan suunnalla siirtyy saksalaisille maaliskuun alussa.<\/strong><\/p>\n<\/div><\/section><br \/>\n\n<style type=\"text\/css\" data-created_by=\"avia_inline_auto\" id=\"style-css-av-kfcafuhq-8922014b1902d864fd845dff01010e9c\">\n#top .av-special-heading.av-kfcafuhq-8922014b1902d864fd845dff01010e9c{\nmargin:0 0 10px 0;\npadding-bottom:10px;\n}\nbody .av-special-heading.av-kfcafuhq-8922014b1902d864fd845dff01010e9c .av-special-heading-tag .heading-char{\nfont-size:25px;\n}\n.av-special-heading.av-kfcafuhq-8922014b1902d864fd845dff01010e9c .av-subheading{\nfont-size:15px;\n}\n<\/style>\n<div  class='av-special-heading av-kfcafuhq-8922014b1902d864fd845dff01010e9c av-special-heading-h2  avia-builder-el-4  el_after_av_textblock  el_before_av_textblock '><h2 class='av-special-heading-tag'  itemprop=\"headline\"  >MENEHTYNEET KADETTIUPSEERIT JA KADETIT<\/h2><div class=\"special-heading-border\"><div class=\"special-heading-inner-border\"><\/div><\/div><\/div><br \/>\n\n<style type=\"text\/css\" data-created_by=\"avia_inline_auto\" id=\"style-css-av-3o2n-f8ecf9facd2b0c750a152e7b87905b4d\">\n#top .av_textblock_section.av-3o2n-f8ecf9facd2b0c750a152e7b87905b4d .avia_textblock{\nfont-size:15px;\n}\n<\/style>\n<section  class='av_textblock_section av-3o2n-f8ecf9facd2b0c750a152e7b87905b4d '   itemscope=\"itemscope\" itemtype=\"https:\/\/schema.org\/CreativeWork\" ><div class='avia_textblock'  itemprop=\"text\" ><p><img loading=\"lazy\" decoding=\"async\" class=\"wp-image-2143 alignright\" src=\"https:\/\/joukkosieessa.fi\/wp-content\/uploads\/2020\/01\/Murto_Matti-235x300.jpg\" alt=\"\" width=\"118\" height=\"151\" srcset=\"https:\/\/joukkosieessa.fi\/wp-content\/uploads\/2020\/01\/Murto_Matti-235x300.jpg 235w, https:\/\/joukkosieessa.fi\/wp-content\/uploads\/2020\/01\/Murto_Matti-768x980.jpg 768w, https:\/\/joukkosieessa.fi\/wp-content\/uploads\/2020\/01\/Murto_Matti-807x1030.jpg 807w, https:\/\/joukkosieessa.fi\/wp-content\/uploads\/2020\/01\/Murto_Matti-1176x1500.jpg 1176w, https:\/\/joukkosieessa.fi\/wp-content\/uploads\/2020\/01\/Murto_Matti-552x705.jpg 552w, https:\/\/joukkosieessa.fi\/wp-content\/uploads\/2020\/01\/Murto_Matti-450x574.jpg 450w, https:\/\/joukkosieessa.fi\/wp-content\/uploads\/2020\/01\/Murto_Matti.jpg 1565w\" sizes=\"auto, (max-width: 118px) 100vw, 118px\" \/><\/p>\n<h4><strong>390. Luutnantti Matti Murto, 26.kadk, 2532<\/strong><\/h4>\n<ul>\n<li><strong>Komppanian varap\u00e4\u00e4llikk\u00f6, 5.K\/II\/JR33 (6.D\/MaaR)<\/strong><\/li>\n<li><strong>Kaatui Hiisj\u00e4rvi, Maaselk\u00e4 11.1.1944<\/strong><\/li>\n<\/ul>\n<p>Vihollisen partio p\u00e4\u00e4si Hiisj\u00e4rvell\u00e4 etulinjan l\u00e4pi Jalkav\u00e4kirykmentti 33:n ja 3. Prikaatin saumasta 11.1.44 kello 2200. Luutnantti Murto sai t\u00e4ll\u00f6in teht\u00e4v\u00e4kseen kiert\u00e4\u00e4 joukkueella asemien v\u00e4limaastoon ja katkaista vihollisen paluutie. Tieto Murron partiosta ei kuitenkaan mennyt eteenty\u00f6nnetylle vartiopaikalle, jossa Murron osaston l\u00e4hestyess\u00e4 luultiin vihollisen palaavan ja avattiin tuli, jolloin Murtoa osui p\u00e4\u00e4h\u00e4n ja yl\u00e4vartaloon ja h\u00e4n kaatui.<\/p>\n<hr \/>\n<p><img loading=\"lazy\" decoding=\"async\" class=\"wp-image-2144 alignright\" src=\"https:\/\/joukkosieessa.fi\/wp-content\/uploads\/2020\/01\/Lehmus_Veikko-248x300.jpg\" alt=\"\" width=\"118\" height=\"143\" srcset=\"https:\/\/joukkosieessa.fi\/wp-content\/uploads\/2020\/01\/Lehmus_Veikko-248x300.jpg 248w, https:\/\/joukkosieessa.fi\/wp-content\/uploads\/2020\/01\/Lehmus_Veikko-768x930.jpg 768w, https:\/\/joukkosieessa.fi\/wp-content\/uploads\/2020\/01\/Lehmus_Veikko-851x1030.jpg 851w, https:\/\/joukkosieessa.fi\/wp-content\/uploads\/2020\/01\/Lehmus_Veikko-1239x1500.jpg 1239w, https:\/\/joukkosieessa.fi\/wp-content\/uploads\/2020\/01\/Lehmus_Veikko-582x705.jpg 582w, https:\/\/joukkosieessa.fi\/wp-content\/uploads\/2020\/01\/Lehmus_Veikko-450x545.jpg 450w, https:\/\/joukkosieessa.fi\/wp-content\/uploads\/2020\/01\/Lehmus_Veikko.jpg 1542w\" sizes=\"auto, (max-width: 118px) 100vw, 118px\" \/><\/p>\n<h4><strong>391. Luutnantti Veikko Lehmus, 26.kadk, 2490<\/strong><\/h4>\n<ul>\n<li><strong>Toipilas (Joukkueen johtaja, Jv2\/UK)<\/strong><\/li>\n<li><strong>Kuoli sairauteen 10.SotaS Tampere 14.1.1944<\/strong><\/li>\n<\/ul>\n<p>Luutnantti Lehmus vilustui marraskuun puoliv\u00e4liss\u00e4 -43 Upseerikoulussa j\u00e4rjestetyss\u00e4 ylimenoharjoituksessa sairastuen sen seurauksena syd\u00e4men\u00a0sis\u00e4pussin tulehdukseen. H\u00e4n oli toipumislomalla 17.11.43 alkaen kuollen 14.1.44.<\/p>\n<hr \/>\n<p><img loading=\"lazy\" decoding=\"async\" class=\"wp-image-2300 alignright\" src=\"https:\/\/joukkosieessa.fi\/wp-content\/uploads\/2020\/01\/Sahama_Aarno-238x300.jpg\" alt=\"\" width=\"118\" height=\"149\" srcset=\"https:\/\/joukkosieessa.fi\/wp-content\/uploads\/2020\/01\/Sahama_Aarno-238x300.jpg 238w, https:\/\/joukkosieessa.fi\/wp-content\/uploads\/2020\/01\/Sahama_Aarno-768x968.jpg 768w, https:\/\/joukkosieessa.fi\/wp-content\/uploads\/2020\/01\/Sahama_Aarno-817x1030.jpg 817w, https:\/\/joukkosieessa.fi\/wp-content\/uploads\/2020\/01\/Sahama_Aarno-1190x1500.jpg 1190w, https:\/\/joukkosieessa.fi\/wp-content\/uploads\/2020\/01\/Sahama_Aarno-559x705.jpg 559w, https:\/\/joukkosieessa.fi\/wp-content\/uploads\/2020\/01\/Sahama_Aarno-450x567.jpg 450w, https:\/\/joukkosieessa.fi\/wp-content\/uploads\/2020\/01\/Sahama_Aarno.jpg 1346w\" sizes=\"auto, (max-width: 118px) 100vw, 118px\" \/><\/p>\n<h4><strong>392. Luutnantti Arno Sahama, 26.kadk, 2317<\/strong><\/h4>\n<ul>\n<li><strong>Joukkueen johtaja, 10.K\/III\/JR57 (15.D\/KanR)<\/strong><\/li>\n<li><strong>Kaatui Muratta, Lempaala, Lempaala 19.1.1944<\/strong><\/li>\n<\/ul>\n<p>Vihollinen aloitti 19.1.44 kello 1430 voimakkaan tykist\u00f6keskityksen koko Lempaalan lohkolla. Puolen tunnin\u00a0tulivalmistelun j\u00e4lkeen vihollinen hy\u00f6kk\u00e4si ja p\u00e4\u00e4si pureutumaan Muna-tukikohdan etel\u00e4isiin taisteluhautoihin. Luutnantti Sahama, joka oli siirretty rykmenttiin vasta edellisen\u00e4 p\u00e4iv\u00e4n\u00e4, toimi tukikohdan p\u00e4\u00e4llikk\u00f6n\u00e4 ja johti vastahy\u00f6kk\u00e4yst\u00e4 joukkueensa k\u00e4rjess\u00e4, t\u00f6rm\u00e4ten yhdyshaudassa viholliseen kaatuen konepistoolisarjan luodista p\u00e4\u00e4h\u00e4n.<\/p>\n<hr \/>\n<p><img loading=\"lazy\" decoding=\"async\" class=\"wp-image-2546 alignright\" src=\"https:\/\/joukkosieessa.fi\/wp-content\/uploads\/2020\/01\/Mikkonen-Soini-270811-222x300.jpg\" alt=\"\" width=\"118\" height=\"159\" srcset=\"https:\/\/joukkosieessa.fi\/wp-content\/uploads\/2020\/01\/Mikkonen-Soini-270811-222x300.jpg 222w, https:\/\/joukkosieessa.fi\/wp-content\/uploads\/2020\/01\/Mikkonen-Soini-270811.jpg 306w\" sizes=\"auto, (max-width: 118px) 100vw, 118px\" \/><\/p>\n<h4><strong>393. Kapteeni, Mannerheim-ristin ritari Soini Mikkonen, 22.kadk, 1634<\/strong><\/h4>\n<ul>\n<li><strong>Komppanian p\u00e4\u00e4llikk\u00f6, J\u00e4\u00e4kK\/6.D (MaaR)<\/strong><\/li>\n<li><strong>Kaatui Jolmaj\u00e4rvi, Seesj\u00e4rvi, Maaselk\u00e4 13.2.1944<\/strong><\/li>\n<\/ul>\n<p>Kapteeni Mikkosen johtama partio oli hiiht\u00e4en liikkeell\u00e4 13.2.44 iltap\u00e4iv\u00e4ll\u00e4 Jolmaj\u00e4rven koillispuolella. Partion ylitetty\u00e4 nimett\u00f6m\u00e4n j\u00e4rven (j\u00e4rvi 145)\u00a0pohjoisp\u00e4\u00e4n ja saavuttaessa sen vastarannan, avasi vihollisen partio konetuliaseiden tulen edess\u00e4 olevalta harjanteelta. Kapteeni Mikkonen haavoittui jalkaan, mutta onnistui palaamaan takaisin j\u00e4rven vastarannalle, miss\u00e4 h\u00e4n kuitenkin kaatui p\u00e4\u00e4h\u00e4n osuneesta luodista. Mikkosen ruumis j\u00e4i rannalle, josta se saatiin noudettua seuraavana p\u00e4iv\u00e4n\u00e4.<\/p>\n<hr \/>\n<p><img loading=\"lazy\" decoding=\"async\" class=\"wp-image-2547 alignright\" src=\"https:\/\/joukkosieessa.fi\/wp-content\/uploads\/2020\/01\/Kokko-Pekka-030918-234x300.jpg\" alt=\"\" width=\"118\" height=\"151\" srcset=\"https:\/\/joukkosieessa.fi\/wp-content\/uploads\/2020\/01\/Kokko-Pekka-030918-234x300.jpg 234w, https:\/\/joukkosieessa.fi\/wp-content\/uploads\/2020\/01\/Kokko-Pekka-030918.jpg 322w\" sizes=\"auto, (max-width: 118px) 100vw, 118px\" \/><\/p>\n<h4><strong>394. Kapteeni Pekka Kokko, 21.kadk, 1578<\/strong><\/h4>\n<ul>\n<li><strong>Koelent\u00e4j\u00e4, KoeLtue\/KoeLeLv\/Lentovarikko<\/strong><\/li>\n<li><strong>Kuoli lento-onnettomuudessa Moisio, Lemp\u00e4\u00e4l\u00e4 19.2.1944<\/strong><\/li>\n<\/ul>\n<p>Kapteeni Kokko oli 19.2.44 siirtolennolla Pyry PY-32-koneen kanssa Tampereelta Helsinkiin, kun h\u00e4n joutui heikkenev\u00e4n s\u00e4\u00e4n vuoksi k\u00e4\u00e4ntym\u00e4\u00e4n\u00a0takaisin. Koneen n\u00e4htiin lent\u00e4v\u00e4n hyvin matalalla pilvien alapuolella ja sy\u00f6ksyv\u00e4n mets\u00e4\u00e4n kello 1230 Lopen kartanon mailla Moision kyl\u00e4ss\u00e4. Kone pirstoutui puihin osuessaan t\u00e4ysin Kokon saadessa v\u00e4litt\u00f6m\u00e4sti surmansa.<\/p>\n<hr \/>\n<p><img loading=\"lazy\" decoding=\"async\" class=\"wp-image-2550 alignright\" src=\"https:\/\/joukkosieessa.fi\/wp-content\/uploads\/2020\/01\/Lausas-Eino-150815-229x300.jpg\" alt=\"\" width=\"118\" height=\"155\" srcset=\"https:\/\/joukkosieessa.fi\/wp-content\/uploads\/2020\/01\/Lausas-Eino-150815-229x300.jpg 229w, https:\/\/joukkosieessa.fi\/wp-content\/uploads\/2020\/01\/Lausas-Eino-150815.jpg 315w\" sizes=\"auto, (max-width: 118px) 100vw, 118px\" \/><\/p>\n<h4><strong>395. Kapteeni Heino Lausas, 20.kadk, 1417<\/strong><\/h4>\n<ul>\n<li><strong>Komppanian p\u00e4\u00e4llikk\u00f6, 2.K\/JP5\/JPr (PsD)<\/strong><\/li>\n<li><strong>Itsemurha Viipuri 27.2.1944<\/strong><\/li>\n<\/ul>\n<p>J\u00e4\u00e4k\u00e4ripataljoona 5:n komentajan vaihtotilaisuuden ja illanvieton j\u00e4lkeen kapteeni Lausas ampui itsens\u00e4 27.2.44 kello 0100 upseerien\u00a0majoitusrakennuksessa.<a href=\"#_ednref1\" name=\"_edn1\"><\/a><\/p>\n<\/div><\/section><br \/>\n\n<style type=\"text\/css\" data-created_by=\"avia_inline_auto\" id=\"style-css-av-av_heading-5499b5c920e3bd77c1b5b84f0a9a30a8\">\n#top .av-special-heading.av-av_heading-5499b5c920e3bd77c1b5b84f0a9a30a8{\nmargin:0 0 10px 0;\npadding-bottom:10px;\n}\nbody .av-special-heading.av-av_heading-5499b5c920e3bd77c1b5b84f0a9a30a8 .av-special-heading-tag .heading-char{\nfont-size:25px;\n}\n.av-special-heading.av-av_heading-5499b5c920e3bd77c1b5b84f0a9a30a8 .av-subheading{\nfont-size:15px;\n}\n<\/style>\n<div  class='av-special-heading av-av_heading-5499b5c920e3bd77c1b5b84f0a9a30a8 av-special-heading-h2  avia-builder-el-6  el_after_av_textblock  el_before_av_textblock '><h2 class='av-special-heading-tag'  itemprop=\"headline\"  >L\u00e4hteet<\/h2><div class=\"special-heading-border\"><div class=\"special-heading-inner-border\"><\/div><\/div><\/div><br \/>\n<section  class='av_textblock_section av-k7ntj9kb-43d18b5a84f5753b8470275d9bb418c9 '   itemscope=\"itemscope\" itemtype=\"https:\/\/schema.org\/CreativeWork\" ><div class='avia_textblock'  itemprop=\"text\" ><p>L\u00e4hteet esitetty kirjassa ja sen s\u00e4hk\u00f6isess\u00e4 versiossa (PDF) joka on ladattavissa Kadettikunnan ja t\u00e4m\u00e4n sivuston verkkosivuilta.<\/p>\n<\/div><\/section><br \/>\n\n<style type=\"text\/css\" data-created_by=\"avia_inline_auto\" id=\"style-css-av-k47j6vg7-d3fd1f40b5858f4982ee5b8d5d9dc574\">\n#top .avia_search_element.av-k47j6vg7-d3fd1f40b5858f4982ee5b8d5d9dc574 .av_searchform_wrapper{\nborder-radius:0px 0px 0px 0px;\n}\n#top .avia_search_element.av-k47j6vg7-d3fd1f40b5858f4982ee5b8d5d9dc574 #s.av-input-field{\nborder-radius:0px 0px 0px 0px;\n}\n#top .avia_search_element.av-k47j6vg7-d3fd1f40b5858f4982ee5b8d5d9dc574 .av_searchsubmit_wrapper{\nborder-radius:0px 0px 0px 0px;\n}\n#top .avia_search_element.av-k47j6vg7-d3fd1f40b5858f4982ee5b8d5d9dc574 #searchsubmit{\nborder-radius:0px 0px 0px 0px;\n}\n.ajax_search_response.av-k47j6vg7-d3fd1f40b5858f4982ee5b8d5d9dc574{\npadding:0px 0px 0px 0px;\nmargin:0px 0px 0px 0px;\n}\n<\/style>\n<div  class='avia_search_element av-k47j6vg7-d3fd1f40b5858f4982ee5b8d5d9dc574  avia-builder-el-8  el_after_av_textblock  avia-builder-el-last '><form action='https:\/\/joukkosieessa.fi\/' id='searchform_element' method='get' class='' data-element_id='av-k47j6vg7-d3fd1f40b5858f4982ee5b8d5d9dc574' ><div class='av_searchform_wrapper'><input type='text' value='' id='s' name='s' placeholder='Haku artikkeleista...' class='av-input-field av-input-hasicon' \/><span class='av-input-field-icon av-search-icon avia-font-entypo-fontello'>\ue803<\/span><div class='av_searchsubmit_wrapper '><input type='submit' value='HAE' id='searchsubmit' class='button ' \/><\/div><input type='hidden' name='numberposts' value='5' \/><input type='hidden' name='post_type' value='post' \/><input type='hidden' name='results_hide_fields' value='' \/><\/div><\/form><\/div><\/p><\/div>\n<style type=\"text\/css\" data-created_by=\"avia_inline_auto\" id=\"style-css-av-4ranzv-96639528dacd8b459c2be34af0b0cdee\">\n.flex_column.av-4ranzv-96639528dacd8b459c2be34af0b0cdee{\nborder-radius:0px 0px 0px 0px;\npadding:0px 0px 0px 0px;\n}\n<\/style>\n<div  class='flex_column av-4ranzv-96639528dacd8b459c2be34af0b0cdee av_one_half  avia-builder-el-9  el_after_av_one_full  el_before_av_one_half  first flex_column_div av-zero-column-padding  column-top-margin'     ><div  class='avia-button-wrap av-k7nqq476-742006bf4d290b9a80958ed479e20cde-wrap avia-button-left  avia-builder-el-10  avia-builder-el-no-sibling '><a href='https:\/\/joukkosieessa.fi\/index.php\/sodan-aika\/jatkosota\/asemasota\/loka-marraskuu-1943\/'  class='avia-button av-k7nqq476-742006bf4d290b9a80958ed479e20cde avia-icon_select-no avia-size-small avia-position-left avia-color-theme-color-highlight'  ><span class='avia_iconbox_title' >Loka-, marraskuu 1943<\/span><\/a><\/div><\/div><\/p>\n\n<style type=\"text\/css\" data-created_by=\"avia_inline_auto\" id=\"style-css-av-3b23dn-39b98b8c70fd7c413f698d87206a6408\">\n.flex_column.av-3b23dn-39b98b8c70fd7c413f698d87206a6408{\nborder-radius:0px 0px 0px 0px;\npadding:0px 0px 0px 0px;\n}\n<\/style>\n<div  class='flex_column av-3b23dn-39b98b8c70fd7c413f698d87206a6408 av_one_half  avia-builder-el-11  el_after_av_one_half  avia-builder-el-last  flex_column_div av-zero-column-padding  column-top-margin'     ><div  class='avia-button-wrap av-k7nqqki8-86974dd09ae1e9246d5b2ea39fd0dcbb-wrap avia-button-right  avia-builder-el-12  avia-builder-el-no-sibling '><a href='https:\/\/joukkosieessa.fi\/index.php\/sodan-aika\/jatkosota\/asemasota\/maalis-huhtikuu-1944\/'  class='avia-button av-k7nqqki8-86974dd09ae1e9246d5b2ea39fd0dcbb avia-icon_select-no avia-size-small avia-position-right avia-color-theme-color-highlight'  ><span class='avia_iconbox_title' >Maalis-, huhtikuu 1944<\/span><\/a><\/div><\/div>\n","protected":false},"excerpt":{"rendered":"","protected":false},"author":1,"featured_media":0,"parent":1952,"menu_order":13,"comment_status":"closed","ping_status":"closed","template":"","meta":{"footnotes":""},"class_list":["post-1995","page","type-page","status-publish","hentry"],"_links":{"self":[{"href":"https:\/\/joukkosieessa.fi\/index.php\/wp-json\/wp\/v2\/pages\/1995","targetHints":{"allow":["GET"]}}],"collection":[{"href":"https:\/\/joukkosieessa.fi\/index.php\/wp-json\/wp\/v2\/pages"}],"about":[{"href":"https:\/\/joukkosieessa.fi\/index.php\/wp-json\/wp\/v2\/types\/page"}],"author":[{"embeddable":true,"href":"https:\/\/joukkosieessa.fi\/index.php\/wp-json\/wp\/v2\/users\/1"}],"replies":[{"embeddable":true,"href":"https:\/\/joukkosieessa.fi\/index.php\/wp-json\/wp\/v2\/comments?post=1995"}],"version-history":[{"count":17,"href":"https:\/\/joukkosieessa.fi\/index.php\/wp-json\/wp\/v2\/pages\/1995\/revisions"}],"predecessor-version":[{"id":3983,"href":"https:\/\/joukkosieessa.fi\/index.php\/wp-json\/wp\/v2\/pages\/1995\/revisions\/3983"}],"up":[{"embeddable":true,"href":"https:\/\/joukkosieessa.fi\/index.php\/wp-json\/wp\/v2\/pages\/1952"}],"wp:attachment":[{"href":"https:\/\/joukkosieessa.fi\/index.php\/wp-json\/wp\/v2\/media?parent=1995"}],"curies":[{"name":"wp","href":"https:\/\/api.w.org\/{rel}","templated":true}]}}