{"id":242,"date":"2019-07-16T19:23:30","date_gmt":"2019-07-16T19:23:30","guid":{"rendered":"https:\/\/joukkosieessa.fi\/?page_id=242"},"modified":"2020-04-25T04:54:14","modified_gmt":"2020-04-25T04:54:14","slug":"komentajakapteeni-albert-pori","status":"publish","type":"page","link":"https:\/\/joukkosieessa.fi\/index.php\/paasivu\/komentajakapteeni-albert-pori\/","title":{"rendered":"Komentajakapteeni Albert P\u00f6ri"},"content":{"rendered":"<div   class='avia-fullscreen-slider main_color   avia-builder-el-0  el_before_av_heading  avia-builder-el-first  container_wrap sidebar_right'  ><\/div><div id='after_full_slider_1'  class='main_color av_default_container_wrap container_wrap sidebar_right'  ><div class='container av-section-cont-open' ><div class='template-page content  av-content-small alpha units'><div class='post-entry post-entry-type-page post-entry-242'><div class='entry-content-wrapper clearfix'>\n\n<style type=\"text\/css\" data-created_by=\"avia_inline_auto\" id=\"style-css-av-k9f474wj-6d4cd55c5fe94b4cd114da765e603dbd\">\n#top .av-special-heading.av-k9f474wj-6d4cd55c5fe94b4cd114da765e603dbd{\npadding-bottom:10px;\n}\nbody .av-special-heading.av-k9f474wj-6d4cd55c5fe94b4cd114da765e603dbd .av-special-heading-tag .heading-char{\nfont-size:25px;\n}\n.av-special-heading.av-k9f474wj-6d4cd55c5fe94b4cd114da765e603dbd .av-subheading{\nfont-size:15px;\n}\n<\/style>\n<div  class='av-special-heading av-k9f474wj-6d4cd55c5fe94b4cd114da765e603dbd av-special-heading-h2  avia-builder-el-1  el_after_av_fullscreen  el_before_av_textblock  avia-builder-el-first '><h2 class='av-special-heading-tag'  itemprop=\"headline\"  >Komentajakapteeni Albert P\u00f6ri<\/h2><div class=\"special-heading-border\"><div class=\"special-heading-inner-border\"><\/div><\/div><\/div>\n<section  class='av_textblock_section av-jy67crr2-2dc9f1d706887ada836338159db580a6 '   itemscope=\"itemscope\" itemtype=\"https:\/\/schema.org\/CreativeWork\" ><div class='avia_textblock'  itemprop=\"text\" ><p>Keskiviikko, 21. p\u00e4iv\u00e4 kes\u00e4kuuta 1944. Kolme p\u00e4iv\u00e4\u00e4 aikaisemmin Rannikkotykist\u00f6rykmentti 2 on suurhy\u00f6kk\u00e4yksen pakottamana vet\u00e4ytynyt Koiviston saarille kaiken raskaan kalustonsa menett\u00e4neen\u00e4. Vihollinen ei ole antanut rykmentille lepoa, vaan sen ilmavoimat ovat toimineet saaria vastaan koko ajan. Samoin vihollinen on suorittanut useita pienimuotoisia tunnusteluhy\u00f6kk\u00e4yksi\u00e4 saarille ja keskiviikkoaamuna kello 0325 se aloittaa maihinnousun laskemalla ensin vahvan komppanian maihin Piisaaren pohjoisk\u00e4rjess\u00e4 Koiviston salmen puolella olevaan Alvatin laituriin ja tuomalla nopeasti lis\u00e4joukkoja saarelle.<\/p>\n<p>Rannikkotykist\u00f6rykmentti 2:n tilanne on kriittinen ja laivastovoimat k\u00e4sket\u00e4\u00e4n tukemaan maihinnousun torjuntaa. Alueella olevan Kevyen Laivasto-osaston tukena olevat saksalaiset tykkilautat ovat puutteellisesta tilannekuvasta johtuen v\u00e4\u00e4r\u00e4ll\u00e4 puolella Koiviston saaria ja osaston omat 1. Tykkilaivue ja 2. Vartiomoottorivenelaivue ovat saattoteht\u00e4v\u00e4ss\u00e4 eik\u00e4 niit\u00e4 huonoista viestiyhteyksist\u00e4 johtuen kyet\u00e4 h\u00e4lytt\u00e4m\u00e4\u00e4n. Ainoa k\u00e4ytett\u00e4viss\u00e4 oleva raskas yksikk\u00f6 on 2. Tykkilaivue, joka on tukeutuneena Kuorsalossa, Haminan kaakkoispuolella.<\/p>\n<p>2. Tykkilaivueen komentaja, komentajakapteeni Albert P\u00f6ri, saa kello 0930 Kevyen Laivasto-osaston komentajan k\u00e4skyn:<\/p>\n<p style=\"padding-left: 40px;\"><em>\u201d2. Tykkilaivueen siirrytt\u00e4v\u00e4 tulittamaan vihollisen Piisaaren pohjoisp\u00e4\u00e4h\u00e4n tekem\u00e4\u00e4 maihinnousua. Ilmatoiminta ei saa est\u00e4\u00e4 teht\u00e4v\u00e4n suorittamista.\u201d<\/em><\/p>\n<p>35-vuotiaan P\u00f6rin ura on ollut tyypillinen laivastoupseerin ura: H\u00e4n on valmistunut 7. merikadettikurssilta vuonna 1932, ja ennen sodan syttymist\u00e4 ollut mukana kahdella Suomen Joutsenen valtameripurjehduksella sek\u00e4 palvellut nuorempana upseerina tykkiveneell\u00e4 ja panssarilaivalla ja opetusupseerina Merisotakoulussa. Talvisodan syttyess\u00e4 h\u00e4n oli Helsingin Laivastoasemalla toimistoupseerina, mist\u00e4 teht\u00e4v\u00e4st\u00e4 h\u00e4n siirtyi sodan loppuvaiheessa laivastoaseman henkil\u00f6st\u00f6st\u00e4 perustetun Pataljoona Aaltosen mukana kiv\u00e4\u00e4rikomppanian p\u00e4\u00e4llikk\u00f6n\u00e4 Kannakselle. V\u00e4lirauhan ja jatkosodan ensimm\u00e4isen vuoden aikana h\u00e4n oli mm. Petsamossa satamaosaston p\u00e4\u00e4llikk\u00f6n\u00e4, Helsingin Laivastoaseman meripataljoonan komentajana ja 8. Rannikkoprikaatin liikennep\u00e4\u00e4llikk\u00f6n\u00e4 Viipurinlahdella. Syksyst\u00e4 1942 h\u00e4n on ollut aputykkivene Aunuksen p\u00e4\u00e4llikk\u00f6n\u00e4 toimien samalla 2. Tykkilaivueen komentajana. P\u00f6ri on ollut yhdeks\u00e4n vuotta naimisissa ja h\u00e4nell\u00e4 on yksi lapsi.<\/p>\n<p>P\u00f6rill\u00e4 ei liene ep\u00e4selvyytt\u00e4 tilanteen vakavuudesta tai h\u00e4nen ensimm\u00e4iseen todelliseen tulikokeeseensa matkalla olevien alustensa mahdollisuuksista vihollisen ilmaylivoiman edess\u00e4. Laivueen alukset, aputykkiveneet Aunus ja Viena, ovat entisi\u00e4 avomeritroolareita, joiden keulakannelle on asennettu 130 mm tykit. Alusten huippunopeus on vain kymmenen solmua, niiden h\u00f6yrykoneiden savu n\u00e4kyy mailien p\u00e4\u00e4h\u00e4n ja alusten ilmatorjunta-aseistus koostuu muutamasta 20 ja 40 mm konetykist\u00e4. Alusten tullessa pois saariston suojasta Virolahden it\u00e4puolella, P\u00f6ri katsoo Aunuksen komentosillalta huolestuneena it\u00e4ist\u00e4 taivaanrantaa, jossa Koiviston suunnassa n\u00e4kyy vahvoja savupilvi\u00e4. Alusten l\u00e4hestyess\u00e4 Ristinieme\u00e4 P\u00f6ri k\u00e4y hytiss\u00e4\u00e4n vaihtamassa palveluspuvun ylleen. Tullessaan takaisin sillalle h\u00e4n sanoo Aunuksen I-upseerille, luutnantti Juvelalle: \u201dParas, ett\u00e4 sin\u00e4kin puet paremman rikin yllesi, nuo ty\u00f6vaatteet ovat kovin likaiset.\u201d<\/p>\n<p>Kello 1330, Aunuksen ja Vienan ollessa Ristiniemen loiston ja Piisaaren pohjoisk\u00e4rjen puoliv\u00e4liss\u00e4, niiden kimppuun hy\u00f6kk\u00e4\u00e4 noin 30 Il-2-maataistelukonetta ja LaGG-3-h\u00e4vitt\u00e4j\u00e4\u00e4. Yli puolet koneista keskitt\u00e4\u00e4 tulensa Aunukseen, jota P\u00f6ri pyrkii ohjailemaan aina edullisimmalle suunnalle antaakseen ilmatorjuntatykeille mahdollisuuden ampua, mutta kaikilla tykeill\u00e4 esiintyy h\u00e4iri\u00f6it\u00e4. Hetken kuluttua tapahtuu v\u00e4ist\u00e4m\u00e4t\u00f6n, ja Aunus saa useita konetykin osumia. Keulakannella olevat ruutipussit syttyv\u00e4t tuleen ja osin r\u00e4j\u00e4ht\u00e4v\u00e4t, jolloin 15 miest\u00e4 lent\u00e4\u00e4 ilmanpaineesta mereen. Aunuksen suojaamattomalla komentosillalla ollut P\u00f6ri haavoittuu vaikeasti saatuaan savupiipussa r\u00e4j\u00e4ht\u00e4neen konetykin kranaatin sirpaleen vatsaansa.<\/p>\n<p>Aunuksesta nousevat liekit ja savupatsas todenn\u00e4k\u00f6isesti saavat vihollisen koneet luulemaan aluksen olevan tuhoutumassa ja ne lopettavat hy\u00f6kk\u00e4yksens\u00e4. Luutnantti Juvela ottaa aluksen komentoonsa ja k\u00e4\u00e4nt\u00e4\u00e4 sen kohti l\u00e4ntt\u00e4 ja hetken kuluttua palo saadaan hallintaan. Varmistamassa ollut moottoritorpedovene Tuisku ottaa P\u00f6rin kyytiins\u00e4 ja kuljettaa t\u00e4m\u00e4n Kotkaan sairaalalaiva Seagullille, jossa h\u00e4n kuolee haavoihinsa juuri ennen puoltay\u00f6t\u00e4.<\/p>\n<\/div><\/section>\n","protected":false},"excerpt":{"rendered":"","protected":false},"author":1,"featured_media":0,"parent":5,"menu_order":1,"comment_status":"closed","ping_status":"closed","template":"","meta":{"footnotes":""},"class_list":["post-242","page","type-page","status-publish","hentry"],"_links":{"self":[{"href":"https:\/\/joukkosieessa.fi\/index.php\/wp-json\/wp\/v2\/pages\/242","targetHints":{"allow":["GET"]}}],"collection":[{"href":"https:\/\/joukkosieessa.fi\/index.php\/wp-json\/wp\/v2\/pages"}],"about":[{"href":"https:\/\/joukkosieessa.fi\/index.php\/wp-json\/wp\/v2\/types\/page"}],"author":[{"embeddable":true,"href":"https:\/\/joukkosieessa.fi\/index.php\/wp-json\/wp\/v2\/users\/1"}],"replies":[{"embeddable":true,"href":"https:\/\/joukkosieessa.fi\/index.php\/wp-json\/wp\/v2\/comments?post=242"}],"version-history":[{"count":4,"href":"https:\/\/joukkosieessa.fi\/index.php\/wp-json\/wp\/v2\/pages\/242\/revisions"}],"predecessor-version":[{"id":3904,"href":"https:\/\/joukkosieessa.fi\/index.php\/wp-json\/wp\/v2\/pages\/242\/revisions\/3904"}],"up":[{"embeddable":true,"href":"https:\/\/joukkosieessa.fi\/index.php\/wp-json\/wp\/v2\/pages\/5"}],"wp:attachment":[{"href":"https:\/\/joukkosieessa.fi\/index.php\/wp-json\/wp\/v2\/media?parent=242"}],"curies":[{"name":"wp","href":"https:\/\/api.w.org\/{rel}","templated":true}]}}