{"id":248,"date":"2019-07-16T19:36:36","date_gmt":"2019-07-16T19:36:36","guid":{"rendered":"https:\/\/joukkosieessa.fi\/?page_id=248"},"modified":"2020-05-21T18:56:53","modified_gmt":"2020-05-21T18:56:53","slug":"kirjan-teosta","status":"publish","type":"page","link":"https:\/\/joukkosieessa.fi\/index.php\/kirjan-teosta\/","title":{"rendered":"Luettelo kartoista"},"content":{"rendered":"<div id='full_slider_1'  class='avia-fullwidth-slider main_color avia-shadow   avia-builder-el-0  el_before_av_heading  avia-builder-el-first   container_wrap sidebar_right'  ><div  class='avia-slideshow av-k7konbel-29ecbc1e0f9dafd30214dd4531d8d1b7 avia-slideshow-featured av_slideshow_full avia-slide-slider av-slideshow-ui av-control-default av-slideshow-manual av-loop-once av-loop-manual-endless av-default-height-applied   avia-slideshow-1' data-slideshow-options=\"{&quot;animation&quot;:&quot;slide&quot;,&quot;autoplay&quot;:false,&quot;loop_autoplay&quot;:&quot;once&quot;,&quot;interval&quot;:5,&quot;loop_manual&quot;:&quot;manual-endless&quot;,&quot;autoplay_stopper&quot;:false,&quot;noNavigation&quot;:false,&quot;bg_slider&quot;:false,&quot;keep_padding&quot;:false,&quot;hoverpause&quot;:false,&quot;show_slide_delay&quot;:0}\"  itemprop=\"image\" itemscope=\"itemscope\" itemtype=\"https:\/\/schema.org\/ImageObject\" ><ul class='avia-slideshow-inner ' style='padding-bottom: 22.8%;'><li  class='avia-slideshow-slide av-k7konbel-29ecbc1e0f9dafd30214dd4531d8d1b7__0  av-single-slide slide-1 slide-odd'><div data-rel='slideshow-1' class='avia-slide-wrap '   ><img fetchpriority=\"high\" class=\"wp-image-3358 avia-img-lazy-loading-not-3358\"  src='https:\/\/joukkosieessa.fi\/wp-content\/uploads\/2020\/03\/kartta_otsake_matala-1500x342.png' width='1500' height='342' title='kartta_otsake_matala' alt=''  itemprop=\"thumbnailUrl\"   \/><\/div><\/li><\/ul><\/div><\/div><div id='after_full_slider_1'  class='main_color av_default_container_wrap container_wrap sidebar_right'  ><div class='container av-section-cont-open' ><div class='template-page content  av-content-small alpha units'><div class='post-entry post-entry-type-page post-entry-248'><div class='entry-content-wrapper clearfix'>\n\n<style type=\"text\/css\" data-created_by=\"avia_inline_auto\" id=\"style-css-av-av_heading-baa5f4e544c49bcf3360c09e757a2f3b\">\n#top .av-special-heading.av-av_heading-baa5f4e544c49bcf3360c09e757a2f3b{\npadding-bottom:10px;\n}\nbody .av-special-heading.av-av_heading-baa5f4e544c49bcf3360c09e757a2f3b .av-special-heading-tag .heading-char{\nfont-size:25px;\n}\n.av-special-heading.av-av_heading-baa5f4e544c49bcf3360c09e757a2f3b .av-subheading{\nfont-size:15px;\n}\n<\/style>\n<div  class='av-special-heading av-av_heading-baa5f4e544c49bcf3360c09e757a2f3b av-special-heading-h2  avia-builder-el-1  el_after_av_slideshow_full  el_before_av_textblock  avia-builder-el-first '><h2 class='av-special-heading-tag'  itemprop=\"headline\"  >Kartat<\/h2><div class=\"special-heading-border\"><div class=\"special-heading-inner-border\"><\/div><\/div><\/div>\n<section  class='av_textblock_section av-k9ilnnu6-18cf3e13fc7c3c6f9d89b3af2f912a45 '   itemscope=\"itemscope\" itemtype=\"https:\/\/schema.org\/CreativeWork\" ><div class='avia_textblock'  itemprop=\"text\" ><p>Matrikkelin tapahtumat sijoittuvat Petsamon ja Ukrainan lis\u00e4ksi kartoilla kuvatuille kymmenelle alueelle, aina Sallasta Suomenlahden suulle. Klikkaamalla Suomen kartalla olevaa numeroa siirryt kyseisen alueen sivulle jossa ko. alueen kartta n\u00e4ytet\u00e4\u00e4n suurempana.<\/p>\n<\/div><\/section>\n\n<style type=\"text\/css\" data-created_by=\"avia_inline_auto\" id=\"style-css-av-7s85k-1e50cba0e3a634127c04b3c0f22fada2\">\n.flex_column.av-7s85k-1e50cba0e3a634127c04b3c0f22fada2{\nborder-radius:0px 0px 0px 0px;\npadding:0px 0px 0px 0px;\n}\n<\/style>\n<div  class='flex_column av-7s85k-1e50cba0e3a634127c04b3c0f22fada2 av_one_full  avia-builder-el-3  el_after_av_textblock  avia-builder-el-last  first flex_column_div av-zero-column-padding  column-top-margin'     ><style type=\"text\/css\" data-created_by=\"avia_inline_auto\" id=\"style-css-sub-av-k9ilh2vs-36f449a16bcf9722003d369fa51c1686\">\n.av-hotspot-image-container .av-image-hotspot.av-1stt60-0f25882e67efec5d52c6189a46d86f7b{\ntop:29.8%;\nleft:52%;\n}\n.av-hotspot-image-container .av-image-hotspot.av-1n30q0-bd87f9568c7c8a46f05471ae8579e04f{\ntop:42.8%;\nleft:52%;\n}\n.av-hotspot-image-container .av-image-hotspot.av-1dfry8-284889697905fe048d082c3eccde15dc{\ntop:57.9%;\nleft:57.2%;\n}\n.av-hotspot-image-container .av-image-hotspot.av-1at968-961fbbee80108076d88385b95f692b10{\ntop:68.8%;\nleft:65.4%;\n}\n.av-hotspot-image-container .av-image-hotspot.av-1279g8-caf6e3f5344dd49cdc2911963a4f82ce{\ntop:78.9%;\nleft:66.4%;\n}\n.av-hotspot-image-container .av-image-hotspot.av-y37z4-75cb0d78eed677ad881767be7622670f{\ntop:74.6%;\nleft:51%;\n}\n.av-hotspot-image-container .av-image-hotspot.av-shn14-f825be05820d4294924b17e92ff8d1b9{\ntop:80.3%;\nleft:40.8%;\n}\n.av-hotspot-image-container .av-image-hotspot.av-k0wco-1e1e7026dc08bd8ed98e2e90154bbe93{\ntop:85.4%;\nleft:42.8%;\n}\n.av-hotspot-image-container .av-image-hotspot.av-ck240-9b72769daaf4bb73d845cfcdbaaf2b64{\ntop:87.6%;\nleft:30.5%;\n}\n.av-hotspot-image-container .av-image-hotspot.av-av7iw-d6d610acb2fbb871a44661f6533aacbf{\ntop:90.5%;\nleft:9%;\n}\n<\/style>\n<div  class='av-hotspot-image-container av-k9ilh2vs-36f449a16bcf9722003d369fa51c1686  avia-builder-el-4  avia-builder-el-no-sibling  av-hotspot-numbered av-mobile-fallback-active  av-non-fullwidth-hotspot-image'  itemprop=\"image\" itemscope=\"itemscope\" itemtype=\"https:\/\/schema.org\/ImageObject\" ><div class='av-hotspot-container'><div class='av-hotspot-container-inner-cell'><div class='av-hotspot-container-inner-wrap'><div class='av-image-hotspot av-1stt60-0f25882e67efec5d52c6189a46d86f7b av-image-hotspot-1 ' data-avia-tooltip-position='top' data-avia-tooltip-alignment='left' data-avia-tooltip-class='av-tt-default-width av-tt-pos-above av-tt-align-left  av-mobile-fallback-active  main_color av-tt-hotspot' data-avia-tooltip=''><a href=https:\/\/joukkosieessa.fi\/index.php\/kirjan-teosta\/salla-alakurtti\/  class='av-image-hotspot_inner'>1<\/a><div class='av-image-hotspot-pulse'><\/div><\/div><div class='av-image-hotspot av-1n30q0-bd87f9568c7c8a46f05471ae8579e04f av-image-hotspot-2 ' data-avia-tooltip-position='top' data-avia-tooltip-alignment='left' data-avia-tooltip-class='av-tt-default-width av-tt-pos-above av-tt-align-left  av-mobile-fallback-active  main_color av-tt-hotspot' data-avia-tooltip=''><a href=https:\/\/joukkosieessa.fi\/index.php\/kirjan-teosta\/kiestinki-uhtua\/  class='av-image-hotspot_inner'>2<\/a><div class='av-image-hotspot-pulse'><\/div><\/div><div class='av-image-hotspot av-1dfry8-284889697905fe048d082c3eccde15dc av-image-hotspot-3 ' data-avia-tooltip-position='top' data-avia-tooltip-alignment='left' data-avia-tooltip-class='av-tt-default-width av-tt-pos-above av-tt-align-left  av-mobile-fallback-active  main_color av-tt-hotspot' data-avia-tooltip=''><a href=https:\/\/joukkosieessa.fi\/index.php\/kirjan-teosta\/rukajarvi\/  class='av-image-hotspot_inner'>3<\/a><div class='av-image-hotspot-pulse'><\/div><\/div><div class='av-image-hotspot av-1at968-961fbbee80108076d88385b95f692b10 av-image-hotspot-4 ' data-avia-tooltip-position='top' data-avia-tooltip-alignment='left' data-avia-tooltip-class='av-tt-default-width av-tt-pos-above av-tt-align-left  av-mobile-fallback-active  main_color av-tt-hotspot' data-avia-tooltip=''><a href=https:\/\/joukkosieessa.fi\/index.php\/kirjan-teosta\/pohjois-aunus\/  class='av-image-hotspot_inner'>4<\/a><div class='av-image-hotspot-pulse'><\/div><\/div><div class='av-image-hotspot av-1279g8-caf6e3f5344dd49cdc2911963a4f82ce av-image-hotspot-5 ' data-avia-tooltip-position='top' data-avia-tooltip-alignment='left' data-avia-tooltip-class='av-tt-default-width av-tt-pos-above av-tt-align-left  av-mobile-fallback-active  main_color av-tt-hotspot' data-avia-tooltip=''><a href=https:\/\/joukkosieessa.fi\/index.php\/kirjan-teosta\/etela-aunus\/  class='av-image-hotspot_inner'>5<\/a><div class='av-image-hotspot-pulse'><\/div><\/div><div class='av-image-hotspot av-y37z4-75cb0d78eed677ad881767be7622670f av-image-hotspot-6 ' data-avia-tooltip-position='top' data-avia-tooltip-alignment='left' data-avia-tooltip-class='av-tt-default-width av-tt-pos-above av-tt-align-left  av-mobile-fallback-active  main_color av-tt-hotspot' data-avia-tooltip=''><a href=https:\/\/joukkosieessa.fi\/index.php\/kirjan-teosta\/laatokan-karjala\/  class='av-image-hotspot_inner'>6<\/a><div class='av-image-hotspot-pulse'><\/div><\/div><div class='av-image-hotspot av-shn14-f825be05820d4294924b17e92ff8d1b9 av-image-hotspot-7 ' data-avia-tooltip-position='top' data-avia-tooltip-alignment='left' data-avia-tooltip-class='av-tt-default-width av-tt-pos-above av-tt-align-left  av-mobile-fallback-active  main_color av-tt-hotspot' data-avia-tooltip=''><a href=https:\/\/joukkosieessa.fi\/index.php\/kirjan-teosta\/pohjoinen-karjalan-kannas\/  class='av-image-hotspot_inner'>7<\/a><div class='av-image-hotspot-pulse'><\/div><\/div><div class='av-image-hotspot av-k0wco-1e1e7026dc08bd8ed98e2e90154bbe93 av-image-hotspot-8 ' data-avia-tooltip-position='top' data-avia-tooltip-alignment='left' data-avia-tooltip-class='av-tt-default-width av-tt-pos-above av-tt-align-left  av-mobile-fallback-active  main_color av-tt-hotspot' data-avia-tooltip=''><a href=https:\/\/joukkosieessa.fi\/index.php\/kirjan-teosta\/etelainen-karjalan-kannas\/  class='av-image-hotspot_inner'>8<\/a><div class='av-image-hotspot-pulse'><\/div><\/div><div class='av-image-hotspot av-ck240-9b72769daaf4bb73d845cfcdbaaf2b64 av-image-hotspot-9 ' data-avia-tooltip-position='top' data-avia-tooltip-alignment='left' data-avia-tooltip-class='av-tt-default-width av-tt-pos-above av-tt-align-left  av-mobile-fallback-active  main_color av-tt-hotspot' data-avia-tooltip=''><a href=https:\/\/joukkosieessa.fi\/index.php\/kirjan-teosta\/itainen-suomenlahti\/  class='av-image-hotspot_inner'>9<\/a><div class='av-image-hotspot-pulse'><\/div><\/div><div class='av-image-hotspot av-av7iw-d6d610acb2fbb871a44661f6533aacbf av-image-hotspot-10 ' data-avia-tooltip-position='top' data-avia-tooltip-alignment='left' data-avia-tooltip-class='av-tt-default-width av-tt-pos-above av-tt-align-left  av-mobile-fallback-active  main_color av-tt-hotspot' data-avia-tooltip=''><a href=https:\/\/joukkosieessa.fi\/index.php\/kirjan-teosta\/suomenlahden-suu\/  class='av-image-hotspot_inner'>10<\/a><div class='av-image-hotspot-pulse'><\/div><\/div><img fetchpriority=\"high\" class='wp-image-3928 avia-img-lazy-loading-not-3928 avia_image' src='https:\/\/joukkosieessa.fi\/wp-content\/uploads\/2020\/04\/kaikkikartat.png' alt='' title='kaikkikartat'  height=\"692\" width=\"488\"  itemprop=\"thumbnailUrl\"  \/><\/div><\/div><\/div><\/div><\/div>\n","protected":false},"excerpt":{"rendered":"","protected":false},"author":1,"featured_media":0,"parent":0,"menu_order":10,"comment_status":"closed","ping_status":"closed","template":"","meta":{"footnotes":""},"class_list":["post-248","page","type-page","status-publish","hentry"],"_links":{"self":[{"href":"https:\/\/joukkosieessa.fi\/index.php\/wp-json\/wp\/v2\/pages\/248","targetHints":{"allow":["GET"]}}],"collection":[{"href":"https:\/\/joukkosieessa.fi\/index.php\/wp-json\/wp\/v2\/pages"}],"about":[{"href":"https:\/\/joukkosieessa.fi\/index.php\/wp-json\/wp\/v2\/types\/page"}],"author":[{"embeddable":true,"href":"https:\/\/joukkosieessa.fi\/index.php\/wp-json\/wp\/v2\/users\/1"}],"replies":[{"embeddable":true,"href":"https:\/\/joukkosieessa.fi\/index.php\/wp-json\/wp\/v2\/comments?post=248"}],"version-history":[{"count":20,"href":"https:\/\/joukkosieessa.fi\/index.php\/wp-json\/wp\/v2\/pages\/248\/revisions"}],"predecessor-version":[{"id":3943,"href":"https:\/\/joukkosieessa.fi\/index.php\/wp-json\/wp\/v2\/pages\/248\/revisions\/3943"}],"wp:attachment":[{"href":"https:\/\/joukkosieessa.fi\/index.php\/wp-json\/wp\/v2\/media?parent=248"}],"curies":[{"name":"wp","href":"https:\/\/api.w.org\/{rel}","templated":true}]}}