{"id":36,"date":"2019-07-15T09:38:10","date_gmt":"2019-07-15T09:38:10","guid":{"rendered":"https:\/\/joukkosieessa.fi\/?page_id=36"},"modified":"2020-03-11T21:22:00","modified_gmt":"2020-03-11T21:22:00","slug":"miinanraivaus","status":"publish","type":"page","link":"https:\/\/joukkosieessa.fi\/index.php\/sodan-aika\/miinanraivaus\/","title":{"rendered":"Miinanraivaus"},"content":{"rendered":"<div id='full_slider_1'  class='avia-fullwidth-slider main_color avia-shadow   avia-builder-el-0  el_before_av_one_full  avia-builder-el-first   container_wrap sidebar_right'  >\n<style type=\"text\/css\" data-created_by=\"avia_inline_auto\" id=\"style-css-av-akhp-b6f614b8154ad80be0284d699659eb53\">\n#top .avia-slideshow .av-slideshow-caption.av-akhp-b6f614b8154ad80be0284d699659eb53__0 .avia-caption-content{\nfont-size:14px;\n}\n#top .avia-slideshow .av-slideshow-caption.av-akhp-b6f614b8154ad80be0284d699659eb53__0 .avia-caption-content p{\nfont-size:14px;\n}\n<\/style>\n<div  class='avia-slideshow av-akhp-b6f614b8154ad80be0284d699659eb53 avia-slideshow-featured av_slideshow_full avia-slide-slider av-slideshow-ui av-control-default av-slideshow-manual av-loop-once av-loop-manual-endless av-default-height-applied   avia-slideshow-1' data-slideshow-options=\"{&quot;animation&quot;:&quot;slide&quot;,&quot;autoplay&quot;:false,&quot;loop_autoplay&quot;:&quot;once&quot;,&quot;interval&quot;:5,&quot;loop_manual&quot;:&quot;manual-endless&quot;,&quot;autoplay_stopper&quot;:false,&quot;noNavigation&quot;:false,&quot;bg_slider&quot;:false,&quot;keep_padding&quot;:false,&quot;hoverpause&quot;:false,&quot;show_slide_delay&quot;:0}\"  itemprop=\"image\" itemscope=\"itemscope\" itemtype=\"https:\/\/schema.org\/ImageObject\" ><ul class='avia-slideshow-inner ' style='padding-bottom: 28.666666666667%;'><li  class='avia-slideshow-slide av-akhp-b6f614b8154ad80be0284d699659eb53__0  av-single-slide slide-1 slide-odd'><div data-rel='slideshow-1' class='avia-slide-wrap '   ><div class='av-slideshow-caption av-akhp-b6f614b8154ad80be0284d699659eb53__0 caption_fullwidth caption_bottom caption_bottom_framed caption_framed'><div class=\"container caption_container\"><div class=\"slideshow_caption\"><div class=\"slideshow_inner_caption\"><div class=\"slideshow_align_caption\"><div class='avia-caption-content '  itemprop=\"description\" ><p>Pioneerit miinanraivausty\u00f6ss\u00e4 Korpiselk\u00e4 kk. 11.7.1941<\/p>\n<\/div><\/div><\/div><\/div><\/div><\/div><img fetchpriority=\"high\" class=\"wp-image-3493 avia-img-lazy-loading-not-3493\"  src='https:\/\/joukkosieessa.fi\/wp-content\/uploads\/2020\/03\/Miinanraivausta-1500x430.jpg' width='1500' height='430' title='Miinanraivausta' alt=''  itemprop=\"thumbnailUrl\"   \/><\/div><\/li><\/ul><\/div><\/div><div id='after_full_slider_1'  class='main_color av_default_container_wrap container_wrap sidebar_right'  ><div class='container av-section-cont-open' ><div class='template-page content  av-content-small alpha units'><div class='post-entry post-entry-type-page post-entry-36'><div class='entry-content-wrapper clearfix'>\n\n<style type=\"text\/css\" data-created_by=\"avia_inline_auto\" id=\"style-css-av-79f1-1280664b05e2eaf6fd9346541c87cb15\">\n.flex_column.av-79f1-1280664b05e2eaf6fd9346541c87cb15{\nborder-radius:0px 0px 0px 0px;\npadding:0px 0px 0px 0px;\n}\n<\/style>\n<div  class='flex_column av-79f1-1280664b05e2eaf6fd9346541c87cb15 av_one_full  avia-builder-el-1  el_after_av_slideshow_full  el_before_av_one_full  avia-builder-el-first  first flex_column_div av-zero-column-padding  '     ><style type=\"text\/css\" data-created_by=\"avia_inline_auto\" id=\"style-css-av-k513ig92-018f8d948026a04ee281661fbdaf8026\">\n#top .av-special-heading.av-k513ig92-018f8d948026a04ee281661fbdaf8026{\nmargin:0 0 -5px 0;\npadding-bottom:0;\n}\nbody .av-special-heading.av-k513ig92-018f8d948026a04ee281661fbdaf8026 .av-special-heading-tag .heading-char{\nfont-size:25px;\n}\n.av-special-heading.av-k513ig92-018f8d948026a04ee281661fbdaf8026 .av-subheading{\nfont-size:15px;\n}\n<\/style>\n<div  class='av-special-heading av-k513ig92-018f8d948026a04ee281661fbdaf8026 av-special-heading-h1  avia-builder-el-2  avia-builder-el-no-sibling '><h1 class='av-special-heading-tag'  itemprop=\"headline\"  >Miinanraivaus<\/h1><div class=\"special-heading-border\"><div class=\"special-heading-inner-border\"><\/div><\/div><\/div><\/div>\n\n<style type=\"text\/css\" data-created_by=\"avia_inline_auto\" id=\"style-css-av-4k1r-3ed26eaf4f9e1fe5afee569a008105ec\">\n.flex_column.av-4k1r-3ed26eaf4f9e1fe5afee569a008105ec{\nborder-radius:0px 0px 0px 0px;\npadding:0px 0px 10px 10px;\n}\n<\/style>\n<div  class='flex_column av-4k1r-3ed26eaf4f9e1fe5afee569a008105ec av_one_full  avia-builder-el-3  el_after_av_one_full  el_before_av_one_full  first flex_column_div  column-top-margin'     ><p>\n<style type=\"text\/css\" data-created_by=\"avia_inline_auto\" id=\"style-css-av-av_heading-c3a7641264d5f2fdf2b805992989fdfd\">\n#top .av-special-heading.av-av_heading-c3a7641264d5f2fdf2b805992989fdfd{\nmargin:0 0 10px 0;\npadding-bottom:10px;\n}\nbody .av-special-heading.av-av_heading-c3a7641264d5f2fdf2b805992989fdfd .av-special-heading-tag .heading-char{\nfont-size:25px;\n}\n.av-special-heading.av-av_heading-c3a7641264d5f2fdf2b805992989fdfd .av-subheading{\nfont-size:15px;\n}\n<\/style>\n<div  class='av-special-heading av-av_heading-c3a7641264d5f2fdf2b805992989fdfd av-special-heading-h2  avia-builder-el-4  el_before_av_textblock  avia-builder-el-first '><h2 class='av-special-heading-tag'  itemprop=\"headline\"  >Menehtyneet kadettiupseerit ja kadetit<\/h2><div class=\"special-heading-border\"><div class=\"special-heading-inner-border\"><\/div><\/div><\/div><br \/>\n\n<style type=\"text\/css\" data-created_by=\"avia_inline_auto\" id=\"style-css-av-3o2n-f8ecf9facd2b0c750a152e7b87905b4d\">\n#top .av_textblock_section.av-3o2n-f8ecf9facd2b0c750a152e7b87905b4d .avia_textblock{\nfont-size:15px;\n}\n<\/style>\n<section  class='av_textblock_section av-3o2n-f8ecf9facd2b0c750a152e7b87905b4d '   itemscope=\"itemscope\" itemtype=\"https:\/\/schema.org\/CreativeWork\" ><div class='avia_textblock'  itemprop=\"text\" ><p><img loading=\"lazy\" decoding=\"async\" class=\"wp-image-2261 alignright\" src=\"https:\/\/joukkosieessa.fi\/wp-content\/uploads\/2020\/01\/Valleala_Karl-Erik-242x300.jpg\" alt=\"\" width=\"118\" height=\"146\" srcset=\"https:\/\/joukkosieessa.fi\/wp-content\/uploads\/2020\/01\/Valleala_Karl-Erik-242x300.jpg 242w, https:\/\/joukkosieessa.fi\/wp-content\/uploads\/2020\/01\/Valleala_Karl-Erik-768x953.jpg 768w, https:\/\/joukkosieessa.fi\/wp-content\/uploads\/2020\/01\/Valleala_Karl-Erik-830x1030.jpg 830w, https:\/\/joukkosieessa.fi\/wp-content\/uploads\/2020\/01\/Valleala_Karl-Erik-1209x1500.jpg 1209w, https:\/\/joukkosieessa.fi\/wp-content\/uploads\/2020\/01\/Valleala_Karl-Erik-568x705.jpg 568w, https:\/\/joukkosieessa.fi\/wp-content\/uploads\/2020\/01\/Valleala_Karl-Erik-450x558.jpg 450w, https:\/\/joukkosieessa.fi\/wp-content\/uploads\/2020\/01\/Valleala_Karl-Erik.jpg 1522w\" sizes=\"auto, (max-width: 118px) 100vw, 118px\" \/><\/p>\n<h4><strong>541. Luutnantti Karl-Erik Valleala, 26.kadk, 2655<\/strong><\/h4>\n<ul>\n<li><strong>Miinanraivausosaston johtaja, Muonion Miinanraivausosasto<\/strong><\/li>\n<li><strong>Kuoli miinanraivauksessa Kittil\u00e4 10.7.1945<\/strong><\/li>\n<\/ul>\n<p>Kev\u00e4\u00e4ll\u00e4 1945 aloitettiin laajamittainen Lapin miinanraivaus ensin asevelvollisia pioneeriyksik\u00f6it\u00e4 ty\u00f6voimana k\u00e4ytt\u00e4en.<\/p>\n<p>Luutnantti Vallealan teht\u00e4v\u00e4 ei selvi\u00e4 yksiselitteisesti l\u00e4hteist\u00e4, mutta h\u00e4n on todenn\u00e4k\u00f6isesti ollut Pioneerirykmentin perustaman, Muonion, Kolarin, Kittil\u00e4n ja Enonteki\u00f6n alueiden raivauksesta vastanneen noin joukkueen vahvuisen Muonion miinanraivausosaston johtaja.<\/p>\n<p>Valleala kuoli miinanraivauksessa Kittil\u00e4ss\u00e4 10.7.45.<\/p>\n<hr \/>\n<p><img loading=\"lazy\" decoding=\"async\" class=\"wp-image-2767 alignright\" src=\"https:\/\/joukkosieessa.fi\/wp-content\/uploads\/2020\/01\/M%C3%A4kel%C3%A4_Erkki-222x300.jpg\" alt=\"\" width=\"118\" height=\"159\" \/><\/p>\n<h4><strong>542. Kapteeni Erkki M\u00e4kel\u00e4, 22.kadk, 1639<\/strong><\/h4>\n<ul>\n<li><strong>Miinanraivausosaston johtaja, 21. Miinanraivausosasto, Miinanraivausalue IV<\/strong><\/li>\n<li><strong>Kuoli miinanraivauksessa Kuosku, Savukoski 22.8.1945<\/strong><\/li>\n<\/ul>\n<p>Hein\u00e4kuun puoliv\u00e4liss\u00e4 1945 otettiin Lapissa k\u00e4ytt\u00f6\u00f6n uusi miinanraivausorganisaatio samalla, kun asevelvollisten k\u00e4yt\u00f6st\u00e4 luovuttiin ja raivaajat palkattiin p\u00e4\u00e4osin siviilist\u00e4 raivauksen johtajien ollessa kantahenkil\u00f6kuntaa.<\/p>\n<p>Kapteeni M\u00e4kel\u00e4n teht\u00e4v\u00e4 ei selvi\u00e4 yksiselitteisesti l\u00e4hteist\u00e4, mutta h\u00e4n on todenn\u00e4k\u00f6isesti ollut Savukosken alueen raivauksesta vastanneen noin joukkueen vahvuisen 21. Miinanraivausosaston johtaja.<\/p>\n<p>M\u00e4kel\u00e4 kuoli miinanraivauksessa Kuoskun kyl\u00e4ss\u00e4 22.8.45.<\/p>\n<p><a href=\"#_ednref1\" name=\"_edn1\"><\/a><\/p>\n<\/div><\/section><br \/>\n\n<style type=\"text\/css\" data-created_by=\"avia_inline_auto\" id=\"style-css-av-av_heading-5499b5c920e3bd77c1b5b84f0a9a30a8\">\n#top .av-special-heading.av-av_heading-5499b5c920e3bd77c1b5b84f0a9a30a8{\nmargin:0 0 10px 0;\npadding-bottom:10px;\n}\nbody .av-special-heading.av-av_heading-5499b5c920e3bd77c1b5b84f0a9a30a8 .av-special-heading-tag .heading-char{\nfont-size:25px;\n}\n.av-special-heading.av-av_heading-5499b5c920e3bd77c1b5b84f0a9a30a8 .av-subheading{\nfont-size:15px;\n}\n<\/style>\n<div  class='av-special-heading av-av_heading-5499b5c920e3bd77c1b5b84f0a9a30a8 av-special-heading-h2  avia-builder-el-6  el_after_av_textblock  el_before_av_textblock '><h2 class='av-special-heading-tag'  itemprop=\"headline\"  >L\u00e4hteet<\/h2><div class=\"special-heading-border\"><div class=\"special-heading-inner-border\"><\/div><\/div><\/div><br \/>\n<section  class='av_textblock_section av-k7ntwr77-22f1f67477bc5cde4917d0d2861c8225 '   itemscope=\"itemscope\" itemtype=\"https:\/\/schema.org\/CreativeWork\" ><div class='avia_textblock'  itemprop=\"text\" ><p>L\u00e4hteet esitetty kirjassa ja sen s\u00e4hk\u00f6isess\u00e4 versiossa (PDF) joka on ladattavissa Kadettikunnan ja t\u00e4m\u00e4n sivuston verkkosivuilta.<\/p>\n<\/div><\/section><br \/>\n\n<style type=\"text\/css\" data-created_by=\"avia_inline_auto\" id=\"style-css-av-k47j6vg7-d3fd1f40b5858f4982ee5b8d5d9dc574\">\n#top .avia_search_element.av-k47j6vg7-d3fd1f40b5858f4982ee5b8d5d9dc574 .av_searchform_wrapper{\nborder-radius:0px 0px 0px 0px;\n}\n#top .avia_search_element.av-k47j6vg7-d3fd1f40b5858f4982ee5b8d5d9dc574 #s.av-input-field{\nborder-radius:0px 0px 0px 0px;\n}\n#top .avia_search_element.av-k47j6vg7-d3fd1f40b5858f4982ee5b8d5d9dc574 .av_searchsubmit_wrapper{\nborder-radius:0px 0px 0px 0px;\n}\n#top .avia_search_element.av-k47j6vg7-d3fd1f40b5858f4982ee5b8d5d9dc574 #searchsubmit{\nborder-radius:0px 0px 0px 0px;\n}\n.ajax_search_response.av-k47j6vg7-d3fd1f40b5858f4982ee5b8d5d9dc574{\npadding:0px 0px 0px 0px;\nmargin:0px 0px 0px 0px;\n}\n<\/style>\n<div  class='avia_search_element av-k47j6vg7-d3fd1f40b5858f4982ee5b8d5d9dc574  avia-builder-el-8  el_after_av_textblock  avia-builder-el-last '><form action='https:\/\/joukkosieessa.fi\/' id='searchform_element' method='get' class='' data-element_id='av-k47j6vg7-d3fd1f40b5858f4982ee5b8d5d9dc574' ><div class='av_searchform_wrapper'><input type='text' value='' id='s' name='s' placeholder='Haku artikkeleista...' class='av-input-field av-input-hasicon' \/><span class='av-input-field-icon av-search-icon avia-font-entypo-fontello'>\ue803<\/span><div class='av_searchsubmit_wrapper '><input type='submit' value='HAE' id='searchsubmit' class='button ' \/><\/div><input type='hidden' name='numberposts' value='5' \/><input type='hidden' name='post_type' value='post' \/><input type='hidden' name='results_hide_fields' value='' \/><\/div><\/form><\/div><\/p><\/div>\n<style type=\"text\/css\" data-created_by=\"avia_inline_auto\" id=\"style-css-av-s3dc-6463c785bbbd9f3cdda781d893946858\">\n.flex_column.av-s3dc-6463c785bbbd9f3cdda781d893946858{\nborder-radius:0px 0px 0px 0px;\npadding:0px 0px 0px 0px;\n}\n<\/style>\n<div  class='flex_column av-s3dc-6463c785bbbd9f3cdda781d893946858 av_one_full  avia-builder-el-9  el_after_av_one_full  avia-builder-el-last  first flex_column_div av-zero-column-padding  column-top-margin'     ><div  class='avia-button-wrap av-k7nsirtu-e9a18f8b213d1063ec5cb092a3121b59-wrap avia-button-center  avia-builder-el-10  avia-builder-el-no-sibling '><a href='https:\/\/joukkosieessa.fi\/index.php\/sodan-aika\/lapin-sota\/'  class='avia-button av-k7nsirtu-e9a18f8b213d1063ec5cb092a3121b59 avia-icon_select-no avia-size-small avia-position-center avia-color-theme-color-highlight'  ><span class='avia_iconbox_title' >Lapin sota<\/span><\/a><\/div><\/div><\/p>\n","protected":false},"excerpt":{"rendered":"","protected":false},"author":1,"featured_media":0,"parent":1326,"menu_order":6,"comment_status":"closed","ping_status":"closed","template":"","meta":{"footnotes":""},"class_list":["post-36","page","type-page","status-publish","hentry"],"_links":{"self":[{"href":"https:\/\/joukkosieessa.fi\/index.php\/wp-json\/wp\/v2\/pages\/36","targetHints":{"allow":["GET"]}}],"collection":[{"href":"https:\/\/joukkosieessa.fi\/index.php\/wp-json\/wp\/v2\/pages"}],"about":[{"href":"https:\/\/joukkosieessa.fi\/index.php\/wp-json\/wp\/v2\/types\/page"}],"author":[{"embeddable":true,"href":"https:\/\/joukkosieessa.fi\/index.php\/wp-json\/wp\/v2\/users\/1"}],"replies":[{"embeddable":true,"href":"https:\/\/joukkosieessa.fi\/index.php\/wp-json\/wp\/v2\/comments?post=36"}],"version-history":[{"count":10,"href":"https:\/\/joukkosieessa.fi\/index.php\/wp-json\/wp\/v2\/pages\/36\/revisions"}],"predecessor-version":[{"id":3791,"href":"https:\/\/joukkosieessa.fi\/index.php\/wp-json\/wp\/v2\/pages\/36\/revisions\/3791"}],"up":[{"embeddable":true,"href":"https:\/\/joukkosieessa.fi\/index.php\/wp-json\/wp\/v2\/pages\/1326"}],"wp:attachment":[{"href":"https:\/\/joukkosieessa.fi\/index.php\/wp-json\/wp\/v2\/media?parent=36"}],"curies":[{"name":"wp","href":"https:\/\/api.w.org\/{rel}","templated":true}]}}