{"id":3882,"date":"2020-04-25T04:17:02","date_gmt":"2020-04-25T04:17:02","guid":{"rendered":"https:\/\/joukkosieessa.fi\/?page_id=3882"},"modified":"2022-12-18T11:14:57","modified_gmt":"2022-12-18T11:14:57","slug":"sotilaan-ammatista","status":"publish","type":"page","link":"https:\/\/joukkosieessa.fi\/index.php\/paasivu\/sotilaan-ammatista\/","title":{"rendered":"Sotilaan ammatista"},"content":{"rendered":"<div   class='avia-fullscreen-slider main_color   avia-builder-el-0  el_before_av_heading  avia-builder-el-first  container_wrap sidebar_right'  ><\/div><div id='after_full_slider_1'  class='main_color av_default_container_wrap container_wrap sidebar_right'  ><div class='container av-section-cont-open' ><div class='template-page content  av-content-small alpha units'><div class='post-entry post-entry-type-page post-entry-3882'><div class='entry-content-wrapper clearfix'>\n\n<style type=\"text\/css\" data-created_by=\"avia_inline_auto\" id=\"style-css-av-av_heading-f5eb5459d7417edbf9979c212f503067\">\n#top .av-special-heading.av-av_heading-f5eb5459d7417edbf9979c212f503067{\npadding-bottom:10px;\n}\nbody .av-special-heading.av-av_heading-f5eb5459d7417edbf9979c212f503067 .av-special-heading-tag .heading-char{\nfont-size:25px;\n}\n.av-special-heading.av-av_heading-f5eb5459d7417edbf9979c212f503067 .av-subheading{\nfont-size:15px;\n}\n<\/style>\n<div  class='av-special-heading av-av_heading-f5eb5459d7417edbf9979c212f503067 av-special-heading-h2  avia-builder-el-1  el_after_av_fullscreen  el_before_av_textblock  avia-builder-el-first '><h2 class='av-special-heading-tag'  itemprop=\"headline\"  >Sotilaan ammatista<\/h2><div class=\"special-heading-border\"><div class=\"special-heading-inner-border\"><\/div><\/div><\/div>\n<section  class='av_textblock_section av-jy67jl4a-55381a987c843cc0498f4b0fde3fc5cc '   itemscope=\"itemscope\" itemtype=\"https:\/\/schema.org\/CreativeWork\" ><div class='avia_textblock'  itemprop=\"text\" ><p class=\"p1\">Sotilaan teht\u00e4v\u00e4 on poikkeuksellinen. Siihen sis\u00e4ltyy l\u00e4ht\u00f6kohtaisesti kaatumisen &#8211; v\u00e4kivaltaisen kuoleman &#8211; mahdollisuus. Upseeripolvet ovat t\u00e4m\u00e4n tiedostaneet. Upseerin professioon kasvetaan Kadettikoulussa ja uran alkuvuosina. Perinteet ovat siin\u00e4 t\u00e4rke\u00e4ll\u00e4 sijalla. Sankariaulan harmaisiin graniittitauluihin kaiverretut sodissa kaatuneiden maa- ja ilmavoimien kadettien ja kadettiupseerien nimet &#8211; sek\u00e4 lis\u00e4ksi kaatuneet Merivoimien kadettiupseerit &#8211; muistuttavat heist\u00e4, jotka joutuivat loppuun saakka lunastamaan Kadettilupauksensa:<\/p>\n<p><a href=\"https:\/\/joukkosieessa.fi\/wp-content\/uploads\/2020\/04\/kadettilupaus.png\"><img loading=\"lazy\" decoding=\"async\" class=\"aligncenter wp-image-3900 size-medium\" src=\"https:\/\/joukkosieessa.fi\/wp-content\/uploads\/2020\/04\/kadettilupaus-190x300.png\" alt=\"Kadettilupauuus\" width=\"190\" height=\"300\" srcset=\"https:\/\/joukkosieessa.fi\/wp-content\/uploads\/2020\/04\/kadettilupaus-190x300.png 190w, https:\/\/joukkosieessa.fi\/wp-content\/uploads\/2020\/04\/kadettilupaus.png 444w\" sizes=\"auto, (max-width: 190px) 100vw, 190px\" \/><\/a><\/p>\n<p class=\"p1\" style=\"padding-left: 40px;\">\u201d<em>Min\u00e4 lupaan uhrata ty\u00f6ni ja el\u00e4m\u00e4ni Is\u00e4nmaalle \u2026En karta ty\u00f6t\u00e4, en taistelua, en k\u00e4rsimyksi\u00e4, en kuolemaa t\u00e4m\u00e4n lupauksen lunastamiseksi. Auttakoon Jumala minua olemaan kest\u00e4v\u00e4 kunnian tiell\u00e4.<\/em>\u201d<\/p>\n<p class=\"p1\">Syv\u00e4n rauhantilan oloissa on tarpeen muistuttaa sodan todellisuudesta ja puolustuskyvyn, mutta samalla my\u00f6s rauhaan pyrkimisen v\u00e4ltt\u00e4m\u00e4tt\u00f6myydest\u00e4.<\/p>\n<p class=\"p1\">Kadettikunnan kustantama teos kaatuneista kadettiupseereista on vaikuttava antologia ihmiskohtaloista sodan eri vaiheissa ja eri teht\u00e4viss\u00e4. Se on kuvausta velvollisuuden t\u00e4ytt\u00e4misest\u00e4 sodan ankarissa oloissa, ja tarjoaa velvoittavan esikuvan nuoremmille kadettipolville siit\u00e4, miten kunnia koitui kest\u00e4v\u00e4n palkaksi.<\/p>\n<p class=\"p1\">K\u00e4sill\u00e4 oleva teos on kattavuudessaan t\u00e4rke\u00e4 apu sota- ja henkil\u00f6historian tutkimiseen. Maanpuolustustahto on t\u00e4rke\u00e4 osatekij\u00e4 sodank\u00e4ynnin lopputuloksen kannalta. Tehokkainkaan koulutus tai parhainkaan varustus eiv\u00e4t korvaa sit\u00e4. Tahtoon liittyy osaltaan eettinen toimintakyky, puolustuksen p\u00e4\u00e4m\u00e4\u00e4rien ja keinojen oikea mitoittaminen. Suomen marsalkka Mannerheimin tunnuslause \u201d<em>Puhtain asein puhtaan asian puolesta<\/em>\u201d on v\u00e4littynyt upseeripolvelta toiselle.<\/p>\n<p class=\"p1\">Sotilaspapisto osana erikoisupseereita on tukenut kadettiupseerien ty\u00f6t\u00e4 ja saanut my\u00f6s itse tukea heid\u00e4n taholtaan. Sotilaspappien rooli korostuu kuoleman mahdollisuuden tullessa l\u00e4helle.<\/p>\n<p class=\"p1\">Silmin n\u00e4ht\u00e4v\u00e4 todellisuus ei ole kaikki. Uskon ja toivon yll\u00e4pit\u00e4minen ovat tuoneet rohkeutta 80 vuotta sitten Talvisodan hangilla ja senkin j\u00e4lkeen. Monen sotilaan kantavana ja joskus my\u00f6s viimeisen\u00e4 rukouksena on ollut Kadettilupauksensa loppu:<\/p>\n<p class=\"p1\" style=\"padding-left: 40px;\">\u201d<em>Auttakoon Jumala minua olemaan kest\u00e4v\u00e4 kunnian tiell\u00e4.<\/em>\u201d<\/p>\n<p class=\"p1\">P\u00e4\u00e4esikunnassa 6. joulukuuta 2019<\/p>\n<p class=\"p1\"><em>Pekka S\u00e4rki\u00f6<\/em><br \/>\nKentt\u00e4piispa<\/p>\n<\/div><\/section>\n<p>Online-Casinos in Deutschland bieten viele Optionen zum Einzahlen  E-Wallets, E-Wallets und Prepaid-Karten. Sichere Zahlungsoptionen sind verf\u00fcgbar in den Top-Casinos die es erlauben  Spieler, die Transaktionen t\u00e4tigen schnell und sicher. Die meistgespielten Spielautomaten sind solche mit Themen. Dazu geh\u00f6ren Superhelden, Leerzeichen und sogar uralt \u00e4gyptischen Spielautomaten.<a href=\"https:\/\/casinohelfer.de\/echtgeld-casino\/\">Finden Sie vertrauensw\u00fcrdige deutsche Casinos online und erhalten Sie betr\u00e4chtliche Willkommensboni!<\/a> Die Top-Casinos haben auch Spielautomaten mit progressiven Jackpots. Sie k\u00f6nnen auch spielen Die Top-Online-Casinos in Deutschland befinden haben Spiele entwickelt von top Software Anbietern.W\u00e4hlen Sie ein Online-Casino mit gro\u00dfartigem Kundenservice ein denkw\u00fcrdiges Gl\u00fccksspiel-Erlebnis garantieren. Es ist am besten Support verf\u00fcgbar zu haben rund um die Uhr.  Live-Chat hat im Allgemeinen schneller Antworten. Die gro\u00dfe Auswahl  der Zahlung Optionen sind eine andere wichtig Merkmal. Die Mehrheit der Gl\u00fccksspielwebsites akzeptieren Mastercard und Visa Zahlungen. Es ist m\u00f6glich, andere Zahlungsmethoden auszuw\u00e4hlen, darunter E-Wallets, Prepaid-Karten,  und Kryptow\u00e4hrungen. Einige dieser Optionen beschr\u00e4nken Ein- und Auszahlungen, also dar\u00fcber m\u00fcssen Sie sich im Klaren sein. Skrill  sowie PayPal sind die beiden am h\u00e4ufigsten verwendeten e-Wallets f\u00fcr Deutschland. Es ist einfach und einfache Methode zum Senden Gelder im Ausland.Andere beliebte Zahlungsmethoden umfassen Bank\u00fcberweisungen und Prepaid-Karten. Alle pr\u00fcfen Allgemeinen Gesch\u00e4ftsbedingungen in des Casinos Zahlungsrichtlinie.  Die besten deutschen Online-Casinos wurden lizenziert und \u00fcberwacht. Es ist wichtig, weil es hilft, Spieler vor Betrug und Missbrauch. Es ist wichtig, den \u00dcberblick zu behalten alle Gesetzes\u00e4nderungen.<\/p>\n","protected":false},"excerpt":{"rendered":"<p>Online-Casinos in Deutschland bieten viele Optionen zum Einzahlen E-Wallets, E-Wallets und Prepaid-Karten. Sichere Zahlungsoptionen sind verf\u00fcgbar in den Top-Casinos die es erlauben Spieler, die Transaktionen t\u00e4tigen schnell und sicher. Die meistgespielten Spielautomaten sind solche mit Themen. Dazu geh\u00f6ren Superhelden, Leerzeichen und sogar uralt \u00e4gyptischen Spielautomaten.Finden Sie vertrauensw\u00fcrdige deutsche Casinos online und erhalten Sie betr\u00e4chtliche Willkommensboni! [&hellip;]<\/p>\n","protected":false},"author":1,"featured_media":0,"parent":5,"menu_order":0,"comment_status":"closed","ping_status":"closed","template":"","meta":{"footnotes":""},"class_list":["post-3882","page","type-page","status-publish","hentry"],"_links":{"self":[{"href":"https:\/\/joukkosieessa.fi\/index.php\/wp-json\/wp\/v2\/pages\/3882","targetHints":{"allow":["GET"]}}],"collection":[{"href":"https:\/\/joukkosieessa.fi\/index.php\/wp-json\/wp\/v2\/pages"}],"about":[{"href":"https:\/\/joukkosieessa.fi\/index.php\/wp-json\/wp\/v2\/types\/page"}],"author":[{"embeddable":true,"href":"https:\/\/joukkosieessa.fi\/index.php\/wp-json\/wp\/v2\/users\/1"}],"replies":[{"embeddable":true,"href":"https:\/\/joukkosieessa.fi\/index.php\/wp-json\/wp\/v2\/comments?post=3882"}],"version-history":[{"count":5,"href":"https:\/\/joukkosieessa.fi\/index.php\/wp-json\/wp\/v2\/pages\/3882\/revisions"}],"predecessor-version":[{"id":4057,"href":"https:\/\/joukkosieessa.fi\/index.php\/wp-json\/wp\/v2\/pages\/3882\/revisions\/4057"}],"up":[{"embeddable":true,"href":"https:\/\/joukkosieessa.fi\/index.php\/wp-json\/wp\/v2\/pages\/5"}],"wp:attachment":[{"href":"https:\/\/joukkosieessa.fi\/index.php\/wp-json\/wp\/v2\/media?parent=3882"}],"curies":[{"name":"wp","href":"https:\/\/api.w.org\/{rel}","templated":true}]}}