{"id":47,"date":"2019-07-15T09:51:22","date_gmt":"2019-07-15T09:51:22","guid":{"rendered":"https:\/\/joukkosieessa.fi\/?page_id=47"},"modified":"2020-03-11T05:55:51","modified_gmt":"2020-03-11T05:55:51","slug":"kaatuneet-ja-kuolleet","status":"publish","type":"page","link":"https:\/\/joukkosieessa.fi\/index.php\/kaatuneet-ja-kuolleet\/","title":{"rendered":"Kaatuneet ja kuolleet"},"content":{"rendered":"<div id='full_slider_1'  class='avia-fullwidth-slider main_color avia-shadow   avia-builder-el-0  el_before_av_heading  avia-builder-el-first   container_wrap sidebar_right'  ><div  class='avia-slideshow av-k7aisq0x-0537c6a4f250fe54a806caae011c9f44 avia-slideshow-featured av_slideshow_full avia-slide-slider av-slideshow-ui av-control-default av-slideshow-manual av-loop-once av-loop-manual-endless av-default-height-applied   avia-slideshow-1' data-slideshow-options=\"{&quot;animation&quot;:&quot;slide&quot;,&quot;autoplay&quot;:false,&quot;loop_autoplay&quot;:&quot;once&quot;,&quot;interval&quot;:5,&quot;loop_manual&quot;:&quot;manual-endless&quot;,&quot;autoplay_stopper&quot;:false,&quot;noNavigation&quot;:false,&quot;bg_slider&quot;:false,&quot;keep_padding&quot;:false,&quot;hoverpause&quot;:false,&quot;show_slide_delay&quot;:0}\"  itemprop=\"image\" itemscope=\"itemscope\" itemtype=\"https:\/\/schema.org\/ImageObject\" ><ul class='avia-slideshow-inner ' style='padding-bottom: 28.666666666667%;'><li  class='avia-slideshow-slide av-k7aisq0x-0537c6a4f250fe54a806caae011c9f44__0  av-single-slide slide-1 slide-odd'><div data-rel='slideshow-1' class='avia-slide-wrap '   ><img fetchpriority=\"high\" class=\"wp-image-3169 avia-img-lazy-loading-not-3169\"  src='https:\/\/joukkosieessa.fi\/wp-content\/uploads\/2020\/03\/hautajaiset_low-1-1500x430.png' width='1500' height='430' title='hautajaiset_low' alt=''  itemprop=\"thumbnailUrl\"   \/><\/div><\/li><\/ul><\/div><\/div><div id='after_full_slider_1'  class='main_color av_default_container_wrap container_wrap sidebar_right'  ><div class='container av-section-cont-open' ><div class='template-page content  av-content-small alpha units'><div class='post-entry post-entry-type-page post-entry-47'><div class='entry-content-wrapper clearfix'>\n\n<style type=\"text\/css\" data-created_by=\"avia_inline_auto\" id=\"style-css-av-av_heading-05fb4e4cbe867bc029ecc29a7bbb24b7\">\n#top .av-special-heading.av-av_heading-05fb4e4cbe867bc029ecc29a7bbb24b7{\npadding-bottom:10px;\n}\nbody .av-special-heading.av-av_heading-05fb4e4cbe867bc029ecc29a7bbb24b7 .av-special-heading-tag .heading-char{\nfont-size:25px;\n}\n.av-special-heading.av-av_heading-05fb4e4cbe867bc029ecc29a7bbb24b7 .av-subheading{\nfont-size:15px;\n}\n<\/style>\n<div  class='av-special-heading av-av_heading-05fb4e4cbe867bc029ecc29a7bbb24b7 av-special-heading-h2  avia-builder-el-1  el_after_av_slideshow_full  el_before_av_one_full  avia-builder-el-first '><h2 class='av-special-heading-tag'  itemprop=\"headline\"  >KAATUNEET JA KUOLLEET<\/h2><div class=\"special-heading-border\"><div class=\"special-heading-inner-border\"><\/div><\/div><\/div>\n\n<style type=\"text\/css\" data-created_by=\"avia_inline_auto\" id=\"style-css-av-eb7-b1e8b308aec37ea2ae118198ab348c23\">\n.flex_column.av-eb7-b1e8b308aec37ea2ae118198ab348c23{\nborder-radius:0px 0px 0px 0px;\npadding:0px 0px 0px 0px;\n}\n<\/style>\n<div  class='flex_column av-eb7-b1e8b308aec37ea2ae118198ab348c23 av_one_full  avia-builder-el-2  el_after_av_heading  avia-builder-el-last  first flex_column_div av-zero-column-padding  '     ><p><section  class='av_textblock_section av-k726qzlu-a2d7f71b128be11cabe8d214189a7376 '   itemscope=\"itemscope\" itemtype=\"https:\/\/schema.org\/CreativeWork\" ><div class='avia_textblock'  itemprop=\"text\" ><p>Talvisodan syttymisest\u00e4 30.11.1939 Lapin sodan p\u00e4\u00e4ttymiseen 27.4.1945 menehtyi 540 kadettiupseeria tai kadettia. Heist\u00e4 423 kaatui vihollistoiminnasta ja 117 menehtyi muusta kuin vihollistoiminnasta johtuvasta syyst\u00e4.<\/p>\n<p>Lapin sodan p\u00e4\u00e4ttymisen j\u00e4lkeen ennen vuoden 1945 loppua menehtyi 12 kadettiupseeria, mutta vain kaksi varsinaisesti sotaan liittyv\u00e4st\u00e4 syyst\u00e4, eli miinanraivauksessa.<\/p>\n<p>Merkint\u00e4 \u201dtuntematon\u201d tarkoittaa, ett\u00e4 henkil\u00f6 on yksiselitteisesti kaatunut, mutta l\u00e4hteist\u00e4 ei selvi\u00e4 selke\u00e4sti kaatuiko h\u00e4n luodista vai kranaatin sirpaleista jne.:<\/p>\n<\/div><\/section><br \/>\n<section  class='av_textblock_section av-k727gsju-243de42e62565c45abb03fb1bef754f8 '   itemscope=\"itemscope\" itemtype=\"https:\/\/schema.org\/CreativeWork\" ><div class='avia_textblock'  itemprop=\"text\" ><h3>Talvisota<\/h3>\n<p style=\"text-align: left;\"><strong>105 menehtyi talvisodan aikana<\/strong><\/p>\n<p style=\"text-align: left;\"><strong>92 kaatunutta<\/strong><\/p>\n<ul>\n<li>31 kiv\u00e4\u00e4rikaliberiset aseet<\/li>\n<li>20 tykist\u00f6- tai krh-keskitys<\/li>\n<li>9 ilmataistelu<\/li>\n<li>9 katosi<\/li>\n<li>5 ilmapommitus tai \u2013rynn\u00e4kk\u00f6<\/li>\n<li>4 panssarivaunu tai suorasuuntaustykki<\/li>\n<li>2 tarkka-ampuja<\/li>\n<li>2 l\u00e4hitaistelu<\/li>\n<li>1 omien tulitus<\/li>\n<li>1 oma syvyyspommi<\/li>\n<li>1 r\u00e4j\u00e4hdys<\/li>\n<li>7 tuntematon<\/li>\n<\/ul>\n<p><strong>13 muusta kuin vihollistoiminnasta<\/strong><\/p>\n<ul>\n<li>4 lento-onnettomuus<\/li>\n<li>3 itsemurha<\/li>\n<li>2 miinaonnettomuus<\/li>\n<li>1 katosi\/omien ampuma<\/li>\n<li>1 omien tulitus<\/li>\n<li>1 vahingonlaukaus<\/li>\n<li>1 muu kuin vihollistoiminta<\/li>\n<\/ul>\n<h3>V\u00e4lirauha<\/h3>\n<p><strong>17 menehtyi v\u00e4lirauhan aikana<\/strong><\/p>\n<ul>\n<li>9 lento-onnettomuus<\/li>\n<li>3 sairaus tai taut<\/li>\n<li>1 ilmataistelu<\/li>\n<li>1 itsemurha<\/li>\n<li>1 sairaskohtaus<\/li>\n<li>2 tuntematon<\/li>\n<\/ul>\n<h3>Jatkosota<\/h3>\n<p><strong>396 menehtyi jatkosodan aikana<\/strong><\/p>\n<p><strong>322 kaatunutta<\/strong><\/p>\n<ul>\n<li>87 tykist\u00f6- tai krh-keskitys<\/li>\n<li>85 kiv\u00e4\u00e4rikaliberiset aseet<\/li>\n<li>21 katosi<\/li>\n<li>18 ilmapommitus tai \u2013rynn\u00e4kk\u00f6<\/li>\n<li>13 tarkka-ampuja<\/li>\n<li>11 ilmataistelu<\/li>\n<li>9 ilmatorjunta<\/li>\n<li>8 miina<\/li>\n<li>8 panssarivaunu tai suorasuuntaustykki<\/li>\n<li>5 merimiina<\/li>\n<li>5 l\u00e4hitaistelu<\/li>\n<li>4 sotalennolla<\/li>\n<li>3 oma heittimist\u00f6 tai tykist\u00f6<\/li>\n<li>1 omien tulitus<\/li>\n<li>1 torpedo<\/li>\n<li>43 tuntematon<\/li>\n<\/ul>\n<p><strong>74 muusta kuin vihollistoiminnasta<\/strong><\/p>\n<ul>\n<li>43 onnettomuuksissa ja tapaturmissa<\/li>\n<li>22 lento-onnettomuus<\/li>\n<li>5 hukkui<\/li>\n<li>5 oma miinoite<\/li>\n<li>3 vahingonlaukaus<\/li>\n<li>2 auto-onnettomuus<\/li>\n<li>1 oma ilmatorjunta<\/li>\n<li>1 oman tykist\u00f6n harhakranaat<\/li>\n<li>1 putkir\u00e4j\u00e4hdys<\/li>\n<li>1 ratsastusonnettomuus<\/li>\n<li>1 ruokamyrkytys<\/li>\n<li>1 pahoinpitely<\/li>\n<li>21 sairauksiin, tauteihin ja sairaskohtauksiin<\/li>\n<li>16 tautiin tai sairauteen<\/li>\n<li>5 sairaskohtaus<\/li>\n<li>9 itsemurha<\/li>\n<li>1 surmattiin<\/li>\n<\/ul>\n<h3>Lapin sota<\/h3>\n<p><strong>22 menehtyi Lapin sodan aikana<\/strong><\/p>\n<p><strong>9 kaatunutta<\/strong><\/p>\n<ul>\n<li>4 tykist\u00f6- tai krh-keskitys<\/li>\n<li>2 kiv\u00e4\u00e4rikaliberiset aseet<\/li>\n<li>1 ilmataistelu<\/li>\n<li>2 tuntematon<\/li>\n<\/ul>\n<p><strong>13 muusta kuin vihollistoiminnasta (12 kotirintamalla)<\/strong><\/p>\n<ul>\n<li>7 sairaus tai tauti<\/li>\n<li>2 itsemurha<\/li>\n<li>1 auto-onnettomuus<\/li>\n<li>1 miinaonnettomuus<\/li>\n<li>1 tapaturma<\/li>\n<li>1 tuntematon<\/li>\n<\/ul>\n<h3>Miinanraivaus<\/h3>\n<p><strong>2 menehtyi miinanraivauksessa Lapin sodan p\u00e4\u00e4ttymisen j\u00e4lkeen vuonna 1945.<\/strong><\/p>\n<\/div><\/section><\/p><\/div>\n","protected":false},"excerpt":{"rendered":"","protected":false},"author":1,"featured_media":0,"parent":0,"menu_order":8,"comment_status":"closed","ping_status":"closed","template":"","meta":{"footnotes":""},"class_list":["post-47","page","type-page","status-publish","hentry"],"_links":{"self":[{"href":"https:\/\/joukkosieessa.fi\/index.php\/wp-json\/wp\/v2\/pages\/47","targetHints":{"allow":["GET"]}}],"collection":[{"href":"https:\/\/joukkosieessa.fi\/index.php\/wp-json\/wp\/v2\/pages"}],"about":[{"href":"https:\/\/joukkosieessa.fi\/index.php\/wp-json\/wp\/v2\/types\/page"}],"author":[{"embeddable":true,"href":"https:\/\/joukkosieessa.fi\/index.php\/wp-json\/wp\/v2\/users\/1"}],"replies":[{"embeddable":true,"href":"https:\/\/joukkosieessa.fi\/index.php\/wp-json\/wp\/v2\/comments?post=47"}],"version-history":[{"count":10,"href":"https:\/\/joukkosieessa.fi\/index.php\/wp-json\/wp\/v2\/pages\/47\/revisions"}],"predecessor-version":[{"id":3595,"href":"https:\/\/joukkosieessa.fi\/index.php\/wp-json\/wp\/v2\/pages\/47\/revisions\/3595"}],"wp:attachment":[{"href":"https:\/\/joukkosieessa.fi\/index.php\/wp-json\/wp\/v2\/media?parent=47"}],"curies":[{"name":"wp","href":"https:\/\/api.w.org\/{rel}","templated":true}]}}