{"id":5,"date":"2019-07-15T08:31:27","date_gmt":"2019-07-15T08:31:27","guid":{"rendered":"https:\/\/joukkosieessa.fi\/?page_id=5"},"modified":"2020-04-25T04:28:10","modified_gmt":"2020-04-25T04:28:10","slug":"paasivu","status":"publish","type":"page","link":"https:\/\/joukkosieessa.fi\/","title":{"rendered":"P\u00e4\u00e4sivu"},"content":{"rendered":"<div   class='avia-fullscreen-slider main_color   avia-builder-el-0  el_before_av_textblock  avia-builder-el-first  container_wrap sidebar_right'  ><div  class='avia-slideshow av-jy66xkvd-f964790fa135690d6b70cbc40a4a885b avia-slideshow-extra_large av_fullscreen avia-fade-slider av-slideshow-ui av-control-default av-slideshow-manual av-loop-once av-loop-manual-endless av-default-height-applied   avia-slideshow-1' data-slideshow-options=\"{&quot;animation&quot;:&quot;fade&quot;,&quot;autoplay&quot;:false,&quot;loop_autoplay&quot;:&quot;once&quot;,&quot;interval&quot;:5,&quot;loop_manual&quot;:&quot;manual-endless&quot;,&quot;autoplay_stopper&quot;:false,&quot;noNavigation&quot;:false,&quot;bg_slider&quot;:true,&quot;keep_padding&quot;:false,&quot;hoverpause&quot;:false,&quot;show_slide_delay&quot;:0,&quot;slide_height&quot;:&quot;100&quot;,&quot;image_attachment&quot;:&quot;&quot;}\"  itemprop=\"image\" itemscope=\"itemscope\" itemtype=\"https:\/\/schema.org\/ImageObject\" ><ul class='avia-slideshow-inner ' style='padding-bottom: 46.733333333333%;'><li style='background-position:center center;' data-img-url='https:\/\/joukkosieessa.fi\/wp-content\/uploads\/2019\/12\/sururisti_kooste-1500x701.png' class='avia-slideshow-slide av-jy66xkvd-f964790fa135690d6b70cbc40a4a885b__0  av-single-slide slide-1 slide-odd'><div data-rel='slideshow-1' class='avia-slide-wrap '   ><\/div><\/li><\/ul><\/div><\/div><div id='after_full_slider_1'  class='main_color av_default_container_wrap container_wrap sidebar_right'  ><div class='container av-section-cont-open' ><div class='template-page content  av-content-small alpha units'><div class='post-entry post-entry-type-page post-entry-5'><div class='entry-content-wrapper clearfix'>\n<section  class='av_textblock_section av-jy66yl9a-91e252e7386ccc51d352f1b1253d3daf '   itemscope=\"itemscope\" itemtype=\"https:\/\/schema.org\/CreativeWork\" ><div class='avia_textblock'  itemprop=\"text\" ><p style=\"text-align: center;\">T\u00e4m\u00e4 ty\u00f6 on omistettu komentajakapteeni Albert P\u00f6rille, joka noudatti kadettilupaustaan loppuun saakka:<\/p>\n<h3 style=\"text-align: center;\"><strong>Kadettilipun, sotilaan korkeimpien hyveiden uskollisuuden ja miehuuden, kunnian ja toveruuden, vertauskuvan edess\u00e4 min\u00e4 lupaan uhrata ty\u00f6ni ja el\u00e4m\u00e4ni Is\u00e4nmaalle.<\/strong><\/h3>\n<\/div><\/section>\n\n<style type=\"text\/css\" data-created_by=\"avia_inline_auto\" id=\"style-css-av-86kl-9e528911cae3701aedfe25bb95b51ecf\">\n.flex_column.av-86kl-9e528911cae3701aedfe25bb95b51ecf{\nborder-radius:0px 0px 0px 0px;\npadding:0px 0px 0px 0px;\n}\n<\/style>\n<div  class='flex_column av-86kl-9e528911cae3701aedfe25bb95b51ecf av_one_third  avia-builder-el-2  el_after_av_textblock  el_before_av_one_third  first flex_column_div av-zero-column-padding  column-top-margin'     ><p>\n<style type=\"text\/css\" data-created_by=\"avia_inline_auto\" id=\"style-css-av-av_heading-5bf72efd5861593249734382eb541026\">\n#top .av-special-heading.av-av_heading-5bf72efd5861593249734382eb541026{\npadding-bottom:10px;\n}\nbody .av-special-heading.av-av_heading-5bf72efd5861593249734382eb541026 .av-special-heading-tag .heading-char{\nfont-size:25px;\n}\n.av-special-heading.av-av_heading-5bf72efd5861593249734382eb541026 .av-subheading{\nfont-size:15px;\n}\n<\/style>\n<div  class='av-special-heading av-av_heading-5bf72efd5861593249734382eb541026 av-special-heading-h3  avia-builder-el-3  el_before_av_textblock  avia-builder-el-first '><h3 class='av-special-heading-tag'  itemprop=\"headline\"  >Johdanto kirjaan<\/h3><div class=\"special-heading-border\"><div class=\"special-heading-inner-border\"><\/div><\/div><\/div><br \/>\n<section  class='av_textblock_section av-k79g36lu-ae5ae9d6229842e54e8d1af3f951e1f1 '   itemscope=\"itemscope\" itemtype=\"https:\/\/schema.org\/CreativeWork\" ><div class='avia_textblock'  itemprop=\"text\" ><p>Talvisodasta Lapin sodan p\u00e4\u00e4ttymiseen menehtyi 447 kadettiupseeria tai 93 kadettia. K\u00e4ytettyjen m\u00e4\u00e4ritelmien mukaan\u00a0 423 kaatui ja 117 menehtyi muusta kuin vihollistoiminnasta johtuvasta syyst\u00e4. Sotien aikana kaatui\u00a0 sama 423\u00a0 ja 100 menehtyi muusta kuin vihollistoiminnasta johtuvasta syyst\u00e4.<\/p>\n<\/div><\/section><br \/>\n<section  class='av_textblock_section av-k79hi6px-8dde22b227747d5daa92dfa8f20c13f6 '   itemscope=\"itemscope\" itemtype=\"https:\/\/schema.org\/CreativeWork\" ><div class='avia_textblock'  itemprop=\"text\" ><p><a href=\"https:\/\/joukkosieessa.fi\/index.php\/paasivu\/244-2\/\">Lue lis\u00e4\u00e4<\/a><\/p>\n<\/div><\/section><\/p><\/div>\n<style type=\"text\/css\" data-created_by=\"avia_inline_auto\" id=\"style-css-av-53sj-651460688045ff99d82f61e08df0d77d\">\n.flex_column.av-53sj-651460688045ff99d82f61e08df0d77d{\nborder-radius:0px 0px 0px 0px;\npadding:0px 0px 0px 0px;\n}\n<\/style>\n<div  class='flex_column av-53sj-651460688045ff99d82f61e08df0d77d av_one_third  avia-builder-el-6  el_after_av_one_third  el_before_av_one_third  flex_column_div av-zero-column-padding  column-top-margin'     ><p>\n<style type=\"text\/css\" data-created_by=\"avia_inline_auto\" id=\"style-css-av-2lcz-5bbe2120324681f4337103d9f75b6494\">\n#top .av-special-heading.av-2lcz-5bbe2120324681f4337103d9f75b6494{\npadding-bottom:10px;\n}\nbody .av-special-heading.av-2lcz-5bbe2120324681f4337103d9f75b6494 .av-special-heading-tag .heading-char{\nfont-size:25px;\n}\n.av-special-heading.av-2lcz-5bbe2120324681f4337103d9f75b6494 .av-subheading{\nfont-size:15px;\n}\n<\/style>\n<div  class='av-special-heading av-2lcz-5bbe2120324681f4337103d9f75b6494 av-special-heading-h3  avia-builder-el-7  el_before_av_textblock  avia-builder-el-first '><h3 class='av-special-heading-tag'  itemprop=\"headline\"  >Komentajakapteeni Albert P\u00f6ri<\/h3><div class=\"special-heading-border\"><div class=\"special-heading-inner-border\"><\/div><\/div><\/div><br \/>\n<section  class='av_textblock_section av-k79g1h7k-191eae17ea7d4ca9a1c8edddd0e7578c '   itemscope=\"itemscope\" itemtype=\"https:\/\/schema.org\/CreativeWork\" ><div class='avia_textblock'  itemprop=\"text\" ><p>Keskiviikko, 21. p\u00e4iv\u00e4 kes\u00e4kuuta 1944. Kolme p\u00e4iv\u00e4\u00e4 aikaisemmin Rannikkotykist\u00f6rykmentti 2 on suurhy\u00f6kk\u00e4yksen pakottamana vet\u00e4ytynyt Koiviston saarille kaiken raskaan kalustonsa menett\u00e4neen\u00e4. Vihollinen ei ole antanut rykmentille lepoa, vaan sen ilmavoimat ovat toimineet saaria vastaan koko ajan.<\/p>\n<\/div><\/section><br \/>\n<section  class='av_textblock_section av-k79hi6px-8dde22b227747d5daa92dfa8f20c13f6 '   itemscope=\"itemscope\" itemtype=\"https:\/\/schema.org\/CreativeWork\" ><div class='avia_textblock'  itemprop=\"text\" ><p><a href=\"https:\/\/joukkosieessa.fi\/index.php\/paasivu\/komentajakapteeni-albert-pori\/\">Lue lis\u00e4\u00e4<\/a><\/p>\n<\/div><\/section><\/p><\/div><\/p>\n\n<style type=\"text\/css\" data-created_by=\"avia_inline_auto\" id=\"style-css-av-2vjx-84bba2d20a51c8a3ba2e0617624bf4bb\">\n.flex_column.av-2vjx-84bba2d20a51c8a3ba2e0617624bf4bb{\nborder-radius:0px 0px 0px 0px;\npadding:0px 0px 0px 0px;\n}\n<\/style>\n<div  class='flex_column av-2vjx-84bba2d20a51c8a3ba2e0617624bf4bb av_one_third  avia-builder-el-10  el_after_av_one_third  avia-builder-el-last  flex_column_div av-zero-column-padding  column-top-margin'     ><p>\n<style type=\"text\/css\" data-created_by=\"avia_inline_auto\" id=\"style-css-av-2gwp-8f38f0a53fff7c577d27c0a48947f310\">\n#top .av-special-heading.av-2gwp-8f38f0a53fff7c577d27c0a48947f310{\npadding-bottom:10px;\n}\nbody .av-special-heading.av-2gwp-8f38f0a53fff7c577d27c0a48947f310 .av-special-heading-tag .heading-char{\nfont-size:25px;\n}\n.av-special-heading.av-2gwp-8f38f0a53fff7c577d27c0a48947f310 .av-subheading{\nfont-size:15px;\n}\n<\/style>\n<div  class='av-special-heading av-2gwp-8f38f0a53fff7c577d27c0a48947f310 av-special-heading-h3  avia-builder-el-11  el_before_av_textblock  avia-builder-el-first '><h3 class='av-special-heading-tag'  itemprop=\"headline\"  >Sotilaan ammatista<\/h3><div class=\"special-heading-border\"><div class=\"special-heading-inner-border\"><\/div><\/div><\/div><br \/>\n<section  class='av_textblock_section av-k79g3vrp-8b5297bc9850822a6f926d306f54c36d '   itemscope=\"itemscope\" itemtype=\"https:\/\/schema.org\/CreativeWork\" ><div class='avia_textblock'  itemprop=\"text\" ><p class=\"p1\">Sotilaan teht\u00e4v\u00e4 on poikkeuksellinen. Siihen sis\u00e4ltyy l\u00e4ht\u00f6kohtaisesti kaatumisen &#8211; v\u00e4kivaltaisen kuoleman &#8211; mahdollisuus. Upseeripolvet ovat t\u00e4m\u00e4n tiedostaneet. Upseerin professioon kasvetaan Kadettikoulussa ja uran alkuvuosina. Perinteet ovat siin\u00e4 t\u00e4rke\u00e4ll\u00e4 sijalla.<\/p>\n<\/div><\/section><br \/>\n<section  class='av_textblock_section av-k79hi6px-8dde22b227747d5daa92dfa8f20c13f6 '   itemscope=\"itemscope\" itemtype=\"https:\/\/schema.org\/CreativeWork\" ><div class='avia_textblock'  itemprop=\"text\" ><p><a href=\"https:\/\/joukkosieessa.fi\/index.php\/paasivu\/sotilaan-ammatista\/\">Lue lis\u00e4\u00e4<\/a><\/p>\n<\/div><\/section><\/p><\/div>\n","protected":false},"excerpt":{"rendered":"","protected":false},"author":1,"featured_media":0,"parent":0,"menu_order":1,"comment_status":"closed","ping_status":"closed","template":"","meta":{"footnotes":""},"class_list":["post-5","page","type-page","status-publish","hentry"],"_links":{"self":[{"href":"https:\/\/joukkosieessa.fi\/index.php\/wp-json\/wp\/v2\/pages\/5","targetHints":{"allow":["GET"]}}],"collection":[{"href":"https:\/\/joukkosieessa.fi\/index.php\/wp-json\/wp\/v2\/pages"}],"about":[{"href":"https:\/\/joukkosieessa.fi\/index.php\/wp-json\/wp\/v2\/types\/page"}],"author":[{"embeddable":true,"href":"https:\/\/joukkosieessa.fi\/index.php\/wp-json\/wp\/v2\/users\/1"}],"replies":[{"embeddable":true,"href":"https:\/\/joukkosieessa.fi\/index.php\/wp-json\/wp\/v2\/comments?post=5"}],"version-history":[{"count":21,"href":"https:\/\/joukkosieessa.fi\/index.php\/wp-json\/wp\/v2\/pages\/5\/revisions"}],"predecessor-version":[{"id":4002,"href":"https:\/\/joukkosieessa.fi\/index.php\/wp-json\/wp\/v2\/pages\/5\/revisions\/4002"}],"wp:attachment":[{"href":"https:\/\/joukkosieessa.fi\/index.php\/wp-json\/wp\/v2\/media?parent=5"}],"curies":[{"name":"wp","href":"https:\/\/api.w.org\/{rel}","templated":true}]}}