{"id":51,"date":"2019-07-15T09:54:46","date_gmt":"2019-07-15T09:54:46","guid":{"rendered":"https:\/\/joukkosieessa.fi\/?page_id=51"},"modified":"2020-03-11T07:05:48","modified_gmt":"2020-03-11T07:05:48","slug":"sodan-paivamaarat","status":"publish","type":"page","link":"https:\/\/joukkosieessa.fi\/index.php\/sodan-paivamaarat\/","title":{"rendered":"Sodan p\u00e4iv\u00e4m\u00e4\u00e4r\u00e4t 1939 &#8211; 1945"},"content":{"rendered":"<div id='full_slider_1'  class='avia-fullwidth-slider main_color avia-shadow   avia-builder-el-0  el_before_av_one_full  avia-builder-el-first   container_wrap sidebar_right'  >\n<style type=\"text\/css\" data-created_by=\"avia_inline_auto\" id=\"style-css-av-akhp-b6f614b8154ad80be0284d699659eb53\">\n#top .avia-slideshow .av-slideshow-caption.av-akhp-b6f614b8154ad80be0284d699659eb53__0 .avia-caption-content{\nfont-size:14px;\n}\n#top .avia-slideshow .av-slideshow-caption.av-akhp-b6f614b8154ad80be0284d699659eb53__0 .avia-caption-content p{\nfont-size:14px;\n}\n<\/style>\n<div  class='avia-slideshow av-akhp-b6f614b8154ad80be0284d699659eb53 avia-slideshow-featured av_slideshow_full avia-slide-slider av-slideshow-ui av-control-default av-slideshow-manual av-loop-once av-loop-manual-endless av-default-height-applied   avia-slideshow-1' data-slideshow-options=\"{&quot;animation&quot;:&quot;slide&quot;,&quot;autoplay&quot;:false,&quot;loop_autoplay&quot;:&quot;once&quot;,&quot;interval&quot;:5,&quot;loop_manual&quot;:&quot;manual-endless&quot;,&quot;autoplay_stopper&quot;:false,&quot;noNavigation&quot;:false,&quot;bg_slider&quot;:false,&quot;keep_padding&quot;:false,&quot;hoverpause&quot;:false,&quot;show_slide_delay&quot;:0}\"  itemprop=\"image\" itemscope=\"itemscope\" itemtype=\"https:\/\/schema.org\/ImageObject\" ><ul class='avia-slideshow-inner ' style='padding-bottom: 28.666666666667%;'><li  class='avia-slideshow-slide av-akhp-b6f614b8154ad80be0284d699659eb53__0  av-single-slide slide-1 slide-odd'><div data-rel='slideshow-1' class='avia-slide-wrap '   ><div class='av-slideshow-caption av-akhp-b6f614b8154ad80be0284d699659eb53__0 caption_fullwidth caption_bottom caption_bottom_framed caption_framed'><div class=\"container caption_container\"><div class=\"slideshow_caption\"><div class=\"slideshow_inner_caption\"><div class=\"slideshow_align_caption\"><div class='avia-caption-content '  itemprop=\"description\" ><p>Presidentti ja Sl\u00f6\u00f6r<br \/>\nHelsinki 1941.07.05<\/p>\n<\/div><\/div><\/div><\/div><\/div><\/div><img fetchpriority=\"high\" class=\"wp-image-3610 avia-img-lazy-loading-not-3610\"  src='https:\/\/joukkosieessa.fi\/wp-content\/uploads\/2020\/03\/sodanpaivamaarat-1500x430.png' width='1500' height='430' title='sodanpaivamaarat' alt=''  itemprop=\"thumbnailUrl\"   \/><\/div><\/li><\/ul><\/div><\/div><div id='after_full_slider_1'  class='main_color av_default_container_wrap container_wrap sidebar_right'  ><div class='container av-section-cont-open' ><div class='template-page content  av-content-small alpha units'><div class='post-entry post-entry-type-page post-entry-51'><div class='entry-content-wrapper clearfix'>\n\n<style type=\"text\/css\" data-created_by=\"avia_inline_auto\" id=\"style-css-av-79f1-1280664b05e2eaf6fd9346541c87cb15\">\n.flex_column.av-79f1-1280664b05e2eaf6fd9346541c87cb15{\nborder-radius:0px 0px 0px 0px;\npadding:0px 0px 0px 0px;\n}\n<\/style>\n<div  class='flex_column av-79f1-1280664b05e2eaf6fd9346541c87cb15 av_one_full  avia-builder-el-1  el_after_av_slideshow_full  el_before_av_one_full  avia-builder-el-first  first flex_column_div av-zero-column-padding  '     ><style type=\"text\/css\" data-created_by=\"avia_inline_auto\" id=\"style-css-av-r9lj-8ffcff6d78c9325777d02ec251aa8ef1\">\n#top .av-special-heading.av-r9lj-8ffcff6d78c9325777d02ec251aa8ef1{\nmargin:0 0 -5px 0;\npadding-bottom:0;\n}\nbody .av-special-heading.av-r9lj-8ffcff6d78c9325777d02ec251aa8ef1 .av-special-heading-tag .heading-char{\nfont-size:25px;\n}\n.av-special-heading.av-r9lj-8ffcff6d78c9325777d02ec251aa8ef1 .av-subheading{\nfont-size:15px;\n}\n<\/style>\n<div  class='av-special-heading av-r9lj-8ffcff6d78c9325777d02ec251aa8ef1 av-special-heading-h1  avia-builder-el-2  avia-builder-el-no-sibling '><h1 class='av-special-heading-tag'  itemprop=\"headline\"  >Sodan p\u00e4iv\u00e4m\u00e4\u00e4r\u00e4t 1939 &#8211; 1945<\/h1><div class=\"special-heading-border\"><div class=\"special-heading-inner-border\"><\/div><\/div><\/div><\/div>\n\n<style type=\"text\/css\" data-created_by=\"avia_inline_auto\" id=\"style-css-av-4k1r-3ed26eaf4f9e1fe5afee569a008105ec\">\n.flex_column.av-4k1r-3ed26eaf4f9e1fe5afee569a008105ec{\nborder-radius:0px 0px 0px 0px;\npadding:0px 0px 10px 10px;\n}\n<\/style>\n<div  class='flex_column av-4k1r-3ed26eaf4f9e1fe5afee569a008105ec av_one_full  avia-builder-el-3  el_after_av_one_full  avia-builder-el-last  first flex_column_div  column-top-margin'     ><p>\n<style type=\"text\/css\" data-created_by=\"avia_inline_auto\" id=\"style-css-av-k79h2s3t-68c8e6ab073433f96b90c0899a6c650d\">\n#top .av-special-heading.av-k79h2s3t-68c8e6ab073433f96b90c0899a6c650d{\nmargin:0 0 -5px 0;\npadding-bottom:0;\n}\nbody .av-special-heading.av-k79h2s3t-68c8e6ab073433f96b90c0899a6c650d .av-special-heading-tag .heading-char{\nfont-size:25px;\n}\n.av-special-heading.av-k79h2s3t-68c8e6ab073433f96b90c0899a6c650d .av-subheading{\nfont-size:15px;\n}\n<\/style>\n<div  class='av-special-heading av-k79h2s3t-68c8e6ab073433f96b90c0899a6c650d av-special-heading-h3  avia-builder-el-4  el_before_av_textblock  avia-builder-el-first '><h3 class='av-special-heading-tag'  itemprop=\"headline\"  >1939<\/h3><div class=\"special-heading-border\"><div class=\"special-heading-inner-border\"><\/div><\/div><\/div><br \/>\n\n<style type=\"text\/css\" data-created_by=\"avia_inline_auto\" id=\"style-css-av-3o2n-f8ecf9facd2b0c750a152e7b87905b4d\">\n#top .av_textblock_section.av-3o2n-f8ecf9facd2b0c750a152e7b87905b4d .avia_textblock{\nfont-size:15px;\n}\n<\/style>\n<section  class='av_textblock_section av-3o2n-f8ecf9facd2b0c750a152e7b87905b4d '   itemscope=\"itemscope\" itemtype=\"https:\/\/schema.org\/CreativeWork\" ><div class='avia_textblock'  itemprop=\"text\" ><table border=\"0\">\n<tbody>\n<tr>\n<td width=\"10%\"><\/td>\n<td width=\"5%\"><\/td>\n<td width=\"5%\"><\/td>\n<td width=\"80%\"><\/td>\n<\/tr>\n<tr>\n<td>1.9.<\/td>\n<td colspan=\"3\">Saksa hy\u00f6kk\u00e4\u00e4 Puolaan; kantahenkil\u00f6kunnan lomakielto; merivoimat suojajoukkoryhmitykseen; Ahvenanmaalle suunnitellut joukot kertausharjoituksiin.<\/td>\n<\/tr>\n<tr>\n<td>4.9.<\/td>\n<td colspan=\"3\">K\u00e4sky puolueettomuusvartioinnin toteuttamisesta (reservil\u00e4isten rajoitettu kutsuminen palvelukseen merivoimissa).<\/td>\n<\/tr>\n<tr>\n<td>9.9.<\/td>\n<td colspan=\"3\">Viimeksi kotiutetun ik\u00e4luokan kutsuminen takaisin palvelukseen maavoimissa.<\/td>\n<\/tr>\n<tr>\n<td>6.10.<\/td>\n<td colspan=\"3\">K\u00e4sky suojajoukkojen sek\u00e4 meri- ja ilmavoimien asettamisesta sodan kannalle<\/td>\n<\/tr>\n<tr>\n<td><\/td>\n<td><\/td>\n<td colspan=\"2\">Pohjois-Suomen Ryhm\u00e4<\/td>\n<\/tr>\n<tr>\n<td><\/td>\n<td><\/td>\n<td colspan=\"2\">IV AK (12.D, 13.D) (Laatokan pohjoispuoli)<\/td>\n<\/tr>\n<tr>\n<td><\/td>\n<td><\/td>\n<td colspan=\"2\">6.D Ylip\u00e4\u00e4llik\u00f6n reservi Luum\u00e4ell\u00e4<\/td>\n<\/tr>\n<tr>\n<td><\/td>\n<td><\/td>\n<td colspan=\"2\">Kannaksen Armeija<\/td>\n<\/tr>\n<tr>\n<td><\/td>\n<td><\/td>\n<td><\/td>\n<td>III AK (8.D, 10.D) (It\u00e4-Kannas)<\/td>\n<\/tr>\n<tr>\n<td><\/td>\n<td><\/td>\n<td><\/td>\n<td>II AK (4.D, 5.D, 11.D) (L\u00e4nsi-Kannas)<\/td>\n<\/tr>\n<tr>\n<td>9.10.<\/td>\n<td colspan=\"3\">Ylim\u00e4\u00e4r\u00e4iset harjoitukset alkavat.<\/td>\n<\/tr>\n<tr>\n<td>10.10. \u2013 3.11.<\/td>\n<td colspan=\"2\">Moskovan neuvottelut.<\/td>\n<td><\/td>\n<\/tr>\n<tr>\n<td>25.10.<\/td>\n<td colspan=\"3\">1.D perustetaan Kannaksen Armeijan reserviksi.<\/td>\n<\/tr>\n<tr>\n<td>26.11.<\/td>\n<td colspan=\"2\">Mainilan laukaukset.<\/td>\n<td><\/td>\n<\/tr>\n<tr>\n<td>28.11.<\/td>\n<td colspan=\"3\">NL sanoo irti hy\u00f6kk\u00e4\u00e4m\u00e4tt\u00f6myyssopimuksen.<\/td>\n<\/tr>\n<tr>\n<td>29.11.<\/td>\n<td colspan=\"3\">NL katkaisee diplomaattisuhteet.<\/td>\n<\/tr>\n<tr>\n<td>30.11.<\/td>\n<td colspan=\"3\">Vihollinen hy\u00f6kk\u00e4\u00e4 Kannaksella rajan yli.<\/td>\n<\/tr>\n<tr>\n<td>30.11. \u2013 6.12.<\/td>\n<td colspan=\"3\">Suojajoukkotaistelut, suomalaiset vet\u00e4ytyv\u00e4t Kannaksella P\u00e4\u00e4asemaan ja It\u00e4-Karjalassa Tolvaj\u00e4rvi-Kollaa-Kitil\u00e4 \u2013tasalle.<\/td>\n<\/tr>\n<tr>\n<td>3.12.<\/td>\n<td colspan=\"3\">12.D:n ep\u00e4onnistunut vastahy\u00f6kk\u00e4ys Kollaan it\u00e4puolella.<\/td>\n<\/tr>\n<tr>\n<td>6.12.<\/td>\n<td colspan=\"3\">Taipaleen taistelut alkavat; Ryhm\u00e4 Talvela perustetaan; Prikaati Vuokko alistetaan PSR:lle.<\/td>\n<\/tr>\n<tr>\n<td>7.12.<\/td>\n<td colspan=\"3\">Ryhm\u00e4 Siilasvuo perustetaan; Kollaalla suomalaiset torjuvat ensimm\u00e4isen vihollishy\u00f6kk\u00e4yksen (12.D).<\/td>\n<\/tr>\n<tr>\n<td>8.12.<\/td>\n<td colspan=\"3\">Vihollinen pys\u00e4ytet\u00e4\u00e4n Tolvaj\u00e4rvell\u00e4 (Ryhm\u00e4 Talvela).<\/td>\n<\/tr>\n<tr>\n<td>9.12.<\/td>\n<td colspan=\"3\">1.D rintamavastuuseen Muolaanj\u00e4rven ja Munasuon v\u00e4lille.<\/td>\n<\/tr>\n<tr>\n<td>11.12.<\/td>\n<td colspan=\"3\">Ryhm\u00e4 Siilasvuo aloittaa hy\u00f6kk\u00e4yksen Suomussalmella; 1. ja 3. Kotit\u00e4ydennysdivisioonista muodostetaan 21. ja 23.D.<\/td>\n<\/tr>\n<tr>\n<td>12.12.<\/td>\n<td colspan=\"3\">Tolvaj\u00e4rven matkailumajan taistelu (Ryhm\u00e4 Talvela).<\/td>\n<\/tr>\n<tr>\n<td>13.12.<\/td>\n<td colspan=\"3\">Lapin Ryhm\u00e4 suoraan P\u00e4\u00e4majan alaisuuteen.<\/td>\n<\/tr>\n<tr>\n<td>17.12.<\/td>\n<td colspan=\"3\">Summan taistelut alkavat (5.D).<\/td>\n<\/tr>\n<tr>\n<td>18.\u201322.12.<\/td>\n<td colspan=\"3\">\u00c4gl\u00e4j\u00e4rven valtaus (Ryhm\u00e4 Talvela).<\/td>\n<\/tr>\n<tr>\n<td>19.12.<\/td>\n<td colspan=\"3\">9.D perustetaan 2.Kotit\u00e4ydennysdivisioonan ja Ryhm\u00e4 Siilasvuon joukoista.<\/td>\n<\/tr>\n<tr>\n<td>23.12.<\/td>\n<td colspan=\"3\">II Armeijakunnan vastahy\u00f6kk\u00e4ys Kannaksella (1., 4., 5., 6. ja 11.D).<\/td>\n<\/tr>\n<tr>\n<td>24.12.<\/td>\n<td colspan=\"3\">Tolvaj\u00e4rvell\u00e4 vihollinen ty\u00f6nnet\u00e4\u00e4n Aittojoen taakse, jonne rintama vakiintuu sodan loppuajaksi (Ryhm\u00e4 Talvela); vihollinen aloittaa ankaran vastahy\u00f6kk\u00e4yksen Suomussalmen kirkonkyl\u00e4ss\u00e4 ja Hulkonniemess\u00e4 sek\u00e4 Raatteen tien suunnalla (9.D); vihollinen ylitt\u00e4\u00e4 Suvannon Keljassa.<\/td>\n<\/tr>\n<tr>\n<td>27.12.<\/td>\n<td colspan=\"3\">Suomalaisten vastahy\u00f6kk\u00e4ys ly\u00f6 vihollisen Keljasta (10.D); 9.D joukot hy\u00f6kk\u00e4\u00e4v\u00e4t Suomussalmen Hulkonniemell\u00e4 tuhotakseen vihollisen 163. Divisioonan.<\/td>\n<\/tr>\n<tr>\n<td>30.12.<\/td>\n<td colspan=\"3\">9.D saa teht\u00e4v\u00e4n pys\u00e4ytt\u00e4\u00e4 Raatteen tiet\u00e4 etenev\u00e4 vihollinen.<\/td>\n<\/tr>\n<\/tbody>\n<\/table>\n<\/div><\/section><br \/>\n\n<style type=\"text\/css\" data-created_by=\"avia_inline_auto\" id=\"style-css-av-k79h2s3t-b6029eff64e62842b2f8e490072b09f2\">\n#top .av-special-heading.av-k79h2s3t-b6029eff64e62842b2f8e490072b09f2{\nmargin:0 0 -5px 0;\npadding-bottom:0;\n}\nbody .av-special-heading.av-k79h2s3t-b6029eff64e62842b2f8e490072b09f2 .av-special-heading-tag .heading-char{\nfont-size:25px;\n}\n.av-special-heading.av-k79h2s3t-b6029eff64e62842b2f8e490072b09f2 .av-subheading{\nfont-size:15px;\n}\n<\/style>\n<div  class='av-special-heading av-k79h2s3t-b6029eff64e62842b2f8e490072b09f2 av-special-heading-h3  avia-builder-el-6  el_after_av_textblock  el_before_av_textblock '><h3 class='av-special-heading-tag'  itemprop=\"headline\"  >1940<\/h3><div class=\"special-heading-border\"><div class=\"special-heading-inner-border\"><\/div><\/div><\/div><br \/>\n<section  class='av_textblock_section av-k79gu1wx-4a5357f77a015d5a152e6ffd10bdd704 '   itemscope=\"itemscope\" itemtype=\"https:\/\/schema.org\/CreativeWork\" ><div class='avia_textblock'  itemprop=\"text\" ><table width=\"100%\">\n<tbody>\n<tr>\n<td width=\"10%\"><\/td>\n<td width=\"5%\"><\/td>\n<td width=\"5%\"><\/td>\n<td width=\"80%\"><\/td>\n<\/tr>\n<tr>\n<td width=\"10%\">1.1.<\/td>\n<td colspan=\"3\" width=\"158\">Laatokan Karjalassa k\u00e4ynnistyy 13.D:n kahden pataljoonan hy\u00f6kk\u00e4ys Ruhtinaanm\u00e4en pohjoispuolelle; divisioonien ja rykmenttien numeroita muutetaan harhautustarkoituk-sessa (10.D \u2192 7.D; 11.D \u2192 2.D; 6.D \u2192 3.D).<\/td>\n<\/tr>\n<tr>\n<td>2.1.<\/td>\n<td colspan=\"3\">JP4 siirret\u00e4\u00e4n IV AK:aan.<\/td>\n<\/tr>\n<tr>\n<td>5.1.<\/td>\n<td colspan=\"3\">3.D vapauttaa 5.D:n etulinjasta Summassa.<\/td>\n<\/tr>\n<tr>\n<td>6.1.<\/td>\n<td colspan=\"3\">\u00a0IV AK:n vastahy\u00f6kk\u00e4ys alkaa Laatokan pohjoispuolella (13.D); Raatteen tiell\u00e4 44. Divisioo-nan viimeinen ep\u00e4onnistunut ulosmurtautumisyritys (9.D).<\/td>\n<\/tr>\n<tr>\n<td>10.1.<\/td>\n<td colspan=\"3\">IV AK katkaisee vihollisen 56. Armeijakunnan tieyhteydet Pitk\u00e4rannan alueelle; Kitil\u00e4n suurmotti syntyy Laatokalla (13.D).<\/td>\n<\/tr>\n<tr>\n<td>13.1.<\/td>\n<td colspan=\"3\">Saattaja Aura II uppoaa M\u00e4rketiss\u00e4 oman syvyyspommin r\u00e4j\u00e4hdetty\u00e4 laivan kannella.<\/td>\n<\/tr>\n<tr>\n<td>18.1.<\/td>\n<td colspan=\"3\">Pitk\u00e4rannan motti syntyy (13.D).<\/td>\n<\/tr>\n<tr>\n<td>21.1.<\/td>\n<td colspan=\"3\">Vihollinen yritt\u00e4\u00e4 l\u00e4pimurtoa Kollaalla, Aittojoella ja Ilomantsissa; 9.D aloittaa siirtymisen Suomussalmelta Kuhmoon; JP1 siirret\u00e4\u00e4n IV AK:aan.<\/td>\n<\/tr>\n<tr>\n<td>26.1.<\/td>\n<td colspan=\"3\">21.D It\u00e4-Kannakselle ylip\u00e4\u00e4llik\u00f6n reserviksi.<\/td>\n<\/tr>\n<tr>\n<td>27.1.<\/td>\n<td colspan=\"3\">Vihollisen tykist\u00f6 jatkaa kiihtyv\u00e4ll\u00e4 voimalla p\u00e4\u00e4puolustusaseman murentamista Kannak-sella; 23.D J\u00e4nisj\u00e4rvelle ylip\u00e4\u00e4llik\u00f6n reserviksi.<\/td>\n<\/tr>\n<tr>\n<td>28.1.<\/td>\n<td colspan=\"3\">L\u00e4ntist\u00e4 Lemetin mottia vastaan tehd\u00e4\u00e4n tulokseton hy\u00f6kk\u00e4ys.<\/td>\n<\/tr>\n<tr>\n<td>29.1.<\/td>\n<td colspan=\"3\">9.D aloittaa vastahy\u00f6kk\u00e4yksen Kuhmossa 54. Divisioonan tuhoamiseksi.<\/td>\n<\/tr>\n<tr>\n<td>1.2.<\/td>\n<td colspan=\"3\">Vihollinen aloittaa Kannaksella tykist\u00f6valmistelun j\u00e4lkeen voimakkaat hy\u00f6kk\u00e4ykset<\/td>\n<\/tr>\n<tr>\n<td><\/td>\n<td colspan=\"3\">Summassa, Marjapellonm\u00e4ess\u00e4 ja Hatjalahdenj\u00e4rvell\u00e4 (II AK) sek\u00e4 Taipaleessa (III AK); Ratsuv\u00e4kiprikaati IV Armeijakuntaan.<\/td>\n<\/tr>\n<tr>\n<td>3.2.<\/td>\n<td colspan=\"3\">Pataljoona Mankonen tuhoaa L\u00f6yt\u00f6j\u00e4rvell\u00e4 vihollisen hiihtopataljoonan.<\/td>\n<\/tr>\n<tr>\n<td>4.2.<\/td>\n<td colspan=\"3\">Suomalaiset kukistavat Lemetin l\u00e4ntisen motin (13.D).<\/td>\n<\/tr>\n<tr>\n<td>8.2.<\/td>\n<td colspan=\"3\">Taipaleessa alkaa kahden vihollisdivisioonan suurhy\u00f6kk\u00e4ys.<\/td>\n<\/tr>\n<tr>\n<td>10.2.<\/td>\n<td colspan=\"3\">Vihollinen p\u00e4\u00e4see pieneen murtoon Merkin lohkolla Summassa; Taipaleessa vihollisen hy\u00f6kk\u00e4ykset torjutaan; 23.D IV AK:aan.<\/td>\n<\/tr>\n<tr>\n<td>11.2.<\/td>\n<td colspan=\"3\">L\u00e4hteen lohkon etulinja murtuu Summassa ja vihollinen tunkeutuu iltaan menness\u00e4 tuki-linjalle (3.D); vihollinen p\u00e4\u00e4see murtoon Punnusj\u00e4rven alueella Muolaassa (2.D).<\/td>\n<\/tr>\n<tr>\n<td>12.2.<\/td>\n<td colspan=\"3\">5.D alistetaan II AK:lle.<\/td>\n<\/tr>\n<tr>\n<td>13.2.<\/td>\n<td colspan=\"3\">5.D ottaa rintamavastuun Summassa; JR14 tekee ep\u00e4onnistuneen vastahy\u00f6kk\u00e4yksen menetetyn p\u00e4\u00e4puolustuslinjan takaisinvaltaamiseksi Summassa (5.D); vihollinen murtau-tuu tukilinjan l\u00e4pi L\u00e4hteen lohkolla.<\/td>\n<\/tr>\n<tr>\n<td>14.2.<\/td>\n<td colspan=\"3\">Ankarat taistelut Taipaleessa; suomalaisjoukot irtautuvat L\u00e4hteen lohkon asemista Summassa (5.D); Kuhmossa 9.D keskeytt\u00e4\u00e4 hy\u00f6kk\u00e4ykset motteja vastaan.<\/td>\n<\/tr>\n<tr>\n<td>15.2.<\/td>\n<td colspan=\"3\">Suomalaisjoukot aloittavat vet\u00e4ytymisen v\u00e4liasemaan Kannaksella; Laatokan Karjalassa k\u00e4yd\u00e4\u00e4n ankaraa taistelua Pukitsanm\u00e4en omistuksesta; 23.D aloittaa siirtymisen Kannakselle.<\/td>\n<\/tr>\n<tr>\n<td>16.2.<\/td>\n<td colspan=\"3\">\u00a0Dolinin hiihtoprikaatin rippeet tuhotaan Kuhmossa (9.D).<\/td>\n<\/tr>\n<tr>\n<td>17.2.<\/td>\n<td colspan=\"3\">Vihollinen saa murtuman v\u00e4liasemaan Postilammen maastossa K\u00e4m\u00e4r\u00e4n aseman l\u00e4hell\u00e4.<\/td>\n<\/tr>\n<tr>\n<td>18.2.<\/td>\n<td colspan=\"3\">Suomalaiset joutuvat vet\u00e4ytym\u00e4\u00e4n mantereelta Viipurinlahden it\u00e4rannikon saarille; Taipa-leessa vihollinen aloittaa voimakkaan hy\u00f6kk\u00e4yksen saaden etulinjan haltuunsa; vihollisen panssarit murtautuvat Kannaksen v\u00e4liaseman l\u00e4pi kahdesta kohtaa.<\/td>\n<\/tr>\n<tr>\n<td>19.2.<\/td>\n<td colspan=\"3\">Suomalaiset torjuvat vihollisen hy\u00f6kk\u00e4yksen Suvannon yli; K\u00e4sky I AK:n perustamisesta.<\/td>\n<\/tr>\n<tr>\n<td>20.2.<\/td>\n<td colspan=\"3\">\u00a0Vihollinen murtautuu 1,5 kilometri\u00e4 puolustusaseman syvyyteen Terenttil\u00e4ss\u00e4, mutta osa etulinjaa saadaan vallatuksi takaisin vastahy\u00f6kk\u00e4yksell\u00e4 (7.D, 21.D); v\u00e4liasemassa Mustalammen alueella vihollisen jalkav\u00e4ki pystyt\u00e4\u00e4n ly\u00f6m\u00e4\u00e4n, mutta asemien l\u00e4pi tunkeu-tuu parikymment\u00e4 panssarivaunua; Viipurinlahden puolustus, joka on ollut merivoimilla, siirret\u00e4\u00e4n Kannaksen Armeijalle.<\/td>\n<\/tr>\n<tr>\n<td>21.2.<\/td>\n<td colspan=\"3\">Rykmenttimotin viimeiset pes\u00e4kkeet tuhotaan Laatokan pohjoispuolella (13.D); Kannak-sella murto v\u00e4liasemassa Mustalammella ly\u00f6d\u00e4\u00e4n vastahy\u00f6kk\u00e4yksell\u00e4.<\/td>\n<\/tr>\n<tr>\n<td>22.2.<\/td>\n<td colspan=\"3\">Vihollinen valtaa Koiviston saaret; 23.D rintamavastuuseen K\u00e4m\u00e4r\u00e4ss\u00e4.<\/td>\n<\/tr>\n<tr>\n<td>25.2.<\/td>\n<td colspan=\"3\">I AK ottaa rintamavastuun Kannakselle; kentt\u00e4armeija<\/td>\n<\/tr>\n<tr>\n<td><\/td>\n<td><\/td>\n<td colspan=\"2\">\u2022 Lapin Ryhm\u00e4<\/td>\n<\/tr>\n<tr>\n<td><\/td>\n<td><\/td>\n<td colspan=\"2\">\u2022 Pohjois-Suomen Ryhm\u00e4 (9.D)<\/td>\n<\/tr>\n<tr>\n<td><\/td>\n<td><\/td>\n<td colspan=\"2\">\u2022 Ryhm\u00e4 Talvela<\/td>\n<\/tr>\n<tr>\n<td><\/td>\n<td><\/td>\n<td colspan=\"2\">\u2022 IV AK (12.D, 13.D)<\/td>\n<\/tr>\n<tr>\n<td><\/td>\n<td><\/td>\n<td colspan=\"2\">\u2022 Kannaksen Armeija<\/td>\n<\/tr>\n<tr>\n<td><\/td>\n<td><\/td>\n<td><\/td>\n<td>o 4.D<\/td>\n<\/tr>\n<tr>\n<td><\/td>\n<td><\/td>\n<td><\/td>\n<td>o III AK (7.D, 8.D, 21.D)<\/td>\n<\/tr>\n<tr>\n<td><\/td>\n<td><\/td>\n<td><\/td>\n<td>o I AK (1.D, 2.D)<\/td>\n<\/tr>\n<tr>\n<td><\/td>\n<td><\/td>\n<td><\/td>\n<td>o II AK (3.D, 5.D, 23.D)<\/td>\n<\/tr>\n<tr>\n<td>26.2.<\/td>\n<td colspan=\"3\">23.D tekee vastahy\u00f6kk\u00e4yksen N\u00e4ykkij\u00e4rvell\u00e4.<\/td>\n<\/tr>\n<tr>\n<td>27.2.<\/td>\n<td colspan=\"3\">Irtautuminen v\u00e4liasemasta ja viivytystaistelut taka-asemaan alkavat Kannaksella; 2.D III AK:aan.<\/td>\n<\/tr>\n<tr>\n<td>28.2.<\/td>\n<td colspan=\"3\">SFK ottaa rintamavastuun Lapissa.<\/td>\n<\/tr>\n<tr>\n<td>29.2.<\/td>\n<td colspan=\"3\">Vihollisen hy\u00f6kk\u00e4ys jatkuu Viipurinlahden yli H\u00e4r\u00e4np\u00e4\u00e4nniemeen ja Vilajoelle; Suur-Peron suunnassa vihollisen hy\u00f6kk\u00e4ysvaunut tunkeutuvat suomalaisten asemiin; it\u00e4inen Lemetin motti vallataan; Ruokolahden yl\u00e4puolella k\u00e4yd\u00e4\u00e4n suuri ilmataistelu.<\/td>\n<\/tr>\n<tr>\n<td>1.3.<\/td>\n<td colspan=\"3\">Ensimm\u00e4iset hy\u00f6kk\u00e4ykset \u00c4yr\u00e4p\u00e4\u00e4t\u00e4 vastaan; Rannikkoryhm\u00e4 perustetaan (4.D, Viipurin Lohko).<\/td>\n<\/tr>\n<tr>\n<td>2.3.<\/td>\n<td colspan=\"3\">Kiivaat taistelut K\u00e4rem\u00e4enlahdella Viipurin etel\u00e4puolella ja Lyykyl\u00e4n suunnassa kaupun-gista it\u00e4\u00e4n; Tuppuransaari ja Teikarsaari menetet\u00e4\u00e4n ja vihollinen p\u00e4\u00e4see maihin my\u00f6s Viipurinlahden l\u00e4nsirannalla; Kollaalla torjutaan kahden divisioonan hy\u00f6kk\u00e4ys koko puo-lustusaseman leveydelt\u00e4 (12.D); Taistelut L\u00f6yt\u00f6vaarassa alkavat.<\/td>\n<\/tr>\n<tr>\n<td>3.3.<\/td>\n<td colspan=\"3\">Vihollinen valtaa Uuraan saaren; Vuoksella vihollinen hy\u00f6kk\u00e4\u00e4 leve\u00e4ll\u00e4 rintamalla Vuosal-men ja Kaskisel\u00e4n lohkoja vastaan l\u00e4hes kolmen divisioonan voimin.<\/td>\n<\/tr>\n<tr>\n<td>4.3.<\/td>\n<td colspan=\"3\">\u00c4yr\u00e4p\u00e4\u00e4n kirkon maasto menetet\u00e4\u00e4n; panssareiden tukemat vihollisjoukot nousevat uudelleen maihin Viipurinlahden Vilajoella ja H\u00e4r\u00e4np\u00e4\u00e4nniemess\u00e4; Ratsuv\u00e4kiprikaati Kannakselle.<\/td>\n<\/tr>\n<tr>\n<td>5.3.<\/td>\n<td colspan=\"3\">Viipurinlahdella k\u00e4yd\u00e4\u00e4n kovia taisteluja Ravansaaressa, Turkinsaaressa ja Neulasaaressa; l\u00e4nsirannalla vihollinen etenee Vilaniemess\u00e4 ja H\u00e4r\u00e4np\u00e4\u00e4nniemess\u00e4; KevOs8:n vastahy\u00f6k-k\u00e4ys \u00c4yr\u00e4p\u00e4\u00e4n kirkonm\u00e4elle ep\u00e4onnistuu.<\/td>\n<\/tr>\n<tr>\n<td>6.3.<\/td>\n<td colspan=\"3\">Laatokan pohjoispuolella vihollinen murtaa Kitil\u00e4n suurmotin saartorenkaan Pitk\u00e4rannan alueella (13.D); suomalaisten vastahy\u00f6kk\u00e4ys Vilaniemess\u00e4 ep\u00e4onnistuu ja vihollinen p\u00e4\u00e4-see maihin my\u00f6s Karjaniemess\u00e4 ja Niskapohjassa; 21.D ottaa rintamavastuun Vuosalmella.<\/td>\n<\/tr>\n<tr>\n<td>7.3.<\/td>\n<td colspan=\"3\">Vihollinen tunkeutuu taka-aseman l\u00e4pi Talin kannaksella, mutta sis\u00e4\u00e4nmurrot saadaan rajoitetuiksi; ErP7:n ep\u00e4onnistunut vastahy\u00f6kk\u00e4ys Nisalahdella; Haminan Ryhm\u00e4 perustetaan.<\/td>\n<\/tr>\n<tr>\n<td>8.3.<\/td>\n<td colspan=\"3\">Vihollinen tunkeutuu tukilinjalle Talissa; Viipurinlahdella suomalaiset joutuvat vet\u00e4yty-m\u00e4\u00e4n Suonionsaaresta ja Ravansaaresta; mantereella vihollinen vahvistaa sillanp\u00e4\u00e4ase-miaan Niskapohjassa, Vilaniemess\u00e4 ja H\u00e4r\u00e4np\u00e4\u00e4niemess\u00e4; Vuosalmella vihollinen pureu-tuu Vuoksen pohjoisrannalle (21.D); P\u00e4\u00e4maja k\u00e4skee tyhjent\u00e4m\u00e4\u00e4n suomalaisten hallussa olevat Mantsin saaret Laatokan it\u00e4p\u00e4\u00e4ss\u00e4; it\u00e4inen Luelahden motti Kuhmossa kukistuu; kaksi vihollisdivisioonaa rynn\u00e4k\u00f6i Vasikkasaaresta Vuoksen yli Vuosalmelle.<\/td>\n<\/tr>\n<tr>\n<td>9.3.<\/td>\n<td colspan=\"3\">Kahden vihollisdivisioonan tekem\u00e4 hy\u00f6kk\u00e4ys ly\u00f6 hajalle suomalaisten taka-aseman puo-lustuksen Talissa; Taipaleessa tyhjennet\u00e4\u00e4n Terenttil\u00e4n tukikohta vihollisen huomaamatta; Viipurinlahdella suomalaiset vet\u00e4ytyv\u00e4t Lihaniemest\u00e4, Hapenensaaresta ja Piispansaa-resta; l\u00e4nsirannalla vihollinen katkaisee Viipurin-S\u00e4kkij\u00e4rven uuden maantien; Kollaan\u00a0suunnalla vihollinen jatkaa hy\u00f6kk\u00e4yst\u00e4\u00e4n ja tukikohdat vaihtavat p\u00e4iv\u00e4n aikana useasti omistajaa.<\/td>\n<\/tr>\n<tr>\n<td>10.3.<\/td>\n<td colspan=\"3\">Vihollinen murtautuu nelj\u00e4 kilometri\u00e4 puolustusaseman syvyyteen Talissa; Viipurinlah-delle keskitet\u00e4\u00e4n mm. Ratsuv\u00e4kiprikaati.<\/td>\n<\/tr>\n<tr>\n<td>11.3.<\/td>\n<td colspan=\"3\">Vihollinen saa sis\u00e4\u00e4nmurron Vuosalmella (21.D); vihollinen tunkeutuu Viipurin esikaupun-keihin; Talin-Portinhoikan alueella vihollinen murtautuu panssareiden tukemana Portin-hoikan tienhaara-alueelle.<\/td>\n<\/tr>\n<tr>\n<td>12.3.<\/td>\n<td colspan=\"3\">Kovia taisteluja Viipurin koillis- ja etel\u00e4puolella; vihollinen saa aikaan noin kilometrin syvyisen murron Kollaalla ja Kollaanjoki-linjasta p\u00e4\u00e4tet\u00e4\u00e4n luopua; Vuosalmella 21.D ryhtyy vastahy\u00f6kk\u00e4ykseen.<\/td>\n<\/tr>\n<tr>\n<td>13.3.<\/td>\n<td colspan=\"3\">Rauhansopimus astuu voimaan kaikilla rintamilla<\/td>\n<\/tr>\n<\/tbody>\n<\/table>\n<\/div><\/section><br \/>\n\n<style type=\"text\/css\" data-created_by=\"avia_inline_auto\" id=\"style-css-av-k47j6vg7-d3fd1f40b5858f4982ee5b8d5d9dc574\">\n#top .avia_search_element.av-k47j6vg7-d3fd1f40b5858f4982ee5b8d5d9dc574 .av_searchform_wrapper{\nborder-radius:0px 0px 0px 0px;\n}\n#top .avia_search_element.av-k47j6vg7-d3fd1f40b5858f4982ee5b8d5d9dc574 #s.av-input-field{\nborder-radius:0px 0px 0px 0px;\n}\n#top .avia_search_element.av-k47j6vg7-d3fd1f40b5858f4982ee5b8d5d9dc574 .av_searchsubmit_wrapper{\nborder-radius:0px 0px 0px 0px;\n}\n#top .avia_search_element.av-k47j6vg7-d3fd1f40b5858f4982ee5b8d5d9dc574 #searchsubmit{\nborder-radius:0px 0px 0px 0px;\n}\n.ajax_search_response.av-k47j6vg7-d3fd1f40b5858f4982ee5b8d5d9dc574{\npadding:0px 0px 0px 0px;\nmargin:0px 0px 0px 0px;\n}\n<\/style>\n<div  class='avia_search_element av-k47j6vg7-d3fd1f40b5858f4982ee5b8d5d9dc574  avia-builder-el-8  el_after_av_textblock  avia-builder-el-last '><form action='https:\/\/joukkosieessa.fi\/' id='searchform_element' method='get' class='' data-element_id='av-k47j6vg7-d3fd1f40b5858f4982ee5b8d5d9dc574' ><div class='av_searchform_wrapper'><input type='text' value='' id='s' name='s' placeholder='Haku artikkeleista...' class='av-input-field av-input-hasicon' \/><span class='av-input-field-icon av-search-icon avia-font-entypo-fontello'>\ue803<\/span><div class='av_searchsubmit_wrapper '><input type='submit' value='HAE' id='searchsubmit' class='button ' \/><\/div><input type='hidden' name='numberposts' value='5' \/><input type='hidden' name='post_type' value='post' \/><input type='hidden' name='results_hide_fields' value='' \/><\/div><\/form><\/div><\/p><\/div>\n","protected":false},"excerpt":{"rendered":"","protected":false},"author":1,"featured_media":0,"parent":0,"menu_order":10,"comment_status":"closed","ping_status":"closed","template":"","meta":{"footnotes":""},"class_list":["post-51","page","type-page","status-publish","hentry"],"_links":{"self":[{"href":"https:\/\/joukkosieessa.fi\/index.php\/wp-json\/wp\/v2\/pages\/51","targetHints":{"allow":["GET"]}}],"collection":[{"href":"https:\/\/joukkosieessa.fi\/index.php\/wp-json\/wp\/v2\/pages"}],"about":[{"href":"https:\/\/joukkosieessa.fi\/index.php\/wp-json\/wp\/v2\/types\/page"}],"author":[{"embeddable":true,"href":"https:\/\/joukkosieessa.fi\/index.php\/wp-json\/wp\/v2\/users\/1"}],"replies":[{"embeddable":true,"href":"https:\/\/joukkosieessa.fi\/index.php\/wp-json\/wp\/v2\/comments?post=51"}],"version-history":[{"count":12,"href":"https:\/\/joukkosieessa.fi\/index.php\/wp-json\/wp\/v2\/pages\/51\/revisions"}],"predecessor-version":[{"id":3609,"href":"https:\/\/joukkosieessa.fi\/index.php\/wp-json\/wp\/v2\/pages\/51\/revisions\/3609"}],"wp:attachment":[{"href":"https:\/\/joukkosieessa.fi\/index.php\/wp-json\/wp\/v2\/media?parent=51"}],"curies":[{"name":"wp","href":"https:\/\/api.w.org\/{rel}","templated":true}]}}